{"id":8800,"date":"2012-06-13T16:16:48","date_gmt":"2012-06-13T14:16:48","guid":{"rendered":"\/?page_id=8800"},"modified":"2021-01-06T17:16:45","modified_gmt":"2021-01-06T15:16:45","slug":"timing","status":"publish","type":"page","link":"https:\/\/renouveau-democratie.eu\/fr\/promotion-reclassement\/promotions\/help-desk-rec\/timing\/","title":{"rendered":"Calendrier"},"content":{"rendered":"<h2><\/h2>\n<h2>Calendrier de l&rsquo;exercice de promotion 2020<\/h2>\n<table border=\"1\" width=\"600\" cellspacing=\"0\" cellpadding=\"0\">\n<tbody>\n<tr>\n<td valign=\"top\" width=\"152\"><strong>Date<\/strong><\/td>\n<td valign=\"top\" width=\"142\"><strong>Etape<\/strong><\/td>\n<td valign=\"top\" width=\"306\"><strong>Commentaires<\/strong><\/td>\n<\/tr>\n<tr>\n<td valign=\"top\" width=\"152\">10&nbsp;Mai au&nbsp;10 Juin<\/td>\n<td valign=\"top\" width=\"142\">Les mandat\u00e9s par le Comit\u00e9 du Personnel rencontrent les Directeurs g\u00e9n\u00e9raux afin de discuter des propositions de promotions<\/td>\n<td valign=\"top\" width=\"306\">Chaque Direction g\u00e9n\u00e9rale rencontre une d\u00e9l\u00e9gation du Comit\u00e9 du Personnel afin de discuter des propositions de promotion. Ces r\u00e9unions, dont le contenu est confidentiel, donnent la possibilit\u00e9 aux repr\u00e9sentants du personnel de proposer \u00e9ventuellement des modifications dans les propositions de promotions. Ces r\u00e9unions permettent \u00e9galement de recueillir des informations qui seront utiles lors des r\u00e9unions des Comit\u00e9s de Promotion AD et AST, AST\/SC.<\/td>\n<\/tr>\n<tr>\n<td valign=\"top\" width=\"152\"><strong>18 Juin<\/strong><\/td>\n<td valign=\"top\" width=\"142\">Proposition de promotions communiqu\u00e9es au personnel dans chaque DG (SysPer2)<\/td>\n<td valign=\"top\" width=\"306\">Propositions \u00e0 la promotion <strong>disponibles<\/strong> dans SysPer2<\/td>\n<\/tr>\n<tr>\n<td valign=\"top\" width=\"152\"><strong>Appels contre la non-proposition \u00e0 la promotion (5 jours ouvrables)<\/strong><\/td>\n<td valign=\"top\" width=\"142\">Introduction d&rsquo;un appel dans SysPer2 dans les 5 jours ouvrables (date limite: <strong>26 Juin, except\u00e9 pour le Luxembourg, le 27 juin, d\u00fb au cong\u00e9 de f\u00eate nationale <\/strong>). Le d\u00e9lai est prolong\u00e9 en cas d&rsquo;absence justifi\u00e9e<\/td>\n<td valign=\"top\" width=\"306\">Les fonctionnaires \u00e9ligibles \u00e0 la promotion (c&rsquo;est \u00e0 dire avec au minimum 2 ans d&rsquo;anciennet\u00e9 dans leur grade) ont la possibilit\u00e9 de faire appel de leur non-proposition&nbsp;\u00e0 la promotion par leur Direction g\u00e9n\u00e9rale. <strong><span style=\"color: #339966;\">R<\/span><span style=\"color: #ff0000;\">&amp;<\/span><span style=\"color: #339966;\">D<\/span><\/strong>&nbsp;a pr\u00e9par\u00e9 une s\u00e9rie de <strong>mod\u00e8les types d&rsquo;appels<\/strong>, \u00e0 personnaliser selon le dossier individuel<\/td>\n<\/tr>\n<tr>\n<td valign=\"top\" width=\"152\">Septembre<\/td>\n<td valign=\"top\" width=\"142\">Les Groupes Interm\u00e9diaires des Comit\u00e9s de Promotion AD et AST \u00e9tudient les appels soumis<\/td>\n<td valign=\"top\" width=\"306\">Les Groupes Interm\u00e9diaires AD et AST examinent grade par grade les appels soumis et soumettent aux Comit\u00e9s de Promotion une liste de fonctionnaires \u00e0 proposer \u00e0 la promotion (dans la limite des quotas allou\u00e9s par la DG HR)<\/td>\n<\/tr>\n<tr>\n<td valign=\"top\" width=\"152\">mi-Octobre<\/td>\n<td valign=\"top\" width=\"142\">Les Comit\u00e9s de Promotion AD et AST se r\u00e9unissent en session pl\u00e9ni\u00e8re pour discuter des propositions de promotions (DG + Groupes Interm\u00e9diaires)<\/td>\n<td valign=\"top\" width=\"306\">Les Comit\u00e9s de Promotion AD et AST examinent les propositions \u00e0 la promotion effectu\u00e9es par les DG et les Groupes Interm\u00e9diaires. Ces comit\u00e9s ont un quota de promotion disponibles \u00e9gal \u00e0<strong> 5%<\/strong> du nombre total de promotions par grade. Les experts&nbsp;<strong><span style=\"color: #339966;\">R<\/span><span style=\"color: #ff0000;\">&amp;<\/span><span style=\"color: #339966;\">D<\/span><\/strong>&nbsp;d\u00e9fendent dans ces instances l&rsquo;int\u00e9r\u00eat du personnel.<\/td>\n<\/tr>\n<tr>\n<td valign=\"top\" width=\"152\">fin Octobre &#8211; d\u00e9but Novembre<\/td>\n<td valign=\"top\" width=\"142\">D\u00e9cision et publication de la liste finales des promotions<\/td>\n<td valign=\"top\" width=\"306\">La liste finale des fonctionnaires promus est publi\u00e9e dans une Information Administrative par le Directeur g\u00e9n\u00e9ral de la DG HR, sur la base des propositions \u00e9labor\u00e9es par les Comit\u00e9s de Promotion<\/td>\n<\/tr>\n<tr>\n<td valign=\"top\" width=\"152\">D\u00e9cembre<\/td>\n<td valign=\"top\" width=\"142\">Paiement des promotions<\/td>\n<td valign=\"top\" width=\"306\">Les promotions prennent effet r\u00e9troactivement pour la tr\u00e8s grande majorit\u00e9 des fonctionnaires au <strong>1 Janvier 2020<\/strong>. Une liste compl\u00e9mentaire est g\u00e9n\u00e9ralement publi\u00e9e dans le courant de l&rsquo;ann\u00e9e suivante &#8211; 2020 dans ce cas &#8211; pour les coll\u00e8gues qui n&rsquo;avaient pas, par exemple, encore prouv\u00e9 la possibilit\u00e9 de travailler dans une 3i\u00e8me langue (Art 45.2)<\/td>\n<\/tr>\n<\/tbody>\n<\/table>\n<p><strong>Les repr\u00e9sentant de <span style=\"color: #339966;\">R<\/span><span style=\"color: #ff0000;\">&amp;<\/span><span style=\"color: #339966;\">D<\/span> d\u00e9fendront, \u00e0 toutes les \u00e9tapes de l&rsquo;exercice, les principes de promotions justes et \u00e9quitables.<\/strong><\/p>\n","protected":false},"excerpt":{"rendered":"<p>Calendrier de l&rsquo;exercice de promotion 2020 Date Etape Commentaires 10&nbsp;Mai au&nbsp;10 Juin Les mandat\u00e9s par le Comit\u00e9 du Personnel rencontrent les Directeurs g\u00e9n\u00e9raux afin de discuter des propositions de promotions Chaque Direction g\u00e9n\u00e9rale rencontre une d\u00e9l\u00e9gation du Comit\u00e9 du Personnel afin de discuter des propositions de promotion. Ces r\u00e9unions, dont le contenu est confidentiel, donnent [&hellip;]<\/p>\n","protected":false},"author":19,"featured_media":0,"parent":1151,"menu_order":3,"comment_status":"closed","ping_status":"closed","template":"","meta":{"footnotes":""},"_links":{"self":[{"href":"https:\/\/renouveau-democratie.eu\/fr\/wp-json\/wp\/v2\/pages\/8800"}],"collection":[{"href":"https:\/\/renouveau-democratie.eu\/fr\/wp-json\/wp\/v2\/pages"}],"about":[{"href":"https:\/\/renouveau-democratie.eu\/fr\/wp-json\/wp\/v2\/types\/page"}],"author":[{"embeddable":true,"href":"https:\/\/renouveau-democratie.eu\/fr\/wp-json\/wp\/v2\/users\/19"}],"replies":[{"embeddable":true,"href":"https:\/\/renouveau-democratie.eu\/fr\/wp-json\/wp\/v2\/comments?post=8800"}],"version-history":[{"count":33,"href":"https:\/\/renouveau-democratie.eu\/fr\/wp-json\/wp\/v2\/pages\/8800\/revisions"}],"predecessor-version":[{"id":22256,"href":"https:\/\/renouveau-democratie.eu\/fr\/wp-json\/wp\/v2\/pages\/8800\/revisions\/22256"}],"up":[{"embeddable":true,"href":"https:\/\/renouveau-democratie.eu\/fr\/wp-json\/wp\/v2\/pages\/1151"}],"wp:attachment":[{"href":"https:\/\/renouveau-democratie.eu\/fr\/wp-json\/wp\/v2\/media?parent=8800"}],"curies":[{"name":"wp","href":"https:\/\/api.w.org\/{rel}","templated":true}]}}