{"id":7299,"date":"2011-09-08T11:34:21","date_gmt":"2011-09-08T09:34:21","guid":{"rendered":"\/?page_id=7299"},"modified":"2011-10-07T12:30:48","modified_gmt":"2011-10-07T10:30:48","slug":"reforme-2013-arretez-le-demantelement-du-statut","status":"publish","type":"page","link":"https:\/\/renouveau-democratie.eu\/fr\/lavenir-de-la-fonction-publique-europeenne\/reforme-2013-arretez-le-demantelement-du-statut\/","title":{"rendered":"Reforme 2013 &#8211; Arr\u00eatez le d\u00e9mant\u00e8lement du Statut"},"content":{"rendered":"<h3>R\u00e9forme 2013 \u2026 la suite de 2004<\/h3>\n<p>Derri\u00e8re chaque r\u00e9forme administrative se cache un projet politique. En parfaite coh\u00e9rence avec le travail initi\u00e9 par M. Kinnock en 2004, M. \u0160efcovic continue \u00e0 r\u00e9former l&rsquo;administration europ\u00e9enne afin d&rsquo;\u00e9viter qu&rsquo;elle puisse remplir efficacement son r\u00f4le de d\u00e9fense de l&rsquo;int\u00e9r\u00eat public europ\u00e9en et poursuivre son \u0153uvre d&rsquo;int\u00e9gration du continent europ\u00e9en. La proposition de r\u00e9forme du statut pr\u00e9sent\u00e9e par l&rsquo;administration de la Commission touche quatre grands domaines:<\/p>\n<ul>\n<li>Notre salaire, la m\u00e9thode d&rsquo;adaptation salariale et nos allocations.<\/li>\n<li>Nos perspectives de carri\u00e8re;<\/li>\n<li>Nos pensions;<\/li>\n<li>Nos conditions de travail.<\/li>\n<\/ul>\n<p>Pour chacun de ces domaines, la proposition de la Commission vise \u00e0 faire des \u00e9conomies tout en \u00e9vitant de poser les vrais probl\u00e8mes tels que: le si\u00e8ge du PE \u00e0 Strasbourg, la r\u00e9duire le nombre d&rsquo;agences ex\u00e9cutives et de r\u00e9gulations \u00e0 travers toute l&rsquo;Europe, maintenir l&rsquo;unicit\u00e9 du statut, r\u00e9tablir l&rsquo;\u00e9quilibre g\u00e9ographique par l&rsquo;introduction et le maintient de meilleures conditions de travail, \u00e9viter la d\u00e9multiplication des services (SEAE), mettre fin \u00e0 la pr\u00e9carisation du personnel \u2026 Plut\u00f4t que d&rsquo;am\u00e9liorer le fonctionnement des institutions \u00e0 statut constant, la Commission a choisi de faire porter l&rsquo;essentiel de l&rsquo;effort sur le personnel et les pensionn\u00e9s. R&amp;D et les syndicats de la Majorit\u00e9 Syndicale feront tout pour d\u00e9fendre l&rsquo;int\u00e9r\u00eat du personnel et notre fonction publique europ\u00e9enne.<\/p>\n<h2>Lisez tous les articles publi\u00e9s!<\/h2>\n[catlist id=83 numberposts=30]\n","protected":false},"excerpt":{"rendered":"<p>R\u00e9forme 2013 \u2026 la suite de 2004 Derri\u00e8re chaque r\u00e9forme administrative se cache un projet politique. En parfaite coh\u00e9rence avec le travail initi\u00e9 par M. Kinnock en 2004, M. \u0160efcovic continue \u00e0 r\u00e9former l&rsquo;administration europ\u00e9enne afin d&rsquo;\u00e9viter qu&rsquo;elle puisse remplir efficacement son r\u00f4le de d\u00e9fense de l&rsquo;int\u00e9r\u00eat public europ\u00e9en et poursuivre son \u0153uvre d&rsquo;int\u00e9gration du [&hellip;]<\/p>\n","protected":false},"author":3,"featured_media":0,"parent":74,"menu_order":0,"comment_status":"closed","ping_status":"closed","template":"","meta":{"footnotes":""},"_links":{"self":[{"href":"https:\/\/renouveau-democratie.eu\/fr\/wp-json\/wp\/v2\/pages\/7299"}],"collection":[{"href":"https:\/\/renouveau-democratie.eu\/fr\/wp-json\/wp\/v2\/pages"}],"about":[{"href":"https:\/\/renouveau-democratie.eu\/fr\/wp-json\/wp\/v2\/types\/page"}],"author":[{"embeddable":true,"href":"https:\/\/renouveau-democratie.eu\/fr\/wp-json\/wp\/v2\/users\/3"}],"replies":[{"embeddable":true,"href":"https:\/\/renouveau-democratie.eu\/fr\/wp-json\/wp\/v2\/comments?post=7299"}],"version-history":[{"count":0,"href":"https:\/\/renouveau-democratie.eu\/fr\/wp-json\/wp\/v2\/pages\/7299\/revisions"}],"up":[{"embeddable":true,"href":"https:\/\/renouveau-democratie.eu\/fr\/wp-json\/wp\/v2\/pages\/74"}],"wp:attachment":[{"href":"https:\/\/renouveau-democratie.eu\/fr\/wp-json\/wp\/v2\/media?parent=7299"}],"curies":[{"name":"wp","href":"https:\/\/api.w.org\/{rel}","templated":true}]}}