{"id":631,"date":"2009-11-26T00:30:51","date_gmt":"2009-11-25T22:30:51","guid":{"rendered":"\/?page_id=631"},"modified":"2009-11-26T00:45:24","modified_gmt":"2009-11-25T22:45:24","slug":"efsa-parma","status":"publish","type":"page","link":"https:\/\/renouveau-democratie.eu\/fr\/a-propos-2\/rd-ispra-jrc\/efsa-parma\/","title":{"rendered":"EFSA Parma"},"content":{"rendered":"<h3>R&amp;D Ispra lance une campagne d&rsquo;inscriptions en faveur des coll\u00e8gues travaillant aupr\u00e8s de <a href=\"http:\/\/www.efsa.europa.eu\" target=\"_self\">l&rsquo;Autorit\u00e9 europ\u00e9enne de s\u00e9curit\u00e9 des aliments <\/a><\/h3>\n<p><span><span> <\/span><\/span><\/p>\n<figure style=\"width: 113px\" class=\"wp-caption alignright\"><img loading=\"lazy\" decoding=\"async\" class=\"  \" title=\"efsa\" src=\"\/images\/institutions\/efsa.gif\" alt=\"efsa\" width=\"113\" height=\"50\" \/><figcaption class=\"wp-caption-text\">efsa<\/figcaption><\/figure>\n<p>L&rsquo;Autorit\u00e9 europ\u00e9enne de s\u00e9curit\u00e9 des aliments (EFSA) est la pierre angulaire de l&rsquo;Union europ\u00e9enne (UE) pour ce qui concerne l&rsquo;\u00e9valuation des risques relatifs \u00e0 la s\u00e9curit\u00e9 des aliments destin\u00e9s \u00e0 l&rsquo;alimentation humaine et animale. En \u00e9troite collaboration avec les autorit\u00e9s nationales et en consultation ouverte avec les parties prenantes, l&rsquo;EFSA fournit des avis scientifiques ind\u00e9pendants ainsi qu&rsquo;une communication claire sur les risques existants et \u00e9mergents.<\/p>\n<p><a href=\"\/documents\/devenez_membre\/modulo_iscrizione_parma_en.doc\" target=\"_blank\">R&amp;D module d&rsquo;inscription en anglais<\/a><\/p>\n<p><a href=\"\/documents\/devenez_membre\/modulo_iscrizione_parma_it.doc\" target=\"_blank\">R&amp;D module d&rsquo;inscription en italien<\/a><\/p>\n","protected":false},"excerpt":{"rendered":"<p>R&amp;D Ispra lance une campagne d&rsquo;inscriptions en faveur des coll\u00e8gues travaillant aupr\u00e8s de l&rsquo;Autorit\u00e9 europ\u00e9enne de s\u00e9curit\u00e9 des aliments L&rsquo;Autorit\u00e9 europ\u00e9enne de s\u00e9curit\u00e9 des aliments (EFSA) est la pierre angulaire de l&rsquo;Union europ\u00e9enne (UE) pour ce qui concerne l&rsquo;\u00e9valuation des risques relatifs \u00e0 la s\u00e9curit\u00e9 des aliments destin\u00e9s \u00e0 l&rsquo;alimentation humaine et animale. En \u00e9troite [&hellip;]<\/p>\n","protected":false},"author":1,"featured_media":0,"parent":26148,"menu_order":0,"comment_status":"closed","ping_status":"closed","template":"","meta":{"footnotes":""},"_links":{"self":[{"href":"https:\/\/renouveau-democratie.eu\/fr\/wp-json\/wp\/v2\/pages\/631"}],"collection":[{"href":"https:\/\/renouveau-democratie.eu\/fr\/wp-json\/wp\/v2\/pages"}],"about":[{"href":"https:\/\/renouveau-democratie.eu\/fr\/wp-json\/wp\/v2\/types\/page"}],"author":[{"embeddable":true,"href":"https:\/\/renouveau-democratie.eu\/fr\/wp-json\/wp\/v2\/users\/1"}],"replies":[{"embeddable":true,"href":"https:\/\/renouveau-democratie.eu\/fr\/wp-json\/wp\/v2\/comments?post=631"}],"version-history":[{"count":0,"href":"https:\/\/renouveau-democratie.eu\/fr\/wp-json\/wp\/v2\/pages\/631\/revisions"}],"up":[{"embeddable":true,"href":"https:\/\/renouveau-democratie.eu\/fr\/wp-json\/wp\/v2\/pages\/26148"}],"wp:attachment":[{"href":"https:\/\/renouveau-democratie.eu\/fr\/wp-json\/wp\/v2\/media?parent=631"}],"curies":[{"name":"wp","href":"https:\/\/api.w.org\/{rel}","templated":true}]}}