{"id":43,"date":"2009-09-28T18:52:21","date_gmt":"2009-09-28T16:52:21","guid":{"rendered":"\/?page_id=43"},"modified":"2015-09-29T10:30:07","modified_gmt":"2015-09-29T09:30:07","slug":"assurances","status":"publish","type":"page","link":"https:\/\/renouveau-democratie.eu\/fr\/nos-services\/assurances\/","title":{"rendered":"Assurances"},"content":{"rendered":"<p>Une collaboration exclusive avec \u00ab\u00a0EAS Assurances\u00a0\u00bb \u2013 courtier d\u2019assurance sp\u00e9cialis\u00e9 dans les assurances destin\u00e9es aux fonctionnaires de l&rsquo;Union Europ\u00e9enne.<br \/>\nCette initiative unique permet d\u2019offrir <strong>aux seuls adh\u00e9rents <\/strong><span style=\"color: #008000;\"><strong>R<span style=\"color: #ff0000;\">&amp;<\/span>D<\/strong> <\/span>\u00a0des conditions particuli\u00e8rement avantageuses sur toute une s\u00e9rie d\u2019assurances.<\/p>\n<div>EAS ASSURANCES<\/div>\n<div>Place de l&rsquo;Altitude 100 n\u00b01-2 1190 Forest<\/div>\n<div>Tel:02\/340.93.88<\/div>\n<div>Fax:02\/343.99.44<\/div>\n<div>Mail: eas@portima.be<\/div>\n<div><\/div>\n<div>Des consultations sur RDV sont propos\u00e9es tous les jeudis de 13h30 \u00e0 17h00 dans les bureaux\u00a0<strong><span style=\"color: #339966;\">R<span style=\"color: #ff0000;\">&amp;<\/span>D<\/span><\/strong> au :<\/div>\n<div>80 rue de la Loi (2e entr\u00e9e au 79 rue Joseph II)<\/div>\n<div>9\/226<\/div>\n<div>1049 Bruxelles<\/div>\n<p><iframe loading=\"lazy\" style=\"border-width: 0px;\" src=\"https:\/\/www.google.com\/calendar\/embed?height=600&amp;wkst=2&amp;bgcolor=%23FFFFFF&amp;src=renouveau-democratie.eu_vmphhn69d5mebnjn5teursskjk%40group.calendar.google.com&amp;color=%23182C57&amp;ctz=Europe%2FBrussels\" frameborder=\"0\" scrolling=\"no\" width=\"800\" height=\"600\"><\/iframe><\/p>\n","protected":false},"excerpt":{"rendered":"<p>Une collaboration exclusive avec \u00ab\u00a0EAS Assurances\u00a0\u00bb \u2013 courtier d\u2019assurance sp\u00e9cialis\u00e9 dans les assurances destin\u00e9es aux fonctionnaires de l&rsquo;Union Europ\u00e9enne. Cette initiative unique permet d\u2019offrir aux seuls adh\u00e9rents R&amp;D \u00a0des conditions particuli\u00e8rement avantageuses sur toute une s\u00e9rie d\u2019assurances. EAS ASSURANCES Place de l&rsquo;Altitude 100 n\u00b01-2 1190 Forest Tel:02\/340.93.88 Fax:02\/343.99.44 Mail: eas@portima.be Des consultations sur RDV sont [&hellip;]<\/p>\n","protected":false},"author":1,"featured_media":0,"parent":21,"menu_order":0,"comment_status":"closed","ping_status":"closed","template":"","meta":{"footnotes":""},"_links":{"self":[{"href":"https:\/\/renouveau-democratie.eu\/fr\/wp-json\/wp\/v2\/pages\/43"}],"collection":[{"href":"https:\/\/renouveau-democratie.eu\/fr\/wp-json\/wp\/v2\/pages"}],"about":[{"href":"https:\/\/renouveau-democratie.eu\/fr\/wp-json\/wp\/v2\/types\/page"}],"author":[{"embeddable":true,"href":"https:\/\/renouveau-democratie.eu\/fr\/wp-json\/wp\/v2\/users\/1"}],"replies":[{"embeddable":true,"href":"https:\/\/renouveau-democratie.eu\/fr\/wp-json\/wp\/v2\/comments?post=43"}],"version-history":[{"count":10,"href":"https:\/\/renouveau-democratie.eu\/fr\/wp-json\/wp\/v2\/pages\/43\/revisions"}],"predecessor-version":[{"id":8428,"href":"https:\/\/renouveau-democratie.eu\/fr\/wp-json\/wp\/v2\/pages\/43\/revisions\/8428"}],"up":[{"embeddable":true,"href":"https:\/\/renouveau-democratie.eu\/fr\/wp-json\/wp\/v2\/pages\/21"}],"wp:attachment":[{"href":"https:\/\/renouveau-democratie.eu\/fr\/wp-json\/wp\/v2\/media?parent=43"}],"curies":[{"name":"wp","href":"https:\/\/api.w.org\/{rel}","templated":true}]}}