{"id":3455,"date":"2010-05-20T12:43:54","date_gmt":"2010-05-20T10:43:54","guid":{"rendered":"\/?page_id=3455"},"modified":"2016-05-10T08:48:17","modified_gmt":"2016-05-10T06:48:17","slug":"bases-legales-de-levaluation-et-promotion-information-administratives","status":"publish","type":"page","link":"https:\/\/renouveau-democratie.eu\/fr\/promotion-reclassement\/promotions\/help-desk-rec\/bases-legales-de-levaluation-et-promotion-information-administratives\/","title":{"rendered":"Bases l\u00e9gales de l&rsquo;\u00e9valuation et promotion"},"content":{"rendered":"<h3>Dispositions g\u00e9n\u00e9rales:<\/h3>\n<p>Dispositions g\u00e9n\u00e9rales d&rsquo;ex\u00e9cution concernant l&rsquo;<strong>\u00e9valuation<\/strong> (Art.43): <a href=\"https:\/\/myintracomm.ec.europa.eu\/infoadm\/fr\/2013\/Documents\/ia13054_fr.PDF\">lien<\/a><\/p>\n<p>Dispositions g\u00e9n\u00e9rales d&rsquo;ex\u00e9cution concernant la <strong>promotion<\/strong> (Art. 45): <a href=\"https:\/\/myintracomm.ec.europa.eu\/infoadm\/fr\/2013\/Documents\/ia13055_fr.PDF\">lien<\/a><\/p>\n<h3><\/h3>\n<h3>Informations administratives concernant les exercices d&rsquo;\u00e9valuation et de promotion 2016:<\/h3>\n<p>Informations sur l&rsquo;exercice d&rsquo;\u00e9valuation: <a href=\"https:\/\/myintracomm.ec.europa.eu\/hr_admin\/fr\/appraisal_promotion\/appraisal\/Pages\/index.aspx\">lien<\/a><\/p>\n<p>Informations sur l&rsquo;exercice de promotion : <a href=\"https:\/\/myintracomm.ec.europa.eu\/hr_admin\/fr\/appraisal_promotion\/promotion\/Pages\/index2.aspx\">lien<\/a><\/p>\n","protected":false},"excerpt":{"rendered":"<p>Dispositions g\u00e9n\u00e9rales: Dispositions g\u00e9n\u00e9rales d&rsquo;ex\u00e9cution concernant l&rsquo;\u00e9valuation (Art.43): lien Dispositions g\u00e9n\u00e9rales d&rsquo;ex\u00e9cution concernant la promotion (Art. 45): lien Informations administratives concernant les exercices d&rsquo;\u00e9valuation et de promotion 2016: Informations sur l&rsquo;exercice d&rsquo;\u00e9valuation: lien Informations sur l&rsquo;exercice de promotion : lien<\/p>\n","protected":false},"author":3,"featured_media":0,"parent":1151,"menu_order":100,"comment_status":"closed","ping_status":"closed","template":"","meta":{"footnotes":""},"_links":{"self":[{"href":"https:\/\/renouveau-democratie.eu\/fr\/wp-json\/wp\/v2\/pages\/3455"}],"collection":[{"href":"https:\/\/renouveau-democratie.eu\/fr\/wp-json\/wp\/v2\/pages"}],"about":[{"href":"https:\/\/renouveau-democratie.eu\/fr\/wp-json\/wp\/v2\/types\/page"}],"author":[{"embeddable":true,"href":"https:\/\/renouveau-democratie.eu\/fr\/wp-json\/wp\/v2\/users\/3"}],"replies":[{"embeddable":true,"href":"https:\/\/renouveau-democratie.eu\/fr\/wp-json\/wp\/v2\/comments?post=3455"}],"version-history":[{"count":16,"href":"https:\/\/renouveau-democratie.eu\/fr\/wp-json\/wp\/v2\/pages\/3455\/revisions"}],"predecessor-version":[{"id":8390,"href":"https:\/\/renouveau-democratie.eu\/fr\/wp-json\/wp\/v2\/pages\/3455\/revisions\/8390"}],"up":[{"embeddable":true,"href":"https:\/\/renouveau-democratie.eu\/fr\/wp-json\/wp\/v2\/pages\/1151"}],"wp:attachment":[{"href":"https:\/\/renouveau-democratie.eu\/fr\/wp-json\/wp\/v2\/media?parent=3455"}],"curies":[{"name":"wp","href":"https:\/\/api.w.org\/{rel}","templated":true}]}}