{"id":33,"date":"2009-09-28T18:46:17","date_gmt":"2009-09-28T16:46:17","guid":{"rendered":"\/?page_id=33"},"modified":"2010-11-17T01:24:16","modified_gmt":"2010-11-16T23:24:16","slug":"naufrages-de-la-reforme","status":"publish","type":"page","link":"https:\/\/renouveau-democratie.eu\/fr\/naufrages-de-la-reforme\/","title":{"rendered":"Naufrag\u00e9s de la Reforme"},"content":{"rendered":"<div>\n<p><span style=\"font-family: Arial Narrow; color: #339900;\"><strong>R<span style=\"color: #ff0000;\">&amp;<\/span>D<\/strong><\/span><span style=\"font-family: Arial Narrow;\"> appelle \u00ab naufrag\u00e9s                               de la r\u00e9forme \u00bb tous les <strong>coll\u00e8gues                               recrut\u00e9s apr\u00e8s le 1 mai 2004<\/strong> et                               qui ont \u00e9t\u00e9 class\u00e9s deux \u00e0 trois                               grades<br \/>\nau dessous de celui annonc\u00e9 dans                               l\u2019avis de concours. En modifiant les conditions                               de recrutement et de d\u00e9roulement de carri\u00e8re<br \/>\ndes nouveaux recrut\u00e9s apr\u00e8s le 1                               mai 2004 \u2013 essentiellement des ressortissants des                               nouveaux Etats membres \u2013 Kinnock et ses<br \/>\nalli\u00e9s                               ont r\u00e9ussi \u00e0 cr\u00e9er <strong>une                               fonction publique \u00e0 deux vitesses<\/strong>.                               Pour la premi\u00e8re fois dans l\u2019histoire des                               institutions europ\u00e9ennes,<br \/>\nun syndicat a                               soutenu tous les coll\u00e8gues de toutes les                               institutions. <\/span><span style=\"font-family: Arial Narrow; color: #339900;\"><strong>R<span style=\"color: #ff0000;\">&amp;<\/span>D<\/strong><span style=\"color: #000000;\"> a                               deux approches: l&rsquo;une <strong>politique<\/strong> et                               l&rsquo;autre <strong>judiciaire<\/strong>. <\/span><\/span><\/p>\n<p><strong>Politique :<\/strong><\/p>\n<table border=\"1\" bordercolor=\"#ffffff\">\n<tbody>\n<tr style=\"text-align: left;\">\n<td>\n<div><a href=\"..\/archives\/fr\/documents\/tracts\/2009\/090309_naufrages_continuation_fr.pdf\"><strong>Mars 2009<\/strong><\/a><\/div>\n<\/td>\n<td>\n<div><a href=\"..\/archives\/fr\/documents\/tracts\/2009\/090309_naufrages_continuation_fr.pdf\">R\u00e9union le 25 mars 2009, \u00e0 13h00 \t\t\t\t\t          au LOI 80 02\/salle de r\u00e9union CCP<\/a><\/div>\n<\/td>\n<\/tr>\n<tr style=\"text-align: left;\">\n<td>\n<div><strong><a href=\"..\/archives\/fr\/documents\/Divers\/CONCLUSIONS_DE_L_AVOCAT_GENERAL.pdf\">Septembre                                       2008<\/a><\/strong><\/div>\n<\/td>\n<td>\n<div>Cour                                     de Justice: <a href=\"..\/archives\/fr\/documents\/Divers\/CONCLUSIONS_DE_L_AVOCAT_GENERAL.pdf\">CONCLUSIONS                                     DE L\u2019AVOCAT G\u00c9N\u00c9RAL<\/a> <a href=\"..\/archives\/fr\/documents\/tracts\/2008\/CENTENO_sept2008_FR.pdf\">tract<\/a><\/div>\n<\/td>\n<\/tr>\n<tr style=\"text-align: left;\">\n<td>\n<div><strong><a href=\"..\/archives\/fr\/documents\/tracts\/2008\/080716_recruitments_in_the_dark_fr.pdf\">Juillet                                 2008<\/a><\/strong><\/div>\n<\/td>\n<td>\n<div>Le 30 avril 2004: le jour des recrutements tardifs \t\t\t\t\t\t      et obscurs!<\/div>\n<\/td>\n<\/tr>\n<tr style=\"text-align: left;\">\n<td>\n<div><strong><a href=\"..\/archives\/fr\/documents\/Divers\/CONCLUSIONS_DE_L_AVOCAT_GENERAL.pdf\">Juin                                 2008<\/a><\/strong><\/div>\n<\/td>\n<td>\n<div>Bref <a href=\"..\/archives\/fr\/documents\/tracts\/2008\/Bref_rapport_audience_Centeno_19-06-08_%28fr%29.pdf\">rapport <\/a>sur l&rsquo;audience \t\t\t\t\t        de l&rsquo;appel Centeno &lsquo;v &lsquo; Commission<\/div>\n<\/td>\n<\/tr>\n<tr style=\"text-align: left;\">\n<td>\n<div><strong><a href=\"..\/archives\/fr\/documents\/tracts\/2007\/Appeal%20fund%20flyer%20FR.doc\">Septembre                                 2007<\/a><\/strong><\/div>\n<\/td>\n<td>\n<div><img loading=\"lazy\" decoding=\"async\" src=\"..\/archives\/images\/usuels\/a_R&amp;D_abbrev.gif\" alt=\"\" width=\"27\" height=\"14\" \/> a \t\t\t\t\t\t      d\u00e9cid\u00e9 de  poursuivre la bataille \t\t\t\t\t      aussi bien au niveau politique que juridique. <a href=\"..\/archives\/fr\/documents\/tracts\/2007\/Naufrag%E9s%20-%20le%20pourvoi%20FR%20oct%202007.doc\">Plan \t\t\t\t\t\t      de bataille<\/a><\/div>\n<\/td>\n<\/tr>\n<tr style=\"text-align: left;\">\n<td>\n<div><strong><a href=\"..\/archives\/fr\/documents\/r%E9forme\/2007\/Centeno%20Mediavilla.doc\">Juillet \t\t\t\t\t\t        2007<\/a> <\/strong><\/div>\n<\/td>\n<td>\n<div>Le TPI a rendu son arr\u00eat <a href=\"http:\/\/curia.europa.eu\/jurisp\/cgi-bin\/form.pl?lang=fr&amp;Submit=Rechercher&amp;alldocs=alldocs&amp;docj=docj&amp;docop=docop&amp;docor=docor&amp;docjo=docjo&amp;numaff=T-58\/05%20&amp;datefs=&amp;datefe=&amp;nomusuel=&amp;domaine=&amp;mots=&amp;resmax=100\">(autres \t\t\t\t\t\t      langues)<\/a> <a href=\"..\/archives\/fr\/documents\/tracts\/2007\/naufrag%E9s%20la%20d%E9cision%20juillet%202007%20FR.doc\">Explication<\/a><\/div>\n<\/td>\n<\/tr>\n<tr>\n<td>\n<div><strong><a href=\"..\/archives\/fr\/documents\/lettres\/2006\/12%20-%20D%E9cembre\/audience%20tpi%20fr.doc\" target=\"_blank\">D\u00e9cembre                                         2006<\/a><\/strong><\/div>\n<\/td>\n<td>\n<div>Un repr\u00e9sentant                                   de <span style=\"color: #339900;\"><strong>R<span style=\"color: #ff0000;\">&amp;<\/span>D<\/strong><\/span> a                                   assist\u00e9 \u00e0 l&rsquo;audience tenue au                                   Tribunal de Premi\u00e8re Instance (TPI)<br \/>\nle 6 d\u00e9cembre 2006<\/div>\n<\/td>\n<\/tr>\n<tr>\n<td>\n<div><a href=\"..\/archives\/fr\/documents\/tracts\/2006\/05%20-%20Mai\/naufrag%E9s%20fr.doc\" target=\"_blank\"><strong>Mai                                         2006<\/strong><\/a><\/div>\n<\/td>\n<td>\n<div>Lors                                     de la r\u00e9union d&rsquo;information organis\u00e9e                                     par <span style=\"color: #339900;\"><strong>R<span style=\"color: #ff0000;\">&amp;<\/span>D<\/strong><\/span> sur                                     l&rsquo;affaire des naufrag\u00e9s le 27 avril                                     2006,<br \/>\nMe Louis et Me Orlandi ont fait le                                     point sur la situation relative aux recrutements                                     apr\u00e8s le 1 mai 2004.<\/div>\n<\/td>\n<\/tr>\n<tr>\n<td>\n<div><strong><a href=\"..\/archives\/fr\/documents\/tracts\/2005\/07%20-%20Juillet\/naufrages%20fr.doc\" target=\"_blank\">Juillet                                         2005<\/a><\/strong><\/div>\n<\/td>\n<td>\n<div><span style=\"color: #339900;\"><strong>R<span style=\"color: #ff0000;\">&amp;<\/span>D<\/strong><\/span> a                                     n\u00e9goci\u00e9 et obtenu de toutes                                     les institutions (sauf Cour de Justice europ\u00e9enne)                                     que les effets<br \/>\nd\u2019une d\u00e9cision \u00e9ventuellement                                     positive du Tribunal de Premi\u00e8re Instance                                     soient \u00e9tendus \u00e0 tous<br \/>\nles coll\u00e8gues                                     dans la m\u00eame situation m\u00eame si                                     ceux-ci n\u2019ont pas introduit de r\u00e9clamation                                     individuelle.<\/div>\n<\/td>\n<\/tr>\n<tr>\n<td>\n<div><strong><a href=\"..\/archives\/fr\/documents\/tracts\/2005\/05%20-%20Mai\/tpi%20fr.doc\" target=\"_blank\">Mai                                         2005<\/a><\/strong><\/div>\n<\/td>\n<td>\n<div><span style=\"color: #339900;\"><strong>R<span style=\"color: #ff0000;\">&amp;<\/span>D<\/strong><\/span> force                                     les \u00ab pro-r\u00e9formes \u00bb \u00e0 reconna\u00eetre                                     leurs erreurs et \u00e0 se joindre \u00e0 son                                     action<\/div>\n<\/td>\n<\/tr>\n<tr>\n<td>\n<div><strong><a href=\"..\/archives\/fr\/documents\/tracts\/2005\/04%20-%20Avril\/r%E9union%20naufrag%E9s%20fr.doc\" target=\"_blank\">Avril                                         2005<\/a> &amp; <\/strong> <strong><a href=\"..\/archives\/fr\/documents\/tracts\/2005\/Apr%E8s%201er%20Mai\/developpements%20fr.doc\" target=\"_blank\">Janvier                                             2005<\/a><\/strong><\/div>\n<\/td>\n<td>\n<div><span style=\"color: #339900;\"><strong>R<span style=\"color: #ff0000;\">&amp;<\/span>D<\/strong><\/span> lance                                     une op\u00e9ration non partisane de soutien \u00e0 TOUS                                     les nouveaux fonctionnaires.<br \/>\nCette initiative                                     ne conna\u00eet pas de pr\u00e9c\u00e9dent                                     dans l\u2019histoire de l\u2019institution.<\/div>\n<\/td>\n<\/tr>\n<\/tbody>\n<\/table>\n<p><strong>Juridique : <\/strong> Les affaires introduites                               et soutenues par <span style=\"color: #339900;\"><strong>R<span style=\"color: #ff0000;\">&amp;<\/span>D<\/strong><\/span>.                               Un premier arr\u00eat de la Cour a \u00e9t\u00e9 rendu                               en <a href=\"..\/archives\/fr\/documents\/r%E9forme\/2007\/Centeno%20Mediavilla.doc\">Juillet                               2007<\/a>. <a href=\"http:\/\/curia.europa.eu\/jurisp\/cgi-bin\/form.pl?lang=fr&amp;Submit=Rechercher&amp;alldocs=alldocs&amp;docj=docj&amp;docop=docop&amp;docor=docor&amp;docjo=docjo&amp;numaff=T-58\/05%20&amp;datefs=&amp;datefe=&amp;nomusuel=&amp;domaine=&amp;mots=&amp;resmax=100\">Autres langues<\/a><\/p>\n<\/div>\n<ul>\n<li><strong>Contre                                     la Commission<\/strong> Affaire                                   T-130\/05: Albert-Bousquet &lsquo;v&rsquo; Commission (OJEU                                   C132\/57)<br \/>\nAffaire T-160\/05: Dag Johansson &lsquo;v&rsquo; Commission (OJEU C171\/44)<\/li>\n<li><strong>Contre                                     le Conseil<\/strong> Affaire T-164\/05: De Geest &lsquo;v&rsquo; Council (OJEU C171\/46)<\/li>\n<li><strong>Contre                                     le Parlement europ\u00e9en<\/strong> Affaire T-170\/05: Renate Amm &lsquo;v&rsquo; Parliament (OJEU C171\/49)<br \/>\nAffaire T-285\/05: Bernd Lippert &lsquo;v&rsquo; Parliament (OJEU C229\/72)<\/li>\n<li><strong>Contre                                     le Comit\u00e9 Economique et Social Europ\u00e9en<\/strong> Affaire T-162\/05: Grijseels and Lopez Garcia &lsquo;v&rsquo; ESCE (OJEU C171\/45)<\/li>\n<li><strong>Contre                                     la Cour de Justice <\/strong> Affaire T-287\/05: Idoia Bengoa Geisler &lsquo;v&rsquo; Court of Justice (OJEU             C229\/74)<\/li>\n<\/ul>\n<p>?<\/p>\n","protected":false},"excerpt":{"rendered":"<p>R&amp;D appelle \u00ab naufrag\u00e9s de la r\u00e9forme \u00bb tous les coll\u00e8gues recrut\u00e9s apr\u00e8s le 1 mai 2004 et qui ont \u00e9t\u00e9 class\u00e9s deux \u00e0 trois grades au dessous de celui annonc\u00e9 dans l\u2019avis de concours. En modifiant les conditions de recrutement et de d\u00e9roulement de carri\u00e8re des nouveaux recrut\u00e9s apr\u00e8s le 1 mai 2004 \u2013 [&hellip;]<\/p>\n","protected":false},"author":1,"featured_media":0,"parent":0,"menu_order":0,"comment_status":"closed","ping_status":"closed","template":"","meta":{"footnotes":""},"_links":{"self":[{"href":"https:\/\/renouveau-democratie.eu\/fr\/wp-json\/wp\/v2\/pages\/33"}],"collection":[{"href":"https:\/\/renouveau-democratie.eu\/fr\/wp-json\/wp\/v2\/pages"}],"about":[{"href":"https:\/\/renouveau-democratie.eu\/fr\/wp-json\/wp\/v2\/types\/page"}],"author":[{"embeddable":true,"href":"https:\/\/renouveau-democratie.eu\/fr\/wp-json\/wp\/v2\/users\/1"}],"replies":[{"embeddable":true,"href":"https:\/\/renouveau-democratie.eu\/fr\/wp-json\/wp\/v2\/comments?post=33"}],"version-history":[{"count":0,"href":"https:\/\/renouveau-democratie.eu\/fr\/wp-json\/wp\/v2\/pages\/33\/revisions"}],"wp:attachment":[{"href":"https:\/\/renouveau-democratie.eu\/fr\/wp-json\/wp\/v2\/media?parent=33"}],"curies":[{"name":"wp","href":"https:\/\/api.w.org\/{rel}","templated":true}]}}