{"id":2797,"date":"2010-04-21T18:07:23","date_gmt":"2010-04-21T16:07:23","guid":{"rendered":"\/?page_id=2797"},"modified":"2018-06-18T09:19:52","modified_gmt":"2018-06-18T07:19:52","slug":"recours","status":"publish","type":"page","link":"https:\/\/renouveau-democratie.eu\/fr\/promotion-reclassement\/promotions\/help-desk-rec\/recours\/","title":{"rendered":"Appel et r\u00e9clamation Art. 90"},"content":{"rendered":"<h2><strong style=\"font-size: 1.17em;\">Appel contre la non-proposition \u00e0 la promotion par sa DG:<\/strong><\/h2>\n<p><strong>Le 18 Juin<\/strong>, les propositions de promotion seront publi\u00e9es dans Sysper. Vous aurez alors <strong>5 jours<\/strong> pour introduire un appel si vous n&rsquo;\u00eates pas propos\u00e9 par votre Direction g\u00e9n\u00e9rale et estimez que vous m\u00e9ritiez une promotion cette ann\u00e9e sur la base de:<\/p>\n<p>&#8211; votre permanence dans le grade<\/p>\n<p>&#8211; vos m\u00e9rites tels que refl\u00e9t\u00e9s dans votre rapport d&rsquo;\u00e9valuation<\/p>\n<p>&#8211; vos responsabilit\u00e9s<\/p>\n<p>Bien que chaque cas soit diff\u00e9rent, <span style=\"color: #339966;\"><strong><span style=\"color: #008000;\">R<\/span><span style=\"color: #ff0000;\">&amp;<\/span><\/strong><span style=\"color: #008000;\"><strong>D<\/strong><\/span><\/span> a r\u00e9uni les raisonnements les plus typiques qui peuvent permettent de pr\u00e9senter avec succ\u00e8s un appel devant le Comit\u00e9 de Promotion. Vous pouvez t\u00e9l\u00e9charger ces formulaires ( <a href=\"\/wp-content\/uploads\/2018\/06\/2018_RD_appeals_template_fr.doc\"><strong>document<\/strong><\/a> ) afin de vous en servir comme base de pr\u00e9paration \u00e0 votre texte d&rsquo;appel.<\/p>\n<p>&nbsp;<\/p>\n<p align=\"center\"><span style=\"color: #ff0000;\"><strong>Comment remplir son appel ?<\/strong><\/span><\/p>\n<ul>\n<li><strong>Soyez bref et concis <\/strong>(1 page maximum)<\/li>\n<li>Gardez \u00e0 l&rsquo;esprit que le Comit\u00e9 de Promotion a acc\u00e8s \u00e0 tous vos rapports d&rsquo;\u00e9valuation<\/li>\n<\/ul>\n<p>&nbsp;<\/p>\n<p style=\"text-align: center;\"><span style=\"color: #000000;\">&#8212;&#8212;&#8212;&#8212;&#8212;&#8212;&#8212;&#8212;&#8212;&#8212;-<\/span><\/p>\n<p>&nbsp;<\/p>\n<h2><strong>R\u00e9clamation art.90 \u00a72 contre la non-proposition \u00e0 la promotion: <\/strong><\/h2>\n<h4><span style=\"color: #ff0000;\"><strong>(\u00e0 n&rsquo;utiliser qu&rsquo;apr\u00e8s la publication des listes de promotion en Novembre 2018)<\/strong><\/span><\/h4>\n<p>La date limite pour introduire une r\u00e9clamation art.90 \u00a72 contre la non proposition \u00e0 la promotion est de 3 mois apr\u00e8s la publication des listes de promotion. Vous trouverez ci-apr\u00e8s un mod\u00e8le de r\u00e9clamation \u00e0 adapter selon votre grade d&rsquo;appartenance (\u00a0<strong><a href=\"\/wp-content\/uploads\/2014\/01\/R\u00e9clamation-contre-la-d\u00e9cision-de-non-promotion.doc\">document<\/a>\u00a0<\/strong>). Pour tout renseignement, n&rsquo;h\u00e9sitez pas \u00e0 contacter\u00a0<a href=\"\/?page_id=1151\">les sp\u00e9cialistes de\u00a0<strong><span style=\"color: #339966;\">R<\/span><span style=\"color: #ff0000;\">&amp;<\/span><span style=\"color: #339966;\">D<\/span><\/strong><\/a>.<\/p>\n<p>&nbsp;<\/p>\n<div><\/div>\n","protected":false},"excerpt":{"rendered":"<p>Appel contre la non-proposition \u00e0 la promotion par sa DG: Le 18 Juin, les propositions de promotion seront publi\u00e9es dans Sysper. Vous aurez alors 5 jours pour introduire un appel si vous n&rsquo;\u00eates pas propos\u00e9 par votre Direction g\u00e9n\u00e9rale et estimez que vous m\u00e9ritiez une promotion cette ann\u00e9e sur la base de: &#8211; votre permanence [&hellip;]<\/p>\n","protected":false},"author":3,"featured_media":0,"parent":1151,"menu_order":1,"comment_status":"closed","ping_status":"closed","template":"","meta":{"footnotes":""},"_links":{"self":[{"href":"https:\/\/renouveau-democratie.eu\/fr\/wp-json\/wp\/v2\/pages\/2797"}],"collection":[{"href":"https:\/\/renouveau-democratie.eu\/fr\/wp-json\/wp\/v2\/pages"}],"about":[{"href":"https:\/\/renouveau-democratie.eu\/fr\/wp-json\/wp\/v2\/types\/page"}],"author":[{"embeddable":true,"href":"https:\/\/renouveau-democratie.eu\/fr\/wp-json\/wp\/v2\/users\/3"}],"replies":[{"embeddable":true,"href":"https:\/\/renouveau-democratie.eu\/fr\/wp-json\/wp\/v2\/comments?post=2797"}],"version-history":[{"count":46,"href":"https:\/\/renouveau-democratie.eu\/fr\/wp-json\/wp\/v2\/pages\/2797\/revisions"}],"predecessor-version":[{"id":8812,"href":"https:\/\/renouveau-democratie.eu\/fr\/wp-json\/wp\/v2\/pages\/2797\/revisions\/8812"}],"up":[{"embeddable":true,"href":"https:\/\/renouveau-democratie.eu\/fr\/wp-json\/wp\/v2\/pages\/1151"}],"wp:attachment":[{"href":"https:\/\/renouveau-democratie.eu\/fr\/wp-json\/wp\/v2\/media?parent=2797"}],"curies":[{"name":"wp","href":"https:\/\/api.w.org\/{rel}","templated":true}]}}