{"id":26116,"date":"2022-07-19T17:08:15","date_gmt":"2022-07-19T15:08:15","guid":{"rendered":"https:\/\/renouveau-democratie.eu\/?page_id=26116"},"modified":"2022-07-19T17:22:09","modified_gmt":"2022-07-19T15:22:09","slug":"rd-ispra-ccr","status":"publish","type":"page","link":"https:\/\/renouveau-democratie.eu\/fr\/rd-ispra-ccr\/","title":{"rendered":"R&#038;D ISPRA (CCR)"},"content":{"rendered":"\n<p>R&amp;D-Ispra est une organisation professionnelle qui n&rsquo;est li\u00e9e \u00e0 aucun parti politique. C&rsquo;est un organisme europ\u00e9en, multiculturel et multilingue. Elle est ind\u00e9pendante et n&rsquo;est pas sous le contr\u00f4le d&rsquo;une organisation politique centrale ou nationale. L&rsquo;objectif de R&amp;D est la d\u00e9fense des int\u00e9r\u00eats du personnel et la promotion des valeurs fondamentales sur lesquelles repose l&rsquo;Union europ\u00e9enne.<\/p>\n\n\n\n<p>Qui plus est, les relations humaines doivent \u00eatre privil\u00e9gi\u00e9es pour am\u00e9liorer la qualit\u00e9 de notre vie professionnelle.<\/p>\n\n\n\n<p>En vertu du statut des fonctionnaires, la Commission est tenue de promouvoir tout cela : R&amp;D s&rsquo;engage \u00e0 veiller \u00e0 ce que ce principe soit appliqu\u00e9.<\/p>\n\n\n\n<p><\/p>\n\n\n\n<figure id=\"AutoNumber1\" class=\"wp-block-table is-style-stripes\"><table><tbody><tr><td>R&amp;D ISPRA (CCR)<\/td><\/tr><tr><td>&nbsp;<\/td><td>Pr\u00e9sident<br>Gianfranco Selvagio<\/td><td><img loading=\"lazy\" decoding=\"async\" src=\"\/images\/usuels\/telephone1.gif\" alt=\"\" width=\"18\" height=\"16\"> +39 033278 5033<br>Email: <a href=\"mailto:hans.nieman@ec.europa.eu\">gianfranco.selvagio@.ec.europa.eu<\/a><\/td><\/tr><tr><td>&nbsp;<\/td><td>Secr\u00e9taire politique<br>Laura Ciafr\u00e8<\/td><td><img loading=\"lazy\" decoding=\"async\" src=\"\/images\/usuels\/telephone1.gif\" alt=\"\" width=\"18\" height=\"16\"> +39 033278 9462<br>Email: &nbsp;<a href=\"mailto:Laura.CIAFRE@ec.europa.eu\">Laura.CIAFRE@ec.europa.eu<\/a><\/td><\/tr><tr><td>&nbsp;<\/td><td>Vice-Secretaire<br>Elena Stringa<\/td><td><img loading=\"lazy\" decoding=\"async\" src=\"\/images\/usuels\/telephone1.gif\" alt=\"\" width=\"18\" height=\"16\"> +39&nbsp;033278 6182<br>Email: <a href=\"mailto:Elena.STRINGA@ec.europa.eu\">Elena.STRINGA@ec.europa.eu<\/a><\/td><\/tr><tr><td>&nbsp;<\/td><td>Vice-Pr\u00e9sident<br>Salvatore Tirendi<\/td><td><img loading=\"lazy\" decoding=\"async\" src=\"\/images\/usuels\/telephone1.gif\" alt=\"\" width=\"18\" height=\"16\"> +39&nbsp;033278 6442<br>Email: <a href=\"mailto:Salvatore.TIRENDI@ec.europa.eu\">Salvatore.TIRENDI@ec.europa.eu<\/a><\/td><\/tr><tr><td>&nbsp;<\/td><td>&nbsp;<\/td><td>&nbsp;<\/td><\/tr><tr><td>&nbsp;<\/td><td>&nbsp;<\/td><td>&nbsp;<\/td><\/tr><tr><td>&nbsp;<\/td><td>Tr\u00e9sorier<br>Pascal Kupper<\/td><td><img loading=\"lazy\" decoding=\"async\" src=\"\/images\/usuels\/telephone1.gif\" alt=\"\" width=\"18\" height=\"16\"> +39&nbsp;033278 9393<br>Email: <a href=\"mailto:Pascal.Kupper@ec.europa.eu\">Pascal.Kupper@ec.europa.eu<\/a><\/td><\/tr><tr><td>&nbsp;<\/td><td>Vice-tr\u00e9sorier<br>Chrystelle Remy<\/td><td><img loading=\"lazy\" decoding=\"async\" src=\"\/images\/usuels\/telephone1.gif\" alt=\"\" width=\"18\" height=\"16\"> +39&nbsp;033278 8252<br>Email: <a href=\"mailto:Chrystelle.Remy@ec.europa.eu\">Chrystelle.Remy@ec.europa.eu<\/a><\/td><\/tr><tr><td>&nbsp;<\/td><td>Membres &nbsp; <br>Robert Kenny<br>Davide Auteri<\/td><td>&nbsp;<\/td><\/tr><tr><td>&nbsp;<\/td><td>&nbsp;<\/td><\/tr><\/tbody><\/table><\/figure>\n","protected":false},"excerpt":{"rendered":"<p>R&amp;D-Ispra est une organisation professionnelle qui n&rsquo;est li\u00e9e \u00e0 aucun parti politique. C&rsquo;est un organisme europ\u00e9en, multiculturel et multilingue. Elle est ind\u00e9pendante et n&rsquo;est pas sous le contr\u00f4le d&rsquo;une organisation politique centrale ou nationale. L&rsquo;objectif de R&amp;D est la d\u00e9fense des int\u00e9r\u00eats du personnel et la promotion des valeurs fondamentales sur lesquelles repose l&rsquo;Union europ\u00e9enne. [&hellip;]<\/p>\n","protected":false},"author":27,"featured_media":0,"parent":0,"menu_order":0,"comment_status":"closed","ping_status":"closed","template":"","meta":{"footnotes":""},"_links":{"self":[{"href":"https:\/\/renouveau-democratie.eu\/fr\/wp-json\/wp\/v2\/pages\/26116"}],"collection":[{"href":"https:\/\/renouveau-democratie.eu\/fr\/wp-json\/wp\/v2\/pages"}],"about":[{"href":"https:\/\/renouveau-democratie.eu\/fr\/wp-json\/wp\/v2\/types\/page"}],"author":[{"embeddable":true,"href":"https:\/\/renouveau-democratie.eu\/fr\/wp-json\/wp\/v2\/users\/27"}],"replies":[{"embeddable":true,"href":"https:\/\/renouveau-democratie.eu\/fr\/wp-json\/wp\/v2\/comments?post=26116"}],"version-history":[{"count":3,"href":"https:\/\/renouveau-democratie.eu\/fr\/wp-json\/wp\/v2\/pages\/26116\/revisions"}],"predecessor-version":[{"id":26120,"href":"https:\/\/renouveau-democratie.eu\/fr\/wp-json\/wp\/v2\/pages\/26116\/revisions\/26120"}],"wp:attachment":[{"href":"https:\/\/renouveau-democratie.eu\/fr\/wp-json\/wp\/v2\/media?parent=26116"}],"curies":[{"name":"wp","href":"https:\/\/api.w.org\/{rel}","templated":true}]}}