{"id":23835,"date":"2021-09-06T16:40:26","date_gmt":"2021-09-06T14:40:26","guid":{"rendered":"\/?page_id=23835"},"modified":"2021-09-06T16:40:41","modified_gmt":"2021-09-06T14:40:41","slug":"e-conferences-prevention-des-risques-psychosociaux","status":"publish","type":"page","link":"https:\/\/renouveau-democratie.eu\/fr\/e-conferences-prevention-des-risques-psychosociaux\/","title":{"rendered":"e-conf\u00e9rences &#8211; Pr\u00e9vention des risques psychosociaux"},"content":{"rendered":"\n<h2 class=\"wp-block-heading\">e-conf\u00e9rences &#8211; Pr\u00e9vention des risques psychosociaux<\/h2>\n\n\n\n<div style=\"height:60px\" aria-hidden=\"true\" class=\"wp-block-spacer\"><\/div>\n\n\n\n<div class=\"wp-block-columns is-layout-flex wp-container-core-columns-is-layout-1 wp-block-columns-is-layout-flex\">\n<div class=\"wp-block-column is-layout-flow wp-block-column-is-layout-flow\" style=\"flex-basis:40%\">\n<p>Les RPS et la QVR, de quoi parlons-nous? &#8211; <em>Marie Pez\u00e9 <\/em><\/p>\n<\/div>\n\n\n\n<div class=\"wp-block-column is-layout-flow wp-block-column-is-layout-flow\" style=\"flex-basis:10%\"><\/div>\n\n\n\n<div class=\"wp-block-column is-layout-flow wp-block-column-is-layout-flow\" style=\"flex-basis:66.66%\">\n<figure class=\"wp-block-embed is-type-video is-provider-youtube wp-block-embed-youtube wp-embed-aspect-4-3 wp-has-aspect-ratio\"><div class=\"wp-block-embed__wrapper\">\n<iframe loading=\"lazy\" title=\"Renouveau &amp; D\u00e9mocratie - Marie Pez\u00e9 - Les RPS et la QVT, de quoi parlons-nous?\" width=\"768\" height=\"576\" src=\"https:\/\/www.youtube.com\/embed\/mAIFa15uTrM?list=PLrBIl4mCc3n9BTAWlAoQCFL5BaCdaKa4a\" frameborder=\"0\" allow=\"accelerometer; autoplay; clipboard-write; encrypted-media; gyroscope; picture-in-picture\" allowfullscreen><\/iframe>\n<\/div><\/figure>\n\n\n\n<p><\/p>\n<\/div>\n<\/div>\n\n\n\n<div style=\"height:52px\" aria-hidden=\"true\" class=\"wp-block-spacer\"><\/div>\n\n\n\n<div class=\"wp-block-columns is-layout-flex wp-container-core-columns-is-layout-2 wp-block-columns-is-layout-flex\">\n<div class=\"wp-block-column is-layout-flow wp-block-column-is-layout-flow\" style=\"flex-basis:40%\">\n<p>Le management pathog\u00e8ne, de quoi parlons-nous? &#8211; <em>Marie Pez\u00e9<\/em><\/p>\n<\/div>\n\n\n\n<div class=\"wp-block-column is-layout-flow wp-block-column-is-layout-flow\" style=\"flex-basis:10%\"><\/div>\n\n\n\n<div class=\"wp-block-column is-layout-flow wp-block-column-is-layout-flow\" style=\"flex-basis:66.66%\">\n<figure class=\"wp-block-embed is-type-video is-provider-youtube wp-block-embed-youtube wp-embed-aspect-4-3 wp-has-aspect-ratio\"><div class=\"wp-block-embed__wrapper\">\n<iframe loading=\"lazy\" title=\"Renouveau &amp; D\u00e9mocratie - Marie Pez\u00e9 - Le management pathog\u00e8ne, de quoi parlons-nous?\" width=\"768\" height=\"576\" src=\"https:\/\/www.youtube.com\/embed\/ritpya9ttgo?list=PLrBIl4mCc3n9BTAWlAoQCFL5BaCdaKa4a\" frameborder=\"0\" allow=\"accelerometer; autoplay; clipboard-write; encrypted-media; gyroscope; picture-in-picture\" allowfullscreen><\/iframe>\n<\/div><\/figure>\n<\/div>\n<\/div>\n\n\n\n<div style=\"height:46px\" aria-hidden=\"true\" class=\"wp-block-spacer\"><\/div>\n\n\n\n<div class=\"wp-block-columns is-layout-flex wp-container-core-columns-is-layout-3 wp-block-columns-is-layout-flex\">\n<div class=\"wp-block-column is-layout-flow wp-block-column-is-layout-flow\" style=\"flex-basis:40%\">\n<p>Institutional psychological harassment &#8211; <em>Marie Pez\u00e9 &amp; Nicolas Viard<\/em><\/p>\n<\/div>\n\n\n\n<div class=\"wp-block-column is-layout-flow wp-block-column-is-layout-flow\" style=\"flex-basis:10%\"><\/div>\n\n\n\n<div class=\"wp-block-column is-layout-flow wp-block-column-is-layout-flow\" style=\"flex-basis:66.66%\">\n<figure class=\"wp-block-embed is-type-video is-provider-youtube wp-block-embed-youtube wp-embed-aspect-4-3 wp-has-aspect-ratio\"><div class=\"wp-block-embed__wrapper\">\n<iframe loading=\"lazy\" title=\"Renouveau &amp; D\u00e9mocratie - Marie Pez\u00e9 &amp; Nicolas Viard - Institutional psychological harassment\" width=\"768\" height=\"576\" src=\"https:\/\/www.youtube.com\/embed\/C6cEyoGZp0Q?list=PLrBIl4mCc3n9BTAWlAoQCFL5BaCdaKa4a\" frameborder=\"0\" allow=\"accelerometer; autoplay; clipboard-write; encrypted-media; gyroscope; picture-in-picture\" allowfullscreen><\/iframe>\n<\/div><\/figure>\n<\/div>\n<\/div>\n","protected":false},"excerpt":{"rendered":"<p>e-conf\u00e9rences &#8211; Pr\u00e9vention des risques psychosociaux Les RPS et la QVR, de quoi parlons-nous? &#8211; Marie Pez\u00e9 Le management pathog\u00e8ne, de quoi parlons-nous? &#8211; Marie Pez\u00e9 Institutional psychological harassment &#8211; Marie Pez\u00e9 &amp; Nicolas Viard<\/p>\n","protected":false},"author":19,"featured_media":0,"parent":0,"menu_order":0,"comment_status":"closed","ping_status":"closed","template":"","meta":{"footnotes":""},"_links":{"self":[{"href":"https:\/\/renouveau-democratie.eu\/fr\/wp-json\/wp\/v2\/pages\/23835"}],"collection":[{"href":"https:\/\/renouveau-democratie.eu\/fr\/wp-json\/wp\/v2\/pages"}],"about":[{"href":"https:\/\/renouveau-democratie.eu\/fr\/wp-json\/wp\/v2\/types\/page"}],"author":[{"embeddable":true,"href":"https:\/\/renouveau-democratie.eu\/fr\/wp-json\/wp\/v2\/users\/19"}],"replies":[{"embeddable":true,"href":"https:\/\/renouveau-democratie.eu\/fr\/wp-json\/wp\/v2\/comments?post=23835"}],"version-history":[{"count":1,"href":"https:\/\/renouveau-democratie.eu\/fr\/wp-json\/wp\/v2\/pages\/23835\/revisions"}],"predecessor-version":[{"id":23839,"href":"https:\/\/renouveau-democratie.eu\/fr\/wp-json\/wp\/v2\/pages\/23835\/revisions\/23839"}],"wp:attachment":[{"href":"https:\/\/renouveau-democratie.eu\/fr\/wp-json\/wp\/v2\/media?parent=23835"}],"curies":[{"name":"wp","href":"https:\/\/api.w.org\/{rel}","templated":true}]}}