{"id":23818,"date":"2021-09-06T15:52:05","date_gmt":"2021-09-06T13:52:05","guid":{"rendered":"\/?page_id=23818"},"modified":"2022-01-17T17:48:36","modified_gmt":"2022-01-17T15:48:36","slug":"e-conferences-education","status":"publish","type":"page","link":"https:\/\/renouveau-democratie.eu\/fr\/e-conferences-education\/","title":{"rendered":"e-conf\u00e9rences &#8211; Education"},"content":{"rendered":"\n<h2 class=\"has-text-align-center wp-block-heading\">e-conf\u00e9rences &#8211; Education<\/h2>\n\n\n\n<div style=\"height:40px\" aria-hidden=\"true\" class=\"wp-block-spacer\"><\/div>\n\n\n\n<div class=\"wp-block-columns is-layout-flex wp-container-core-columns-is-layout-1 wp-block-columns-is-layout-flex\">\n<div class=\"wp-block-column is-layout-flow wp-block-column-is-layout-flow\" style=\"flex-basis:40%\">\n<p style=\"font-size:18px\">Pr\u00e9vention du cyberharc\u00e8lement et des violences scolaires&nbsp;<\/p>\n<\/div>\n\n\n\n<div class=\"wp-block-column is-layout-flow wp-block-column-is-layout-flow\" style=\"flex-basis:10%\"><\/div>\n\n\n\n<div class=\"wp-block-column is-layout-flow wp-block-column-is-layout-flow\" style=\"flex-basis:66.66%\">\n<figure class=\"wp-block-embed is-type-video is-provider-youtube wp-block-embed-youtube wp-embed-aspect-4-3 wp-has-aspect-ratio\"><div class=\"wp-block-embed__wrapper\">\n<iframe loading=\"lazy\" title=\"e-conf\u00e9rence - Bruno HUMBEECK - Pr\u00e9vention du cyberharc\u00e8lement et des violences scolaires\" width=\"768\" height=\"576\" src=\"https:\/\/www.youtube.com\/embed\/jb7h8DqoJoM?list=PLrBIl4mCc3n9BTAWlAoQCFL5BaCdaKa4a\" frameborder=\"0\" allow=\"accelerometer; autoplay; clipboard-write; encrypted-media; gyroscope; picture-in-picture\" allowfullscreen><\/iframe>\n<\/div><\/figure>\n<\/div>\n<\/div>\n\n\n\n<div class=\"wp-block-columns is-layout-flex wp-container-core-columns-is-layout-2 wp-block-columns-is-layout-flex\">\n<div class=\"wp-block-column is-layout-flow wp-block-column-is-layout-flow\" style=\"flex-basis:40%\">\n<p style=\"font-size:18px\">Quelles p\u00e9dagogies pour votre enfant?<\/p>\n<\/div>\n\n\n\n<div class=\"wp-block-column is-layout-flow wp-block-column-is-layout-flow\" style=\"flex-basis:10%\"><\/div>\n\n\n\n<div class=\"wp-block-column is-layout-flow wp-block-column-is-layout-flow\" style=\"flex-basis:66.66%\">\n<figure class=\"wp-block-embed is-type-video is-provider-youtube wp-block-embed-youtube wp-embed-aspect-4-3 wp-has-aspect-ratio\"><div class=\"wp-block-embed__wrapper\">\n<iframe loading=\"lazy\" title=\"Renouveau &amp; D\u00e9mocratie - Bruno Humbeeck - Quelles p\u00e9dagogies pour votre enfant?\" width=\"768\" height=\"576\" src=\"https:\/\/www.youtube.com\/embed\/EIpzOFjBSYA?list=PLrBIl4mCc3n9BTAWlAoQCFL5BaCdaKa4a\" frameborder=\"0\" allow=\"accelerometer; autoplay; clipboard-write; encrypted-media; gyroscope; picture-in-picture\" allowfullscreen><\/iframe>\n<\/div><\/figure>\n<\/div>\n<\/div>\n\n\n\n<div style=\"height:40px\" aria-hidden=\"true\" class=\"wp-block-spacer\"><\/div>\n\n\n\n<div class=\"wp-block-columns is-layout-flex wp-container-core-columns-is-layout-3 wp-block-columns-is-layout-flex\">\n<div class=\"wp-block-column is-layout-flow wp-block-column-is-layout-flow\" style=\"flex-basis:40%\">\n<p style=\"font-size:18px\">Le Burnout parental<\/p>\n<\/div>\n\n\n\n<div class=\"wp-block-column is-layout-flow wp-block-column-is-layout-flow\" style=\"flex-basis:10%\"><\/div>\n\n\n\n<div class=\"wp-block-column is-layout-flow wp-block-column-is-layout-flow\" style=\"flex-basis:66.66%\">\n<figure class=\"wp-block-embed is-type-video is-provider-youtube wp-block-embed-youtube wp-embed-aspect-4-3 wp-has-aspect-ratio\"><div class=\"wp-block-embed__wrapper\">\n<iframe loading=\"lazy\" title=\"Renouveau &amp; D\u00e9mocratie - Bruno Humbeeck - Le Burnout parental\" width=\"768\" height=\"576\" src=\"https:\/\/www.youtube.com\/embed\/AWH7jQVBqZM?list=PLrBIl4mCc3n9BTAWlAoQCFL5BaCdaKa4a\" frameborder=\"0\" allow=\"accelerometer; autoplay; clipboard-write; encrypted-media; gyroscope; picture-in-picture\" allowfullscreen><\/iframe>\n<\/div><\/figure>\n<\/div>\n<\/div>\n\n\n\n<div style=\"height:41px\" aria-hidden=\"true\" class=\"wp-block-spacer\"><\/div>\n\n\n\n<div class=\"wp-block-columns is-layout-flex wp-container-core-columns-is-layout-4 wp-block-columns-is-layout-flex\">\n<div class=\"wp-block-column is-layout-flow wp-block-column-is-layout-flow\" style=\"flex-basis:40%\">\n<p style=\"font-size:18px\">T\u00e9l\u00e9travail et enfants en p\u00e9riode de pand\u00e9mie<\/p>\n<\/div>\n\n\n\n<div class=\"wp-block-column is-layout-flow wp-block-column-is-layout-flow\" style=\"flex-basis:10%\"><\/div>\n\n\n\n<div class=\"wp-block-column is-layout-flow wp-block-column-is-layout-flow\" style=\"flex-basis:66.66%\">\n<figure class=\"wp-block-embed is-type-video is-provider-youtube wp-block-embed-youtube wp-embed-aspect-4-3 wp-has-aspect-ratio\"><div class=\"wp-block-embed__wrapper\">\n<iframe loading=\"lazy\" title=\"Renouveau et D\u00e9mocratie - Bruno Humbeeck -   T\u00e9l\u00e9travail et enfants en p\u00e9riode de pand\u00e9mie\" width=\"768\" height=\"576\" src=\"https:\/\/www.youtube.com\/embed\/Rz_KXQ8VxnM?list=PLrBIl4mCc3n9BTAWlAoQCFL5BaCdaKa4a\" frameborder=\"0\" allow=\"accelerometer; autoplay; clipboard-write; encrypted-media; gyroscope; picture-in-picture\" allowfullscreen><\/iframe>\n<\/div><\/figure>\n<\/div>\n<\/div>\n","protected":false},"excerpt":{"rendered":"<p>e-conf\u00e9rences &#8211; Education Pr\u00e9vention du cyberharc\u00e8lement et des violences scolaires&nbsp; Quelles p\u00e9dagogies pour votre enfant? Le Burnout parental T\u00e9l\u00e9travail et enfants en p\u00e9riode de pand\u00e9mie<\/p>\n","protected":false},"author":19,"featured_media":0,"parent":0,"menu_order":0,"comment_status":"closed","ping_status":"closed","template":"","meta":{"footnotes":""},"_links":{"self":[{"href":"https:\/\/renouveau-democratie.eu\/fr\/wp-json\/wp\/v2\/pages\/23818"}],"collection":[{"href":"https:\/\/renouveau-democratie.eu\/fr\/wp-json\/wp\/v2\/pages"}],"about":[{"href":"https:\/\/renouveau-democratie.eu\/fr\/wp-json\/wp\/v2\/types\/page"}],"author":[{"embeddable":true,"href":"https:\/\/renouveau-democratie.eu\/fr\/wp-json\/wp\/v2\/users\/19"}],"replies":[{"embeddable":true,"href":"https:\/\/renouveau-democratie.eu\/fr\/wp-json\/wp\/v2\/comments?post=23818"}],"version-history":[{"count":3,"href":"https:\/\/renouveau-democratie.eu\/fr\/wp-json\/wp\/v2\/pages\/23818\/revisions"}],"predecessor-version":[{"id":25377,"href":"https:\/\/renouveau-democratie.eu\/fr\/wp-json\/wp\/v2\/pages\/23818\/revisions\/25377"}],"wp:attachment":[{"href":"https:\/\/renouveau-democratie.eu\/fr\/wp-json\/wp\/v2\/media?parent=23818"}],"curies":[{"name":"wp","href":"https:\/\/api.w.org\/{rel}","templated":true}]}}