{"id":23739,"date":"2021-09-05T00:10:53","date_gmt":"2021-09-04T22:10:53","guid":{"rendered":"\/?page_id=23739"},"modified":"2021-12-21T12:02:24","modified_gmt":"2021-12-21T10:02:24","slug":"procedures-de-recrutement","status":"publish","type":"page","link":"https:\/\/renouveau-democratie.eu\/fr\/procedures-de-recrutement\/","title":{"rendered":"Recrutement et S\u00e9lection"},"content":{"rendered":"\n<figure class=\"wp-block-pullquote is-style-solid-color\"><blockquote><p>La Commission doit d\u00e9finitivement mettre fin au dumping social et veiller \u00e0 ce que la cat\u00e9gorie et le groupe de fonctions correspondent bien au niveau des t\u00e2ches effectu\u00e9es<\/p><\/blockquote><\/figure>\n\n\n\n<h2 class=\"has-text-align-center wp-block-heading\">Une v\u00e9ritable politique annuelle de concours internes<\/h2>\n\n\n\n<div style=\"height:20px\" aria-hidden=\"true\" class=\"wp-block-spacer\"><\/div>\n\n\n\n<p>Il est primordiale de mettre en place, en \u00e9troite collaboration avec la repr\u00e9sentation du personnel, une v\u00e9ritable politique de concours internes<strong> <\/strong>annuels<strong> garantissant la transparence et l\u2019\u00e9quit\u00e9 de la proc\u00e9dure,<\/strong> mettant l\u2019accent sur les comp\u00e9tences des coll\u00e8gues, offrant des possibilit\u00e9s concr\u00e8tes et \u00e9quitables de titularisation aux coll\u00e8gues AC et AT et permettant \u00e9galement une r\u00e9elle \u00e9volution de carri\u00e8re pour les coll\u00e8gues AST-SC, AST ainsi que les coll\u00e8gues AD recrut\u00e9s apr\u00e8s 2004 et de prendre, enfin, en compte le niveau des t\u00e2ches r\u00e9elles des coll\u00e8gues.<\/p>\n\n\n\n<p><strong>Une v\u00e9ritable politique de concours internes annuels<\/strong> est \u00e9galement la seule solution viable pour prendre en&nbsp; compte les pr\u00e9occupations de nos coll\u00e8gues recrut\u00e9s apr\u00e8s 2004 et 2014.<\/p>\n\n\n\n<p><strong>Le \u00ab&nbsp;Junior Professional programme&nbsp;\u00bb<\/strong> doit \u00eatre totalement transparent et pleinement accessible aux AST, AST-SC et AC, tous grades confondus, avec une proc\u00e9dure et des crit\u00e8res de s\u00e9lection non discriminatoires tout en augmentant consid\u00e9rablement la limite actuelle de 3 ans pour l\u2019exp\u00e9rience professionnelle (le personnel AST, AST-SC et AC a plus de 3 ans d\u2019exp\u00e9rience professionnelle) dans l\u2019\u00e9ventualit\u00e9 de cr\u00e9er un nouveau programme professionnel r\u00e9serv\u00e9 \u00e0 des candidats plus exp\u00e9riment\u00e9s.<\/p>\n\n\n\n<p>La n\u00e9cessit\u00e9 d\u2019assurer un \u00e9quilibre g\u00e9ographique est une question d\u2019\u00e9quit\u00e9 qui ne peut, en aucun cas, \u00eatre utilis\u00e9e pour porter atteinte \u00e0 l\u2019\u00e9quit\u00e9 et \u00e0 la transparence des proc\u00e9dures de recrutement et de nomination.<\/p>\n\n\n\n<div style=\"height:20px\" aria-hidden=\"true\" class=\"wp-block-spacer\"><\/div>\n\n\n\n<div class=\"wp-block-columns is-layout-flex wp-container-core-columns-is-layout-1 wp-block-columns-is-layout-flex\">\n<div class=\"wp-block-column is-layout-flow wp-block-column-is-layout-flow\"><\/div>\n\n\n\n<div class=\"wp-block-column is-layout-flow wp-block-column-is-layout-flow\">\n<div class=\"wp-block-image\"><figure class=\"aligncenter size-full is-resized\"><img loading=\"lazy\" decoding=\"async\" src=\"https:\/\/renouveau-democratie.eu\/wp-content\/uploads\/2020\/01\/2685-300x250-1.jpg\" alt=\"\" class=\"wp-image-18858\" width=\"300\" height=\"250\" srcset=\"https:\/\/renouveau-democratie.eu\/wp-content\/uploads\/2020\/01\/2685-300x250-1.jpg 300w, https:\/\/renouveau-democratie.eu\/wp-content\/uploads\/2020\/01\/2685-300x250-1-150x125.jpg 150w\" sizes=\"(max-width: 300px) 100vw, 300px\" \/><figcaption><a href=\"https:\/\/renouveau-democratie.eu\/fr\/14894-2\/junior-programme\/\" data-type=\"page\" data-id=\"16779\" target=\"_blank\" rel=\"noreferrer noopener\">Junior Professionals Programme : \u00ab les copains d\u2019abord!\u00bb<\/a><\/figcaption><\/figure><\/div>\n<\/div>\n\n\n\n<div class=\"wp-block-column is-layout-flow wp-block-column-is-layout-flow\"><\/div>\n<\/div>\n\n\n\n<div style=\"height:20px\" aria-hidden=\"true\" class=\"wp-block-spacer\"><\/div>\n\n\n\n<h2 class=\"has-text-align-center wp-block-heading\">L\u2019\u00e9thique n\u2019est pas un slogan vide<\/h2>\n\n\n\n<div style=\"height:20px\" aria-hidden=\"true\" class=\"wp-block-spacer\"><\/div>\n\n\n\n<p>Les concours internes et les proc\u00e9dures de nomination, notamment ceux organis\u00e9s \u00e0 la fin du mandat de chaque Commission, servant de \u00abparachutage\u00bb pour les coll\u00e8gues dans les cabinets, doivent \u00eatre arr\u00eat\u00e9s une bonne fois pour toutes.<\/p>\n\n\n\n<p>Les publications externes des postes d\u2019encadrement ne doivent pas encourager le copinage et le n\u00e9potisme: trop souvent, le laur\u00e9at est connu avant le lancement de la proc\u00e9dure et, parfois, le \u00abcandidat externe\u00bb travaille d\u00e9j\u00e0 \u00e0 la Commission&#8230;<\/p>\n\n\n\n<div style=\"height:20px\" aria-hidden=\"true\" class=\"wp-block-spacer\"><\/div>\n\n\n\n<div class=\"wp-block-columns is-layout-flex wp-container-core-columns-is-layout-2 wp-block-columns-is-layout-flex\">\n<div class=\"wp-block-column is-layout-flow wp-block-column-is-layout-flow\"><\/div>\n\n\n\n<div class=\"wp-block-column is-layout-flow wp-block-column-is-layout-flow\">\n<figure class=\"wp-block-image size-full\"><img loading=\"lazy\" decoding=\"async\" width=\"601\" height=\"401\" src=\"https:\/\/renouveau-democratie.eu\/wp-content\/uploads\/2020\/09\/Ethics-web.png\" alt=\"\" class=\"wp-image-21298\" srcset=\"https:\/\/renouveau-democratie.eu\/wp-content\/uploads\/2020\/09\/Ethics-web.png 601w, https:\/\/renouveau-democratie.eu\/wp-content\/uploads\/2020\/09\/Ethics-web-300x200.png 300w\" sizes=\"(max-width: 601px) 100vw, 601px\" \/><figcaption><a href=\"https:\/\/renouveau-democratie.eu\/fr\/parachutages\/\" data-type=\"page\" data-id=\"18533\" target=\"_blank\" rel=\"noreferrer noopener\">Parachutage<\/a><\/figcaption><\/figure>\n\n\n\n<p class=\"has-text-align-center has-small-font-size\"><a href=\"https:\/\/renouveau-democratie.eu\/fr\/hauts-fonctionnaires\/\" data-type=\"page\" data-id=\"20291\" target=\"_blank\" rel=\"noreferrer noopener\">Proc\u00e8dures de nomination<\/a><\/p>\n<\/div>\n\n\n\n<div class=\"wp-block-column is-layout-flow wp-block-column-is-layout-flow\"><\/div>\n<\/div>\n\n\n\n<div style=\"height:100px\" aria-hidden=\"true\" class=\"wp-block-spacer\"><\/div>\n","protected":false},"excerpt":{"rendered":"<p>La Commission doit d\u00e9finitivement mettre fin au dumping social et veiller \u00e0 ce que la cat\u00e9gorie et le groupe de fonctions correspondent bien au niveau des t\u00e2ches effectu\u00e9es Une v\u00e9ritable politique annuelle de concours internes Il est primordiale de mettre en place, en \u00e9troite collaboration avec la repr\u00e9sentation du personnel, une v\u00e9ritable politique de concours [&hellip;]<\/p>\n","protected":false},"author":19,"featured_media":0,"parent":0,"menu_order":0,"comment_status":"closed","ping_status":"closed","template":"","meta":{"footnotes":""},"_links":{"self":[{"href":"https:\/\/renouveau-democratie.eu\/fr\/wp-json\/wp\/v2\/pages\/23739"}],"collection":[{"href":"https:\/\/renouveau-democratie.eu\/fr\/wp-json\/wp\/v2\/pages"}],"about":[{"href":"https:\/\/renouveau-democratie.eu\/fr\/wp-json\/wp\/v2\/types\/page"}],"author":[{"embeddable":true,"href":"https:\/\/renouveau-democratie.eu\/fr\/wp-json\/wp\/v2\/users\/19"}],"replies":[{"embeddable":true,"href":"https:\/\/renouveau-democratie.eu\/fr\/wp-json\/wp\/v2\/comments?post=23739"}],"version-history":[{"count":6,"href":"https:\/\/renouveau-democratie.eu\/fr\/wp-json\/wp\/v2\/pages\/23739\/revisions"}],"predecessor-version":[{"id":25049,"href":"https:\/\/renouveau-democratie.eu\/fr\/wp-json\/wp\/v2\/pages\/23739\/revisions\/25049"}],"wp:attachment":[{"href":"https:\/\/renouveau-democratie.eu\/fr\/wp-json\/wp\/v2\/media?parent=23739"}],"curies":[{"name":"wp","href":"https:\/\/api.w.org\/{rel}","templated":true}]}}