{"id":23670,"date":"2021-09-04T21:31:34","date_gmt":"2021-09-04T19:31:34","guid":{"rendered":"\/?page_id=23670"},"modified":"2021-09-06T16:06:11","modified_gmt":"2021-09-06T14:06:11","slug":"le-droit-a-la-deconnexion","status":"publish","type":"page","link":"https:\/\/renouveau-democratie.eu\/fr\/le-droit-a-la-deconnexion\/","title":{"rendered":"Le droit \u00e0 la d\u00e9connexion"},"content":{"rendered":"\n<h2 class=\"wp-block-heading\">Le droit \u00e0 la d\u00e9connexion<\/h2>\n\n\n\n<p>Le 21 janvier dernier, le Parlement europ\u00e9en (PE) a adopt\u00e9 la r\u00e9solution concernant des recommandations \u00e0 la Commission sur le droit \u00e0 la d\u00e9connexion (&nbsp;<a href=\"https:\/\/www.europarl.europa.eu\/doceo\/document\/TA-9-2021-0021_FR.html\">2019\/2181(INL<sup>&nbsp;1<\/sup>&nbsp;)<\/a>&nbsp;) puisqu\u2019\u00e0 ce jour il n\u2019existe aucune l\u00e9gislation sur ce sujet.<\/p>\n\n\n\n<p><strong>Par cette r\u00e9solution, le PE veut prot\u00e9ger le droit fondamental des travailleurs \u00e0 se d\u00e9connecter et de ne pas \u00eatre joignables en dehors des heures de travail.<\/strong><\/p>\n\n\n\n<p><strong>R&amp;D a \u00e9t\u00e9 le premier syndicat \u00e0 demander le Droit \u00e0 la d\u00e9connexion afin de pr\u00e9server la sant\u00e9 du personnel pendant cette crise sanitaire<\/strong>;<\/p>\n\n\n\n<div style=\"height:23px\" aria-hidden=\"true\" class=\"wp-block-spacer\"><\/div>\n\n\n\n<h2 class=\"wp-block-heading\">Nos communications<\/h2>\n\n\n\n<figure class=\"wp-block-table\"><table><tbody><tr><td>20\/04\/21<\/td><td><a href=\"\/fr\/2021\/06\/e-conference-le-droit-a-la-deconnexion\/\">e-conf\u00e9rence: Le droit \u00e0 la d\u00e9connexion\u2026<\/a> &#8211; Un droit fondamental pour prot\u00e9ger&nbsp;la sant\u00e9 des travailleurs<\/td><\/tr><tr><td>15\/02\/21<\/td><td><a href=\"\/fr\/2021\/02\/droit-a-la-deconnexion-le-parlement-europeen-a-adopte-une-resolution\/\" target=\"_blank\" rel=\"noreferrer noopener\">Droit \u00e0 la d\u00e9connexion: le Parlement europ\u00e9en a adopt\u00e9 une r\u00e9solution, la Commission doit maintenant pr\u00e9senter une proposition relative \u00e0 un acte sur le droit \u00e0 la d\u00e9connexion&nbsp;!<\/a><\/td><\/tr><tr><td>9\/12\/20<\/td><td><a href=\"\/fr\/2020\/12\/le-renard-dechaine-special-droit-a-la-deconnexion\/\" target=\"_blank\" rel=\"noreferrer noopener\">Le Renard D\u00e9cha\u00een\u00e9 sp\u00e9cial Droit \u00e0 la d\u00e9connexion &#8211; Pr\u00e9server la sant\u00e9 du personnel, c\u2019est aussi appliquer le Droit \u00e0 la d\u00e9connexion, en cette p\u00e9riode de crise sanitaire&nbsp;!<\/a><\/td><\/tr><\/tbody><\/table><\/figure>\n","protected":false},"excerpt":{"rendered":"<p>Le droit \u00e0 la d\u00e9connexion Le 21 janvier dernier, le Parlement europ\u00e9en (PE) a adopt\u00e9 la r\u00e9solution concernant des recommandations \u00e0 la Commission sur le droit \u00e0 la d\u00e9connexion (&nbsp;2019\/2181(INL&nbsp;1&nbsp;)&nbsp;) puisqu\u2019\u00e0 ce jour il n\u2019existe aucune l\u00e9gislation sur ce sujet. Par cette r\u00e9solution, le PE veut prot\u00e9ger le droit fondamental des travailleurs \u00e0 se d\u00e9connecter [&hellip;]<\/p>\n","protected":false},"author":19,"featured_media":0,"parent":0,"menu_order":0,"comment_status":"closed","ping_status":"closed","template":"","meta":{"footnotes":""},"_links":{"self":[{"href":"https:\/\/renouveau-democratie.eu\/fr\/wp-json\/wp\/v2\/pages\/23670"}],"collection":[{"href":"https:\/\/renouveau-democratie.eu\/fr\/wp-json\/wp\/v2\/pages"}],"about":[{"href":"https:\/\/renouveau-democratie.eu\/fr\/wp-json\/wp\/v2\/types\/page"}],"author":[{"embeddable":true,"href":"https:\/\/renouveau-democratie.eu\/fr\/wp-json\/wp\/v2\/users\/19"}],"replies":[{"embeddable":true,"href":"https:\/\/renouveau-democratie.eu\/fr\/wp-json\/wp\/v2\/comments?post=23670"}],"version-history":[{"count":2,"href":"https:\/\/renouveau-democratie.eu\/fr\/wp-json\/wp\/v2\/pages\/23670\/revisions"}],"predecessor-version":[{"id":23675,"href":"https:\/\/renouveau-democratie.eu\/fr\/wp-json\/wp\/v2\/pages\/23670\/revisions\/23675"}],"wp:attachment":[{"href":"https:\/\/renouveau-democratie.eu\/fr\/wp-json\/wp\/v2\/media?parent=23670"}],"curies":[{"name":"wp","href":"https:\/\/api.w.org\/{rel}","templated":true}]}}