{"id":22353,"date":"2021-01-06T23:59:41","date_gmt":"2021-01-06T21:59:41","guid":{"rendered":"\/?page_id=22353"},"modified":"2025-09-11T22:24:04","modified_gmt":"2025-09-11T20:24:04","slug":"formations","status":"publish","type":"page","link":"https:\/\/renouveau-democratie.eu\/fr\/nos-services\/formations\/","title":{"rendered":"Formations"},"content":{"rendered":"\n<p><\/p>\n\n\n\n<figure class=\"wp-block-pullquote is-style-solid-color\"><blockquote><p>Pr\u00e9paration aux concours externes (EPSO ) &amp; internes et aux s\u00e9lections CAST<\/p><\/blockquote><\/figure>\n\n\n\n<div style=\"height:16px\" aria-hidden=\"true\" class=\"wp-block-spacer\"><\/div>\n\n\n\n<p>Pour chaque nouveau concours publi\u00e9, nous organisons des pr\u00e9parations sp\u00e9cifiques pour les CBT (raisonnement verbal, raisonnement abstrait, raisonnement num\u00e9rique) et centre d\u2019\u00e9valuation (\u00e9tude de cas, interview, presentation orale, exercice de groupe).<\/p>\n\n\n\n<p>Vous \u00eates de plus en plus nombreux \u00e0 participer \u00e0 nos cours de formations et nous recevons r\u00e9guli\u00e8rement des commentaires positifs concernant la qualit\u00e9 et la prestation de nos formateurs.<\/p>\n\n\n\n<p>De plus, certains d\u2019entre vous nous font part de leur r\u00e9ussite soit \u00e0 un CAST ou \u00e0 un concours de fonctionnaire.<\/p>\n\n\n\n<p><strong>Durant ces 3 derni\u00e8res ann\u00e9es, vous avez \u00e9t\u00e9 plus de 8.000 \u00e0 suivre nos formations\u00a0!<\/strong><\/p>\n\n\n\n<div style=\"height:14px\" aria-hidden=\"true\" class=\"wp-block-spacer\"><\/div>\n\n\n\n<div style=\"height:12px\" aria-hidden=\"true\" class=\"wp-block-spacer\"><\/div>\n\n\n\n<hr class=\"wp-block-separator has-text-color has-vivid-red-color has-css-opacity has-vivid-red-background-color has-background\"\/>\n\n\n\n<div style=\"height:12px\" aria-hidden=\"true\" class=\"wp-block-spacer\"><\/div>\n\n\n\n<h2 class=\"wp-block-heading has-text-align-center\">Notre \u00e9quipe de formateurs<\/h2>\n\n\n\n<div style=\"height:12px\" aria-hidden=\"true\" class=\"wp-block-spacer\"><\/div>\n\n\n\n<div class=\"wp-block-columns is-layout-flex wp-container-core-columns-is-layout-3 wp-block-columns-is-layout-flex\">\n<div class=\"wp-block-column has-white-background-color has-background is-layout-flow wp-block-column-is-layout-flow\">\n<div class=\"wp-block-columns is-layout-flex wp-container-core-columns-is-layout-1 wp-block-columns-is-layout-flex\">\n<div class=\"wp-block-column is-layout-flow wp-block-column-is-layout-flow\" style=\"flex-basis:5%\"><\/div>\n\n\n\n<div class=\"wp-block-column is-layout-flow wp-block-column-is-layout-flow\" style=\"flex-basis:80%\">\n<div style=\"height:18px\" aria-hidden=\"true\" class=\"wp-block-spacer\"><\/div>\n\n\n<div class=\"wp-block-image\">\n<figure class=\"aligncenter size-large is-resized\"><img loading=\"lazy\" decoding=\"async\" width=\"913\" height=\"1024\" src=\"https:\/\/renouveau-democratie.eu\/wp-content\/uploads\/2024\/02\/Frederic-Maillet-913x1024.jpg\" alt=\"\" class=\"wp-image-27831\" style=\"width:247px;height:276px\" srcset=\"https:\/\/renouveau-democratie.eu\/wp-content\/uploads\/2024\/02\/Frederic-Maillet-913x1024.jpg 913w, https:\/\/renouveau-democratie.eu\/wp-content\/uploads\/2024\/02\/Frederic-Maillet-268x300.jpg 268w, https:\/\/renouveau-democratie.eu\/wp-content\/uploads\/2024\/02\/Frederic-Maillet-768x861.jpg 768w, https:\/\/renouveau-democratie.eu\/wp-content\/uploads\/2024\/02\/Frederic-Maillet.jpg 1081w\" sizes=\"(max-width: 913px) 100vw, 913px\" \/><\/figure><\/div>\n\n\n<p class=\"has-text-align-center\"><strong>Fr\u00e9d\u00e9ric MAILLET<\/strong><\/p>\n\n\n\n<p class=\"has-text-align-center\"><strong>Formateur \u00e0 R&amp;D depuis 2009<\/strong><\/p>\n\n\n\n<p>Ses cours couvrent les pr\u00e9parations aux concours externes (EPSO) et internes tels que les test de raisonnement verbal, num\u00e9rique et abstrait.<\/p>\n\n\n\n<p>Il pr\u00e9pare au raisonnement en anglais et fran\u00e7ais: approche, strat\u00e9gie et astuces pour une r\u00e9solution rapide.<\/p>\n\n\n\n<p>Il est sp\u00e9cialis\u00e9 dans le domaine du management, comptabilit\u00e9 et finance.<\/p>\n\n\n\n<p>Il est aussi coach priv\u00e9.<\/p>\n<\/div>\n\n\n\n<div class=\"wp-block-column is-layout-flow wp-block-column-is-layout-flow\" style=\"flex-basis:5%\"><\/div>\n<\/div>\n<\/div>\n\n\n\n<div class=\"wp-block-column is-layout-flow wp-block-column-is-layout-flow\" style=\"flex-basis:5px\"><\/div>\n\n\n\n<div class=\"wp-block-column has-white-background-color has-background is-layout-flow wp-block-column-is-layout-flow\">\n<div class=\"wp-block-columns is-layout-flex wp-container-core-columns-is-layout-2 wp-block-columns-is-layout-flex\">\n<div class=\"wp-block-column is-layout-flow wp-block-column-is-layout-flow\" style=\"flex-basis:5%\"><\/div>\n\n\n\n<div class=\"wp-block-column is-layout-flow wp-block-column-is-layout-flow\" style=\"flex-basis:80%\">\n<div style=\"height:18px\" aria-hidden=\"true\" class=\"wp-block-spacer\"><\/div>\n\n\n<div class=\"wp-block-image\">\n<figure class=\"aligncenter size-full is-resized\"><img loading=\"lazy\" decoding=\"async\" width=\"621\" height=\"504\" src=\"https:\/\/renouveau-democratie.eu\/wp-content\/uploads\/2024\/02\/ruth.jpg\" alt=\"\" class=\"wp-image-27923\" style=\"width:322px;height:261px\" srcset=\"https:\/\/renouveau-democratie.eu\/wp-content\/uploads\/2024\/02\/ruth.jpg 621w, https:\/\/renouveau-democratie.eu\/wp-content\/uploads\/2024\/02\/ruth-300x243.jpg 300w\" sizes=\"(max-width: 621px) 100vw, 621px\" \/><\/figure><\/div>\n\n\n<p class=\"has-text-align-center\"><strong>Ruth HARLAND<\/strong><\/p>\n\n\n\n<p class=\"has-text-align-center\"><strong>Formatrice \u00e0 R&amp;D depuis 2021<\/strong><\/p>\n\n\n\n<p>Ses cours couvrent tous les besoins en formation pour la pr\u00e9paration des concours internes et externes: Centre d&rsquo;\u00e9valuation: Etudes de cas, Entretien bas\u00e9 sur les comp\u00e9tences, entretien bas\u00e9 sur les comp\u00e9tences situationnelles, concours internes (test \u00e9crit et entretien), entretiens pour la certification.<\/p>\n\n\n\n<p>Son exp\u00e9rience en communication permet \u00e0 Ruth de comprendre l&rsquo;importance d&rsquo;une bonne pr\u00e9sentation et une pr\u00e9paration intensive pour r\u00e9ussir dans ces concours.<\/p>\n\n\n\n<p>Elle est aussi coach priv\u00e9e.<\/p>\n<\/div>\n\n\n\n<div class=\"wp-block-column is-layout-flow wp-block-column-is-layout-flow\" style=\"flex-basis:5%\"><\/div>\n<\/div>\n<\/div>\n<\/div>\n\n\n\n<div style=\"height:32px\" aria-hidden=\"true\" class=\"wp-block-spacer\"><\/div>\n\n\n\n<hr class=\"wp-block-separator has-text-color has-vivid-red-color has-css-opacity has-vivid-red-background-color has-background\"\/>\n\n\n\n<div style=\"height:28px\" aria-hidden=\"true\" class=\"wp-block-spacer\"><\/div>\n\n\n\n<h2 class=\"wp-block-heading\">Comment pr\u00e9parer et r\u00e9ussir les concours de l\u2019Union Europ\u00e9enne?<\/h2>\n\n\n\n<p>Depuis toujours, la formation est un des \u00e9l\u00e9ments cl\u00e9 de l\u2019\u00e9volution et de l\u2019\u00e9panouissement de chacun. Elle permet de d\u00e9velopper au mieux ses comp\u00e9tences afin de s\u2019int\u00e9grer sans difficult\u00e9 dans la vie professionnelle ainsi que dans la soci\u00e9t\u00e9 en g\u00e9n\u00e9ral.<\/p>\n\n\n\n<p>Dans le cadre du recrutement du personnel dans les&nbsp;institutions de l\u2019Union europ\u00e9enne,&nbsp;Renouveau et D\u00e9mocratie (<strong>R&amp;D<\/strong>) a bien saisi l\u2019importance de cet enjeu.<\/p>\n\n\n\n<p>La fonction publique europ\u00e9enne choisit ses collaborateurs par voie de s\u00e9lections et de concours.&nbsp;<strong>Le Statut des fonctionnaires dispose que \u00ab&nbsp;le recrutement vise \u00e0 assurer \u00e0 l\u2019institution le concours de fonctionnaires poss\u00e9dant les plus hautes qualit\u00e9s de comp\u00e9tence, de rendement et d\u2019int\u00e9grit\u00e9, recrut\u00e9s sur une base g\u00e9ographique la plus large possible parmi les ressortissants des \u00c9tats membres de l\u2019Union&nbsp;\u00bb.&nbsp;<\/strong>En tant que syndicat de la Commission europ\u00e9enne,&nbsp;<strong>R&amp;D<\/strong>&nbsp;appuie un tel syst\u00e8me dont les proc\u00e9dures doivent \u00eatre totalement transparentes et objectives et qui doit garantir l\u2019\u00e9galit\u00e9 de traitement et d\u2019acc\u00e8s parmi les candidats.<\/p>\n\n\n\n<p>Il ne s\u2019agit pas uniquement de s\u00e9lectionner les meilleurs candidats : la cr\u00e9dibilit\u00e9 et la confiance des citoyens dans le projet et dans les institutions europ\u00e9ennes passent aussi par des proc\u00e9dures de recrutements qui soient exemplaires.<\/p>\n\n\n\n<p>C\u2019est ainsi que, depuis sa cr\u00e9ation en 1992,&nbsp;<strong>R&amp;D<\/strong>&nbsp;propose aux coll\u00e8gues une pr\u00e9paration aux \u00e9preuves de s\u00e9lection. Les cours mis en place garantissent une formation de qualit\u00e9, et surtout accessible \u00e0 tous \u00e0 travers la gratuit\u00e9 et couvrent&nbsp;tous les types et niveaux d\u2019\u00e9preuves. La solidarit\u00e9 \u00e9tant une des valeurs primordiales de&nbsp;<strong>R&amp;D<\/strong>, les cours sont \u00e9galement accessibles aux personnes externes aux institutions dans la mesure des places disponibles. Des milliers de coll\u00e8gues ont pu ainsi se former et int\u00e9grer la fonction publique europ\u00e9enne.<\/p>\n\n\n\n<p>Bonne chance \u00e0 tous !<\/p>\n\n\n\n<p>Cristiano SEBASTIANI<\/p>\n\n\n\n<p>Pr\u00e9sident de Renouveau et D\u00e9mocratie<\/p>\n\n\n\n<div style=\"height:60px\" aria-hidden=\"true\" class=\"wp-block-spacer\"><\/div>\n\n\n\n<div style=\"height:60px\" aria-hidden=\"true\" class=\"wp-block-spacer\"><\/div>\n\n\n\n<div style=\"height:19px\" aria-hidden=\"true\" class=\"wp-block-spacer\"><\/div>\n","protected":false},"excerpt":{"rendered":"<p>Pr\u00e9paration aux concours externes (EPSO ) &amp; internes et aux s\u00e9lections CAST Pour chaque nouveau concours publi\u00e9, nous organisons des pr\u00e9parations sp\u00e9cifiques pour les CBT (raisonnement verbal, raisonnement abstrait, raisonnement num\u00e9rique) et centre d\u2019\u00e9valuation (\u00e9tude de cas, interview, presentation orale, exercice de groupe). Vous \u00eates de plus en plus nombreux \u00e0 participer \u00e0 nos cours [&hellip;]<\/p>\n","protected":false},"author":19,"featured_media":22349,"parent":21,"menu_order":2,"comment_status":"closed","ping_status":"closed","template":"","meta":{"footnotes":""},"_links":{"self":[{"href":"https:\/\/renouveau-democratie.eu\/fr\/wp-json\/wp\/v2\/pages\/22353"}],"collection":[{"href":"https:\/\/renouveau-democratie.eu\/fr\/wp-json\/wp\/v2\/pages"}],"about":[{"href":"https:\/\/renouveau-democratie.eu\/fr\/wp-json\/wp\/v2\/types\/page"}],"author":[{"embeddable":true,"href":"https:\/\/renouveau-democratie.eu\/fr\/wp-json\/wp\/v2\/users\/19"}],"replies":[{"embeddable":true,"href":"https:\/\/renouveau-democratie.eu\/fr\/wp-json\/wp\/v2\/comments?post=22353"}],"version-history":[{"count":16,"href":"https:\/\/renouveau-democratie.eu\/fr\/wp-json\/wp\/v2\/pages\/22353\/revisions"}],"predecessor-version":[{"id":29862,"href":"https:\/\/renouveau-democratie.eu\/fr\/wp-json\/wp\/v2\/pages\/22353\/revisions\/29862"}],"up":[{"embeddable":true,"href":"https:\/\/renouveau-democratie.eu\/fr\/wp-json\/wp\/v2\/pages\/21"}],"wp:featuredmedia":[{"embeddable":true,"href":"https:\/\/renouveau-democratie.eu\/fr\/wp-json\/wp\/v2\/media\/22349"}],"wp:attachment":[{"href":"https:\/\/renouveau-democratie.eu\/fr\/wp-json\/wp\/v2\/media?parent=22353"}],"curies":[{"name":"wp","href":"https:\/\/api.w.org\/{rel}","templated":true}]}}