{"id":22235,"date":"2021-01-06T16:48:39","date_gmt":"2021-01-06T14:48:39","guid":{"rendered":"\/?page_id=22235"},"modified":"2021-01-06T21:44:30","modified_gmt":"2021-01-06T19:44:30","slug":"volontariat","status":"publish","type":"page","link":"https:\/\/renouveau-democratie.eu\/fr\/volontariat\/","title":{"rendered":"Volontariat"},"content":{"rendered":"\n<p>Les actions r\u00e9alis\u00e9es par des volontaires de tout \u00e2ge concr\u00e9tisent les valeurs fondamentales de justice, de solidarit\u00e9, d\u2019inclusion et de citoyennet\u00e9 sur lesquelles se fonde l\u2019Union europ\u00e9enne.<\/p>\n\n\n\n<p>De plus, le volontariat offre \u00e0 ceux qui le pratique des possibilit\u00e9s non n\u00e9gligeables d\u2019acqu\u00e9rir des connaissances et comp\u00e9tences, voire d\u2019am\u00e9liorer leur capacit\u00e9 d\u2019insertion professionnelle.<\/p>\n\n\n\n<p><strong>R&amp;D<\/strong>&nbsp;a toujours soutenu et encourag\u00e9 les coll\u00e8gues \u00e0 s\u2019investir dans des actions de volontariat et continue d\u2019\u0153uvrer en ce sens au titre du principe de solidarit\u00e9 qui anime tant l\u2019action europ\u00e9enne que notre engagement syndical.<\/p>\n\n\n\n<p>A cet effet, en novembre 2011, \u00e0 l\u2019occasion de l\u2019ann\u00e9e europ\u00e9enne des activit\u00e9s de volontariat pour la promotion de la citoyennet\u00e9 active, les \u00e9lus de&nbsp;<strong>R&amp;D<\/strong>&nbsp;se sont pleinement investis dans la pr\u00e9paration des Etats g\u00e9n\u00e9raux du volontariat organis\u00e9s par le Comit\u00e9 central du personnel.<\/p>\n\n\n\n<div style=\"height:19px\" aria-hidden=\"true\" class=\"wp-block-spacer\"><\/div>\n\n\n\n<h2 class=\"wp-block-heading\">Nous avons pu ainsi \u00e9laborer un plan d\u2019action en demandant:<\/h2>\n\n\n\n<ul><li>la reconnaissance de toutes activit\u00e9s de volontariat:<ul><li>la valorisation de l\u2019activit\u00e9 volontaire du personnel;<\/li><li>la validation de l\u2019exp\u00e9rience acquise;<\/li><li>la r\u00e9vision de la d\u00e9cision de la Commission.<\/li><\/ul><\/li><li>la promotion:<ul><li>strat\u00e9gie claire;<\/li><li>site web;<\/li><li>visibilit\u00e9 des actions volontaires;<\/li><li>diffusion de newsletter.<\/li><\/ul><\/li><li>la gestion du temps:<ul><li>cong\u00e9 sp\u00e9cial;<\/li><li>flexitime.<\/li><\/ul><\/li><li>away-day volontariat;<\/li><li>une journ\u00e9e de la solidarit\u00e9 (9 mai);<\/li><li>la mise \u00e0 disposition de moyens.<\/li><\/ul>\n\n\n\n<div style=\"height:19px\" aria-hidden=\"true\" class=\"wp-block-spacer\"><\/div>\n\n\n\n<h2 class=\"wp-block-heading\">Les avanc\u00e9es obtenues\u2026<\/h2>\n\n\n\n<ul><li>organisation des \u00ab&nbsp;Away days&nbsp;\u00bb de volontariat<\/li><li>adoption des \u201cguidelines on staff volunteering\u201d en octobre 2015<\/li><li>mise en place de cong\u00e9 sp\u00e9cial<\/li><li>encouragement de l\u2019engagement du management et de son personnel<\/li><li>organisation de la semaine du b\u00e9n\u00e9volat<\/li><\/ul>\n\n\n\n<div style=\"height:19px\" aria-hidden=\"true\" class=\"wp-block-spacer\"><\/div>\n\n\n\n<h2 class=\"wp-block-heading\">R&amp;D\u00a0demande:<\/h2>\n\n\n\n<ul><li>la poursuite de la promotion des activit\u00e9s de volontariat;<\/li><li>la validation des comp\u00e9tences acquises dans l\u2019\u00e9volution de carri\u00e8re et la mobilit\u00e9;<\/li><li>l\u2019implication de la repr\u00e9sentation du personnel dans la mise en place d\u2019une politique de volontariat.<\/li><\/ul>\n\n\n\n<p><\/p>\n","protected":false},"excerpt":{"rendered":"<p>Les actions r\u00e9alis\u00e9es par des volontaires de tout \u00e2ge concr\u00e9tisent les valeurs fondamentales de justice, de solidarit\u00e9, d\u2019inclusion et de citoyennet\u00e9 sur lesquelles se fonde l\u2019Union europ\u00e9enne. De plus, le volontariat offre \u00e0 ceux qui le pratique des possibilit\u00e9s non n\u00e9gligeables d\u2019acqu\u00e9rir des connaissances et comp\u00e9tences, voire d\u2019am\u00e9liorer leur capacit\u00e9 d\u2019insertion professionnelle. R&amp;D&nbsp;a toujours soutenu [&hellip;]<\/p>\n","protected":false},"author":19,"featured_media":22189,"parent":0,"menu_order":0,"comment_status":"closed","ping_status":"closed","template":"","meta":{"footnotes":""},"_links":{"self":[{"href":"https:\/\/renouveau-democratie.eu\/fr\/wp-json\/wp\/v2\/pages\/22235"}],"collection":[{"href":"https:\/\/renouveau-democratie.eu\/fr\/wp-json\/wp\/v2\/pages"}],"about":[{"href":"https:\/\/renouveau-democratie.eu\/fr\/wp-json\/wp\/v2\/types\/page"}],"author":[{"embeddable":true,"href":"https:\/\/renouveau-democratie.eu\/fr\/wp-json\/wp\/v2\/users\/19"}],"replies":[{"embeddable":true,"href":"https:\/\/renouveau-democratie.eu\/fr\/wp-json\/wp\/v2\/comments?post=22235"}],"version-history":[{"count":3,"href":"https:\/\/renouveau-democratie.eu\/fr\/wp-json\/wp\/v2\/pages\/22235\/revisions"}],"predecessor-version":[{"id":22311,"href":"https:\/\/renouveau-democratie.eu\/fr\/wp-json\/wp\/v2\/pages\/22235\/revisions\/22311"}],"wp:featuredmedia":[{"embeddable":true,"href":"https:\/\/renouveau-democratie.eu\/fr\/wp-json\/wp\/v2\/media\/22189"}],"wp:attachment":[{"href":"https:\/\/renouveau-democratie.eu\/fr\/wp-json\/wp\/v2\/media?parent=22235"}],"curies":[{"name":"wp","href":"https:\/\/api.w.org\/{rel}","templated":true}]}}