{"id":22225,"date":"2021-01-06T16:34:17","date_gmt":"2021-01-06T14:34:17","guid":{"rendered":"\/?page_id=22225"},"modified":"2021-01-09T21:34:26","modified_gmt":"2021-01-09T19:34:26","slug":"nos-actions-solidaires","status":"publish","type":"page","link":"https:\/\/renouveau-democratie.eu\/fr\/nos-actions-solidaires\/","title":{"rendered":"Actions solidaires"},"content":{"rendered":"\n<figure class=\"wp-block-pullquote is-style-solid-color\"><blockquote><p>La Solidarit\u00e9 est une des valeurs ancr\u00e9es au c\u0153ur des actions de&nbsp;<strong>R&amp;D<\/strong>&nbsp;et constitue un de ses piliers fondateurs.<\/p><\/blockquote><\/figure>\n\n\n\n<p>C\u2019est pourquoi, nous avons opt\u00e9 pour un volet sp\u00e9cial solidarit\u00e9 en parall\u00e8le de nos actions syndicales. Vous \u00eates de plus en plus nombreuses et nombreux \u00e0 faire preuve de g\u00e9n\u00e9rosit\u00e9 et \u00e0 exprimer votre solidarit\u00e9 \u00e0 travers nos actions.<\/p>\n\n\n\n<p><strong>Merci infiniment de votre confiance et de votre soutien.<\/strong><\/p>\n\n\n\n<p>Gr\u00e2ce \u00e0 vous, nous avons pu, ensemble, aider des personnes dans le besoin et mettre en exergue certains sujets.<\/p>\n\n\n\n<div style=\"height:19px\" aria-hidden=\"true\" class=\"wp-block-spacer\"><\/div>\n\n\n\n<div class=\"wp-block-columns is-layout-flex wp-container-core-columns-is-layout-1 wp-block-columns-is-layout-flex\">\n<div class=\"wp-block-column is-layout-flow wp-block-column-is-layout-flow\">\n<div class=\"wp-block-group has-white-background-color has-background\"><div class=\"wp-block-group__inner-container is-layout-flow wp-block-group-is-layout-flow\">\n<div class=\"wp-block-group\"><div class=\"wp-block-group__inner-container is-layout-flow wp-block-group-is-layout-flow\">\n<div class=\"wp-block-group has-white-background-color has-background\"><div class=\"wp-block-group__inner-container is-layout-flow wp-block-group-is-layout-flow\">\n<figure class=\"wp-block-image size-large\"><img loading=\"lazy\" decoding=\"async\" width=\"601\" height=\"401\" src=\"\/wp-content\/uploads\/2021\/01\/parmesan-web.png\" alt=\"\" class=\"wp-image-22300\" srcset=\"https:\/\/renouveau-democratie.eu\/wp-content\/uploads\/2021\/01\/parmesan-web.png 601w, https:\/\/renouveau-democratie.eu\/wp-content\/uploads\/2021\/01\/parmesan-web-300x200.png 300w\" sizes=\"(max-width: 601px) 100vw, 601px\" \/><\/figure>\n\n\n\n<h4 class=\"has-text-align-center wp-block-heading\"><a href=\"\/fr\/ventes-solidaires\/\" target=\"_blank\" rel=\"noreferrer noopener\">Ventes solidaires<\/a><\/h4>\n<\/div><\/div>\n<\/div><\/div>\n<\/div><\/div>\n<\/div>\n\n\n\n<div class=\"wp-block-column is-layout-flow wp-block-column-is-layout-flow\">\n<div class=\"wp-block-group has-white-background-color has-background\"><div class=\"wp-block-group__inner-container is-layout-flow wp-block-group-is-layout-flow\">\n<div class=\"wp-block-group\"><div class=\"wp-block-group__inner-container is-layout-flow wp-block-group-is-layout-flow\">\n<div class=\"wp-block-group has-white-background-color has-background\"><div class=\"wp-block-group__inner-container is-layout-flow wp-block-group-is-layout-flow\">\n<figure class=\"wp-block-image size-large\"><img loading=\"lazy\" decoding=\"async\" width=\"601\" height=\"401\" src=\"\/wp-content\/uploads\/2021\/01\/seul-aves-les-autres-1.png\" alt=\"\" class=\"wp-image-22302\" srcset=\"https:\/\/renouveau-democratie.eu\/wp-content\/uploads\/2021\/01\/seul-aves-les-autres-1.png 601w, https:\/\/renouveau-democratie.eu\/wp-content\/uploads\/2021\/01\/seul-aves-les-autres-1-300x200.png 300w\" sizes=\"(max-width: 601px) 100vw, 601px\" \/><\/figure>\n\n\n\n<h4 class=\"has-text-align-center wp-block-heading\"><a href=\"\/fr\/expo-photos-seul-avec-les-autres\/\" target=\"_blank\" rel=\"noreferrer noopener\">Expo \u00ab\u00a0Seuls avec les autres\u00a0\u00bb<\/a><\/h4>\n<\/div><\/div>\n<\/div><\/div>\n<\/div><\/div>\n<\/div>\n\n\n\n<div class=\"wp-block-column is-layout-flow wp-block-column-is-layout-flow\">\n<div class=\"wp-block-group has-white-background-color has-background\"><div class=\"wp-block-group__inner-container is-layout-flow wp-block-group-is-layout-flow\">\n<div class=\"wp-block-group\"><div class=\"wp-block-group__inner-container is-layout-flow wp-block-group-is-layout-flow\">\n<div class=\"wp-block-group has-white-background-color has-background\"><div class=\"wp-block-group__inner-container is-layout-flow wp-block-group-is-layout-flow\">\n<figure class=\"wp-block-image size-large\"><img loading=\"lazy\" decoding=\"async\" width=\"601\" height=\"401\" src=\"\/wp-content\/uploads\/2021\/01\/volontariat-web.png\" alt=\"\" class=\"wp-image-22295\" srcset=\"https:\/\/renouveau-democratie.eu\/wp-content\/uploads\/2021\/01\/volontariat-web.png 601w, https:\/\/renouveau-democratie.eu\/wp-content\/uploads\/2021\/01\/volontariat-web-300x200.png 300w\" sizes=\"(max-width: 601px) 100vw, 601px\" \/><\/figure>\n\n\n\n<h4 class=\"has-text-align-center wp-block-heading\"><a href=\"\/fr\/volontariat\/\" target=\"_blank\" rel=\"noreferrer noopener\">Volontariat<\/a><\/h4>\n<\/div><\/div>\n<\/div><\/div>\n<\/div><\/div>\n<\/div>\n<\/div>\n","protected":false},"excerpt":{"rendered":"<p>La Solidarit\u00e9 est une des valeurs ancr\u00e9es au c\u0153ur des actions de&nbsp;R&amp;D&nbsp;et constitue un de ses piliers fondateurs. C\u2019est pourquoi, nous avons opt\u00e9 pour un volet sp\u00e9cial solidarit\u00e9 en parall\u00e8le de nos actions syndicales. Vous \u00eates de plus en plus nombreuses et nombreux \u00e0 faire preuve de g\u00e9n\u00e9rosit\u00e9 et \u00e0 exprimer votre solidarit\u00e9 \u00e0 travers [&hellip;]<\/p>\n","protected":false},"author":19,"featured_media":22298,"parent":0,"menu_order":0,"comment_status":"closed","ping_status":"closed","template":"","meta":{"footnotes":""},"_links":{"self":[{"href":"https:\/\/renouveau-democratie.eu\/fr\/wp-json\/wp\/v2\/pages\/22225"}],"collection":[{"href":"https:\/\/renouveau-democratie.eu\/fr\/wp-json\/wp\/v2\/pages"}],"about":[{"href":"https:\/\/renouveau-democratie.eu\/fr\/wp-json\/wp\/v2\/types\/page"}],"author":[{"embeddable":true,"href":"https:\/\/renouveau-democratie.eu\/fr\/wp-json\/wp\/v2\/users\/19"}],"replies":[{"embeddable":true,"href":"https:\/\/renouveau-democratie.eu\/fr\/wp-json\/wp\/v2\/comments?post=22225"}],"version-history":[{"count":6,"href":"https:\/\/renouveau-democratie.eu\/fr\/wp-json\/wp\/v2\/pages\/22225\/revisions"}],"predecessor-version":[{"id":22503,"href":"https:\/\/renouveau-democratie.eu\/fr\/wp-json\/wp\/v2\/pages\/22225\/revisions\/22503"}],"wp:featuredmedia":[{"embeddable":true,"href":"https:\/\/renouveau-democratie.eu\/fr\/wp-json\/wp\/v2\/media\/22298"}],"wp:attachment":[{"href":"https:\/\/renouveau-democratie.eu\/fr\/wp-json\/wp\/v2\/media?parent=22225"}],"curies":[{"name":"wp","href":"https:\/\/api.w.org\/{rel}","templated":true}]}}