{"id":21527,"date":"2020-09-29T16:52:50","date_gmt":"2020-09-29T14:52:50","guid":{"rendered":"\/?page_id=21527"},"modified":"2025-01-23T12:43:15","modified_gmt":"2025-01-23T10:43:15","slug":"service-juridique-2","status":"publish","type":"page","link":"https:\/\/renouveau-democratie.eu\/fr\/service-juridique-2\/","title":{"rendered":"Service juridique"},"content":{"rendered":"\n<figure class=\"wp-block-pullquote is-style-solid-color\"><blockquote><p><strong>R&amp;D <\/strong>a toujours mis \u00e0 disposition de ses adh\u00e9rents et futurs adh\u00e9rents des consultations juridiques gratuites dispens\u00e9es par nos avocats<\/p><\/blockquote><\/figure>\n\n\n\n<p>Chers coll\u00e8gues,<\/p>\n\n\n\n<p>Vous \u00eates nombreuses et nombreux \u00e0 nous soutenir dans toutes les actions que nous entreprenons et \u00e0 nous encourager pour continuer dans cette voie. Nous vous en remercions profond\u00e9ment.<\/p>\n\n\n\n<p>Afin de r\u00e9pondre concr\u00e8tement sur des dossiers individuels qui ne peuvent \u00eatre trait\u00e9s collectivement, nous mettons \u00e0 votre disposition <strong>UNE CONSULTATION JURIDIQUE GRATUITE <\/strong>qui r\u00e9pondra \u00e0 toutes vos questions d\u2019ordre statutaire, voire au-del\u00e0.<\/p>\n\n\n\n<p><strong>Notre avocat sp\u00e9cialis\u00e9 S\u00e9bastien Orlandi  de SOA Law Firm <\/strong>assure cette permanence <strong>tous les jours par t\u00e9l\u00e9phone ou email.<\/strong><\/p>\n\n\n\n<p><a href=\"https:\/\/intakt.law\/\"><strong>SOa Law Firm<\/strong><\/a><strong> <\/strong>est un cabinet d\u2019avocats sp\u00e9cialis\u00e9 en:<\/p>\n\n\n\n<ul>\n<li><strong>Droit de la fonction publique europ\u00e9enne et droit des institutions<\/strong><\/li>\n\n\n\n<li><strong>Responsabilit\u00e9 contractuelle \/ extra-contractuelle de l&rsquo;UE<\/strong><\/li>\n\n\n\n<li><strong>et plus&#8230;<\/strong><\/li>\n<\/ul>\n\n\n\n<p><a href=\"https:\/\/curia.europa.eu\/juris\/documents.jsf?text=%2522S.%2BOrlandi%2522&amp;oqp=&amp;for=&amp;mat=or&amp;jge=&amp;td=%3BALL&amp;jur=C%2CT%2CF&amp;page=1&amp;dates=&amp;pcs=Oor&amp;lg=&amp;pro=&amp;nat=or&amp;cit=none%252CC%252CCJ%252CR%252C2008E%252C%252C%252C%252C%252C%252C%252C%252C%252C%252Ctrue%252Cfalse%252Cfalse&amp;language=fr&amp;avg=&amp;cid=5059554\" target=\"_blank\" rel=\"noreferrer noopener\">Affaires trait\u00e9es devant la Cour de Justice<\/a> &#8211; Curia<\/p>\n\n\n\n<p>Si vous souhaitez b\u00e9n\u00e9ficier de ce service ouvert aux adh\u00e9rents et futurs adh\u00e9rents et obtenir un rendez-vous, n\u2019h\u00e9sitez pas \u00e0 prendre contact aupr\u00e8s de notre secr\u00e9tariat (par e-mail \u00e0 OSP-RD@ec.europa.eu).<\/p>\n\n\n\n<p>&nbsp;Tous nos services sont <strong>totalement gratuits pour nos adh\u00e9rents et futurs adh\u00e9rents&nbsp; <\/strong>ainsi que les membres de leur famille.<\/p>\n\n\n\n<p>&nbsp;Soyez assur\u00e9 que nous restons toujours pr\u00e9sents, \u00e0 vos c\u00f4t\u00e9s, pour toute action, information, d\u00e9cision\u2026 que vous souhaitez entreprendre.<\/p>\n\n\n\n<p>&nbsp;Cordialement,<\/p>\n\n\n\n<p><em>Le Comit\u00e9 ex\u00e9cutif de <\/em><strong><em>R&amp;D<\/em><\/strong><\/p>\n\n\n\n<div style=\"height:20px\" aria-hidden=\"true\" class=\"wp-block-spacer\"><\/div>\n\n\n\n<hr class=\"wp-block-separator has-text-color has-vivid-red-color has-css-opacity has-vivid-red-background-color has-background is-style-default\"\/>\n\n\n\n<div style=\"height:19px\" aria-hidden=\"true\" class=\"wp-block-spacer\"><\/div>\n\n\n\n<h2 class=\"wp-block-heading has-text-align-center\">Notre avocat sp\u00e9cialis\u00e9 <\/h2>\n\n\n\n<h2 class=\"wp-block-heading has-text-align-center\"><a rel=\"noreferrer noopener\" href=\"https:\/\/intakt.law\/\" target=\"_blank\">SOA LAW FIRM<\/a><\/h2>\n\n\n\n<div style=\"height:20px\" aria-hidden=\"true\" class=\"wp-block-spacer\"><\/div>\n\n\n\n<div class=\"wp-block-columns has-white-background-color has-background is-layout-flex wp-container-core-columns-is-layout-1 wp-block-columns-is-layout-flex\">\n<div class=\"wp-block-column is-layout-flow wp-block-column-is-layout-flow\" style=\"flex-basis:33.33%\">\n<div class=\"wp-block-group\"><div class=\"wp-block-group__inner-container is-layout-flow wp-block-group-is-layout-flow\">\n<div class=\"wp-block-group\"><div class=\"wp-block-group__inner-container is-layout-flow wp-block-group-is-layout-flow\"><div class=\"wp-block-image\">\n<figure class=\"aligncenter size-medium\"><img loading=\"lazy\" decoding=\"async\" width=\"200\" height=\"300\" src=\"https:\/\/renouveau-democratie.eu\/wp-content\/uploads\/2020\/09\/S.-Orlandi-200x300.png\" alt=\"\" class=\"wp-image-21483\" srcset=\"https:\/\/renouveau-democratie.eu\/wp-content\/uploads\/2020\/09\/S.-Orlandi-200x300.png 200w, https:\/\/renouveau-democratie.eu\/wp-content\/uploads\/2020\/09\/S.-Orlandi.png 407w\" sizes=\"(max-width: 200px) 100vw, 200px\" \/><\/figure><\/div>\n\n\n<h2 class=\"wp-block-heading has-text-align-center\"><strong>S\u00e9bastien ORLANDI<\/strong><\/h2>\n<\/div><\/div>\n<\/div><\/div>\n<\/div>\n\n\n\n<div class=\"wp-block-column is-layout-flow wp-block-column-is-layout-flow\" style=\"flex-basis:66.66%\">\n<h4 class=\"wp-block-heading\"><strong>Avocat <\/strong>inscrit au barreau depuis\u00a02002<\/h4>\n\n\n\n<h4 class=\"wp-block-heading\"><strong>Mati\u00e8res pr\u00e9f\u00e9rentielles:<\/strong> <\/h4>\n\n\n\n<ul>\n<li>fonction publique europ\u00e9enne, <\/li>\n\n\n\n<li>contentieux europ\u00e9en, <\/li>\n\n\n\n<li>droit institutionnel<\/li>\n<\/ul>\n\n\n\n<p> <strong><em>S\u00e9bastien Orlandi repr\u00e9sente depuis une vingtaine d&rsquo;ann\u00e9es ses clients aupr\u00e8s des institutions et agences de l&rsquo;Union europ\u00e9enne<\/em><\/strong><\/p>\n\n\n\n<p> Il a d\u00e9velopp\u00e9 une expertise dans le domaine du droit de la fonction publique europ\u00e9enne, du droit institutionnel et des litiges contractuels (financements europ\u00e9ens, enqu\u00eates OLAF)<\/p>\n\n\n\n<p>Il donne r\u00e9guli\u00e8rement des conf\u00e9rences sur ces domaines sp\u00e9cifiques du droit europ\u00e9en (droit de la fonction publique europ\u00e9enne, \u00e9thique des fonctionnaires, harc\u00e8lement, droit de la s\u00e9curit\u00e9 sociale, proc\u00e9dures disciplinaires&#8230;)<\/p>\n\n\n\n<p>Il assuredes permanences juridiques hebdomadaires pour les organisations repr\u00e9sentatives du personnel des institutions et agences europ\u00e9ennes<\/p>\n<\/div>\n<\/div>\n\n\n\n<div style=\"height:23px\" aria-hidden=\"true\" class=\"wp-block-spacer\"><\/div>\n\n\n\n<hr class=\"wp-block-separator has-text-color has-vivid-red-color has-css-opacity has-vivid-red-background-color has-background\"\/>\n\n\n\n<div style=\"height:28px\" aria-hidden=\"true\" class=\"wp-block-spacer\"><\/div>\n\n\n\n<p>Outre cette assistance personnelle, le service juridique intervient dans des conf\u00e9rences \u00e0 caract\u00e8re statutaire et d\u00e9fend les cas soutenus par <strong>R<\/strong><strong>&amp;<\/strong><strong>D <\/strong>aupr\u00e8s du Tribunal et de la Cour de justice europ\u00e9enne.<\/p>\n\n\n\n<div style=\"height:20px\" aria-hidden=\"true\" class=\"wp-block-spacer\"><\/div>\n\n\n\n<h2 class=\"wp-block-heading has-vivid-red-color has-text-color\">Durant ces derni\u00e8res ann\u00e9es, nous avons pu d\u00e9livrer pr\u00e8s de 3000 consultations juridiques individuelles<\/h2>\n\n\n\n<div style=\"height:20px\" aria-hidden=\"true\" class=\"wp-block-spacer\"><\/div>\n\n\n\n<p style=\"font-size:18px\"><strong>Assistance et repr\u00e9sentation juridique dans les proc\u00e9dures pr\u00e9contentieuses (demandes d\u2019assistance, r\u00e9clamations, r\u00e9unions du groupe interservices) et contentieuses (recours au Tribunal de l\u2019Union europ\u00e9enne)<\/strong><\/p>\n\n\n\n<p style=\"font-size:18px\"><strong>Nature des cas trait\u00e9s : assistance sur toute question concernant la <em>carri\u00e8re \/ vie administrative<\/em> de l\u2019agent<\/strong><\/p>\n\n\n\n<ul>\n<li><strong>concours et proc\u00e9dures de s\u00e9lection<\/strong> : demandes de r\u00e9examen des d\u00e9cisions du jury (conditions d\u2019admissions jug\u00e9es non-remplies, r\u00e9sultats du talent screener, etc), recours au Tribunal ;<\/li>\n\n\n\n<li><strong>nomination et recrutement<\/strong> : classement dans le grade \/ groupe de fonctions (reconnaissance des dipl\u00f4mes, reconnaissance de l\u2019exp\u00e9rience professionnelle), incidents pendant la p\u00e9riode de stage (accompagnement devant le comit\u00e9 des rapports) ;<\/li>\n\n\n\n<li><strong>\u00e9thique et disciplinaire<\/strong> : enqu\u00eates IDOC, assistance devant l\u2019AIPN et le Conseil de discipline (activit\u00e9s ext\u00e9rieures non autoris\u00e9es, fraudes, harc\u00e8lement, conflits d\u2019int\u00e9r\u00eat, etc) ;<\/li>\n\n\n\n<li><strong>notation et promotion<\/strong> : recours \u00e0 l\u2019\u00e9valuateur d\u2019appel en cas de rapport insatisfaisant, r\u00e9clamations et recours devant le Tribunal en mati\u00e8re de notation \/ promotion ;<\/li>\n\n\n\n<li><strong>r\u00e9mun\u00e9ration<\/strong> : examen de votre droit aux diff\u00e9rentes indemnit\u00e9s (journali\u00e8re, installation, expatriation, d\u00e9paysement, etc) et aux allocations familiales (allocations de foyer, scolaires, etc),\u00a0 r\u00e9clamations et recours le cas \u00e9ch\u00e9ant ;<\/li>\n\n\n\n<li><strong>s\u00e9curit\u00e9 sociale<\/strong> : questions relatives aux modalit\u00e9s de calcul de la pension d\u2019anciennet\u00e9 \/ de survie, recours contre les d\u00e9cisions de transferts de droits \u00e0 pension, mise en invalidit\u00e9, reconnaissance de l\u2019origine professionnelle de la maladie \/ invalidit\u00e9 ;<\/li>\n\n\n\n<li><strong>agents temporaires et contractuels<\/strong> : probl\u00e9matiques sp\u00e9cifiques aux agents sous contrats (succession de contrats, non-renouvellement, licenciement, paiement de l\u2019allocation de d\u00e9part, etc)<\/li>\n\n\n\n<li><strong>d\u00e9l\u00e9gations<\/strong> : questions sp\u00e9ciales li\u00e9es \u00e0 l\u2019affectation dans un pays tiers (p. ex. indemnit\u00e9 de conditions de vie, d\u00e9lais de route, cong\u00e9s annuels, etc)<\/li>\n<\/ul>\n\n\n\n<p style=\"font-size:18px\"><strong>Proc\u00e9dures contentieuses soutenues par Renouveau &amp; D\u00e9mocratie<\/strong><\/p>\n\n\n\n<ul>\n<li>r\u00e9forme du statut en 2014 : recours collectifs \u00a0contre la suppression du d\u00e9lai de route et le remboursement des frais de voyage annuel &#8211; toujours en cours ; recours collectifs contre la r\u00e9duction du nombre de jours de cong\u00e9 annuel des agents affect\u00e9s dans les pays tiers &#8211; toujours en cours ;<\/li>\n\n\n\n<li>cong\u00e9 et mise \u00e0 la retraite dans l\u2019int\u00e9r\u00eat du service : article 42 <em>quater<\/em> du statut, d\u00e9fense d\u2019un coll\u00e8gue ill\u00e9galement mis \u00e0 la retraite d\u2019office par l\u2019institution &#8211; ex\u00e9cution de la d\u00e9cision suspendue apr\u00e8s r\u00e9f\u00e9r\u00e9, examen de fond toujours en cours.<\/li>\n<\/ul>\n\n\n\n<p style=\"font-size:18px\"><strong>Conf\u00e9rences organis\u00e9es <\/strong><\/p>\n\n\n\n<ul>\n<li><strong>Pensions <\/strong>: commentaires des r\u00e9centes d\u00e9cisions de la Cour de justice en mati\u00e8re de transfert de droits \u00e0 pension, application de la r\u00e8gle du minimum vital, questions de pension li\u00e9es en cas de successions \/ interruptions de contrats ;<\/li>\n\n\n\n<li><strong>M\u00e9diation<\/strong> : discussions autour du service de m\u00e9diation, propositions d\u2019am\u00e9lioration des voies de recours pr\u00e9contentieuses impliquant davantage le m\u00e9diateur de la Commission.<\/li>\n<\/ul>\n","protected":false},"excerpt":{"rendered":"<p>R&amp;D a toujours mis \u00e0 disposition de ses adh\u00e9rents et futurs adh\u00e9rents des consultations juridiques gratuites dispens\u00e9es par nos avocats Chers coll\u00e8gues, Vous \u00eates nombreuses et nombreux \u00e0 nous soutenir dans toutes les actions que nous entreprenons et \u00e0 nous encourager pour continuer dans cette voie. Nous vous en remercions profond\u00e9ment. Afin de r\u00e9pondre concr\u00e8tement [&hellip;]<\/p>\n","protected":false},"author":19,"featured_media":22344,"parent":0,"menu_order":0,"comment_status":"closed","ping_status":"closed","template":"","meta":{"footnotes":""},"_links":{"self":[{"href":"https:\/\/renouveau-democratie.eu\/fr\/wp-json\/wp\/v2\/pages\/21527"}],"collection":[{"href":"https:\/\/renouveau-democratie.eu\/fr\/wp-json\/wp\/v2\/pages"}],"about":[{"href":"https:\/\/renouveau-democratie.eu\/fr\/wp-json\/wp\/v2\/types\/page"}],"author":[{"embeddable":true,"href":"https:\/\/renouveau-democratie.eu\/fr\/wp-json\/wp\/v2\/users\/19"}],"replies":[{"embeddable":true,"href":"https:\/\/renouveau-democratie.eu\/fr\/wp-json\/wp\/v2\/comments?post=21527"}],"version-history":[{"count":24,"href":"https:\/\/renouveau-democratie.eu\/fr\/wp-json\/wp\/v2\/pages\/21527\/revisions"}],"predecessor-version":[{"id":29518,"href":"https:\/\/renouveau-democratie.eu\/fr\/wp-json\/wp\/v2\/pages\/21527\/revisions\/29518"}],"wp:featuredmedia":[{"embeddable":true,"href":"https:\/\/renouveau-democratie.eu\/fr\/wp-json\/wp\/v2\/media\/22344"}],"wp:attachment":[{"href":"https:\/\/renouveau-democratie.eu\/fr\/wp-json\/wp\/v2\/media?parent=21527"}],"curies":[{"name":"wp","href":"https:\/\/api.w.org\/{rel}","templated":true}]}}