{"id":20234,"date":"2020-09-07T18:07:05","date_gmt":"2020-09-07T16:07:05","guid":{"rendered":"\/?page_id=20234"},"modified":"2020-09-16T13:05:31","modified_gmt":"2020-09-16T11:05:31","slug":"reforme-du-statut","status":"publish","type":"page","link":"https:\/\/renouveau-democratie.eu\/fr\/reforme-du-statut\/","title":{"rendered":"Les r\u00e9formes du Statut"},"content":{"rendered":"\n<figure class=\"wp-block-pullquote is-style-solid-color\"><blockquote class=\"has-text-color has-vivid-red-color\"><p><strong>Les r\u00e9formes  du Statut<\/strong><\/p><\/blockquote><\/figure>\n\n\n\n<p><\/p>\n\n\n\n<h2 class=\"has-vivid-red-color has-text-color wp-block-heading\">Nos actions<\/h2>\n\n\n\n<div style=\"height:20px\" aria-hidden=\"true\" class=\"wp-block-spacer\"><\/div>\n\n\n\n<figure class=\"wp-block-table\"><table class=\"\"><tbody><tr><td class=\"has-text-align-right\" data-align=\"right\"><\/td><td class=\"has-text-align-left\" data-align=\"left\"><strong>R\u00e9forme 2014<\/strong><\/td><td><\/td><\/tr><tr><td class=\"has-text-align-right\" data-align=\"right\">2\/10\/19<\/td><td class=\"has-text-align-left\" data-align=\"left\">R\u00e9forme 2014 \u2013 \u00ab Des \u00e9conomies substantielles sur le dos et au d\u00e9triment du Personnel \u00bb <\/td><td><em><a href=\"\/fr\/2019\/10\/reforme-2014-des-economies-substantielles-sur-le-dos-et-au-detriment-du-personnel\/\">lire<\/a> <\/em><\/td><\/tr><tr><td class=\"has-text-align-right\" data-align=\"right\">6\/11\/18<\/td><td class=\"has-text-align-left\" data-align=\"left\">Attractivit\u00e9 de la fonction publique europ\u00e9enne <\/td><td><em><a href=\"\/fr\/2018\/11\/attractivite-de-la-fonction-publique-europeenne\/\">lire<\/a><\/em> <\/td><\/tr><tr><td class=\"has-text-align-right\" data-align=\"right\">10\/10\/17<\/td><td class=\"has-text-align-left\" data-align=\"left\">Bravo aux commissaires Oettinger et Cretu d\u2019avoir pris position sur les effets pervers de la r\u00e9duction des effectifs\u2026 <\/td><td><a href=\"\/fr\/2017\/10\/bravo-aux-commissaires-oettinger-et-cretu-davoir-pris-position-sur-les-effets-pervers-de-la-reduction-des-effectifs\/\"><em>lire<\/em> <\/a><\/td><\/tr><tr><td class=\"has-text-align-right\" data-align=\"right\">25\/07\/14<\/td><td class=\"has-text-align-left\" data-align=\"left\">Recours collectifs contre le Statut 2014 <\/td><td><em><a href=\"\/fr\/2014\/07\/recours-collectifs-contre-le-statut-2014\/\">lire<\/a><\/em><\/td><\/tr><tr><td class=\"has-text-align-right\" data-align=\"right\">18\/07\/14<\/td><td class=\"has-text-align-left\" data-align=\"left\">Recours  \u00ab\u00a0D\u00e9lais de route \/ Frais de voyage \u00ab\u00a0<\/td><td><em><a href=\"\/fr\/2014\/07\/delais-de-route-frais-de-voyage\/\">lire<\/a><\/em> <\/td><\/tr><tr><td class=\"has-text-align-right\" data-align=\"right\">4\/02\/14<\/td><td class=\"has-text-align-left\" data-align=\"left\">Recours post-r\u00e9forme <\/td><td><a href=\"\/fr\/2014\/02\/recours-post-reforme\/\"><em>lire<\/em> <\/a><\/td><\/tr><tr><td class=\"has-text-align-right\" data-align=\"right\">29\/11\/12<\/td><td class=\"has-text-align-left\" data-align=\"left\">Conte de No\u00ebl revisit\u00e9: \u00ab&nbsp;How the Grinch stole Xmas&nbsp;\u00bb <\/td><td><a href=\"\/fr\/2012\/11\/conte-de-noel-revisite-how-the-grinch-stole-xmas\/\"><em>lire<\/em> <\/a><\/td><\/tr><tr><td class=\"has-text-align-right\" data-align=\"right\">22\/11\/12<\/td><td class=\"has-text-align-left\" data-align=\"left\">Tous ensemble pour un Projet Europ\u00e9en ce 21 Novembre! <\/td><td><a href=\"\/fr\/2012\/11\/tous-ensemble-pour-un-projet-europeen-ce-21-novembre\/\"><em>lire<\/em> <\/a><\/td><\/tr><tr><td class=\"has-text-align-right\" data-align=\"right\">19\/11\/12<\/td><td class=\"has-text-align-left\" data-align=\"left\">Lettre ouverture au Pr\u00e9sident de la Commission Europ\u00e9enne <\/td><td><a href=\"\/fr\/2012\/11\/lettre-ouverture-au-president-de-la-commission-europeenne\/\"><em>lire<\/em> <\/a><\/td><\/tr><tr><td class=\"has-text-align-right\" data-align=\"right\">15\/11\/12<\/td><td class=\"has-text-align-left\" data-align=\"left\">Bilan de la gr\u00e8ve et du rassemblement du 8 novembre 2012 et actions \u00e0 venir <\/td><td><a href=\"\/fr\/2012\/11\/bilan-de-la-greve-et-du-rassemblement-du-8-novembre-2012-et-actions-a-venir\/\"><em>lire<\/em> <\/a><\/td><\/tr><tr><td class=\"has-text-align-right\" data-align=\"right\">30\/10\/12<\/td><td class=\"has-text-align-left\" data-align=\"left\"> Message du Vice-Pr\u00e9sident Sefcovic concernant la R\u00e9forme <\/td><td><em><a href=\"\/fr\/2012\/10\/message-du-vice-president-sefcovic-concernant-la-reforme\/\">lire<\/a><\/em> <\/td><\/tr><tr><td class=\"has-text-align-right\" data-align=\"right\">12\/10\/12<\/td><td class=\"has-text-align-left\" data-align=\"left\"> Assembl\u00e9e G\u00e9n\u00e9rale du Personnel -09\/10\/2012- R\u00e9solution adopt\u00e9e par le personnel <\/td><td><em><a href=\"\/fr\/2012\/10\/assemblee-generale-du-personnel-09102012-resolution-adoptee-par-le-personnel\/\">lire<\/a><\/em> <\/td><\/tr><tr><td class=\"has-text-align-right\" data-align=\"right\">4\/10\/12<\/td><td class=\"has-text-align-left\" data-align=\"left\"> Etat d\u2019avancement de la Reforme du Statut 2013 <\/td><td><a href=\"\/fr\/2012\/10\/etat-davancement-de-la-reforme-deu-statut-2013\/\"><em>lire<\/em> <\/a><\/td><\/tr><tr><td class=\"has-text-align-right\" data-align=\"right\">3\/10\/12<\/td><td class=\"has-text-align-left\" data-align=\"left\"> Mobilisation g\u00e9n\u00e9rale- Assembl\u00e9e G\u00e9n\u00e9rale du Personnel-Mardi 9 Octobre 2012-Atrium Berlaymont-12h30 <\/td><td><em><a href=\"\/fr\/2012\/10\/mobilisation-generale-assemblee-generale-du-personnel-mardi-9-octobre-2012-atrium-berlaymont-12h30\/\">lire<\/a><\/em> <\/td><\/tr><tr><td class=\"has-text-align-right\" data-align=\"right\">1\/06\/12<\/td><td class=\"has-text-align-left\" data-align=\"left\"> Conf\u00e9rence sur la R\u00e9forme du Statut \u2013 Bruxelles, 21 mai 2012 <\/td><td><em><a href=\"\/fr\/2012\/06\/conference-sur-la-reforme-du-statut-bruxelles-21-mai-2012\/\">lire<\/a><\/em> <\/td><\/tr><tr><td class=\"has-text-align-right\" data-align=\"right\">20\/12\/11<\/td><td class=\"has-text-align-left\" data-align=\"left\"> Rencontre entre le VP Sefcovic et le Front Commun le 15 d\u00e9cembre 2011 <\/td><td><a href=\"\/fr\/2011\/12\/rencontre-entre-le-vice-president-et-le-front-commun-le-15-decembre-2011\/\"><em>lire<\/em> <\/a><\/td><\/tr><tr><td class=\"has-text-align-right\" data-align=\"right\">9\/12\/11<\/td><td class=\"has-text-align-left\" data-align=\"left\"> Avis N\u00e9gatif du Comit\u00e9 Central du Personnel concernant la proposition de R\u00e9forme du Statut propos\u00e9 par la Commission <\/td><td><a href=\"\/fr\/2011\/12\/avis-negatif-du-comite-central-du-personnel-concernant-la-proposition\/\"><em>lire<\/em> <\/a><\/td><\/tr><tr><td class=\"has-text-align-right\" data-align=\"right\">30\/11\/11<\/td><td class=\"has-text-align-left\" data-align=\"left\"> STOP au d\u00e9mant\u00e8lement du Service Public Europ\u00e9en \u2013 Comit\u00e9 du Statut <\/td><td><em><a href=\"\/fr\/2011\/11\/stop-au-demantellement-du-service-public-europeen-comite-du-statut\/\">lire<\/a><\/em> <\/td><\/tr><tr><td class=\"has-text-align-right\" data-align=\"right\">24\/11\/11<\/td><td class=\"has-text-align-left\" data-align=\"left\"> R\u00e9solution de l\u2019Assembl\u00e9e G\u00e9n\u00e9rale Interinstitutionnelle du 22 Novembre <\/td><td><em><a href=\"\/fr\/2011\/11\/resolution-de-lassemblee-generale-interinstitutionelle-du-22-novembre\/\">lire<\/a><\/em> <\/td><\/tr><tr><td class=\"has-text-align-right\" data-align=\"right\">21\/11\/11<\/td><td class=\"has-text-align-left\" data-align=\"left\"> R\u00e9forme du Statut-Ce que le document du Conseil ci-joint veut vraiment dire <\/td><td><em><a href=\"\/fr\/2011\/11\/reforme-du-statut-ce-que-le-document-du-conseil-ci-joint-veut-vraiment-dire\/\">lire<\/a><\/em> <\/td><\/tr><tr><td class=\"has-text-align-right\" data-align=\"right\">16\/11\/11<\/td><td class=\"has-text-align-left\" data-align=\"left\"> Signez une lettre au Coll\u00e8ge de la part du personnel de toutes les Institutions Europ\u00e9ennes \u2013 d\u00e9fendez la fonction publique europ\u00e9enne <\/td><td><em><a href=\"\/fr\/2011\/11\/signez-une-lettre-au-college-de-la-part-du-personnel-de-toutes-les-institutions-europeennes-defendez-la-fonction-publique-europeenne\/\">lire<\/a><\/em> <\/td><\/tr><tr><td class=\"has-text-align-right\" data-align=\"right\">16\/11\/11<\/td><td class=\"has-text-align-left\" data-align=\"left\"> R\u00e9forme: agenda de la r\u00e9union de conciliation du 16\/11 avec le VP Sefcovic <\/td><td><em><a href=\"\/fr\/2011\/11\/reforme-agenda-de-la-reunion-de-conciliation-du-1611-avec-le-vp-sefcovic\/\">lire<\/a><\/em> <\/td><\/tr><tr><td class=\"has-text-align-right\" data-align=\"right\">14\/11\/11<\/td><td class=\"has-text-align-left\" data-align=\"left\"> STOP au d\u00e9mant\u00e8lement de la fonction publique europ\u00e9enne \u2013 \u00ab&nbsp;PAQUET 4? la vraie r\u00e9forme \u00e0 faire <\/td><td><a href=\"\/fr\/2011\/11\/stop-au-demantelement-de-la-fonction-publique-europeenne-paquet-4\/\"><em>lire<\/em> <\/a><\/td><\/tr><tr><td class=\"has-text-align-right\" data-align=\"right\">8\/11\/11<\/td><td class=\"has-text-align-left\" data-align=\"left\"> Complice, cette Commission r\u00e9pond par un d\u00e9mant\u00e8lement encore plus rapide de notre Statut <\/td><td><em><a href=\"\/fr\/2011\/11\/complice-cette-commission-repond-par-un-demantelement-encore-plus-rapide-de-notre-statut\/\">lire<\/a><\/em> <\/td><\/tr><tr><td class=\"has-text-align-right\" data-align=\"right\">8\/11\/11<\/td><td class=\"has-text-align-left\" data-align=\"left\"> Le Pr\u00e9sident de AIACE International s\u2019adresse au Pr\u00e9sident Barroso <\/td><td><em><a href=\"\/fr\/2011\/11\/le-president-de-aiace-adresse-au-president-barroso\/\">lire<\/a><\/em> <\/td><\/tr><tr><td class=\"has-text-align-right\" data-align=\"right\">20\/10\/11<\/td><td class=\"has-text-align-left\" data-align=\"left\"> R\u00e9forme 2013: les discussions continuent \u2013 les rapports rendu disponibles aussi aux coll\u00e8gues d\u2019autres Institutions <\/td><td><a href=\"\/fr\/2011\/10\/reforme-2013-les-discussions-continuent-les-rapports-rendu-disponibles-aussi-aux-collegues-dautres-institutions\/\"><em>lire<\/em> <\/a><\/td><\/tr><tr><td class=\"has-text-align-right\" data-align=\"right\">17\/10\/11<\/td><td class=\"has-text-align-left\" data-align=\"left\"> Note envoy\u00e9 au directeur de Le Soir concernant les articles du jeudi 13 Octobre sur \u00ab&nbsp;Pol\u00e9miques&nbsp;\u00bb <\/td><td><a href=\"\/fr\/2011\/10\/note-envoye-au-directeur-de-le-soir\/\"><em>lire<\/em> <\/a><\/td><\/tr><tr><td class=\"has-text-align-right\" data-align=\"right\">10\/10\/11<\/td><td class=\"has-text-align-left\" data-align=\"left\"> RTBF: une pr\u00e9sentation des faits qui semble diaboliquement trompeuse! <\/td><td><a href=\"\/fr\/2011\/10\/rtbf-une-presentation-des-faits-qui-semble-diaboliquement-trompeuse\/\"><em>lire<\/em> <\/a><\/td><\/tr><tr><td class=\"has-text-align-right\" data-align=\"right\">7\/10\/11<\/td><td class=\"has-text-align-left\" data-align=\"left\"> R\u00e9forme 2013: Pensions \u2013 propositions de la Commission <\/td><td><a href=\"\/fr\/2011\/10\/reforme-2013-pensions-propositions-de-la-commission\/\"><em>lire<\/em> <\/a><\/td><\/tr><tr><td class=\"has-text-align-right\" data-align=\"right\">3\/10\/11<\/td><td class=\"has-text-align-left\" data-align=\"left\"> R\u00e9forme 2013: R\u00e9ponse du Parlement Europ\u00e9en <\/td><td><em><a href=\"\/fr\/2011\/10\/reforme-2013-reponse-du-parlement-europeen\/\">lire<\/a><\/em> <\/td><\/tr><tr><td class=\"has-text-align-right\" data-align=\"right\">1\/10\/11<\/td><td class=\"has-text-align-left\" data-align=\"left\"> R\u00e9forme 2013: La Commission propose une nouvelle Methode d\u2019ajustement des salaires et pensions <\/td><td><a href=\"\/fr\/2011\/10\/reforme-2013-la-commission-propose-une-nouvelle-methode-dajustement-des-salaires-et-pensions\/\"><em>lire<\/em> <\/a><\/td><\/tr><tr><td class=\"has-text-align-right\" data-align=\"right\">27\/09\/11<\/td><td class=\"has-text-align-left\" data-align=\"left\"> La Troisi\u00e8me Concertation Administrative sur la proposition de r\u00e9vision du Statut <\/td><td><a href=\"\/fr\/2011\/09\/la-troisieme-concertation-administrative-sur-la-proposition-de-revision-du-statut\/\"><em>lire<\/em> <\/a><\/td><\/tr><tr><td class=\"has-text-align-right\" data-align=\"right\">26\/09\/11<\/td><td class=\"has-text-align-left\" data-align=\"left\"> Deuxi\u00e8me Concertation Administrative sur la proposition de r\u00e9vision du Statut <\/td><td><a href=\"\/fr\/2011\/09\/deuxieme-concertation-administrative-sur-la-proposition-de-revision-du-statut\/\"><em>lire<\/em> <\/a><\/td><\/tr><tr><td class=\"has-text-align-right\" data-align=\"right\">26\/09\/11<\/td><td class=\"has-text-align-left\" data-align=\"left\"> Premi\u00e8re Concertation Administrative sur la proposition de r\u00e9vision du Statut <\/td><td><a href=\"\/fr\/2011\/09\/premiere-concertation-administrative-sur-la-proposition-de-revision-du-statut\/\"><em>lire<\/em> <\/a><\/td><\/tr><tr><td class=\"has-text-align-right\" data-align=\"right\">6\/07\/11<\/td><td class=\"has-text-align-left\" data-align=\"left\"> Suspension de l\u2019avis de gr\u00e8ve d\u00e9pos\u00e9 pour le 8 juillet 2011 <\/td><td><a href=\"\/fr\/2011\/07\/suspension-de-lavis-de-greve-depose-pour-le-8-juillet-2011\/\"><em>lire<\/em> <\/a><\/td><\/tr><tr><td class=\"has-text-align-right\" data-align=\"right\">5\/07\/11<\/td><td class=\"has-text-align-left\" data-align=\"left\"> Tous les syndicats de toutes les Institutions vous informent <\/td><td><em><a href=\"\/fr\/2011\/07\/tous-les-syndicats-de-toutes-les-institutions-vous-informent\/\">lire<\/a><\/em> <\/td><\/tr><tr><td class=\"has-text-align-right\" data-align=\"right\">1\/07\/11<\/td><td class=\"has-text-align-left\" data-align=\"left\"> Cristiano Sebastiani au Pr\u00e9sident Barroso et au VP Sefcovic: \u00ab&nbsp;Ne tombez pas amoureux de votre R\u00e9forme&nbsp;\u00bb<br> <\/td><td><em><a href=\"\/fr\/2011\/07\/cristiano-sebastiani-au-president-brroso-et-au-vp-sefcovic-ne-tombez-pas-amoureux-de-votre-reforme\/\">lire<\/a><\/em><\/td><\/tr><tr><td class=\"has-text-align-right\" data-align=\"right\">29\/06\/11<\/td><td class=\"has-text-align-left\" data-align=\"left\"> Proposition de r\u00e8glement du PE et du Conseil modifiant le statut des fonctionnaires et le r\u00e9gime des autres agents de l\u2019Union europ\u00e9enne <\/td><td><a href=\"\/fr\/2011\/06\/proposition-de-reglement-du-pe-et-du-conseil-modifiant-le-statut-des-fonctionnaires-et-le-regime-des-autres-agents-de-lunion-europeenne\/\"><em>lire<\/em> <\/a><\/td><\/tr><tr><td class=\"has-text-align-right\" data-align=\"right\">29\/06\/11<\/td><td class=\"has-text-align-left\" data-align=\"left\"> Gardez le moral et serrer la ceinture: l\u2019approche plus pour moins est arriv\u00e9e! <\/td><td><em><a href=\"\/fr\/2011\/06\/gardez-le-moral-et-serrer-la-ceinture-lapproche-plus-pour-moins-est-arrivee\/\">lire<\/a><\/em> <\/td><\/tr><tr><td class=\"has-text-align-right\" data-align=\"right\">29\/06\/11<\/td><td class=\"has-text-align-left\" data-align=\"left\"> Assembl\u00e9e Generale du 30 Juin \u00e0 9h00 au Berlaymont <\/td><td><a href=\"\/fr\/2011\/06\/assemblee-generale-du-30-juin-a-9h00-au-berlaymont\/\"><em>lire<\/em> <\/a><\/td><\/tr><tr><td class=\"has-text-align-right\" data-align=\"right\">29\/06\/11<\/td><td class=\"has-text-align-left\" data-align=\"left\"> Avis de Gr\u00e8ve depos\u00e9 par tous les syndicats pour le 8 juillet <\/td><td><em><a href=\"\/fr\/2011\/06\/avis-de-greve-depose-par-tous-les-syndicats-pour-le-8-juillet\/\">lire<\/a><\/em> <\/td><\/tr><tr><td class=\"has-text-align-right\" data-align=\"right\">29\/06\/11<\/td><td class=\"has-text-align-left\" data-align=\"left\"> La fonction publique europ\u00e9enne est menac\u00e9e! \u2013 les images <\/td><td><em><a href=\"\/fr\/2011\/06\/la-fonction-publique-europeenne-est-menacee-les-images\/\">lire<\/a><\/em> <\/td><\/tr><tr><td class=\"has-text-align-right\" data-align=\"right\">28\/06\/11<\/td><td class=\"has-text-align-left\" data-align=\"left\"> Pr\u00e9avis de Gr\u00e8ve <\/td><td><a href=\"\/fr\/2011\/06\/preavis-de-greve\/\"><em>lire<\/em> <\/a><\/td><\/tr><tr><td class=\"has-text-align-right\" data-align=\"right\">28\/06\/11<\/td><td class=\"has-text-align-left\" data-align=\"left\"> La fonction publique europ\u00e9enne est menac\u00e9e! <\/td><td><em><a href=\"\/fr\/2011\/06\/la-fonction-publique-europeenne-est-menacee\/\">lire<\/a><\/em> <\/td><\/tr><tr><td class=\"has-text-align-right\" data-align=\"right\">28\/06\/11<\/td><td class=\"has-text-align-left\" data-align=\"left\"> Presse: Les Etats membres visent aux salaires et aux retraites <\/td><td><em><a href=\"\/fr\/2011\/06\/presse-les-etats-membres-visent-aux-salaires-et-aux-retraites\/\">lire<\/a><\/em> <\/td><\/tr><tr><td class=\"has-text-align-right\" data-align=\"right\">24\/06\/11<\/td><td class=\"has-text-align-left\" data-align=\"left\"> Presse: EU staff to be reduced \u2013 Brussels to cut its staff <\/td><td><a href=\"\/fr\/2011\/06\/presse-eu-staff-to-be-reduced-brussels-to-cut-its-staff\/\"><em>lire<\/em> <\/a><\/td><\/tr><tr><td class=\"has-text-align-right\" data-align=\"right\">22\/06\/11<\/td><td class=\"has-text-align-left\" data-align=\"left\"> One in 20 EU officials could lose jobs in \u2018solidarity\u2019 cuts <\/td><td><a href=\"\/fr\/2011\/06\/one-in-20-eu-officials-could-lose-jobs-in-solidarity-cuts\/\"><em>lire<\/em> <\/a><\/td><\/tr><tr><td class=\"has-text-align-right\" data-align=\"right\">22\/06\/11<\/td><td class=\"has-text-align-left\" data-align=\"left\"> R\u00e9solution de l\u2019AG interinstitutionnelle du 22 juin 2011 <\/td><td><a href=\"\/fr\/2011\/06\/resolution-de-lag-interinstitutionnelle-du-22-juin-2011\/\"><em>lire<\/em> <\/a><\/td><\/tr><tr><td class=\"has-text-align-right\" data-align=\"right\"><\/td><td class=\"has-text-align-left\" data-align=\"left\"> R\u00e9forme du Statut 2012: Assembl\u00e9e Generale le 22 Juin <\/td><td><a href=\"\/fr\/2011\/06\/reforme-du-statut-2012-assemblee-generale-le-22-juin\/\"><em>lire<\/em> <\/a><\/td><\/tr><tr><td class=\"has-text-align-right\" data-align=\"right\">18\/05\/11<\/td><td class=\"has-text-align-left\" data-align=\"left\"> Le VP \u0160efcovic tente de stopper les rumeurs pessimistes sur la r\u00e9forme du statut. La Commission veut elle r\u00e9ellement d\u00e9fendre son personnel? Le Personnel devra \u00eatre pr\u00eat \u00e0 se mobiliser <\/td><td><a href=\"\/fr\/2011\/05\/le-vp-sefcovic-tente-de-stopper-les-rumeurs-pessimistes-sur-la-reforme-du-statut-la-commission-veut-elle-reellement-defendre-son-personnel-le-personnel-devra-etre-pret-a-se-mobiliser\/\"><em>lire<\/em> <\/a><\/td><\/tr><tr><td class=\"has-text-align-right\" data-align=\"right\">31\/03\/11<\/td><td class=\"has-text-align-left\" data-align=\"left\"> Rapport de la Commission sur les anciennes et nouvelles structures de carri\u00e8re <\/td><td><a href=\"\/fr\/2011\/03\/rapport-de-la-commission-sur-les-anciennes-et-nouvelles-structures-de-carriere\/\"><em>lire<\/em> <\/a><\/td><\/tr><tr><td class=\"has-text-align-right\" data-align=\"right\">11\/11\/08<\/td><td class=\"has-text-align-left\" data-align=\"left\"> R\u00e9forme 2013: Rapport Madelin \u2013 la Commission r\u00e9agit <\/td><td><a href=\"\/fr\/2008\/11\/reforme-2013-rapport-madelin-la-commission-reagit\/\"><em>lire<\/em> <\/a><\/td><\/tr><tr><td class=\"has-text-align-right\" data-align=\"right\">23\/09\/08<\/td><td class=\"has-text-align-left\" data-align=\"left\"> \u201cRapport Madelin\u201d sur la modernisation des ressources humaines de la Commission <\/td><td><a href=\"\/fr\/2008\/09\/%e2%80%9crapport-madelin%e2%80%9d-sur-la-modernisation-des-ressources-humaines-de-la-commission\/\"><em>lire<\/em> <\/a><\/td><\/tr><tr><td class=\"has-text-align-right\" data-align=\"right\">03\/07\/08<\/td><td class=\"has-text-align-left\" data-align=\"left\"> R\u00e9forme 2013: Modernisation des Ressources Humaines de la Commission <\/td><td><a href=\"\/fr\/2008\/07\/reforme-2013-modernisation-des-ressources-humaines-de-la-commission\/\"><em>lire<\/em> <\/a><\/td><\/tr><\/tbody><\/table><\/figure>\n","protected":false},"excerpt":{"rendered":"<p>Les r\u00e9formes du Statut Nos actions R\u00e9forme 2014 2\/10\/19 R\u00e9forme 2014 \u2013 \u00ab Des \u00e9conomies substantielles sur le dos et au d\u00e9triment du Personnel \u00bb lire 6\/11\/18 Attractivit\u00e9 de la fonction publique europ\u00e9enne lire 10\/10\/17 Bravo aux commissaires Oettinger et Cretu d\u2019avoir pris position sur les effets pervers de la r\u00e9duction des effectifs\u2026 lire 25\/07\/14 [&hellip;]<\/p>\n","protected":false},"author":19,"featured_media":0,"parent":0,"menu_order":0,"comment_status":"closed","ping_status":"closed","template":"","meta":{"footnotes":""},"_links":{"self":[{"href":"https:\/\/renouveau-democratie.eu\/fr\/wp-json\/wp\/v2\/pages\/20234"}],"collection":[{"href":"https:\/\/renouveau-democratie.eu\/fr\/wp-json\/wp\/v2\/pages"}],"about":[{"href":"https:\/\/renouveau-democratie.eu\/fr\/wp-json\/wp\/v2\/types\/page"}],"author":[{"embeddable":true,"href":"https:\/\/renouveau-democratie.eu\/fr\/wp-json\/wp\/v2\/users\/19"}],"replies":[{"embeddable":true,"href":"https:\/\/renouveau-democratie.eu\/fr\/wp-json\/wp\/v2\/comments?post=20234"}],"version-history":[{"count":13,"href":"https:\/\/renouveau-democratie.eu\/fr\/wp-json\/wp\/v2\/pages\/20234\/revisions"}],"predecessor-version":[{"id":20932,"href":"https:\/\/renouveau-democratie.eu\/fr\/wp-json\/wp\/v2\/pages\/20234\/revisions\/20932"}],"wp:attachment":[{"href":"https:\/\/renouveau-democratie.eu\/fr\/wp-json\/wp\/v2\/media?parent=20234"}],"curies":[{"name":"wp","href":"https:\/\/api.w.org\/{rel}","templated":true}]}}