{"id":2,"date":"2008-04-18T11:19:42","date_gmt":"2008-04-18T09:19:42","guid":{"rendered":"http:\/\/www.azura-networks.com\/wordpress\/?page_id=2"},"modified":"2021-09-01T21:21:37","modified_gmt":"2021-09-01T19:21:37","slug":"a-propos-2","status":"publish","type":"page","link":"https:\/\/renouveau-democratie.eu\/fr\/a-propos-2\/","title":{"rendered":"Notre Syndicat"},"content":{"rendered":"\n<p><\/p>\n\n\n\n<figure class=\"wp-block-pullquote is-style-solid-color\"><blockquote><p><strong>Renouveau&nbsp;&amp; D\u00e9mocratie<\/strong> est un syndicat dont l&rsquo;action se fonde sur trois concepts :<\/p><p>&#8211; <strong>renouvellement<\/strong><\/p><p>&#8211; <strong>ouverture<\/strong><\/p><p>&#8211; <strong>transparence<\/strong><\/p><\/blockquote><\/figure>\n\n\n\n<p>Cr\u00e9\u00e9 en novembre 1992, lors des \u00e9lections du Comit\u00e9 Local du Personnel,&nbsp;<strong>R&amp;D<\/strong> affiche d&#8217;embl\u00e9e son ambition : le&nbsp;<strong>renouvellement<\/strong> de l&rsquo;action syndicale.<\/p>\n\n\n\n<p><strong>R&amp;D<\/strong> poursuit son action dans un esprit d&rsquo;<strong>ouverture<\/strong>, favorisant le dialogue non seulement avec ses affili\u00e9s, mais \u00e9galement avec les non-membres.<\/p>\n\n\n\n<p>Par souci de&nbsp;<strong>transparence<\/strong>, \u00e9lus, affili\u00e9s, sympathisants, ou encore tous les coll\u00e8gues sont convi\u00e9s \u00e0 assister aux s\u00e9ances du Comit\u00e9 Ex\u00e9cutif de&nbsp;<strong>R&amp;D<\/strong>.<\/p>\n\n\n\n<p><strong>R&amp;D<\/strong> axe enfin ses actions sur :<\/p>\n\n\n\n<ul><li>une d\u00e9fense convaincue et coh\u00e9rente de la Fonction publique europ\u00e9enne<\/li><li>une participation active \u00e0 la repr\u00e9sentation du personnel.<\/li><li>un dialogue direct et r\u00e9el avec le personnel.<\/li><\/ul>\n\n\n\n<div style=\"height:20px\" aria-hidden=\"true\" class=\"wp-block-spacer\"><\/div>\n\n\n\n<h4 class=\"has-text-align-center wp-block-heading\"><a rel=\"noreferrer noopener\" href=\"\/fr\/a-propos-2\/statut\/\" target=\"_blank\">Statut\u00a0<\/a><\/h4>\n\n\n\n<h4 class=\"has-text-align-center wp-block-heading\"><a rel=\"noreferrer noopener\" href=\"\/fr\/a-propos-2\/organisation__trashed\/comite-executif\/\" target=\"_blank\">R&amp;D Commission &#8211; Comit\u00e9 Ex\u00e9cutif<\/a><\/h4>\n\n\n\n<h4 class=\"has-text-align-center wp-block-heading\"><a rel=\"noreferrer noopener\" href=\"\/fr\/a-propos-2\/organisation__trashed\/comite-executif\/vos-representant-aupres-des-organes-statutaires-a-la-commission-bruxelles\/\" target=\"_blank\">Vos repr\u00e9sentants aupr\u00e8s des Organes Statutaires \u00e0 la Commission<\/a><\/h4>\n\n\n\n<h4 class=\"has-text-align-center wp-block-heading\"><a rel=\"noreferrer noopener\" href=\"\/fr\/a-propos-2\/organisation__trashed\/rd-federal\/\" target=\"_blank\">Statuts \u2013 R&amp;D F\u00e9d\u00e9ral<\/a><\/h4>\n\n\n\n<div style=\"height:100px\" aria-hidden=\"true\" class=\"wp-block-spacer\"><\/div>\n","protected":false},"excerpt":{"rendered":"<p>Renouveau&nbsp;&amp; D\u00e9mocratie est un syndicat dont l&rsquo;action se fonde sur trois concepts : &#8211; renouvellement &#8211; ouverture &#8211; transparence Cr\u00e9\u00e9 en novembre 1992, lors des \u00e9lections du Comit\u00e9 Local du Personnel,&nbsp;R&amp;D affiche d&#8217;embl\u00e9e son ambition : le&nbsp;renouvellement de l&rsquo;action syndicale. R&amp;D poursuit son action dans un esprit d&rsquo;ouverture, favorisant le dialogue non seulement avec ses [&hellip;]<\/p>\n","protected":false},"author":1,"featured_media":0,"parent":0,"menu_order":0,"comment_status":"closed","ping_status":"closed","template":"","meta":{"footnotes":""},"_links":{"self":[{"href":"https:\/\/renouveau-democratie.eu\/fr\/wp-json\/wp\/v2\/pages\/2"}],"collection":[{"href":"https:\/\/renouveau-democratie.eu\/fr\/wp-json\/wp\/v2\/pages"}],"about":[{"href":"https:\/\/renouveau-democratie.eu\/fr\/wp-json\/wp\/v2\/types\/page"}],"author":[{"embeddable":true,"href":"https:\/\/renouveau-democratie.eu\/fr\/wp-json\/wp\/v2\/users\/1"}],"replies":[{"embeddable":true,"href":"https:\/\/renouveau-democratie.eu\/fr\/wp-json\/wp\/v2\/comments?post=2"}],"version-history":[{"count":16,"href":"https:\/\/renouveau-democratie.eu\/fr\/wp-json\/wp\/v2\/pages\/2\/revisions"}],"predecessor-version":[{"id":23476,"href":"https:\/\/renouveau-democratie.eu\/fr\/wp-json\/wp\/v2\/pages\/2\/revisions\/23476"}],"wp:attachment":[{"href":"https:\/\/renouveau-democratie.eu\/fr\/wp-json\/wp\/v2\/media?parent=2"}],"curies":[{"name":"wp","href":"https:\/\/api.w.org\/{rel}","templated":true}]}}