{"id":19920,"date":"2020-09-01T12:11:57","date_gmt":"2020-09-01T10:11:57","guid":{"rendered":"\/?page_id=19920"},"modified":"2022-09-21T11:56:07","modified_gmt":"2022-09-21T09:56:07","slug":"crise-sanitaire-covid-19","status":"publish","type":"page","link":"https:\/\/renouveau-democratie.eu\/fr\/crise-sanitaire-covid-19\/","title":{"rendered":"Crise sanitaire &#8211; COVID 19"},"content":{"rendered":"\n<h2 class=\"has-vivid-red-color has-text-color wp-block-heading\">Nos actions<\/h2>\n\n\n\n<div style=\"height:20px\" aria-hidden=\"true\" class=\"wp-block-spacer\"><\/div>\n\n\n\n<figure class=\"wp-block-table\"><table><tbody><tr><td>06.12.21<\/td><td><a href=\"https:\/\/renouveau-democratie.eu\/fr\/2021\/12\/e-conference-coronavirus-lessentiel-a-savoir-apres-2-ans-de-pandemie-replay\/\" target=\"_blank\" rel=\"noreferrer noopener\">e-conference- Coronavirus, l&rsquo;essentiel \u00e0 savoir apr\u00e8s 2 ans de pand\u00e9mie<\/a>  avec Yves Coppieters <\/td><\/tr><tr><td>13.04.21<\/td><td><a href=\"https:\/\/renouveau-democratie.eu\/2021\/04\/e-conference-the-commissions-vaccine-acquisition-strategy-with-fabio-colasanti\/\" target=\"_blank\" rel=\"noreferrer noopener\">e-conference: \u201cThe Commission\u2019s vaccine acquisition strategy\u201d with Fabio COLASANTI<\/a><\/td><\/tr><tr><td>07.04.21<\/td><td><a href=\"https:\/\/renouveau-democratie.eu\/fr\/2021\/04\/e-conference-coronavirus-lessentiel-a-savoir\/\" data-type=\"post\" data-id=\"22978\" target=\"_blank\" rel=\"noreferrer noopener\">e-conference : \u201cCoronavirus, l&rsquo;essentiel \u00e0 savoir\u201d<\/a> with Yves Coppieters<\/td><\/tr><tr><td>23.11.20<\/td><td><a href=\"https:\/\/renouveau-democratie.eu\/fr\/2020\/11\/pandemie-de-coronavirus-bon-pour-les-citoyens-bon-pour-les-institutions\/\" target=\"_blank\" rel=\"noreferrer noopener\">Pand\u00e9mie de coronavirus: \u00ab Bon pour les citoyens, bon pour les institutions \u00bb<\/a><\/td><\/tr><tr><td>04.11.20<\/td><td><a href=\"https:\/\/renouveau-democratie.eu\/fr\/2020\/11\/pandemie-de-coronavirus-rd-salue-le-succes-de-lemission-obligataire-hamiltonienne-du-programme-sure\/\" data-type=\"URL\" data-id=\"https:\/\/renouveau-democratie.eu\/fr\/2020\/11\/pandemie-de-coronavirus-rd-salue-le-succes-de-lemission-obligataire-hamiltonienne-du-programme-sure\/\" target=\"_blank\" rel=\"noreferrer noopener\">PANDEMIE DE CORONAVIRUS: R&amp;D salue le succ\u00e8s de l\u2019\u00e9mission obligataire hamiltonienne du programme SURE\u2026<\/a><\/td><\/tr><tr><td>2.07.20<\/td><td><a href=\"https:\/\/renouveau-democratie.eu\/fr\/2020\/07\/pandemie-de-coronavirus-la-commission-europeenne-a-trouve-le-bon-remede-mais\/\" data-type=\"post\" data-id=\"19581\" target=\"_blank\" rel=\"noreferrer noopener\">La Commission europ\u00e9enne a trouv\u00e9 le bon rem\u00e8de, mais son personnel doit maintenant \u00eatre mieux \u00e9quip\u00e9 pour en administrer le traitement \u00ab<em>Faire toujours plus avec moins<\/em>\u00bb n&rsquo;est plus une option<\/a><\/td><\/tr><tr><td>27.05.20    <\/td><td><a href=\"https:\/\/renouveau-democratie.eu\/2020\/05\/coronavirus-pandemic-the-moment-of-truth\/\" target=\"_blank\" rel=\"noreferrer noopener\">THE MOMENT OF TRUTH: More than ever, the European Commission needs to be ambitious and surprise EU citizens<\/a>  <a rel=\"noreferrer noopener\" href=\"http:\/\/CORONAVIRUS PANDEMIC : The moment of truth\u2026\" target=\"_blank\"> <\/a> <\/td><\/tr><tr><td> 6.05.20 <\/td><td><a href=\"https:\/\/renouveau-democratie.eu\/fr\/2020\/05\/pandemie-de-coronavirus-rd-demande-a-la-commission-europeenne-de-faconner-lunion-europeenne-de-demain\/\" data-type=\"post\" target=\"_blank\" rel=\"noreferrer noopener\">R&amp;D demande \u00e0 la Commission europ\u00e9enne de fa\u00e7onner l\u2019Union europ\u00e9enne de demain et ne pas abandonner (encore une fois) des millions de citoyens<\/a>    <\/td><\/tr><tr><td>21.04.20 <\/td><td><a href=\"https:\/\/renouveau-democratie.eu\/fr\/2020\/04\/coronavirus-rd-plaide-pour-que-commission-europeenne-soit-de-retour-en-tant-que\/\" data-type=\"post\" data-id=\"19439\" target=\"_blank\" rel=\"noreferrer noopener\">R&amp;D plaide pour que la Commission europ\u00e9enne soit de retour en tant que v\u00e9ritable moteur de l\u2019int\u00e9gration europ\u00e9enne et pour qu\u2019elle joue un r\u00f4le central dans cette crise   <\/a><\/td><\/tr><tr><td>31.03.20    <\/td><td><a href=\"https:\/\/renouveau-democratie.eu\/fr\/2020\/04\/pandemie-de-coronavirus\/\" data-type=\"post\" data-id=\"19299\" target=\"_blank\" rel=\"noreferrer noopener\">En cette p\u00e9riode d\u2019urgences sanitaire et \u00e9conomique, R&amp;D appelle la Commission europ\u00e9enne \u00e0 redevenir le v\u00e9ritable moteur de l\u2019int\u00e9gration europ\u00e9enne et \u00e0 jouer un r\u00f4le cl\u00e9 dans cette crise  <\/a> <\/td><\/tr><\/tbody><\/table><\/figure>\n\n\n\n<div style=\"height:20px\" aria-hidden=\"true\" class=\"wp-block-spacer\"><\/div>\n\n\n\n<div class=\"wp-block-columns is-layout-flex wp-container-core-columns-is-layout-1 wp-block-columns-is-layout-flex\">\n<div class=\"wp-block-column is-layout-flow wp-block-column-is-layout-flow\" style=\"flex-basis:25%\"><\/div>\n\n\n\n<div class=\"wp-block-column is-layout-flow wp-block-column-is-layout-flow\" style=\"flex-basis:50%\">\n<div class=\"wp-block-group has-white-background-color has-background\"><div class=\"wp-block-group__inner-container is-layout-flow wp-block-group-is-layout-flow\">\n<h2 class=\"has-text-align-center has-vivid-red-color has-text-color wp-block-heading\">Ce que nous avons demand\u00e9&#8230;<\/h2>\n\n\n\n<p class=\"has-text-align-center\"><strong>Lire le \u00ab\u00a0<a href=\"\/fr\/2020\/04\/le-renard-dechaine-special-covid-19\/\" target=\"_blank\" rel=\"noreferrer noopener\">Le Renard D\u00e9cha\u00een\u00e9<\/a><\/strong><\/p>\n\n\n\n<figure class=\"wp-block-image size-large\"><img loading=\"lazy\" decoding=\"async\" width=\"420\" height=\"594\" src=\"\/wp-content\/uploads\/2020\/09\/Renard-D\u00e9chain\u00e9-COVID-19-site.jpg\" alt=\"\" class=\"wp-image-19935\" srcset=\"https:\/\/renouveau-democratie.eu\/wp-content\/uploads\/2020\/09\/Renard-D\u00e9chain\u00e9-COVID-19-site.jpg 420w, https:\/\/renouveau-democratie.eu\/wp-content\/uploads\/2020\/09\/Renard-D\u00e9chain\u00e9-COVID-19-site-212x300.jpg 212w, https:\/\/renouveau-democratie.eu\/wp-content\/uploads\/2020\/09\/Renard-D\u00e9chain\u00e9-COVID-19-site-106x150.jpg 106w, https:\/\/renouveau-democratie.eu\/wp-content\/uploads\/2020\/09\/Renard-D\u00e9chain\u00e9-COVID-19-site-400x566.jpg 400w\" sizes=\"(max-width: 420px) 100vw, 420px\" \/><\/figure>\n<\/div><\/div>\n<\/div>\n\n\n\n<div class=\"wp-block-column is-layout-flow wp-block-column-is-layout-flow\" style=\"flex-basis:25%\"><\/div>\n<\/div>\n\n\n\n<div style=\"height:100px\" aria-hidden=\"true\" class=\"wp-block-spacer\"><\/div>\n","protected":false},"excerpt":{"rendered":"<p>Nos actions 06.12.21 e-conference- Coronavirus, l&rsquo;essentiel \u00e0 savoir apr\u00e8s 2 ans de pand\u00e9mie avec Yves Coppieters 13.04.21 e-conference: \u201cThe Commission\u2019s vaccine acquisition strategy\u201d with Fabio COLASANTI 07.04.21 e-conference : \u201cCoronavirus, l&rsquo;essentiel \u00e0 savoir\u201d with Yves Coppieters 23.11.20 Pand\u00e9mie de coronavirus: \u00ab Bon pour les citoyens, bon pour les institutions \u00bb 04.11.20 PANDEMIE DE CORONAVIRUS: R&amp;D [&hellip;]<\/p>\n","protected":false},"author":19,"featured_media":21300,"parent":0,"menu_order":0,"comment_status":"closed","ping_status":"closed","template":"","meta":{"footnotes":""},"_links":{"self":[{"href":"https:\/\/renouveau-democratie.eu\/fr\/wp-json\/wp\/v2\/pages\/19920"}],"collection":[{"href":"https:\/\/renouveau-democratie.eu\/fr\/wp-json\/wp\/v2\/pages"}],"about":[{"href":"https:\/\/renouveau-democratie.eu\/fr\/wp-json\/wp\/v2\/types\/page"}],"author":[{"embeddable":true,"href":"https:\/\/renouveau-democratie.eu\/fr\/wp-json\/wp\/v2\/users\/19"}],"replies":[{"embeddable":true,"href":"https:\/\/renouveau-democratie.eu\/fr\/wp-json\/wp\/v2\/comments?post=19920"}],"version-history":[{"count":25,"href":"https:\/\/renouveau-democratie.eu\/fr\/wp-json\/wp\/v2\/pages\/19920\/revisions"}],"predecessor-version":[{"id":26314,"href":"https:\/\/renouveau-democratie.eu\/fr\/wp-json\/wp\/v2\/pages\/19920\/revisions\/26314"}],"wp:featuredmedia":[{"embeddable":true,"href":"https:\/\/renouveau-democratie.eu\/fr\/wp-json\/wp\/v2\/media\/21300"}],"wp:attachment":[{"href":"https:\/\/renouveau-democratie.eu\/fr\/wp-json\/wp\/v2\/media?parent=19920"}],"curies":[{"name":"wp","href":"https:\/\/api.w.org\/{rel}","templated":true}]}}