{"id":19878,"date":"2020-08-31T23:17:15","date_gmt":"2020-08-31T21:17:15","guid":{"rendered":"\/?page_id=19878"},"modified":"2021-01-03T17:23:56","modified_gmt":"2021-01-03T15:23:56","slug":"ethique","status":"publish","type":"page","link":"https:\/\/renouveau-democratie.eu\/fr\/ethique\/","title":{"rendered":"Ethique"},"content":{"rendered":"\n<figure class=\"wp-block-pullquote is-style-solid-color\"><blockquote class=\"has-text-color has-very-dark-gray-color\"><p>Ethique et int\u00e9grit\u00e9&nbsp;: affaires Barroso-Kroes, parachutages, art.42 quater, \u00ab&nbsp;Junior Professional&nbsp;Programme\u00bb, tentatives de d\u00e9mant\u00e8lement du Service Juridique et de la DGT\u2026 bref trop de mauvais exemples&nbsp;de mauvaise gestion!<\/p><\/blockquote><\/figure>\n\n\n\n<div style=\"height:20px\" aria-hidden=\"true\" class=\"wp-block-spacer\"><\/div>\n\n\n\n<div style=\"height:22px\" aria-hidden=\"true\" class=\"wp-block-spacer\"><\/div>\n\n\n\n<h3 class=\"has-vivid-red-color has-text-color wp-block-heading\">Une confiance mise \u00e0 mal<\/h3>\n\n\n\n<p>Tel que confirm\u00e9 par le Pr\u00e9sident Juncker lors de sa prise de fonctions&nbsp;: la mission de la \u201cCommission de la derni\u00e8re chance\u201d \u00e9tait avant tout celle de \u201creconqu\u00e9rir la confiance des citoyens\u201d. <\/p>\n\n\n\n<p>Tout au contraire, les affaires \u00ab&nbsp;Barroso-Kroes&nbsp;\u00bb ainsi qu\u2019une panoplie de \u00ab&nbsp;parachutages&nbsp;\u00bb m\u00eame au plus haut niveau de notre administration ont \u00e9t\u00e9 tr\u00e8s largement relay\u00e9es par les m\u00e9dias et ont suscit\u00e9 des r\u00e9actions tr\u00e8s vives de l\u2019opinion publique et de la presse, impos\u00e9 l\u2019intervention de la M\u00e9diatrice europ\u00e9enne et provoqu\u00e9 de v\u00e9ritables crises politiques avec le Parlement europ\u00e9en. <\/p>\n\n\n\n<p>Loin de contribuer \u00e0 \u201creconqu\u00e9rir la confiance des citoyens\u201d, ces affaires ont terni l\u2019image et les valeurs de notre fonction publique, mis en cause la cr\u00e9dibilit\u00e9 des proc\u00e9dures de nomination et mis en doute la capacit\u00e9 voire la volont\u00e9 politique de notre institution \u00e0 s\u2019y opposer.<\/p>\n\n\n\n<p>Face \u00e0 ces errements, <strong>R&amp;D <\/strong>a toujours \u00e9t\u00e9 le premier syndicat et sur certains points le seul qui a men\u00e9 de front le combat pour r\u00e9tablir la v\u00e9rit\u00e9 et d\u00e9fendre l\u2019honorabilit\u00e9, l\u2019\u00e9thique et l\u2019int\u00e9grit\u00e9 de notre personnel. <\/p>\n\n\n\n<div style=\"height:22px\" aria-hidden=\"true\" class=\"wp-block-spacer\"><\/div>\n\n\n\n<h3 class=\"has-vivid-red-color has-text-color wp-block-heading\">Les principes de bases de la fonction publique entach\u00e9s <\/h3>\n\n\n\n<p>De m\u00eame, alors que la \u00ab&nbsp;Commission de la derni\u00e8re chance&nbsp;\u00bb se devait d\u2019imposer un nouvel \u00e9lan aussi en ce qui concerne une meilleure organisation et gestion de ses services, le personnel a assist\u00e9 \u00e0 la perte de vitesse progressive et \u00e0 l\u2019opacit\u00e9 croissante de l\u2019action de notre administration qui a sembl\u00e9 graduellement perdre de vue les principes de base de notre fonction publique. <\/p>\n\n\n\n<h3 class=\"has-vivid-red-color has-text-color wp-block-heading\">Il suffit \u00e0 cet \u00e9gard de citer&nbsp;: <\/h3>\n\n\n\n<ul><li>la tentative de mise \u00e0 la retraite forc\u00e9e des coll\u00e8gues les plus exp\u00e9riment\u00e9s par le recours abusif de l\u2019article 42 quater du statut que <strong>R&amp;D <\/strong>est arriv\u00e9 \u00e0 bloquer jusque-l\u00e0 par notre recours en r\u00e9f\u00e9r\u00e9 qui a \u00e9t\u00e9 accept\u00e9 par d\u00e9cision du pr\u00e9sident du Tribunal de la fonction publique, puis confirm\u00e9e par celle du pr\u00e9sident de la Cour de justice qui a rejet\u00e9 le pourvoi de la Commission<\/li><li>le lancement du programme \u00ab&nbsp;Junior Professional Programme&nbsp;\u00bb alias \u00ab&nbsp; les copains d\u2019abord&nbsp;\u00bb<\/li><li>les tentatives de d\u00e9mant\u00e8lement des services essentiels au fonctionnement de notre institution&nbsp;: le Service juridique&nbsp;et la DGT auquel&nbsp; <strong>R&amp;D <\/strong>s\u2019oppose formellement.&nbsp;<\/li><\/ul>\n\n\n\n<div style=\"height:20px\" aria-hidden=\"true\" class=\"wp-block-spacer\"><\/div>\n\n\n\n<div class=\"wp-block-columns is-layout-flex wp-container-core-columns-is-layout-1 wp-block-columns-is-layout-flex\">\n<div class=\"wp-block-column is-layout-flow wp-block-column-is-layout-flow\">\n<div class=\"wp-block-group has-white-background-color has-background\"><div class=\"wp-block-group__inner-container is-layout-flow wp-block-group-is-layout-flow\">\n<figure class=\"wp-block-image size-large\"><img loading=\"lazy\" decoding=\"async\" width=\"601\" height=\"401\" src=\"\/wp-content\/uploads\/2020\/09\/Barroso-kroes-web.png\" alt=\"\" class=\"wp-image-21317\" srcset=\"https:\/\/renouveau-democratie.eu\/wp-content\/uploads\/2020\/09\/Barroso-kroes-web.png 601w, https:\/\/renouveau-democratie.eu\/wp-content\/uploads\/2020\/09\/Barroso-kroes-web-300x200.png 300w\" sizes=\"(max-width: 601px) 100vw, 601px\" \/><\/figure>\n\n\n\n<h4 class=\"has-text-align-center wp-block-heading\"><a href=\"\/fr\/14894-2\/affaires-barroso-kroes\/\">Affaires<\/a><a href=\"\/fr\/14894-2\/affaires-barroso-kroes\/\" target=\"_blank\" rel=\"noreferrer noopener\"> Barroso-Kroes<\/a><\/h4>\n<\/div><\/div>\n<\/div>\n\n\n\n<div class=\"wp-block-column is-layout-flow wp-block-column-is-layout-flow\">\n<div class=\"wp-block-group has-white-background-color has-background\"><div class=\"wp-block-group__inner-container is-layout-flow wp-block-group-is-layout-flow\">\n<figure class=\"wp-block-image size-large\"><img loading=\"lazy\" decoding=\"async\" width=\"601\" height=\"401\" src=\"\/wp-content\/uploads\/2020\/09\/Parachutage-web.png\" alt=\"\" class=\"wp-image-21322\" srcset=\"https:\/\/renouveau-democratie.eu\/wp-content\/uploads\/2020\/09\/Parachutage-web.png 601w, https:\/\/renouveau-democratie.eu\/wp-content\/uploads\/2020\/09\/Parachutage-web-300x200.png 300w\" sizes=\"(max-width: 601px) 100vw, 601px\" \/><\/figure>\n\n\n\n<h4 class=\"has-text-align-center wp-block-heading\"><a href=\"\/fr\/parachutages\/\" target=\"_blank\" rel=\"noreferrer noopener\">Parachutages<\/a><\/h4>\n<\/div><\/div>\n<\/div>\n\n\n\n<div class=\"wp-block-column is-layout-flow wp-block-column-is-layout-flow\">\n<div class=\"wp-block-group has-white-background-color has-background\"><div class=\"wp-block-group__inner-container is-layout-flow wp-block-group-is-layout-flow\">\n<div class=\"wp-block-image\"><figure class=\"aligncenter size-large is-resized\"><img loading=\"lazy\" decoding=\"async\" src=\"\/wp-content\/uploads\/2020\/09\/NO-LIMIT-WEB.png\" alt=\"\" class=\"wp-image-21324\" width=\"308\" height=\"205\" srcset=\"https:\/\/renouveau-democratie.eu\/wp-content\/uploads\/2020\/09\/NO-LIMIT-WEB.png 601w, https:\/\/renouveau-democratie.eu\/wp-content\/uploads\/2020\/09\/NO-LIMIT-WEB-300x200.png 300w\" sizes=\"(max-width: 308px) 100vw, 308px\" \/><\/figure><\/div>\n\n\n\n<h4 class=\"has-text-align-center wp-block-heading\"><a href=\"\/fr\/la-commission-barroso-a-depasse-toutes-les-limites\/\" target=\"_blank\" rel=\"noreferrer noopener\">La Commission Barroso a d\u00e9pass\u00e9 toutes les limites<\/a><\/h4>\n<\/div><\/div>\n<\/div>\n<\/div>\n\n\n\n<div class=\"wp-block-columns is-layout-flex wp-container-core-columns-is-layout-2 wp-block-columns-is-layout-flex\">\n<div class=\"wp-block-column is-layout-flow wp-block-column-is-layout-flow\">\n<div class=\"wp-block-group has-white-background-color has-background\"><div class=\"wp-block-group__inner-container is-layout-flow wp-block-group-is-layout-flow\">\n<figure class=\"wp-block-image size-large\"><img loading=\"lazy\" decoding=\"async\" width=\"601\" height=\"401\" src=\"\/wp-content\/uploads\/2020\/09\/jpp-web.png\" alt=\"\" class=\"wp-image-21332\" srcset=\"https:\/\/renouveau-democratie.eu\/wp-content\/uploads\/2020\/09\/jpp-web.png 601w, https:\/\/renouveau-democratie.eu\/wp-content\/uploads\/2020\/09\/jpp-web-300x200.png 300w\" sizes=\"(max-width: 601px) 100vw, 601px\" \/><\/figure>\n\n\n\n<h4 class=\"has-text-align-center wp-block-heading\"><a href=\"\/fr\/14894-2\/junior-programme\/\" target=\"_blank\" rel=\"noreferrer noopener\">\u00ab\u00a0Junior Professional\u00a0\u00bb Programme<\/a><\/h4>\n<\/div><\/div>\n<\/div>\n\n\n\n<div class=\"wp-block-column is-layout-flow wp-block-column-is-layout-flow\">\n<div class=\"wp-block-group has-white-background-color has-background\"><div class=\"wp-block-group__inner-container is-layout-flow wp-block-group-is-layout-flow\">\n<figure class=\"wp-block-image size-large\"><img loading=\"lazy\" decoding=\"async\" width=\"601\" height=\"401\" src=\"\/wp-content\/uploads\/2020\/09\/art-42-web.png\" alt=\"\" class=\"wp-image-21330\" srcset=\"https:\/\/renouveau-democratie.eu\/wp-content\/uploads\/2020\/09\/art-42-web.png 601w, https:\/\/renouveau-democratie.eu\/wp-content\/uploads\/2020\/09\/art-42-web-300x200.png 300w\" sizes=\"(max-width: 601px) 100vw, 601px\" \/><\/figure>\n\n\n\n<h4 class=\"has-text-align-center wp-block-heading\"><a href=\"\/fr\/14894-2\/article-42-quater-du-statut\/\" target=\"_blank\" rel=\"noreferrer noopener\">Article 42 Quater<\/a><\/h4>\n<\/div><\/div>\n<\/div>\n\n\n\n<div class=\"wp-block-column is-layout-flow wp-block-column-is-layout-flow\">\n<div class=\"wp-block-group has-white-background-color has-background\"><div class=\"wp-block-group__inner-container is-layout-flow wp-block-group-is-layout-flow\">\n<figure class=\"wp-block-image size-large\"><img loading=\"lazy\" decoding=\"async\" width=\"601\" height=\"401\" src=\"\/wp-content\/uploads\/2020\/09\/Demantelement-web.png\" alt=\"\" class=\"wp-image-21328\" srcset=\"https:\/\/renouveau-democratie.eu\/wp-content\/uploads\/2020\/09\/Demantelement-web.png 601w, https:\/\/renouveau-democratie.eu\/wp-content\/uploads\/2020\/09\/Demantelement-web-300x200.png 300w\" sizes=\"(max-width: 601px) 100vw, 601px\" \/><\/figure>\n\n\n\n<h4 class=\"has-text-align-center wp-block-heading\"><a href=\"\/fr\/demantelement-de-services-essentiels\/\" target=\"_blank\" rel=\"noreferrer noopener\">D\u00e9mant\u00e8lement de services essentiels: SJ et DGT<\/a><\/h4>\n<\/div><\/div>\n<\/div>\n<\/div>\n\n\n\n<div style=\"height:43px\" aria-hidden=\"true\" class=\"wp-block-spacer\"><\/div>\n","protected":false},"excerpt":{"rendered":"<p>Ethique et int\u00e9grit\u00e9&nbsp;: affaires Barroso-Kroes, parachutages, art.42 quater, \u00ab&nbsp;Junior Professional&nbsp;Programme\u00bb, tentatives de d\u00e9mant\u00e8lement du Service Juridique et de la DGT\u2026 bref trop de mauvais exemples&nbsp;de mauvaise gestion! Une confiance mise \u00e0 mal Tel que confirm\u00e9 par le Pr\u00e9sident Juncker lors de sa prise de fonctions&nbsp;: la mission de la \u201cCommission de la derni\u00e8re chance\u201d \u00e9tait [&hellip;]<\/p>\n","protected":false},"author":19,"featured_media":21298,"parent":0,"menu_order":0,"comment_status":"closed","ping_status":"closed","template":"","meta":{"footnotes":""},"_links":{"self":[{"href":"https:\/\/renouveau-democratie.eu\/fr\/wp-json\/wp\/v2\/pages\/19878"}],"collection":[{"href":"https:\/\/renouveau-democratie.eu\/fr\/wp-json\/wp\/v2\/pages"}],"about":[{"href":"https:\/\/renouveau-democratie.eu\/fr\/wp-json\/wp\/v2\/types\/page"}],"author":[{"embeddable":true,"href":"https:\/\/renouveau-democratie.eu\/fr\/wp-json\/wp\/v2\/users\/19"}],"replies":[{"embeddable":true,"href":"https:\/\/renouveau-democratie.eu\/fr\/wp-json\/wp\/v2\/comments?post=19878"}],"version-history":[{"count":35,"href":"https:\/\/renouveau-democratie.eu\/fr\/wp-json\/wp\/v2\/pages\/19878\/revisions"}],"predecessor-version":[{"id":21887,"href":"https:\/\/renouveau-democratie.eu\/fr\/wp-json\/wp\/v2\/pages\/19878\/revisions\/21887"}],"wp:featuredmedia":[{"embeddable":true,"href":"https:\/\/renouveau-democratie.eu\/fr\/wp-json\/wp\/v2\/media\/21298"}],"wp:attachment":[{"href":"https:\/\/renouveau-democratie.eu\/fr\/wp-json\/wp\/v2\/media?parent=19878"}],"curies":[{"name":"wp","href":"https:\/\/api.w.org\/{rel}","templated":true}]}}