{"id":19712,"date":"2020-08-20T17:15:42","date_gmt":"2020-08-20T15:15:42","guid":{"rendered":"\/?page_id=19712"},"modified":"2021-09-04T21:20:18","modified_gmt":"2021-09-04T19:20:18","slug":"agences-executives","status":"publish","type":"page","link":"https:\/\/renouveau-democratie.eu\/fr\/agences-executives\/","title":{"rendered":"Agences ex\u00e9cutives"},"content":{"rendered":"\n<figure class=\"wp-block-table\"><table><tbody><tr><td><strong>2021<\/strong><\/td><td><\/td><\/tr><tr><td>31\/03\/21<\/td><td><a href=\"\/fr\/2021\/03\/le-renard-dechaine-special-delegation-de-nouvelles-missions-aux-agences-executives\/\">Le Renard D\u00e9cha\u00een\u00e9 sp\u00e9cial \u00ab D\u00e9l\u00e9gation de nouvelles missions aux Agences ex\u00e9cutives\u2026<\/a><\/td><\/tr><tr><td><strong>2020<\/strong><\/td><td><\/td><\/tr><tr><td>8\/05\/20<\/td><td><a href=\"\/fr\/2020\/05\/new-programme-allocations-for-the-executive-agencies-a-total-lack-of-transparency\/\">Nouvelle d\u00e9l\u00e9gation de programmes aux agences ex\u00e9cutives : un manque total de transparence<\/a>\u2026<\/td><\/tr><tr><td>4\/05\/20<\/td><td><a href=\"\/fr\/2020\/05\/allocation-of-new-programme-portfolios-to-executive-agencies\/\">D\u00e9l\u00e9gation de nouvelles missions aux agences ex\u00e9cutives<\/a><\/td><\/tr><tr><td>20\/04\/20<\/td><td><a href=\"\/fr\/2020\/04\/agences-executives\/\" target=\"_blank\" rel=\"noreferrer noopener\">R&amp;D demande un v\u00e9ritable dialogue social pour la mise en \u0153uvre de la d\u00e9l\u00e9gation&nbsp; de nouvelles missions aux agences ex\u00e9cutives&nbsp;!<\/a><\/td><\/tr><tr><td><strong>2019<\/strong><\/td><td><\/td><\/tr><tr><td>2\/04\/19<\/td><td><a href=\"\/fr\/2019\/04\/le-renard-dechaine-special-agences-executives\/\">Le Renard D\u00e9cha\u00een\u00e9 sp\u00e9cial Agences ex\u00e9cutives<\/a><\/td><\/tr><tr><td>5\/02\/19<\/td><td><a href=\"\/fr\/2019\/02\/dialogue-social-au-sein-des-agences-executives-enfin-de-veritables-avancees\/\">Dialogue social au sein des Agences ex\u00e9cutives: enfin de v\u00e9ritables avanc\u00e9es!<\/a><\/td><\/tr><tr><td>23\/01\/19<\/td><td><a href=\"\/fr\/2019\/01\/note-a-lattention-de-m-roberto-carlini-directeur-de-leacea\/\">Note \u00e0 l\u2019attention de M. Roberto Carlini, Directeur de l\u2019EACEA &#8211; Votre nomination en tant que Directeur de l\u2019Agence ex\u00e9cutive EACEA<\/a><\/td><\/tr><tr><td>15\/01\/19<\/td><td><a href=\"\/fr\/2019\/01\/note-a-lattention-de-mme-veronique-wasbauer-directrice-de-leahc-m-pablo-amor-directeur-de-lercea-m-dirk-beckers-directeur-de-linea-m-marc-tachelet-directeur-de-rea\/\" target=\"_blank\" rel=\"noreferrer noopener\">Note \u00e0 l\u2019attention de  Mme V\u00e9ronique WASBAUER, Directrice de l\u2019EAHC M. Pablo AMOR, Directeur de l\u2019ERCEA M. Dirk BECKERS, Directeur de l\u2019INEA M. Marc TACHELET, Directeur de REA &#8211; Dialogue social au sein des Agences ex\u00e9cutives<\/a><\/td><\/tr><tr><td><strong>2017<\/strong><\/td><td><\/td><\/tr><tr><td>8\/11\/17<\/td><td><a href=\"\/fr\/2017\/11\/rd-tient-a-vous-remercier-pour-vos-premieres-decisions-qui-vont-tout-a-fait-dans-la-bonne-direction\/\">Note \u00e0 l\u2019attention de M. Julien GUERRIER, Directeur d\u2019EASME &#8211; R&amp;D tient \u00e0 vous remercier pour vos premi\u00e8res d\u00e9cisions qui vont tout \u00e0 fait dans la bonne direction<\/a><\/td><\/tr><tr><td>8\/3\/17<\/td><td><a href=\"\/fr\/2017\/03\/situation-intenable-au-sein-de-leasme\/\">Note \u00e0 l\u2019attention de Mme Ir\u00e8ne SOUKA Directeur g\u00e9n\u00e9ral DG HR et Mme Lowri Evans Directeur g\u00e9n\u00e9ral de tutelle de l\u2019agence EASME &#8211; Situation intenable au sein de l&rsquo;EASME<\/a><\/td><\/tr><tr><td>10\/02\/17<\/td><td><a href=\"\/wp-content\/uploads\/2017\/03\/R%C3%A9ponse-M.-Malacarne-%C3%A0-Alliance.pdf\">R\u00e9ponse de M. Malacarne \u00e0 la note de l\u2019Alliance du 8 f\u00e9vrier<\/a><\/td><\/tr><tr><td>8\/02\/17<\/td><td>&nbsp;<a rel=\"noreferrer noopener\" href=\"\/2017\/02\/easmes-staff\/\" target=\"_blank\">note Alliance<\/a><\/td><\/tr><\/tbody><\/table><\/figure>\n\n\n\n<p><\/p>\n","protected":false},"excerpt":{"rendered":"<p>2021 31\/03\/21 Le Renard D\u00e9cha\u00een\u00e9 sp\u00e9cial \u00ab D\u00e9l\u00e9gation de nouvelles missions aux Agences ex\u00e9cutives\u2026 2020 8\/05\/20 Nouvelle d\u00e9l\u00e9gation de programmes aux agences ex\u00e9cutives : un manque total de transparence\u2026 4\/05\/20 D\u00e9l\u00e9gation de nouvelles missions aux agences ex\u00e9cutives 20\/04\/20 R&amp;D demande un v\u00e9ritable dialogue social pour la mise en \u0153uvre de la d\u00e9l\u00e9gation&nbsp; de nouvelles missions [&hellip;]<\/p>\n","protected":false},"author":19,"featured_media":21257,"parent":0,"menu_order":0,"comment_status":"closed","ping_status":"closed","template":"","meta":{"footnotes":""},"_links":{"self":[{"href":"https:\/\/renouveau-democratie.eu\/fr\/wp-json\/wp\/v2\/pages\/19712"}],"collection":[{"href":"https:\/\/renouveau-democratie.eu\/fr\/wp-json\/wp\/v2\/pages"}],"about":[{"href":"https:\/\/renouveau-democratie.eu\/fr\/wp-json\/wp\/v2\/types\/page"}],"author":[{"embeddable":true,"href":"https:\/\/renouveau-democratie.eu\/fr\/wp-json\/wp\/v2\/users\/19"}],"replies":[{"embeddable":true,"href":"https:\/\/renouveau-democratie.eu\/fr\/wp-json\/wp\/v2\/comments?post=19712"}],"version-history":[{"count":10,"href":"https:\/\/renouveau-democratie.eu\/fr\/wp-json\/wp\/v2\/pages\/19712\/revisions"}],"predecessor-version":[{"id":23668,"href":"https:\/\/renouveau-democratie.eu\/fr\/wp-json\/wp\/v2\/pages\/19712\/revisions\/23668"}],"wp:featuredmedia":[{"embeddable":true,"href":"https:\/\/renouveau-democratie.eu\/fr\/wp-json\/wp\/v2\/media\/21257"}],"wp:attachment":[{"href":"https:\/\/renouveau-democratie.eu\/fr\/wp-json\/wp\/v2\/media?parent=19712"}],"curies":[{"name":"wp","href":"https:\/\/api.w.org\/{rel}","templated":true}]}}