{"id":1954,"date":"2010-02-17T15:46:21","date_gmt":"2010-02-17T13:46:21","guid":{"rendered":"\/?page_id=1954"},"modified":"2010-03-16T01:32:51","modified_gmt":"2010-03-15T23:32:51","slug":"passage-de-categorie","status":"publish","type":"page","link":"https:\/\/renouveau-democratie.eu\/fr\/passage-de-categorie\/","title":{"rendered":"Passage de Cat\u00e9gorie"},"content":{"rendered":"<div>\n<p><span>La r\u00e9forme Kinnock a \u00e9t\u00e9 mal con\u00e7ue et mal n\u00e9goci\u00e9e sur base de promesses essentiellement creuses. Les derniers passages de cat\u00e9gories &#8211; symbole du m\u00e9rite r\u00e9compens\u00e9 &#8211; ont \u00e9t\u00e9 compl\u00e8tement vid\u00e9s de leur sens et sont progressivement                               remplac\u00e9s par des proc\u00e9dures de certification \/ attestation plut\u00f4t d\u00e9cevantes. <span style=\"color: #339900;\"><strong>R<span style=\"color: #ff0000;\">&amp;<\/span>D<\/strong><\/span> se mobilise aux c\u00f4t\u00e9s de tous les transcat\u00e9goriels                               actuels et futurs pour redonner un sens \u00e0 cette proc\u00e9dure qui a permis \u00e0 de nombreux                               coll\u00e8gues de faire valoir leurs m\u00e9rites sans n\u00e9cessairement d\u00e9pendre de leur hi\u00e9rarchie. L&rsquo;approche de <span style=\"color: #339900;\"><strong>R<span style=\"color: #ff0000;\">&amp;<\/span>D<\/strong><\/span> est                               double: <strong>politique<\/strong> et <strong>juridique<\/strong>.<\/span><\/p>\n<p><span><strong>Politique<\/strong><\/span><\/p>\n<p><span><span style=\"color: #339900;\"><strong>R<span style=\"color: #ff0000;\">&amp;<\/span>D<\/strong><\/span> n\u00e9gocie                               l&rsquo;organisation de nouveaux concours internes et                               de meilleurs conditions de passage de cat\u00e9gorie.<\/span><\/p>\n<p><span><strong>Juridique<\/strong><\/span><\/p>\n<\/div>\n<ul>\n<li>\n<div><span><span style=\"color: #339900;\"><strong>R<span style=\"color: #ff0000;\">&amp;<\/span>D<\/strong><\/span> a                                 introduit une premi\u00e8re affaire (<a href=\"http:\/\/curia.europa.eu\/jurisp\/cgi-bin\/form.pl?lang=fr&amp;alljur=alljur&amp;jurcdj=jurcdj&amp;jurtpi=jurtpi&amp;jurtfp=jurtfp&amp;numaff=T-421\/05&amp;nomusuel=&amp;docnodecision=docnodecision&amp;allcommjo=allcommjo&amp;affint=affint&amp;affclose=affclose&amp;alldocrec=alldocrec&amp;docor=docor&amp;docav=docav&amp;docsom=docsom&amp;docinf=docinf&amp;alldocnorec=alldocnorec&amp;docnoor=docnoor&amp;radtypeord=on&amp;newform=newform&amp;docj=docj&amp;docop=docop&amp;docnoj=docnoj&amp;typeord=ALL&amp;domaine=&amp;mots=&amp;resmax=100&amp;Submit=Rechercher\" target=\"_blank\">T-421\/05<\/a>)                                 devant le tribunal. <\/span><\/div>\n<\/li>\n<li>\n<div><span> <span style=\"color: #339900;\"><strong>R<span style=\"color: #ff0000;\">&amp;<\/span>D<\/strong><\/span> met \u00e0 la                                 disposition des coll\u00e8gues un mod\u00e8le                                 de r\u00e9clamation pour tous les coll\u00e8gues                                 qui ont \u00e9t\u00e9 nomm\u00e9s dans                                 la cat\u00e9gorie sup\u00e9rieure. <\/span><\/div>\n<\/li>\n<\/ul>\n<p><span>DOCUMENTS: <\/span><\/p>\n<table border=\"0\" width=\"92%\" align=\"center\" bordercolor=\"#ffffff\">\n<tbody>\n<tr>\n<td width=\"20%\"><strong><span>Mars 2010<\/span><\/strong><\/td>\n<td width=\"80%\" bordercolor=\"#FFFFFF\">Trois affaires sont  entr\u00e9es dans la phase orale (<a href=\"http:\/\/curia.europa.eu\/jurisp\/cgi-bin\/form.pl?lang=fr&amp;alljur=alljur&amp;jurcdj=jurcdj&amp;jurtpi=jurtpi&amp;jurtfp=jurtfp&amp;numaff=F-64\/06&amp;nomusuel=&amp;docnodecision=docnodecision&amp;allcommjo=allcommjo&amp;affint=affint&amp;affclose=affclose&amp;alldocrec=alldocrec&amp;docor=docor&amp;docav=docav&amp;docsom=docsom&amp;docinf=docinf&amp;alldocnorec=alldocnorec&amp;docnoor=docnoor&amp;radtypeord=on&amp;newform=newform&amp;docj=docj&amp;docop=docop&amp;docnoj=docnoj&amp;typeord=ALL&amp;domaine=&amp;mots=&amp;resmax=100&amp;Submit=Rechercher\" target=\"_blank\">F-64\/06<\/a>, <a href=\"http:\/\/curia.europa.eu\/jurisp\/cgi-bin\/form.pl?lang=fr&amp;alljur=alljur&amp;jurcdj=jurcdj&amp;jurtpi=jurtpi&amp;jurtfp=jurtfp&amp;numaff=F-126\/06&amp;nomusuel=&amp;docnodecision=docnodecision&amp;allcommjo=allcommjo&amp;affint=affint&amp;affclose=affclose&amp;alldocrec=alldocrec&amp;docor=docor&amp;docav=docav&amp;docsom=docsom&amp;docinf=docinf&amp;alldocnorec=alldocnorec&amp;docnoor=docnoor&amp;radtypeord=on&amp;newform=newform&amp;docj=docj&amp;docop=docop&amp;docnoj=docnoj&amp;typeord=ALL&amp;domaine=&amp;mots=&amp;resmax=100&amp;Submit=Rechercher\" target=\"_blank\">F-126\/06<\/a>, <a href=\"http:\/\/curia.europa.eu\/jurisp\/cgi-bin\/form.pl?lang=fr&amp;alljur=alljur&amp;jurcdj=jurcdj&amp;jurtpi=jurtpi&amp;jurtfp=jurtfp&amp;numaff=F-130\/06&amp;nomusuel=&amp;docnodecision=docnodecision&amp;allcommjo=allcommjo&amp;affint=affint&amp;affclose=affclose&amp;alldocrec=alldocrec&amp;docor=docor&amp;docav=docav&amp;docsom=docsom&amp;docinf=docinf&amp;alldocnorec=alldocnorec&amp;docnoor=docnoor&amp;radtypeord=on&amp;newform=newform&amp;docj=docj&amp;docop=docop&amp;docnoj=docnoj&amp;typeord=ALL&amp;domaine=&amp;mots=&amp;resmax=100&amp;Submit=Rechercher\" target=\"_blank\">F-130\/06<\/a> et <a href=\"http:\/\/curia.europa.eu\/jurisp\/cgi-bin\/form.pl?lang=fr&amp;alljur=alljur&amp;jurcdj=jurcdj&amp;jurtpi=jurtpi&amp;jurtfp=jurtfp&amp;numaff=F-113\/05&amp;nomusuel=&amp;docnodecision=docnodecision&amp;allcommjo=allcommjo&amp;affint=affint&amp;affclose=affclose&amp;alldocrec=alldocrec&amp;docor=docor&amp;docav=docav&amp;docsom=docsom&amp;docinf=docinf&amp;alldocnorec=alldocnorec&amp;docnoor=docnoor&amp;radtypeord=on&amp;newform=newform&amp;docj=docj&amp;docop=docop&amp;docnoj=docnoj&amp;typeord=ALL&amp;domaine=&amp;mots=&amp;resmax=100&amp;Submit=Rechercher\">F-113\/05<\/a>) et seront  plaid\u00e9es ces 22 et 24 mars 2008 au tribunal de la fonction publique.<br \/>\nLa derni\u00e8re affaire  (<a href=\"http:\/\/curia.europa.eu\/jurisp\/cgi-bin\/form.pl?lang=fr&amp;alljur=alljur&amp;jurcdj=jurcdj&amp;jurtpi=jurtpi&amp;jurtfp=jurtfp&amp;numaff=F-23\/06&amp;nomusuel=&amp;docnodecision=docnodecision&amp;allcommjo=allcommjo&amp;affint=affint&amp;affclose=affclose&amp;alldocrec=alldocrec&amp;docor=docor&amp;docav=docav&amp;docsom=docsom&amp;docinf=docinf&amp;alldocnorec=alldocnorec&amp;docnoor=docnoor&amp;radtypeord=on&amp;newform=newform&amp;docj=docj&amp;docop=docop&amp;docnoj=docnoj&amp;typeord=ALL&amp;domaine=&amp;mots=&amp;resmax=100&amp;Submit=Rechercher\" target=\"_blank\">F-23\/06<\/a>), concernant uniquement les passages de cat\u00e9gorie, \u00e9tait momentan\u00e9ment suspendue dans l\u2019attente de l\u2019arr\u00eat Ang\u00e9 Serrano (<a href=\"http:\/\/curia.europa.eu\/jurisp\/cgi-bin\/form.pl?lang=fr&amp;alljur=alljur&amp;jurcdj=jurcdj&amp;jurtpi=jurtpi&amp;jurtfp=jurtfp&amp;numaff=C-496\/08&amp;nomusuel=&amp;docnodecision=docnodecision&amp;allcommjo=allcommjo&amp;affint=affint&amp;affclose=affclose&amp;alldocrec=alldocrec&amp;docor=docor&amp;docav=docav&amp;docsom=docsom&amp;docinf=docinf&amp;alldocnorec=alldocnorec&amp;docnoor=docnoor&amp;radtypeord=on&amp;newform=newform&amp;docj=docj&amp;docop=docop&amp;docnoj=docnoj&amp;typeord=ALL&amp;domaine=&amp;mots=&amp;resmax=100&amp;Submit=Rechercher\" target=\"_blank\">C-496\/08<\/a>), finalement rendu ce 4 mars 2010.<\/td>\n<\/tr>\n<tr>\n<td>\n<div>\n<p><strong>Novembre 2008<\/strong><\/p>\n<\/div>\n<\/td>\n<td><span style=\"font-family: Arial Narrow;\">Indemnit\u00e9 compensatrice : projet \t\t\t\t\t\t      de d\u00e9cision administrative &#8211; <a href=\"\/archives\/fr\/documents\/Divers\/T47_05_Serrano.pdf\">arr\u00eat \t\t\t\t\t\t      Serrano<\/a> <a href=\"\/archives\/fr\/documents\/Divers\/C_443_07P_Centeno.pdf\">arr\u00eat \t\t\t\t\t\t      Centeno<\/a> <a href=\"..\/archives\/fr\/documents\/Divers\/ADMIN_Explications_et_exemples.pdf\">explications \t\t\t\t\t\t      de l&rsquo;admin<\/a> <a href=\"..\/archives\/fr\/documents\/Divers\/Simulation_Projet%20decision_indemnite_%20fixe_exemple%201.doc\">simulation \t\t\t\t\t\t      1<\/a> <a href=\"\/archives\/fr\/documents\/Divers\/Simulation_Projet%20decision_indemnite_fixe_exemple%202.doc\">simulation \t\t\t\t\t\t      2<\/a> <a href=\"\/archives\/fr\/documents\/Divers\/Simulation_Projet%20decision_indemnite_fixe_exemple%203.doc\">simulation \t\t\t\t\t\t      3<\/a> <\/span><\/td>\n<\/tr>\n<tr>\n<td>\n<div>\n<p><strong>Octobre 2008<\/strong><\/p>\n<\/div>\n<\/td>\n<td><span style=\"font-family: Arial Narrow;\"><img loading=\"lazy\" decoding=\"async\" src=\"..\/archives\/images\/usuels\/a_R&amp;D_abbrev.gif\" alt=\"\" width=\"27\" height=\"14\" \/> FAIT \t\t\t\t\t\t        LE POINT SUR LE DOSSIER : <strong>Vid\u00e9o<\/strong> (intranet): <a href=\"mms:\/\/stream.scic.cec.eu.int\/archives\/admin\/081017\/day1or-1.wmv\">original<\/a> <a href=\"mms:\/\/stream.scic.cec.eu.int\/archives\/admin\/081017\/day1fr-1.wmv\">fr<\/a><\/span><\/td>\n<\/tr>\n<tr>\n<td>\n<div>\n<p><strong>Mars                                       2006<\/strong><\/p>\n<\/div>\n<\/td>\n<td><span><a href=\"\/archives\/fr\/documents\/tracts\/2005\/10%20-%20Octobre\/recours%20fr.pdf\" target=\"_blank\">Recours                                     en annulation<\/a><\/span><\/td>\n<\/tr>\n<tr>\n<td>\n<div>\n<p><span><strong>Octobre                                       2005<\/strong><\/span><\/p>\n<\/div>\n<\/td>\n<td>\n<div><span><a href=\"\/archives\/fr\/documents\/tracts\/2005\/10%20-%20Octobre\/procedure%20fr.doc\" target=\"_blank\">Proc\u00e9dure \u00e0 suivre<\/a><\/span><\/div>\n<\/td>\n<\/tr>\n<tr>\n<td><span> <\/span><\/td>\n<td>\n<div><span><a href=\"\/archives\/fr\/documents\/tracts\/2005\/10%20-%20Octobre\/texte%20r%E9clamation%20fr.doc\" target=\"_blank\">Texte                                       de r\u00e9clamation<\/a><\/span><\/div>\n<\/td>\n<\/tr>\n<tr>\n<td><span> <\/span><\/td>\n<td>\n<div><span><a href=\"\/archives\/fr\/documents\/tracts\/2005\/10%20-%20Octobre\/fiche%20plaignant%20fr.doc\" target=\"_blank\">Fiche plaignant \u00ab\u00a0passage de cat\u00e9gorie\u00a0\u00bb<\/a><\/span><\/div>\n<\/td>\n<\/tr>\n<tr>\n<td height=\"24\"><span> <\/span><\/td>\n<td>\n<div><span><a href=\"\/archives\/fr\/documents\/tracts\/2005\/10%20-%20Octobre\/disclaimer%20fr.doc\" target=\"_blank\">Disclaimer<\/a><\/span><\/div>\n<\/td>\n<\/tr>\n<\/tbody>\n<\/table>\n","protected":false},"excerpt":{"rendered":"<p>La r\u00e9forme Kinnock a \u00e9t\u00e9 mal con\u00e7ue et mal n\u00e9goci\u00e9e sur base de promesses essentiellement creuses. Les derniers passages de cat\u00e9gories &#8211; symbole du m\u00e9rite r\u00e9compens\u00e9 &#8211; ont \u00e9t\u00e9 compl\u00e8tement vid\u00e9s de leur sens et sont progressivement remplac\u00e9s par des proc\u00e9dures de certification \/ attestation plut\u00f4t d\u00e9cevantes. R&amp;D se mobilise aux c\u00f4t\u00e9s de tous les [&hellip;]<\/p>\n","protected":false},"author":3,"featured_media":0,"parent":0,"menu_order":0,"comment_status":"closed","ping_status":"closed","template":"","meta":{"footnotes":""},"_links":{"self":[{"href":"https:\/\/renouveau-democratie.eu\/fr\/wp-json\/wp\/v2\/pages\/1954"}],"collection":[{"href":"https:\/\/renouveau-democratie.eu\/fr\/wp-json\/wp\/v2\/pages"}],"about":[{"href":"https:\/\/renouveau-democratie.eu\/fr\/wp-json\/wp\/v2\/types\/page"}],"author":[{"embeddable":true,"href":"https:\/\/renouveau-democratie.eu\/fr\/wp-json\/wp\/v2\/users\/3"}],"replies":[{"embeddable":true,"href":"https:\/\/renouveau-democratie.eu\/fr\/wp-json\/wp\/v2\/comments?post=1954"}],"version-history":[{"count":0,"href":"https:\/\/renouveau-democratie.eu\/fr\/wp-json\/wp\/v2\/pages\/1954\/revisions"}],"wp:attachment":[{"href":"https:\/\/renouveau-democratie.eu\/fr\/wp-json\/wp\/v2\/media?parent=1954"}],"curies":[{"name":"wp","href":"https:\/\/api.w.org\/{rel}","templated":true}]}}