{"id":19237,"date":"2020-02-03T16:50:37","date_gmt":"2020-02-03T14:50:37","guid":{"rendered":"\/?page_id=19237"},"modified":"2025-02-28T21:14:41","modified_gmt":"2025-02-28T19:14:41","slug":"cese-harcelement","status":"publish","type":"page","link":"https:\/\/renouveau-democratie.eu\/fr\/prevention-des-risques-psychosociaux\/cese-harcelement\/","title":{"rendered":"CESE &#8211; Harc\u00e8lement"},"content":{"rendered":"\n<h2 class=\"wp-block-heading has-vivid-red-color has-text-color\"> Nos actions<\/h2>\n\n\n\n<div style=\"height:20px\" aria-hidden=\"true\" class=\"wp-block-spacer\"><\/div>\n\n\n\n<figure class=\"wp-block-table\"><table><tbody><tr><td>Date <\/td><td>Objet<\/td><\/tr><tr><td><strong>2023<\/strong><\/td><td><\/td><\/tr><tr><td>22\/06\/23<\/td><td><a href=\"https:\/\/renouveau-democratie.eu\/2023\/06\/note-for-the-attention-of-mr-o-ropke-president-of-the-eesc-your-nomination-as-new-eesc-president\/\" target=\"_blank\" rel=\"noreferrer noopener\"><br>Note for the attention of Mr O. R\u00f6pke, President of the EESC \u2013 Your nomination as new EESC President<\/a><br>\u00a0<\/td><\/tr><tr><td><strong>2022<\/strong><\/td><td><\/td><\/tr><tr><td>13\/06\/22<\/td><td><a href=\"https:\/\/renouveau-democratie.eu\/2022\/06\/breaking-news-the-ep-decides-to-postpone-the-2020-discharge-to-the-eesc-and-asks-for-an-external-and-independent-investigation-to-determine-the-responsibility-of-the-committees-administrative-hier\/\">Note \u00e0 l\u2019attention de M. O. R\u00d6PKE, pr\u00e9sident du CESE &#8211; Votre nomination en tant que nouveau Pr\u00e9sident du CESE<\/a>: HERE WE GO AGAIN: Decision adopted by the European Parliament at the plenary session of 4 May to postpone the 2020 discharge to the Secretary General of EESC (\u00a0<a href=\"https:\/\/www.europarl.europa.eu\/doceo\/document\/TA-9-2022-0149_EN.html\"><em>link<\/em><\/a><em>\u00a0<\/em>) and request of an EXTERNAL AND INDEPENDENT INVESTIGATION to determine the responsibility of the Committee\u2019s administrative hierarchy and, where appropriate, to apply Article 22 of the Staff Regulations. Given that nothing has been done and that nothing has changed, as well as the increase in cases of harassment in 2020 and the other dysfunctions observed in the management of the EESC, the EP confirms the request of the CONT (Committee on Budgetary Control) on the need and urgency of opening an INDEPENDENT EXTERNAL INVESTIGATION to examine, in particular, the responsibilities, including financial responsibilities, of the hierarchy of the EESC administration!<\/td><\/tr><tr><td>24\/03\/22<\/td><td><a rel=\"noreferrer noopener\" href=\"https:\/\/renouveau-democratie.eu\/fr\/2022\/03\/note-a-lattention-de-m-s-mallia-president-du-groupe-i-au-cese-m-o-ropke-president-du-groupe-ii-au-cese-m-s-boland-president-du-groupe-iii-au-cese-2\/\" target=\"_blank\">Note \u00e0 l\u2019attention de M. S. MALLIA, Pr\u00e9sident du groupe I au CESE \u2013 M. O. R\u00d6PKE, Pr\u00e9sident du groupe II au CESE \u2013 M. S. BOLAND, Pr\u00e9sident du groupe III au CESE<\/a> &#8211; D\u00e9cision de la commission CONT de proposer \u00e0 la pl\u00e9ni\u00e8re du PE de NE PAS OCTROYER la d\u00e9charge 2020 au CESE<\/td><\/tr><tr><td><strong>2021<\/strong><\/td><td><\/td><\/tr><tr><td>7\/05\/21<\/td><td><a href=\"\/fr\/2021\/05\/cas-dharcelement-au-cese-decision-du-pe-concernant-la-decharge-2019-arret-t-843-19\/\" target=\"_blank\" rel=\"noreferrer noopener\">Note \u00e0 l\u2019attention de Madame Christa Schweng, Pr\u00e9sidente du Comit\u00e9 \u00c9conomique et Social Europ\u00e9en &#8211; D\u00e9cision du PE du 28 avril dernier concernant la d\u00e9charge 2019<\/a>&nbsp; \u2013&nbsp;<a href=\"https:\/\/www.europarl.europa.eu\/doceo\/document\/TA-9-2021-0169_FR.html#title1\">Textes adopt\u00e9s \u2013 D\u00e9charge 2019: Budget g\u00e9n\u00e9ral de l\u2019UE \u2013 Comit\u00e9 \u00e9conomique et social europ\u00e9en \u2013 Jeudi 29 avril 2021 (europa.eu)<\/a>&nbsp;Arr\u00eat&nbsp;T-843\/19,&nbsp;du Tribunal du m\u00eame jour constatant&nbsp;l\u2019ill\u00e9galit\u00e9 de la \u00ab&nbsp;proc\u00e9dure&nbsp;\u00bb du CESE en mati\u00e8re de reclassement des Agents Temporaires des groupes, en ce qu\u2019elle MECONNAIT&nbsp;TOUS, un apr\u00e8s l\u2019autre, les r\u00e8gles et les principes fondamentaux de notre statut&nbsp;!(&nbsp;<a href=\"https:\/\/curia.europa.eu\/juris\/document\/document.jsf?text=&amp;docid=240501&amp;pageIndex=0&amp;doclang=FR&amp;mode=lst&amp;dir=&amp;occ=first&amp;part=1&amp;cid=12455398\">CURIA \u2013 Documents (europa.eu)<\/a>)<\/td><\/tr><tr><td><strong>2020<\/strong><\/td><td><\/td><\/tr><tr><td>3\/11\/20<\/td><td><a href=\"\/fr\/2020\/11\/harcelement-au-cese-avec-608-votes-pour-et-un-seul-vote-contre\/\" target=\"_blank\" rel=\"noreferrer noopener\">Note \u00e0 l\u2019attention de M. Gianluca Brunetti, Secr\u00e9taire g\u00e9n\u00e9ral du Comit\u00e9 \u00c9conomique et Social Europ\u00e9en &#8211; Harc\u00e8lement au Comit\u00e9 \u00e9conomique et social europ\u00e9en&nbsp;:&nbsp;avec&nbsp;608 VOTES POUR ET UN SEUL VOTE CONTRE, le PE REFUSE DEFINITIVEMENT la d\u00e9charge 2018 au Secr\u00e9taire g\u00e9n\u00e9ral du CESE pour les fautes commises dans la pr\u00e9vention et la prise en charge des cas de harc\u00e8lement que&nbsp;R&amp;D&nbsp;avait d\u00e9nonc\u00e9s!&nbsp;Du JAMAIS VU pour une institution europ\u00e9enne&nbsp;!<\/a><\/td><\/tr><tr><td>14\/10\/20<\/td><td><a href=\"\/fr\/2020\/10\/cas-de-harcelement-au-cese-la-commission-cont\/\" target=\"_blank\" rel=\"noreferrer noopener\">Note \u00e0 l\u2019attention de Monsieur Gianlucca Brunetti, Secr\u00e9taire g\u00e9n\u00e9ral du Comit\u00e9 Economique et Social Europ\u00e9en &#8211; Cas de Harc\u00e8lement au CESE&nbsp;: la commission CONT \u00e0 une MAJORITE ECRASANTE (25 pour 1 contre) propose au PE de refuser d\u00e9finitivement la d\u00e9charge 2018 au CESE&nbsp;!&nbsp;<\/a><\/td><\/tr><tr><td>21\/09\/20<\/td><td><a href=\"\/fr\/2020\/09\/harcelement-au-cese-retrait-de-la-candidature-de-m-krawczyk\/\" target=\"_blank\" rel=\"noreferrer noopener\">Note \u00e0 l\u2019attention de M. Gianluca Brunetti, Secr\u00e9taire g\u00e9n\u00e9ral du Comit\u00e9 Economique et Social Europ\u00e9en &#8211; Harc\u00e8lement au Comit\u00e9 \u00e9conomique et social europ\u00e9en&nbsp;:&nbsp;retrait de la candidature de M.&nbsp;Krawczyk \u00e0 la pr\u00e9sidence du CESE et absence de mesures concr\u00e8tes d\u2019assistance envers les victimes de la part de&nbsp;l\u2019administration du CESE<\/a><\/td><\/tr><tr><td>7\/07\/20<\/td><td><a href=\"\/fr\/2020\/07\/harcelement-au-cese-le-ministere-public-belge-saisit-la-cour-criminelle-de-bruxelles\/\" target=\"_blank\" rel=\"noreferrer noopener\">Note \u00e0 l\u2019attention de M. Gianluca Brunetti, Secr\u00e9taire g\u00e9n\u00e9ral du Comit\u00e9 Economique et Social Europ\u00e9en &#8211; Harc\u00e8lement&nbsp;au CESE: le Minist\u00e8re public belge saisit la Cour criminelle de Bruxelles  <\/a><\/td><\/tr><tr><td>15\/06\/20<\/td><td><a href=\"\/fr\/2020\/06\/decision-du-10-juin-dernier-du-bureau-du-cese-concernant-les-cas-averes-de-harcelement\/\" target=\"_blank\" rel=\"noreferrer noopener\">Note \u00e0 l\u2019attention de M. Gianluca Brunetti, Secr\u00e9taire g\u00e9n\u00e9ral du Comit\u00e9 \u00e9conomique et social europ\u00e9en -D\u00e9cision du 10 juin dernier du bureau du CESE concernant les cas av\u00e9r\u00e9s de&nbsp;harc\u00e8lement\u2026   <\/a><\/td><\/tr><tr><td> 15\/05\/20 <\/td><td><a href=\"\/fr\/2020\/05\/harcelement-au-cese-rd-la-denonce-lolaf-la-confirme-le-pe-refuse-la-decharge-2018-au-cese-du-jamais-vu\/\" target=\"_blank\" rel=\"noreferrer noopener\">Note \u00e0 l\u2019attention de M. Gianluca Brunetti, Secr\u00e9taire g\u00e9n\u00e9ral du Comit\u00e9 \u00e9conomique et social europ\u00e9en &#8211; D\u00e9cision du 14 mai dernier du PE refusant la D\u00e9charge 2018 au CESE,&nbsp;suite au rapport de l\u2019audition de l\u2019OLAF faisant \u00e9tat de plusieurs cas av\u00e9r\u00e9s de harc\u00e8lement et d\u2019autres comportements inappropri\u00e9s au sein du CESE<\/a><\/td><\/tr><tr><td>3\/03\/20<\/td><td><a href=\"\/fr\/2020\/03\/cese-refus-de-la-commission-de-controle-budgetaire-du-pe-cont\/\" target=\"_blank\" rel=\"noreferrer noopener\">Note \u00e0 l\u2019attention de M. Gianluca Brunetti, Secr\u00e9taire g\u00e9n\u00e9ral du Comit\u00e9 \u00e9conomique et social europ\u00e9en &#8211;&nbsp;Refus de la Commission de Contr\u00f4le Budg\u00e9taire du PE (CONT) d\u2019adopter la D\u00e9charge 2018 au CESE,&nbsp;suite \u00e0 l\u2019audition in camera du Directeur g\u00e9n\u00e9ral de l\u2019OLAF au sujet du rapport faisant \u00e9tat de cas av\u00e9r\u00e9s de harc\u00e8lement et d\u2019autres comportements inappropri\u00e9s au sein du CESE <\/a><\/td><\/tr><tr><td> 11\/02\/20 <\/td><td> <a href=\"\/fr\/2020\/02\/cas-de-harcelement-au-cese\/\" target=\"_blank\" rel=\"noreferrer noopener\">Note \u00e0 l\u2019attention de M. Gianluca Brunetti, Secr\u00e9taire g\u00e9n\u00e9ral du Comit\u00e9 \u00e9conomique et social europ\u00e9en -Votre message du 3 f\u00e9vrier dernier au personnel relatif aux&nbsp;<em>\u00ab&nbsp;cas de harc\u00e8lement au CESE&nbsp;\u00bb&nbsp;<\/em>et nos questions que nous soumettons \u00e0 votre appr\u00e9ciation<\/a>  <\/td><\/tr><tr><td>28\/01\/2020<\/td><td><a href=\"\/fr\/2020\/01\/rapport-de-lolaf-constatant-plusieurs-cas-averes-de-harcelement-moral-au-comite-economique-et-social-cese\/\" target=\"_blank\" rel=\"noreferrer noopener\">Note \u00e0 l&rsquo;attention de Mr. Gianluca Brunetti, Secr\u00e9taire General  du CESE &#8211;   Rapport de l\u2019OLAF constatant plusieurs cas av\u00e9r\u00e9s de harc\u00e8lement moral au Comit\u00e9 \u00e9conomique et social (CESE) et comportant des recommandations disciplinaires et judiciaires&nbsp;<\/a>&nbsp; <\/td><\/tr><tr><td><strong>2019<\/strong><\/td><td><\/td><\/tr><tr><td>13\/05\/2019<\/td><td><a href=\"\/fr\/2019\/05\/nouvel-organigramme-du-cese-note-a-lattention-de-m-luca-jahier\/\" target=\"_blank\" rel=\"noreferrer noopener\">Note \u00e0 l\u2019attention de M. Luca Jahier, Pr\u00e9sident du CESE &#8211;  Nouvel organigramme du CESE <\/a><\/td><\/tr><tr><td>12\/04\/2019<\/td><td><a href=\"\/fr\/2019\/04\/note-a-lattention-de-m-luca-jahier\/\" target=\"_blank\" rel=\"noreferrer noopener\">Note \u00e0 l\u2019attention de M. Luca Jahier, Pr\u00e9sident du CESE &#8211;  Votre note \u00e0 mon attention en date du 19 mars 2019 <\/a><\/td><\/tr><tr><td>14\/03\/2019<\/td><td><a href=\"\/2019\/03\/open-letter-to-the-members-of-the-european-economic-and-social-committee\/\" target=\"_blank\" rel=\"noreferrer noopener\">Open letter to the Members  of the European Economic and Social Committee<\/a><\/td><\/tr><tr><td>12\/02\/2019<\/td><td><a rel=\"noreferrer noopener\" href=\"\/fr\/2019\/02\/note-a-lattention-de-mm-jahier-et-brunetti-harcelement-au-cese\/\" target=\"_blank\">Note \u00e0 l\u2019attention de MM. Jahier et Brunetti \u2013 Harc\u00e8lement au CESE<\/a>  \/ Article <a href=\"https:\/\/eptoday.com\/eesc-harassment-unresolved\/\">EP Today <\/a>&nbsp;du 21 Janvier 2019 sur les cas de harc\u00e8lement au sein du CESE\u2013&nbsp; Rapport de la M\u00e9diatrice europ\u00e9enne proposant de nouvelles mesures contre le harc\u00e8lement dans les institutions de l\u2019UE  <\/td><\/tr><tr><td><strong>2018<\/strong><\/td><td><\/td><\/tr><tr><td>17\/12\/2018<\/td><td><a href=\"\/fr\/2018\/12\/note-a-lattention-de-m-brunetti-gestion-des-cas-de-harcelement-au-sein-du-cese\/\" target=\"_blank\" rel=\"noreferrer noopener\">Note \u00e0 l\u2019attention de M. Brunetti \u2013 Gestion des cas de harc\u00e8lement au sein du CESE<\/a><\/td><\/tr><tr><td>26\/11\/2018<\/td><td><a href=\"\/2018\/11\/absence-dune-veritable-politique-de-gestion-des-cas-de-harcelement-au-sein-des-institutions\/\" target=\"_blank\" rel=\"noreferrer noopener\">Note \u00e0 l\u2019attention de Mme Ingebor GRAESSLE, Pr\u00e9sidente de la Commission du Contr\u00f4le budg\u00e9taire du Parlement europ\u00e9en &#8211;  Absence d\u2019une v\u00e9ritable politique de gestion des cas de harc\u00e8lement au sein des institutions \u2013 D\u00e9charge 2017 du CESE \u2013 Questions relatives au harc\u00e8lement<\/a> <\/td><\/tr><\/tbody><\/table><\/figure>\n\n\n\n<div style=\"height:38px\" aria-hidden=\"true\" class=\"wp-block-spacer\"><\/div>\n\n\n\n<p>Articles de presse<\/p>\n\n\n\n<figure class=\"wp-block-table\"><table><tbody><tr><td>Presse<\/td><td>Date<\/td><td>Titre<\/td><td><\/td><\/tr><tr><td>euobserver<\/td><td>31\/01\/2020<\/td><td>&lsquo;Law of silence&rsquo; reigns over EESC leaders, says staff union<\/td><td><em><a aria-label=\"read (opens in a new tab)\" href=\"https:\/\/euobserver.com\/institutional\/147312\" target=\"_blank\" rel=\"noreferrer noopener\">read<\/a><\/em><\/td><\/tr><tr><td>euobserver<\/td><td>22\/01\/2020<\/td><td>Senior Polish member at EU body faces Belgian abuse probe<\/td><td><em><a aria-label=\"read (opens in a new tab)\" href=\"https:\/\/euobserver.com\/institutional\/147212\" target=\"_blank\" rel=\"noreferrer noopener\">read<\/a><\/em><\/td><\/tr><tr><td>euobserver<\/td><td>22\/01\/2020<\/td><td>Alleged &lsquo;bully&rsquo; nominated for EESC presidency<\/td><td><em><a aria-label=\"read (opens in a new tab)\" href=\"https:\/\/euobserver.com\/tickers\/147228\" target=\"_blank\" rel=\"noreferrer noopener\">read<\/a><\/em><\/td><\/tr><tr><td>nedinfonl<\/td><td>22\/01\/2020<\/td><td>Alleged Polish bully at EU body may face Belgian probe<\/td><td><em><a aria-label=\"read (opens in a new tab)\" href=\"https:\/\/www.nedinfo.nl\/msm\/exclusive-alleged-polish-bully-at-eu-body-may-face-belgian-probe\" target=\"_blank\" rel=\"noreferrer noopener\">read<\/a><\/em><\/td><\/tr><tr><td>euobserver<\/td><td>23\/09\/2019<\/td><td>EU institution beset by harassment claims<\/td><td><a href=\"https:\/\/euobserver.com\/institutional\/146005\" target=\"_blank\" rel=\"noreferrer noopener\">read<\/a><\/td><\/tr><tr><td>POLITICO<\/td><td>21\/02\/2019<\/td><td>EU body updates rules on harassment<\/td><td><em><a aria-label=\"read (opens in a new tab)\" href=\"https:\/\/www.politico.eu\/article\/eu-body-updates-rules-on-harassment\/\" target=\"_blank\" rel=\"noreferrer noopener\">read<\/a><\/em><\/td><\/tr><tr><td>POLITICO<\/td><td>20\/12\/2018<\/td><td>EU body mulls new harassment sanctions after bullying complaints<\/td><td><em><a aria-label=\"read (opens in a new tab)\" href=\"https:\/\/www.politico.eu\/article\/eu-body-mulls-new-harassment-sanctions-after-bullying-complaints-luca-jahier-european-economic-social-committee\/\" target=\"_blank\" rel=\"noreferrer noopener\">read<\/a><\/em><\/td><\/tr><\/tbody><\/table><\/figure>\n","protected":false},"excerpt":{"rendered":"<p>Nos actions Date Objet 2023 22\/06\/23 Note for the attention of Mr O. R\u00f6pke, President of the EESC \u2013 Your nomination as new EESC President\u00a0 2022 13\/06\/22 Note \u00e0 l\u2019attention de M. O. R\u00d6PKE, pr\u00e9sident du CESE &#8211; Votre nomination en tant que nouveau Pr\u00e9sident du CESE: HERE WE GO AGAIN: Decision adopted by the [&hellip;]<\/p>\n","protected":false},"author":19,"featured_media":21703,"parent":18613,"menu_order":2,"comment_status":"closed","ping_status":"closed","template":"","meta":{"footnotes":""},"_links":{"self":[{"href":"https:\/\/renouveau-democratie.eu\/fr\/wp-json\/wp\/v2\/pages\/19237"}],"collection":[{"href":"https:\/\/renouveau-democratie.eu\/fr\/wp-json\/wp\/v2\/pages"}],"about":[{"href":"https:\/\/renouveau-democratie.eu\/fr\/wp-json\/wp\/v2\/types\/page"}],"author":[{"embeddable":true,"href":"https:\/\/renouveau-democratie.eu\/fr\/wp-json\/wp\/v2\/users\/19"}],"replies":[{"embeddable":true,"href":"https:\/\/renouveau-democratie.eu\/fr\/wp-json\/wp\/v2\/comments?post=19237"}],"version-history":[{"count":19,"href":"https:\/\/renouveau-democratie.eu\/fr\/wp-json\/wp\/v2\/pages\/19237\/revisions"}],"predecessor-version":[{"id":30028,"href":"https:\/\/renouveau-democratie.eu\/fr\/wp-json\/wp\/v2\/pages\/19237\/revisions\/30028"}],"up":[{"embeddable":true,"href":"https:\/\/renouveau-democratie.eu\/fr\/wp-json\/wp\/v2\/pages\/18613"}],"wp:featuredmedia":[{"embeddable":true,"href":"https:\/\/renouveau-democratie.eu\/fr\/wp-json\/wp\/v2\/media\/21703"}],"wp:attachment":[{"href":"https:\/\/renouveau-democratie.eu\/fr\/wp-json\/wp\/v2\/media?parent=19237"}],"curies":[{"name":"wp","href":"https:\/\/api.w.org\/{rel}","templated":true}]}}