{"id":19182,"date":"2020-01-19T23:31:56","date_gmt":"2020-01-19T21:31:56","guid":{"rendered":"\/?page_id=19182"},"modified":"2021-01-06T21:11:28","modified_gmt":"2021-01-06T19:11:28","slug":"promotions","status":"publish","type":"page","link":"https:\/\/renouveau-democratie.eu\/fr\/promotion-reclassement\/promotions\/","title":{"rendered":"Promotions"},"content":{"rendered":"\n<figure class=\"wp-block-pullquote is-style-solid-color\"><blockquote><p>Nous n\u2019avons cess\u00e9 de d\u00e9noncer les dysfonctionnements de l&rsquo;exercice notamment la distribution erratique des quotas par DG qui prive l\u2019exercice de toute cr\u00e9dibilit\u00e9 le r\u00e9duisant \u00e0 une v\u00e9ritable loterie.<\/p><\/blockquote><\/figure>\n\n\n\n<div style=\"height:20px\" aria-hidden=\"true\" class=\"wp-block-spacer\"><\/div>\n\n\n\n<p>Nous n\u2019avons cess\u00e9 de d\u00e9noncer les\ndysfonctionnements de l&rsquo;exercice notamment la distribution erratique des quotas\npar DG qui prive l\u2019exercice de toute cr\u00e9dibilit\u00e9 le r\u00e9duisant \u00e0 une v\u00e9ritable\nloterie. <strong><\/strong><\/p>\n\n\n\n<p class=\"has-very-dark-gray-color has-text-color\"><a>En m\u00eame temps, nous\navons d\u00e9fendu les droits et attentes des coll\u00e8gues \u00e0 chaque \u00e9tape de la\nproc\u00e9dure &#8211; notamment les rencontres avec les DG et les r\u00e9unions des comit\u00e9s de\npromotion &#8211; et \u00e0 chaque \u00e9tape du contentieux visant \u00e0 contester les d\u00e9cisions\nadopt\u00e9es par l&rsquo;AIPN.<\/a><\/p>\n\n\n\n<div style=\"height:20px\" aria-hidden=\"true\" class=\"wp-block-spacer\"><\/div>\n\n\n\n<h2 class=\"has-vivid-red-color has-text-color wp-block-heading\"><span style=\"color: #008E00;\">R<\/span><span style=\"color: #ff0000;\">&amp;<\/span><span style=\"color: #008E00;\">D<\/span> demande<\/h2>\n\n\n\n<div style=\"height:20px\" aria-hidden=\"true\" class=\"wp-block-spacer\"><\/div>\n\n\n\n<ul><li>l\u2019instauration d\u2019une proc\u00e9dure d&rsquo;\u00e9valuation et de promotion \u00e9quitable, bas\u00e9e sur <strong>les meilleures exp\u00e9riences des autres institutions notamment celle du Parlement europ\u00e9en<\/strong>;<\/li><li>la valorisation des qualit\u00e9s et des comp\u00e9tences de chacun avec des proc\u00e9dures d&rsquo;appel efficaces et cr\u00e9dibles permettant de corriger les erreurs et les abus;<\/li><li>le respect rigoureux des taux de promotion d&rsquo;apr\u00e8s l&rsquo;annexe IB et des permanences moyennes dans tous les grades; <\/li><li>la prise en compte des travaux dans l&rsquo;int\u00e9r\u00eat du service et de l&rsquo;Institution; <\/li><li>la mise en place d\u2019une proc\u00e9dure d\u2019\u00e9valuation \u00e0 360\u00b0 et 90\u00b0 cr\u00e9dibles des membres de l&rsquo;encadrement et dont les r\u00e9sultats seraient pris en compte.<\/li><\/ul>\n\n\n\n<div style=\"height:20px\" aria-hidden=\"true\" class=\"wp-block-spacer\"><\/div>\n\n\n\n<div class=\"wp-block-columns is-layout-flex wp-container-core-columns-is-layout-1 wp-block-columns-is-layout-flex\"><\/div>\n\n\n\n<div class=\"wp-block-columns is-layout-flex wp-container-core-columns-is-layout-2 wp-block-columns-is-layout-flex\">\n<div class=\"wp-block-column is-layout-flow wp-block-column-is-layout-flow\">\n<div class=\"wp-block-group has-white-background-color has-background\"><div class=\"wp-block-group__inner-container is-layout-flow wp-block-group-is-layout-flow\">\n<figure class=\"wp-block-image size-large\"><img loading=\"lazy\" decoding=\"async\" width=\"601\" height=\"401\" src=\"\/wp-content\/uploads\/2021\/01\/evaluation-web.png\" alt=\"\" class=\"wp-image-22285\" srcset=\"https:\/\/renouveau-democratie.eu\/wp-content\/uploads\/2021\/01\/evaluation-web.png 601w, https:\/\/renouveau-democratie.eu\/wp-content\/uploads\/2021\/01\/evaluation-web-300x200.png 300w\" sizes=\"(max-width: 601px) 100vw, 601px\" \/><\/figure>\n\n\n\n<h4 class=\"has-text-align-center wp-block-heading\"><a href=\"\/fr\/promotion-reclassement\/promotions\/help-desk-rec\/autoevaluation\/\" target=\"_blank\" rel=\"noreferrer noopener\">Auto \u00e9valuation<\/a><\/h4>\n<\/div><\/div>\n<\/div>\n\n\n\n<div class=\"wp-block-column is-layout-flow wp-block-column-is-layout-flow\">\n<div class=\"wp-block-group has-white-background-color has-background\"><div class=\"wp-block-group__inner-container is-layout-flow wp-block-group-is-layout-flow\">\n<figure class=\"wp-block-image size-large\"><img loading=\"lazy\" decoding=\"async\" width=\"601\" height=\"401\" src=\"\/wp-content\/uploads\/2021\/01\/dialogueweb.png\" alt=\"\" class=\"wp-image-22287\" srcset=\"https:\/\/renouveau-democratie.eu\/wp-content\/uploads\/2021\/01\/dialogueweb.png 601w, https:\/\/renouveau-democratie.eu\/wp-content\/uploads\/2021\/01\/dialogueweb-300x200.png 300w\" sizes=\"(max-width: 601px) 100vw, 601px\" \/><\/figure>\n\n\n\n<h4 class=\"has-text-align-center wp-block-heading\"><a href=\"\/fr\/promotion-reclassement\/promotions\/help-desk-rec\/le-dialogue\/\" target=\"_blank\" rel=\"noreferrer noopener\">Le Dialogue<\/a><\/h4>\n<\/div><\/div>\n<\/div>\n\n\n\n<div class=\"wp-block-column is-layout-flow wp-block-column-is-layout-flow\">\n<div class=\"wp-block-group has-white-background-color has-background\"><div class=\"wp-block-group__inner-container is-layout-flow wp-block-group-is-layout-flow\">\n<figure class=\"wp-block-image size-large\"><img loading=\"lazy\" decoding=\"async\" width=\"609\" height=\"418\" src=\"\/wp-content\/uploads\/2021\/01\/helpdesk-web.jpg\" alt=\"\" class=\"wp-image-22282\" srcset=\"https:\/\/renouveau-democratie.eu\/wp-content\/uploads\/2021\/01\/helpdesk-web.jpg 609w, https:\/\/renouveau-democratie.eu\/wp-content\/uploads\/2021\/01\/helpdesk-web-300x206.jpg 300w\" sizes=\"(max-width: 609px) 100vw, 609px\" \/><\/figure>\n\n\n\n<h4 class=\"has-text-align-center wp-block-heading\"><a rel=\"noreferrer noopener\" href=\"\/fr\/promotion-reclassement\/promotions\/help-desk-rec\/\" target=\"_blank\">Help Desk <\/a><\/h4>\n<\/div><\/div>\n<\/div>\n<\/div>\n\n\n\n<div class=\"wp-block-columns is-layout-flex wp-container-core-columns-is-layout-3 wp-block-columns-is-layout-flex\">\n<div class=\"wp-block-column is-layout-flow wp-block-column-is-layout-flow\">\n<div class=\"wp-block-group has-white-background-color has-background\"><div class=\"wp-block-group__inner-container is-layout-flow wp-block-group-is-layout-flow\">\n<figure class=\"wp-block-image size-large\"><img loading=\"lazy\" decoding=\"async\" width=\"602\" height=\"401\" src=\"\/wp-content\/uploads\/2021\/01\/agenda-web.jpg\" alt=\"\" class=\"wp-image-22279\" srcset=\"https:\/\/renouveau-democratie.eu\/wp-content\/uploads\/2021\/01\/agenda-web.jpg 602w, https:\/\/renouveau-democratie.eu\/wp-content\/uploads\/2021\/01\/agenda-web-300x200.jpg 300w\" sizes=\"(max-width: 602px) 100vw, 602px\" \/><\/figure>\n\n\n\n<h4 class=\"has-text-align-center wp-block-heading\"><a href=\"\/fr\/promotion-reclassement\/promotions\/help-desk-rec\/timing\/\" target=\"_blank\" rel=\"noreferrer noopener\">Calendrier<\/a><\/h4>\n<\/div><\/div>\n<\/div>\n\n\n\n<div class=\"wp-block-column is-layout-flow wp-block-column-is-layout-flow\">\n<div class=\"wp-block-group has-white-background-color has-background\"><div class=\"wp-block-group__inner-container is-layout-flow wp-block-group-is-layout-flow\">\n\n\n<h4 class=\"has-text-align-center wp-block-heading\"><a href=\"\/fr\/promotion-reclassement\/promotions\/help-desk-rec\/average-promotion-speed-and-guarantees-by-commissioner-sefcovic\/\" target=\"_blank\" rel=\"noreferrer noopener\">Permanences moyennes<\/a><\/h4>\n<\/div><\/div>\n<\/div>\n\n\n\n<div class=\"wp-block-column is-layout-flow wp-block-column-is-layout-flow\">\n<div class=\"wp-block-group has-white-background-color has-background\"><div class=\"wp-block-group__inner-container is-layout-flow wp-block-group-is-layout-flow\">\n<figure class=\"wp-block-image size-large\"><img loading=\"lazy\" decoding=\"async\" width=\"601\" height=\"401\" src=\"\/wp-content\/uploads\/2021\/01\/3eme-langue-web.png\" alt=\"\" class=\"wp-image-22276\" srcset=\"https:\/\/renouveau-democratie.eu\/wp-content\/uploads\/2021\/01\/3eme-langue-web.png 601w, https:\/\/renouveau-democratie.eu\/wp-content\/uploads\/2021\/01\/3eme-langue-web-300x200.png 300w\" sizes=\"(max-width: 601px) 100vw, 601px\" \/><\/figure>\n\n\n\n<h4 class=\"has-text-align-center wp-block-heading\"><a href=\"\/fr\/promotion-reclassement\/promotions\/third-language-criterion-for-promotion\/\" target=\"_blank\" rel=\"noreferrer noopener\">Art 45.2 &#8211; 3\u00e8me langue<\/a><\/h4>\n<\/div><\/div>\n<\/div>\n<\/div>\n\n\n\n<p><\/p>\n","protected":false},"excerpt":{"rendered":"<p>Nous n\u2019avons cess\u00e9 de d\u00e9noncer les dysfonctionnements de l&rsquo;exercice notamment la distribution erratique des quotas par DG qui prive l\u2019exercice de toute cr\u00e9dibilit\u00e9 le r\u00e9duisant \u00e0 une v\u00e9ritable loterie. Nous n\u2019avons cess\u00e9 de d\u00e9noncer les dysfonctionnements de l&rsquo;exercice notamment la distribution erratique des quotas par DG qui prive l\u2019exercice de toute cr\u00e9dibilit\u00e9 le r\u00e9duisant \u00e0 [&hellip;]<\/p>\n","protected":false},"author":19,"featured_media":21347,"parent":20267,"menu_order":1,"comment_status":"closed","ping_status":"closed","template":"","meta":{"footnotes":""},"_links":{"self":[{"href":"https:\/\/renouveau-democratie.eu\/fr\/wp-json\/wp\/v2\/pages\/19182"}],"collection":[{"href":"https:\/\/renouveau-democratie.eu\/fr\/wp-json\/wp\/v2\/pages"}],"about":[{"href":"https:\/\/renouveau-democratie.eu\/fr\/wp-json\/wp\/v2\/types\/page"}],"author":[{"embeddable":true,"href":"https:\/\/renouveau-democratie.eu\/fr\/wp-json\/wp\/v2\/users\/19"}],"replies":[{"embeddable":true,"href":"https:\/\/renouveau-democratie.eu\/fr\/wp-json\/wp\/v2\/comments?post=19182"}],"version-history":[{"count":7,"href":"https:\/\/renouveau-democratie.eu\/fr\/wp-json\/wp\/v2\/pages\/19182\/revisions"}],"predecessor-version":[{"id":22291,"href":"https:\/\/renouveau-democratie.eu\/fr\/wp-json\/wp\/v2\/pages\/19182\/revisions\/22291"}],"up":[{"embeddable":true,"href":"https:\/\/renouveau-democratie.eu\/fr\/wp-json\/wp\/v2\/pages\/20267"}],"wp:featuredmedia":[{"embeddable":true,"href":"https:\/\/renouveau-democratie.eu\/fr\/wp-json\/wp\/v2\/media\/21347"}],"wp:attachment":[{"href":"https:\/\/renouveau-democratie.eu\/fr\/wp-json\/wp\/v2\/media?parent=19182"}],"curies":[{"name":"wp","href":"https:\/\/api.w.org\/{rel}","templated":true}]}}