{"id":19011,"date":"2020-01-12T22:41:46","date_gmt":"2020-01-12T20:41:46","guid":{"rendered":"\/?page_id=19011"},"modified":"2021-09-02T22:20:43","modified_gmt":"2021-09-02T20:20:43","slug":"politique-immobiliere","status":"publish","type":"page","link":"https:\/\/renouveau-democratie.eu\/fr\/politique-immobiliere\/","title":{"rendered":"Politique immobili\u00e8re et mobilit\u00e9"},"content":{"rendered":"\n<figure class=\"wp-block-pullquote is-style-solid-color\"><blockquote><p>R&amp;D veille sur la politique immobili\u00e8re et mobilit\u00e9<\/p><\/blockquote><\/figure>\n\n\n\n<p>D\u00e8s 2010 lorsque nous avons eu connaissance de la politique immobili\u00e8re de l\u2019OIB soi-disant \u00ab&nbsp;avant-gardiste&nbsp;\u00bb de proposer des&nbsp;<em>open space<\/em>&nbsp; comme des espaces de travail modernes, nous n\u2019avons cess\u00e9 de d\u00e9noncer ce projet.<\/p>\n\n\n\n<p>Etant donn\u00e9 la sensibilit\u00e9 de ce dossier et l\u2019impact de ces nouveaux espaces de travail sur le bien-\u00eatre et la sant\u00e9 du personnel (bruit, concentration, fatigue, qualit\u00e9 de travail, probl\u00e8mes relationnels, troubles du sommeil, troubles gastro-intestinaux, troubles cardio-vasculaires\u2026), nous avons d\u00e9cid\u00e9 d\u2019agir en collaboration \u00e9troite avec le personnel concern\u00e9.<\/p>\n\n\n\n<p>C\u2019est ainsi que nous avons lanc\u00e9 notre premi\u00e8re consultation aupr\u00e8s du personnel du PMO et ensuite de nos coll\u00e8gues de la DG NEAR, \u00e0 leur demande.<\/p>\n\n\n\n<p><strong>Depuis toujours, nous sommes LE syndicat qui agit apr\u00e8s consultation du personnel et en se basant sur des \u00e9tudes d\u2019experts\u2026&nbsp;<\/strong><\/p>\n\n\n\n<div style=\"height:21px\" aria-hidden=\"true\" class=\"wp-block-spacer\"><\/div>\n\n\n\n<h2 class=\"wp-block-heading\">Sur ce dossier, nous avons&nbsp;:<\/h2>\n\n\n\n<ul><li>lanc\u00e9 une enqu\u00eate aupr\u00e8s du personnel du PMO &amp; DG NEAR<\/li><li>analys\u00e9 les r\u00e9sultats sur base de travaux d\u2019experts et de donn\u00e9es scientifiques<\/li><li>d\u00e9nonc\u00e9 les risques relatifs \u00e0 la sant\u00e9 du personnel et de l\u2019efficience du service<\/li><li>communiqu\u00e9 sur les projets PMO, DG DIGIT, DG TAXUD, DG NEAR, JRC\u2026<\/li><\/ul>\n\n\n\n<div style=\"height:31px\" aria-hidden=\"true\" class=\"wp-block-spacer\"><\/div>\n\n\n\n<h2 class=\"wp-block-heading\">Les avanc\u00e9es obtenues\u2026<\/h2>\n\n\n\n<ul><li>abandon des OPEN SPACE : DG TAXUD, DG NEAR, JRC<\/li><\/ul>\n\n\n\n<p>Nous restons vigilants et continuerons \u00e0 intervenir.<\/p>\n\n\n\n<div style=\"height:30px\" aria-hidden=\"true\" class=\"wp-block-spacer\"><\/div>\n\n\n\n<h2 class=\"wp-block-heading\">R&amp;D&nbsp;demande&nbsp;:&nbsp;<\/h2>\n\n\n\n<ul><li>le lancement d\u2019une enqu\u00eate int\u00e9grant l\u2019\u00e9valuation du WIP (index de l\u2019\u00e9valuation de l\u2019espace de travail) pour les services ayant d\u00e9j\u00e0 opt\u00e9 pour l\u2019&nbsp;<em>open space<\/em>, soit 4000 coll\u00e8gues concern\u00e9s<\/li><li>l\u2019int\u00e9gration de l\u2019\u00e9valuation du WIP dans le prochain&nbsp;<em>Staff Survey<\/em><\/li><li>l\u2019instauration d\u2019une politique de vigilance aux premiers signes de risques psychosociaux et de baisse de sant\u00e9 physique des coll\u00e8gues travaillant dans des services ayant opt\u00e9 pour l\u2019<em>open space<\/em>, notamment PMO, OIB, DIGIT<\/li><li>la participation obligatoire \u00e0 une formation sp\u00e9cifique de pr\u00e9vention des risques en&nbsp;<em>open space<\/em>&nbsp;pour les managers des services ayant opt\u00e9 pour cet espace de travail<\/li><li>l\u2019abandon de toute approche visant \u00e0 \u00e9tablir une politique immobili\u00e8re uniquement sur base de rationalisation des espaces et de baisse des d\u00e9penses budg\u00e9taires. A cet \u00e9gard, les pr\u00e9visions de la politique immobili\u00e8re de l\u2019OIB pr\u00e9voyant une restriction d\u2019environ 20.000 m2 d\u2019espace de travail d\u2019ici 2021 n\u2019est pas r\u00e9aliste et compatible avec le bien-\u00eatre du personnel<\/li><\/ul>\n\n\n\n<div style=\"height:31px\" aria-hidden=\"true\" class=\"wp-block-spacer\"><\/div>\n\n\n\n<h2 class=\"wp-block-heading\">Communications de R&amp;D<\/h2>\n\n\n\n<figure class=\"wp-block-table\"><table><tbody><tr><td>Date<\/td><td>Objet<\/td><\/tr><tr><td><strong>2021<\/strong><\/td><td><\/td><\/tr><tr><td>27\/04\/21<\/td><td><a href=\"\/fr\/2021\/04\/les-bureaux-un-hotel-low-cost-ou-un-complexe-de-luxe\/\" target=\"_blank\" rel=\"noreferrer noopener\">Les bureaux : un h\u00f4tel low cost ou un complexe de luxe ?<\/a><\/td><\/tr><tr><td>23\/04\/21<\/td><td><a href=\"\/fr\/2021\/04\/e-conference-hot-desking-et-open-space\/\" target=\"_blank\" rel=\"noreferrer noopener\">e-conf\u00e9rence : \u00ab Hot-desking \u00bb et \u00ab&nbsp;Open&nbsp;Space \u00bb<\/a>, quels espaces de travail \u00e0 la Commission europ\u00e9enne?<\/td><\/tr><tr><td>22\/02\/21<\/td><td><a href=\"\/fr\/2021\/02\/les-managers-auraient-droit-a-de-spacieux-bureaux-individuels\/\" target=\"_blank\" rel=\"noreferrer noopener\">Les managers auraient droit \u00e0 de spacieux bureaux individuels\u2026<\/a><\/td><\/tr><tr><td>09\/02\/21<\/td><td><a href=\"\/fr\/2021\/02\/le-renard-dechaine-special-teletravail-hotdesking\/\" target=\"_blank\" rel=\"noreferrer noopener\">Le Renard D\u00e9cha\u00een\u00e9 sp\u00e9cial T\u00e9l\u00e9travail\/Hotdesking<\/a><\/td><\/tr><tr><td><strong>2020<\/strong><\/td><td><\/td><\/tr><tr><td>16\/11\/20<\/td><td><a href=\"\/fr\/2020\/11\/le-renard-dechaine-special-open-space-et-la-lumiere-fut\/\" target=\"_blank\" rel=\"noreferrer noopener\">Le Renard D\u00e9cha\u00een\u00e9 sp\u00e9cial&nbsp;OPEN&nbsp;SPACE \u2013 Et la lumi\u00e8re fut?<\/a><\/td><\/tr><tr><td>15\/07\/20<\/td><td><a href=\"\/fr\/2020\/07\/oib-tv-back-to-the-office-in-the-one\/\" target=\"_blank\" rel=\"noreferrer noopener\">OIB TV\u2026 Back to the office in \u201cThe One\u201d?<\/a><\/td><\/tr><tr><td><strong>2019<\/strong><\/td><td><\/td><\/tr><tr><td>2\/12\/19<\/td><td><a href=\"\/fr\/2019\/12\/18381\/\" target=\"_blank\" rel=\"noreferrer noopener\">\u00ab&nbsp;Workplace Of the Future&nbsp;\u00bb : la s\u00e9cession de la DG BUDG?<\/a><\/td><\/tr><tr><td><strong>2018<\/strong><\/td><td><\/td><\/tr><tr><td>31\/01\/18<\/td><td><a rel=\"noreferrer noopener\" href=\"\/fr\/2018\/01\/la-dg-near-abandonne-le-projet-dopen-space\/\" target=\"_blank\">La DG NEAR abandonne le projet d&rsquo;open space<\/a><\/td><\/tr><tr><td><strong>2016<\/strong><\/td><td><\/td><\/tr><tr><td>16\/12\/16<\/td><td><a href=\"\/fr\/2016\/12\/open-space-espaces-collaboratifs-a-la-dg-near\/\" target=\"_blank\" rel=\"noreferrer noopener\">OPEN SPACE&#8230; Espaces collaboratifs \u00e0 la DG NEAR<\/a><\/td><\/tr><tr><td>18\/10\/16<\/td><td><a href=\"\/?p=15030\" target=\"_blank\" rel=\"noreferrer noopener\">Saga R\u00e9alit\u00e9 \u00ab&nbsp;open space&nbsp;\u00bb au JRC<\/a><\/td><\/tr><tr><td>14\/10\/16<\/td><td><a href=\"\/fr\/2016\/10\/note-a-lattention-de-mme-veronica-gaffey-directrice-du-pmo-open-space-au-sein-de-vos-services\/\" target=\"_blank\" rel=\"noreferrer noopener\">Note \u00e0 l\u2019attention de Mme Veronica Gaffey, Directrice du PMO \u00ab&nbsp;OPEN SPACE&nbsp;\u00bb au sein de vos services<\/a><\/td><\/tr><tr><td>13\/10\/16<\/td><td><a href=\"\/fr\/politique-immobiliere\/open-space-2-2\/open-space-3\/\" target=\"_blank\" rel=\"noreferrer noopener\">Enqu\u00eate OPEN SPACE PMO: les r\u00e9sultats et analyse<\/a><\/td><\/tr><tr><td>4\/05\/16<\/td><td><a href=\"\/fr\/2016\/05\/14679\/\" target=\"_blank\" rel=\"noreferrer noopener\">Enqu\u00eate\u2014Open Space\u2014PMO<\/a><\/td><\/tr><tr><td>3\/03\/16<\/td><td><a href=\"\/fr\/2016\/03\/black-pearl-enfin-la-dg-digit-ouvre-le-dialogue\/\" target=\"_blank\" rel=\"noreferrer noopener\">Black Pearl \u2013 Enfin la DIGIT ouvre le dialogue<\/a><\/td><\/tr><tr><td>21\/04\/16<\/td><td><a href=\"\/fr\/2016\/04\/demenagement-du-pmo-vers-csm2-tous-en-open-space\/\" target=\"_blank\" rel=\"noreferrer noopener\">D\u00e9m\u00e9nagement du PMO vers CSM2. Tous en Open space!<\/a><\/td><\/tr><tr><td>19\/02\/16<\/td><td><a href=\"\/?p=14182\" target=\"_blank\" rel=\"noreferrer noopener\">La Grande \u00ab&nbsp;Nomade&nbsp;\u00bb \u2013 La Commission adopte une nouvelle Politique immobili\u00e8re!<\/a><\/td><\/tr><tr><td>15\/02\/16<\/td><td><a href=\"\/fr\/2016\/02\/saga-open-space-acte-ii-scene-iii-la-dg-digit-entre-en-scene-sans-consulter-son-personnel\/\" target=\"_blank\" rel=\"noreferrer noopener\">Saga \u00ab&nbsp;Open space&nbsp;\u00bb \u2013 Acte II Sc\u00e8ne III: la DG DIGIT entre en sc\u00e8ne sans consulter son Personnel!<\/a><\/td><\/tr><tr><td>27\/01\/16<\/td><td><a href=\"\/fr\/2016\/01\/14107\/\" target=\"_blank\" rel=\"noreferrer noopener\">La Commission toujours avec un TGV de retard sur la r\u00e9alit\u00e9: \u00ab&nbsp;The Economist&nbsp;\u00bb confirme la position de R&amp;D sur les cons\u00e9quences n\u00e9fastes des \u00ab&nbsp;Open space&nbsp;\u00bb..<\/a>.<\/td><\/tr><tr><td>21\/01\/16<\/td><td><a href=\"\/?p=14088\" target=\"_blank\" rel=\"noreferrer noopener\">Savez-vous que la Commission a l\u2019ambition de faire d\u2019un ancien b\u00e2timent une nouvelle vitrine de l\u2019institution?<\/a><\/td><\/tr><tr><td>12\/01\/15<\/td><td><a href=\"\/?p=12883\" target=\"_blank\" rel=\"noreferrer noopener\">Black Pearl 2: R\u00e9el danger pour les passagers du Black Pearl<\/a><\/td><\/tr><tr><td>12\/01\/15<\/td><td><a href=\"\/?p=12883\" target=\"_blank\" rel=\"noreferrer noopener\">Black Pearl 1: D\u00e9gradation des conditions de travail en vue dans le nouveau b\u00e2timent Black Pearl<\/a><\/td><\/tr><tr><td>3\/12\/14<\/td><td><a href=\"\/fr\/2014\/12\/projet-de-la-commission-tout-le-monde-en-hot-desk\/\" target=\"_blank\" rel=\"noreferrer noopener\">Projet de la Commission : tout le monde en \u00ab&nbsp;hot desk&nbsp;\u00bb<\/a><\/td><\/tr><tr><td>8\/10\/10<\/td><td><a href=\"\/fr\/2010\/10\/open-space-des-collegues-entassees-dans-les-bureaux\/\" target=\"_blank\" rel=\"noreferrer noopener\">Open space&nbsp; : des coll\u00e8gues entass\u00e9s dans les bureaux<\/a><\/td><\/tr><\/tbody><\/table><\/figure>\n\n\n\n<h3 class=\"wp-block-heading\">Autre documentation<\/h3>\n\n\n\n<p><a href=\"https:\/\/myintracomm.ec.europa.eu\/dg\/oib\/docref\/Documents\/mit-standard-building-specs_fr.pdf#search=manuel%20de%20l%27immeuble%20type\">Manuel des normes applicables \u00e0 l\u2019Immeuble type<\/a><\/p>\n\n\n\n<p><a href=\"https:\/\/myintracomm.ec.europa.eu\/dg\/oib\/docref\/Documents\/ec-housing-conditions-manual-part2_fr.pdf#search=manuel%20des%20conditions%20d%22h%C3%A9bergement%20partie%202\">Manuel des conditions d\u2019h\u00e9bergement des services de la Commission<\/a>\u2014Partie 2<\/p>\n\n\n\n<div style=\"height:60px\" aria-hidden=\"true\" class=\"wp-block-spacer\"><\/div>\n\n\n\n<hr class=\"wp-block-separator has-text-color has-background has-vivid-red-background-color has-vivid-red-color\"\/>\n\n\n\n<div style=\"height:60px\" aria-hidden=\"true\" class=\"wp-block-spacer\"><\/div>\n\n\n\n<h2 class=\"has-text-align-center has-vivid-red-color has-text-color wp-block-heading\">Programme 2018-2021<\/h2>\n\n\n\n<div style=\"height:20px\" aria-hidden=\"true\" class=\"wp-block-spacer\"><\/div>\n\n\n\n<div class=\"wp-block-columns is-layout-flex wp-container-core-columns-is-layout-1 wp-block-columns-is-layout-flex\">\n<div class=\"wp-block-column is-layout-flow wp-block-column-is-layout-flow\" style=\"flex-basis:25%\"><\/div>\n\n\n\n<div class=\"wp-block-column is-layout-flow wp-block-column-is-layout-flow\" style=\"flex-basis:50%\">\n<figure class=\"wp-block-embed is-type-video is-provider-youtube wp-block-embed-youtube wp-embed-aspect-16-9 wp-has-aspect-ratio\"><div class=\"wp-block-embed__wrapper\">\n<iframe loading=\"lazy\" title=\"Renouveau et D\u00e9mocratie - SANTE-ENVIRONNEMENT-POLITIQUE IMMOBILIERE : Programme 2018-2021\" width=\"768\" height=\"432\" src=\"https:\/\/www.youtube.com\/embed\/9y9mmR8gsks?list=PLrBIl4mCc3n9C974EYFrlAuYF2aJ46zwc\" frameborder=\"0\" allow=\"accelerometer; autoplay; clipboard-write; encrypted-media; gyroscope; picture-in-picture\" allowfullscreen><\/iframe>\n<\/div><\/figure>\n\n\n\n<p><\/p>\n<\/div>\n\n\n\n<div class=\"wp-block-column is-layout-flow wp-block-column-is-layout-flow\" style=\"flex-basis:25%\"><\/div>\n<\/div>\n\n\n\n<p><\/p>\n","protected":false},"excerpt":{"rendered":"<p>R&amp;D veille sur la politique immobili\u00e8re et mobilit\u00e9 D\u00e8s 2010 lorsque nous avons eu connaissance de la politique immobili\u00e8re de l\u2019OIB soi-disant \u00ab&nbsp;avant-gardiste&nbsp;\u00bb de proposer des&nbsp;open space&nbsp; comme des espaces de travail modernes, nous n\u2019avons cess\u00e9 de d\u00e9noncer ce projet. Etant donn\u00e9 la sensibilit\u00e9 de ce dossier et l\u2019impact de ces nouveaux espaces de travail [&hellip;]<\/p>\n","protected":false},"author":19,"featured_media":21143,"parent":0,"menu_order":0,"comment_status":"closed","ping_status":"closed","template":"","meta":{"footnotes":""},"_links":{"self":[{"href":"https:\/\/renouveau-democratie.eu\/fr\/wp-json\/wp\/v2\/pages\/19011"}],"collection":[{"href":"https:\/\/renouveau-democratie.eu\/fr\/wp-json\/wp\/v2\/pages"}],"about":[{"href":"https:\/\/renouveau-democratie.eu\/fr\/wp-json\/wp\/v2\/types\/page"}],"author":[{"embeddable":true,"href":"https:\/\/renouveau-democratie.eu\/fr\/wp-json\/wp\/v2\/users\/19"}],"replies":[{"embeddable":true,"href":"https:\/\/renouveau-democratie.eu\/fr\/wp-json\/wp\/v2\/comments?post=19011"}],"version-history":[{"count":9,"href":"https:\/\/renouveau-democratie.eu\/fr\/wp-json\/wp\/v2\/pages\/19011\/revisions"}],"predecessor-version":[{"id":23640,"href":"https:\/\/renouveau-democratie.eu\/fr\/wp-json\/wp\/v2\/pages\/19011\/revisions\/23640"}],"wp:featuredmedia":[{"embeddable":true,"href":"https:\/\/renouveau-democratie.eu\/fr\/wp-json\/wp\/v2\/media\/21143"}],"wp:attachment":[{"href":"https:\/\/renouveau-democratie.eu\/fr\/wp-json\/wp\/v2\/media?parent=19011"}],"curies":[{"name":"wp","href":"https:\/\/api.w.org\/{rel}","templated":true}]}}