{"id":19,"date":"2009-09-28T17:41:19","date_gmt":"2009-09-28T15:41:19","guid":{"rendered":"\/?page_id=19"},"modified":"2023-03-24T17:31:58","modified_gmt":"2023-03-24T15:31:58","slug":"devenez-membre","status":"publish","type":"page","link":"https:\/\/renouveau-democratie.eu\/fr\/devenez-membre\/","title":{"rendered":"Devenez Membre"},"content":{"rendered":"\n<p>Pour adh\u00e9rer \u00e0 R&amp;D, merci de compl\u00e9ter ce formulaire et d&rsquo;effectuer le r\u00e8glement correspondant \u00e0 votre cotisation:<\/p>\n\n\n\n<iframe loading=\"lazy\" src=\"https:\/\/docs.google.com\/forms\/d\/e\/1FAIpQLSdYhmoEmOmefW_Gd3a8G_UkS6NzvMW1wkfiDuW5bWvfpvAU7Q\/viewform?embedded=true\" width=\"640\" height=\"2320\" frameborder=\"0\" marginheight=\"0\" marginwidth=\"0\">Loading\u2026<\/iframe>\n\n\n\n<p><\/p>\n","protected":false},"excerpt":{"rendered":"<p>Pour adh\u00e9rer \u00e0 R&amp;D, merci de compl\u00e9ter ce formulaire et d&rsquo;effectuer le r\u00e8glement correspondant \u00e0 votre cotisation: Loading\u2026<\/p>\n","protected":false},"author":1,"featured_media":0,"parent":0,"menu_order":50,"comment_status":"closed","ping_status":"closed","template":"","meta":{"footnotes":""},"_links":{"self":[{"href":"https:\/\/renouveau-democratie.eu\/fr\/wp-json\/wp\/v2\/pages\/19"}],"collection":[{"href":"https:\/\/renouveau-democratie.eu\/fr\/wp-json\/wp\/v2\/pages"}],"about":[{"href":"https:\/\/renouveau-democratie.eu\/fr\/wp-json\/wp\/v2\/types\/page"}],"author":[{"embeddable":true,"href":"https:\/\/renouveau-democratie.eu\/fr\/wp-json\/wp\/v2\/users\/1"}],"replies":[{"embeddable":true,"href":"https:\/\/renouveau-democratie.eu\/fr\/wp-json\/wp\/v2\/comments?post=19"}],"version-history":[{"count":99,"href":"https:\/\/renouveau-democratie.eu\/fr\/wp-json\/wp\/v2\/pages\/19\/revisions"}],"predecessor-version":[{"id":26832,"href":"https:\/\/renouveau-democratie.eu\/fr\/wp-json\/wp\/v2\/pages\/19\/revisions\/26832"}],"wp:attachment":[{"href":"https:\/\/renouveau-democratie.eu\/fr\/wp-json\/wp\/v2\/media?parent=19"}],"curies":[{"name":"wp","href":"https:\/\/api.w.org\/{rel}","templated":true}]}}