{"id":18663,"date":"2021-01-06T16:24:37","date_gmt":"2021-01-06T14:24:37","guid":{"rendered":"\/?page_id=18663"},"modified":"2021-01-06T22:17:25","modified_gmt":"2021-01-06T20:17:25","slug":"expo-photos-seul-avec-les-autres","status":"publish","type":"page","link":"https:\/\/renouveau-democratie.eu\/fr\/expo-photos-seul-avec-les-autres\/","title":{"rendered":"Expo-photos \u00ab Seul avec les autres \u00bb"},"content":{"rendered":"\n<p><\/p>\n\n\n\n<figure class=\"wp-block-pullquote is-style-solid-color\"><blockquote><p><em>La dignit\u00e9 humaine est inviolable, elle doit \u00eatre respect\u00e9e et prot\u00e9g\u00e9e<\/em> !<\/p><\/blockquote><\/figure>\n\n\n\n<p class=\"has-text-align-left has-black-color has-text-color\"><strong>Dans le monde des adolescents souffrant de troubles psychologiques et de jeunes autistes de la Porte Ouverte \u00e0 Blicquy \u2013 Photos de Michel Loriaux<\/strong><em><a href=\"#_edn1\"><\/a><\/em><\/p>\n\n\n\n<p>En novembre 2017, <strong><span style=\"color: #008E00;\">R<\/span><span style=\"color: #ff0000;\">&amp;<\/span><span style=\"color: #008E00;\">D<\/span><\/strong> a organis\u00e9 une exposition sur le th\u00e8me de l\u2019autisme sous le patronage de Madame la Commissaire Marianne Thyssen, en charge de l\u2019emploi, affaires sociales, comp\u00e9tences et mobilit\u00e9 des travailleurs.<\/p>\n\n\n\n<div style=\"height:19px\" aria-hidden=\"true\" class=\"wp-block-spacer\"><\/div>\n\n\n\n<h2 class=\"wp-block-heading\">Nous avons<\/h2>\n\n\n\n<ul><li>choisi l\u2019art afin d\u2019exprimer notre solidarit\u00e9 envers nos coll\u00e8gues, parents d\u2019enfants handicap\u00e9s; <\/li><li>attir\u00e9 l\u2019attention de l\u2019administration&nbsp; sur les exigences qui incombent \u00e0 nos coll\u00e8gues;<\/li><li>rappel\u00e9 le droit des personnes handicap\u00e9es; <\/li><li>demand\u00e9 l\u2019application de la convention des Nations Unies sur le droit des personnes handicap\u00e9es (CNUDPH);<\/li><li>interpell\u00e9 les Ecoles europ\u00e9ennes sur l\u2019obligation de pourvoir \u00e0 l\u2019insertion scolaire \u00e0 tous les niveaux et d\u2019offrir, tout au long de la vie, des possibilit\u00e9s d\u2019\u00e9ducation qui visent entre autres le plein \u00e9panouissement du potentiel humain et du sentiment de dignit\u00e9 et d\u2019estime de soi\u2026 (rappel de l\u2019article 24 de la CNUDPH).&nbsp; <\/li><\/ul>\n\n\n\n<h2 class=\"wp-block-heading\">Nous continuons \u00e0 suivre cette action au niveau syndical.<br><\/h2>\n\n\n\n<hr class=\"wp-block-separator\"\/>\n","protected":false},"excerpt":{"rendered":"<p>La dignit\u00e9 humaine est inviolable, elle doit \u00eatre respect\u00e9e et prot\u00e9g\u00e9e ! Dans le monde des adolescents souffrant de troubles psychologiques et de jeunes autistes de la Porte Ouverte \u00e0 Blicquy \u2013 Photos de Michel Loriaux En novembre 2017, R&amp;D a organis\u00e9 une exposition sur le th\u00e8me de l\u2019autisme sous le patronage de Madame la [&hellip;]<\/p>\n","protected":false},"author":19,"featured_media":0,"parent":0,"menu_order":0,"comment_status":"closed","ping_status":"closed","template":"","meta":{"footnotes":""},"_links":{"self":[{"href":"https:\/\/renouveau-democratie.eu\/fr\/wp-json\/wp\/v2\/pages\/18663"}],"collection":[{"href":"https:\/\/renouveau-democratie.eu\/fr\/wp-json\/wp\/v2\/pages"}],"about":[{"href":"https:\/\/renouveau-democratie.eu\/fr\/wp-json\/wp\/v2\/types\/page"}],"author":[{"embeddable":true,"href":"https:\/\/renouveau-democratie.eu\/fr\/wp-json\/wp\/v2\/users\/19"}],"replies":[{"embeddable":true,"href":"https:\/\/renouveau-democratie.eu\/fr\/wp-json\/wp\/v2\/comments?post=18663"}],"version-history":[{"count":5,"href":"https:\/\/renouveau-democratie.eu\/fr\/wp-json\/wp\/v2\/pages\/18663\/revisions"}],"predecessor-version":[{"id":22329,"href":"https:\/\/renouveau-democratie.eu\/fr\/wp-json\/wp\/v2\/pages\/18663\/revisions\/22329"}],"wp:attachment":[{"href":"https:\/\/renouveau-democratie.eu\/fr\/wp-json\/wp\/v2\/media?parent=18663"}],"curies":[{"name":"wp","href":"https:\/\/api.w.org\/{rel}","templated":true}]}}