{"id":18643,"date":"2020-01-19T19:33:50","date_gmt":"2020-01-19T17:33:50","guid":{"rendered":"\/?page_id=18643"},"modified":"2023-09-18T10:23:27","modified_gmt":"2023-09-18T08:23:27","slug":"ergonomie-au-travail","status":"publish","type":"page","link":"https:\/\/renouveau-democratie.eu\/fr\/ergonomie-au-travail\/","title":{"rendered":"Ergonomie au travail"},"content":{"rendered":"\n<p><\/p>\n\n\n\n<blockquote class=\"wp-block-quote is-layout-flow wp-block-quote-is-layout-flow\">\n<p class=\"has-medium-font-size\"><strong>Etant donn\u00e9 que la surcharge de travail s\u2019accro\u00eet, les pauses deviennent de plus en plus limit\u00e9es et vous passez beaucoup plus de temps dans votre bureau.<\/strong><\/p>\n<\/blockquote>\n\n\n\n<p><\/p>\n\n\n\n<p>L\u2019une de vos pr\u00e9occupations r\u00e9currentes est de travailler dans un environnement moderne avec le mat\u00e9riel adapt\u00e9 et ergonomique permettant de travailler \u00e0 votre convenance soit assis, soit debout.<\/p>\n\n\n\n<p>Vous souhaitez \u00e9galement travailler dans des\nbureaux propres, confortables (\u00e0 temp\u00e9rature ambiante et sans bruit) et\nrespectant les normes. <\/p>\n\n\n\n<p>Nous sommes toujours intervenus d\u00e8s qu\u2019un cas nous\n\u00e9tait signal\u00e9 afin que vous puissiez travailler dans les meilleures conditions.\n<\/p>\n\n\n\n<div style=\"height:20px\" aria-hidden=\"true\" class=\"wp-block-spacer\"><\/div>\n\n\n\n<h2 class=\"wp-block-heading\"><span style=\"color: #008E00;\">R<\/span><span style=\"color: #ff0000;\">&amp;<\/span><span style=\"color: #008E00;\">D<\/span> vous soutient et demande: <\/h2>\n\n\n\n<ul>\n<li>l\u2019application stricte de la Directive europ\u00e9enne 90\/270\/CEE relative \u00e0 la pr\u00e9vention des risques li\u00e9s au travail sur \u00e9quipement comportant des \u00e9crans de visualisation;<\/li>\n\n\n\n<li>l\u2019\u00e9tude et l\u2019am\u00e9nagement de chaque poste de travail effectu\u00e9s par un ergonome;<\/li>\n\n\n\n<li>mobilier r\u00e9glable en fonction des caract\u00e9ristiques physiques de l\u2019utilisateur (fauteuil, plan de travail, repose-pieds);<\/li>\n\n\n\n<li>espace de travail permettant de bouger ais\u00e9ment (minimum 10m<sup>2<\/sup>\/personne);<\/li>\n\n\n\n<li>une politique de pr\u00e9vention des&nbsp; troubles musculosquelettiques;<\/li>\n\n\n\n<li>la pr\u00e9vention de la fatigue visuelle effectu\u00e9e par le m\u00e9decin du travail avec intervention obligatoire d\u2019un ophtalmologue si n\u00e9cessaire;<\/li>\n\n\n\n<li>l\u2019utilisation d\u2019un \u00e9clairage naturel ou s\u2019y rapprochant;<\/li>\n\n\n\n<li>la pr\u00e9vention du bruit;<\/li>\n\n\n\n<li>le confort thermique;<\/li>\n\n\n\n<li>la qualit\u00e9 de l\u2019air; <\/li>\n\n\n\n<li>la ventilation optimale;<\/li>\n\n\n\n<li>la propret\u00e9 des locaux. <\/li>\n<\/ul>\n","protected":false},"excerpt":{"rendered":"<p>Etant donn\u00e9 que la surcharge de travail s\u2019accro\u00eet, les pauses deviennent de plus en plus limit\u00e9es et vous passez beaucoup plus de temps dans votre bureau. L\u2019une de vos pr\u00e9occupations r\u00e9currentes est de travailler dans un environnement moderne avec le mat\u00e9riel adapt\u00e9 et ergonomique permettant de travailler \u00e0 votre convenance soit assis, soit debout. Vous [&hellip;]<\/p>\n","protected":false},"author":19,"featured_media":21698,"parent":0,"menu_order":0,"comment_status":"closed","ping_status":"closed","template":"","meta":{"footnotes":""},"_links":{"self":[{"href":"https:\/\/renouveau-democratie.eu\/fr\/wp-json\/wp\/v2\/pages\/18643"}],"collection":[{"href":"https:\/\/renouveau-democratie.eu\/fr\/wp-json\/wp\/v2\/pages"}],"about":[{"href":"https:\/\/renouveau-democratie.eu\/fr\/wp-json\/wp\/v2\/types\/page"}],"author":[{"embeddable":true,"href":"https:\/\/renouveau-democratie.eu\/fr\/wp-json\/wp\/v2\/users\/19"}],"replies":[{"embeddable":true,"href":"https:\/\/renouveau-democratie.eu\/fr\/wp-json\/wp\/v2\/comments?post=18643"}],"version-history":[{"count":7,"href":"https:\/\/renouveau-democratie.eu\/fr\/wp-json\/wp\/v2\/pages\/18643\/revisions"}],"predecessor-version":[{"id":27307,"href":"https:\/\/renouveau-democratie.eu\/fr\/wp-json\/wp\/v2\/pages\/18643\/revisions\/27307"}],"wp:featuredmedia":[{"embeddable":true,"href":"https:\/\/renouveau-democratie.eu\/fr\/wp-json\/wp\/v2\/media\/21698"}],"wp:attachment":[{"href":"https:\/\/renouveau-democratie.eu\/fr\/wp-json\/wp\/v2\/media?parent=18643"}],"curies":[{"name":"wp","href":"https:\/\/api.w.org\/{rel}","templated":true}]}}