{"id":18638,"date":"2020-01-12T22:16:15","date_gmt":"2020-01-12T20:16:15","guid":{"rendered":"\/?page_id=18638"},"modified":"2020-01-19T19:23:52","modified_gmt":"2020-01-19T17:23:52","slug":"environnement","status":"publish","type":"page","link":"https:\/\/renouveau-democratie.eu\/fr\/environnement\/","title":{"rendered":"Environnement"},"content":{"rendered":"\n<h3 class=\"has-text-color wp-block-heading\" style=\"color:#3f9c35\">La qualit\u00e9 de l\u2019air est une des pr\u00e9occupations de l\u2019Union dans le cadre de la protection de la sant\u00e9 et de l\u2019environnement des citoyens. <\/h3>\n\n\n\n<div class=\"wp-block-image\"><figure class=\"aligncenter size-large is-resized\"><img loading=\"lazy\" decoding=\"async\" src=\"\/wp-content\/uploads\/2020\/01\/sky-1551112_1920-1-1024x507.jpg\" alt=\"\" class=\"wp-image-19001\" width=\"443\" height=\"219\" srcset=\"https:\/\/renouveau-democratie.eu\/wp-content\/uploads\/2020\/01\/sky-1551112_1920-1-1024x507.jpg 1024w, https:\/\/renouveau-democratie.eu\/wp-content\/uploads\/2020\/01\/sky-1551112_1920-1-300x148.jpg 300w, https:\/\/renouveau-democratie.eu\/wp-content\/uploads\/2020\/01\/sky-1551112_1920-1-768x380.jpg 768w, https:\/\/renouveau-democratie.eu\/wp-content\/uploads\/2020\/01\/sky-1551112_1920-1-1536x760.jpg 1536w, https:\/\/renouveau-democratie.eu\/wp-content\/uploads\/2020\/01\/sky-1551112_1920-1-150x74.jpg 150w, https:\/\/renouveau-democratie.eu\/wp-content\/uploads\/2020\/01\/sky-1551112_1920-1-400x198.jpg 400w, https:\/\/renouveau-democratie.eu\/wp-content\/uploads\/2020\/01\/sky-1551112_1920-1.jpg 1920w\" sizes=\"(max-width: 443px) 100vw, 443px\" \/><\/figure><\/div>\n\n\n\n<p>Dans ce contexte, la Ville de Bruxelles a \u00e9t\u00e9\nmise en demeure par la Commission pour le non-respect de la l\u00e9gislation en\nvigueur. Les critiques fustigent, en particulier les manquements du contr\u00f4le de\nla qualit\u00e9 de l\u2019air.<\/p>\n\n\n\n<p><strong><span style=\"color: #008E00;\">R<\/span><span style=\"color: #ff0000;\">&amp;<\/span><span style=\"color: #008E00;\">D<\/span><\/strong>&nbsp;toujours soucieux de pr\u00e9server et prot\u00e9ger\nvotre sant\u00e9 a interpell\u00e9 \u00e0 ce sujet les Commissaires G\u00fcnther OETTINGER, en\ncharge du Budget et des Ressources humaines et Karmenu VELLA, en charge de\nl\u2019Environnement.<\/p>\n\n\n\n<p><strong><span style=\"color: #008E00;\">R<\/span><span style=\"color: #ff0000;\">&amp;<\/span><span style=\"color: #008E00;\">D<\/span><\/strong>&nbsp;a \u00e9galement rappel\u00e9 \u00e0 l\u2019OIB <a href=\"http:\/\/www.energieplus-lesite.be\/index.php?id=11852\">la norme europ\u00e9enne EN 13779<\/a>&nbsp;qui sp\u00e9cifie clairement les performances de filtrage que requiert\nle syst\u00e8me, pour donner une bonne qualit\u00e9 de l\u2019air int\u00e9rieur, en fonction de\nl\u2019air ext\u00e9rieur.<\/p>\n\n\n\n<p class=\"has-text-color has-vivid-red-color\"><em>&nbsp;<\/em><strong>Nous avons ainsi demand\u00e9 l&rsquo;intervention des\nCommissaires OETTINGER et VELLA concernant:<\/strong><\/p>\n\n\n\n<ul><li>les risques pour la sant\u00e9 des citoyens et du personnel;<\/li><li>le non fonctionnement de certaines stations au quartier europ\u00e9en;<\/li><li>le non-respect des valeurs limites;<\/li><li>le rappel des directives et normes europ\u00e9ennes;<\/li><li>le taux alarmant de dioxyde d\u2019azote;<\/li><li>la qualit\u00e9 de l\u2019air des bureaux selon la norme EN13779.<\/li><\/ul>\n\n\n\n<p class=\"has-text-color has-vivid-red-color\"><strong>Les avanc\u00e9es obtenue<\/strong>s:<\/p>\n\n\n\n<ul><li>prise en compte de nos demandes;<\/li><li>intervention de la Commission aupr\u00e8s du Gouvernement belge;<\/li><li>le gouvernement belge a pris des dispositions et de ce fait, la Commission n\u2019a pas saisi la justice.<\/li><\/ul>\n\n\n\n<p class=\"has-text-color has-vivid-red-color\"><strong><strong><span style=\"color: #008E00;\">R<\/span><span style=\"color: #ff0000;\">&amp;<\/span><span style=\"color: #008E00;\">D<\/span><\/strong> demande:<\/strong><\/p>\n\n\n\n<ul><li>que l\u2019OIB respecte scrupuleusement les normes de qualit\u00e9 de l&rsquo;air dans les bureaux et les b\u00e2timents de l\u2019Institution;<\/li><li> que la Commission mette en place une politique de mobilit\u00e9 efficace et  flexible pour son personnel et qu\u2019elle n\u00e9gocie avec les autorit\u00e9s belges  les mesures permettant de <strong>diminuer le taux de pollution dans le quartier europ\u00e9en<\/strong>. <\/li><\/ul>\n","protected":false},"excerpt":{"rendered":"<p>La qualit\u00e9 de l\u2019air est une des pr\u00e9occupations de l\u2019Union dans le cadre de la protection de la sant\u00e9 et de l\u2019environnement des citoyens. Dans ce contexte, la Ville de Bruxelles a \u00e9t\u00e9 mise en demeure par la Commission pour le non-respect de la l\u00e9gislation en vigueur. Les critiques fustigent, en particulier les manquements du [&hellip;]<\/p>\n","protected":false},"author":19,"featured_media":0,"parent":0,"menu_order":0,"comment_status":"closed","ping_status":"closed","template":"","meta":{"footnotes":""},"_links":{"self":[{"href":"https:\/\/renouveau-democratie.eu\/fr\/wp-json\/wp\/v2\/pages\/18638"}],"collection":[{"href":"https:\/\/renouveau-democratie.eu\/fr\/wp-json\/wp\/v2\/pages"}],"about":[{"href":"https:\/\/renouveau-democratie.eu\/fr\/wp-json\/wp\/v2\/types\/page"}],"author":[{"embeddable":true,"href":"https:\/\/renouveau-democratie.eu\/fr\/wp-json\/wp\/v2\/users\/19"}],"replies":[{"embeddable":true,"href":"https:\/\/renouveau-democratie.eu\/fr\/wp-json\/wp\/v2\/comments?post=18638"}],"version-history":[{"count":5,"href":"https:\/\/renouveau-democratie.eu\/fr\/wp-json\/wp\/v2\/pages\/18638\/revisions"}],"predecessor-version":[{"id":19004,"href":"https:\/\/renouveau-democratie.eu\/fr\/wp-json\/wp\/v2\/pages\/18638\/revisions\/19004"}],"wp:attachment":[{"href":"https:\/\/renouveau-democratie.eu\/fr\/wp-json\/wp\/v2\/media?parent=18638"}],"curies":[{"name":"wp","href":"https:\/\/api.w.org\/{rel}","templated":true}]}}