{"id":18636,"date":"2020-01-12T22:13:58","date_gmt":"2020-01-12T20:13:58","guid":{"rendered":"\/?page_id=18636"},"modified":"2020-01-19T21:38:56","modified_gmt":"2020-01-19T19:38:56","slug":"rcam-regime-commun-dassurance-maladie","status":"publish","type":"page","link":"https:\/\/renouveau-democratie.eu\/fr\/rcam-regime-commun-dassurance-maladie\/","title":{"rendered":"RCAM \u2013R\u00e9gime Commun d\u2019assurance maladie"},"content":{"rendered":"\n<h3 class=\"has-text-color wp-block-heading\" style=\"color:#3f9c35\"><strong><span style=\"color: #008E00;\">R<\/span><span style=\"color: #ff0000;\">&amp;<\/span><span style=\"color: #008E00;\">D<\/span><\/strong> s&rsquo;est battu pour pr\u00e9server notre R\u00e9gime Commun d&rsquo;Assurance Maladie malgr\u00e9 les attaques virulentes du Conseil.&nbsp;<\/h3>\n\n\n\n<div class=\"wp-block-image\"><figure class=\"aligncenter size-large is-resized\"><img loading=\"lazy\" decoding=\"async\" src=\"\/wp-content\/uploads\/2020\/01\/cure-297557_1280-1-1024x882.png\" alt=\"\" class=\"wp-image-18997\" width=\"252\" height=\"216\" srcset=\"https:\/\/renouveau-democratie.eu\/wp-content\/uploads\/2020\/01\/cure-297557_1280-1-1024x882.png 1024w, https:\/\/renouveau-democratie.eu\/wp-content\/uploads\/2020\/01\/cure-297557_1280-1-300x258.png 300w, https:\/\/renouveau-democratie.eu\/wp-content\/uploads\/2020\/01\/cure-297557_1280-1-768x661.png 768w, https:\/\/renouveau-democratie.eu\/wp-content\/uploads\/2020\/01\/cure-297557_1280-1-150x129.png 150w, https:\/\/renouveau-democratie.eu\/wp-content\/uploads\/2020\/01\/cure-297557_1280-1-400x344.png 400w, https:\/\/renouveau-democratie.eu\/wp-content\/uploads\/2020\/01\/cure-297557_1280-1.png 1280w\" sizes=\"(max-width: 252px) 100vw, 252px\" \/><\/figure><\/div>\n\n\n\n<p>Face \u00e0 un bilan quelque peu alarmant des\nr\u00e9sultats op\u00e9rationnels du RCAM, <strong><span style=\"color: #008E00;\">R<\/span><span style=\"color: #ff0000;\">&amp;<\/span><span style=\"color: #008E00;\">D<\/span><\/strong> a pu prouver lors des n\u00e9gociations concernant la R\u00e9forme de 2014 la\nviabilit\u00e9 financi\u00e8re du RCAM ainsi que l\u2019inexistence d\u2019un d\u00e9ficit structurel. <strong><span style=\"color: #008E00;\">R<\/span><span style=\"color: #ff0000;\">&amp;<\/span><span style=\"color: #008E00;\">D<\/span><\/strong> a insist\u00e9 afin que les r\u00e8gles de\nremboursement en place soient maintenues en parall\u00e8le d&rsquo;une gestion\nsaine&nbsp;du &nbsp;RCAM, ce qui garantirait l&rsquo;\u00e9quilibre du syst\u00e8me.<\/p>\n\n\n\n<p class=\"has-text-color has-vivid-red-color\"><strong>Afin de pr\u00e9server votre sant\u00e9, nous\navons&#8230;<\/strong><strong><\/strong><\/p>\n\n\n\n<ul><li>lanc\u00e9 une enqu\u00eate en ligne sur la qualit\u00e9 des services rendus par le PMO dans le domaine du RCAM;<\/li><li>diffus\u00e9 les r\u00e9sultats avec recommandations aux services comp\u00e9tents.<\/li><\/ul>\n\n\n\n<p class=\"has-text-color has-vivid-red-color\"><strong>Gr\u00e2ce \u00e0 ces actions, nous avons pu obtenir\u2026<\/strong><\/p>\n\n\n\n<ul><li>un \u00e9quilibre financier&nbsp;: ce qui donne une garantie de la durabilit\u00e9 et de la p\u00e9rennit\u00e9 du r\u00e9gime;<\/li><li>une r\u00e9duction des d\u00e9lais de remboursement;<\/li><li>une plus grande efficacit\u00e9 de contact&nbsp;: du PMO CONTACT;<\/li><li>une prise en charge de maladie grave&nbsp;: remboursement \u00e0 100%;<\/li><li>une am\u00e9lioration de la m\u00e9decine pr\u00e9ventive&nbsp;: retour du programme de d\u00e9pistage suspendu auparavant.<\/li><\/ul>\n\n\n\n<p class=\"has-text-color has-vivid-red-color\"><strong><strong><span style=\"color: #008E00;\">R<\/span><span style=\"color: #ff0000;\">&amp;<\/span><span style=\"color: #008E00;\">D<\/span><\/strong> demande: <\/strong><\/p>\n\n\n\n<ul><li>un suivi rapproch\u00e9 de la d\u00e9pendance et du handicap;<\/li><li>pour les cas de maladie grave: <ul><li>un meilleur encadrement; <\/li><li>un accompagnement des coll\u00e8gues en arr\u00eat de longue dur\u00e9e.<\/li><\/ul><\/li><li>un programme de d\u00e9pistage adapt\u00e9 et une visite m\u00e9dicale annuelle compl\u00e8te;<\/li><li>un service m\u00e9dical plus proche des besoins du personnel.<\/li><\/ul>\n","protected":false},"excerpt":{"rendered":"<p>R&amp;D s&rsquo;est battu pour pr\u00e9server notre R\u00e9gime Commun d&rsquo;Assurance Maladie malgr\u00e9 les attaques virulentes du Conseil.&nbsp; Face \u00e0 un bilan quelque peu alarmant des r\u00e9sultats op\u00e9rationnels du RCAM, R&amp;D a pu prouver lors des n\u00e9gociations concernant la R\u00e9forme de 2014 la viabilit\u00e9 financi\u00e8re du RCAM ainsi que l\u2019inexistence d\u2019un d\u00e9ficit structurel. R&amp;D a insist\u00e9 afin [&hellip;]<\/p>\n","protected":false},"author":19,"featured_media":0,"parent":0,"menu_order":0,"comment_status":"closed","ping_status":"closed","template":"","meta":{"footnotes":""},"_links":{"self":[{"href":"https:\/\/renouveau-democratie.eu\/fr\/wp-json\/wp\/v2\/pages\/18636"}],"collection":[{"href":"https:\/\/renouveau-democratie.eu\/fr\/wp-json\/wp\/v2\/pages"}],"about":[{"href":"https:\/\/renouveau-democratie.eu\/fr\/wp-json\/wp\/v2\/types\/page"}],"author":[{"embeddable":true,"href":"https:\/\/renouveau-democratie.eu\/fr\/wp-json\/wp\/v2\/users\/19"}],"replies":[{"embeddable":true,"href":"https:\/\/renouveau-democratie.eu\/fr\/wp-json\/wp\/v2\/comments?post=18636"}],"version-history":[{"count":3,"href":"https:\/\/renouveau-democratie.eu\/fr\/wp-json\/wp\/v2\/pages\/18636\/revisions"}],"predecessor-version":[{"id":19124,"href":"https:\/\/renouveau-democratie.eu\/fr\/wp-json\/wp\/v2\/pages\/18636\/revisions\/19124"}],"wp:attachment":[{"href":"https:\/\/renouveau-democratie.eu\/fr\/wp-json\/wp\/v2\/media?parent=18636"}],"curies":[{"name":"wp","href":"https:\/\/api.w.org\/{rel}","templated":true}]}}