{"id":18634,"date":"2020-01-12T22:16:53","date_gmt":"2020-01-12T20:16:53","guid":{"rendered":"\/?page_id=18634"},"modified":"2021-09-02T11:52:07","modified_gmt":"2021-09-02T09:52:07","slug":"sante","status":"publish","type":"page","link":"https:\/\/renouveau-democratie.eu\/fr\/sante\/","title":{"rendered":"Sant\u00e9 &#038; Environnement"},"content":{"rendered":"\n<figure class=\"wp-block-pullquote is-style-solid-color\"><blockquote class=\"has-text-color has-very-dark-gray-color\"><p>Seuls 35% des coll\u00e8gues estiment que la Commission se pr\u00e9occupe de leur sant\u00e9. R&amp;D a toujours \u00e9t\u00e9 sensible \u00e0 votre sant\u00e9.<\/p><\/blockquote><\/figure>\n\n\n\n<div style=\"height:20px\" aria-hidden=\"true\" class=\"wp-block-spacer\"><\/div>\n\n\n\n<div class=\"wp-block-columns is-layout-flex wp-container-core-columns-is-layout-1 wp-block-columns-is-layout-flex\">\n<div class=\"wp-block-column is-layout-flow wp-block-column-is-layout-flow\">\n<div class=\"wp-block-group has-white-background-color has-background\"><div class=\"wp-block-group__inner-container is-layout-flow wp-block-group-is-layout-flow\">\n<div class=\"wp-block-group\"><div class=\"wp-block-group__inner-container is-layout-flow wp-block-group-is-layout-flow\">\n<div class=\"wp-block-image\"><figure class=\"aligncenter size-large is-resized\"><img loading=\"lazy\" decoding=\"async\" src=\"\/wp-content\/uploads\/2020\/01\/cure-297557_1280-2-1024x882.png\" alt=\"\" class=\"wp-image-19190\" width=\"182\" height=\"157\" srcset=\"https:\/\/renouveau-democratie.eu\/wp-content\/uploads\/2020\/01\/cure-297557_1280-2-1024x882.png 1024w, https:\/\/renouveau-democratie.eu\/wp-content\/uploads\/2020\/01\/cure-297557_1280-2-300x258.png 300w, https:\/\/renouveau-democratie.eu\/wp-content\/uploads\/2020\/01\/cure-297557_1280-2-768x661.png 768w, https:\/\/renouveau-democratie.eu\/wp-content\/uploads\/2020\/01\/cure-297557_1280-2-150x129.png 150w, https:\/\/renouveau-democratie.eu\/wp-content\/uploads\/2020\/01\/cure-297557_1280-2-400x344.png 400w, https:\/\/renouveau-democratie.eu\/wp-content\/uploads\/2020\/01\/cure-297557_1280-2.png 1280w\" sizes=\"(max-width: 182px) 100vw, 182px\" \/><\/figure><\/div>\n\n\n\n<h4 class=\"has-text-align-center wp-block-heading\"><a rel=\"noreferrer noopener\" href=\"\/fr\/rcam-regime-commun-dassurance-maladie\/\" target=\"_blank\">RCAM<\/a><\/h4>\n<\/div><\/div>\n<\/div><\/div>\n<\/div>\n\n\n\n<div class=\"wp-block-column is-layout-flow wp-block-column-is-layout-flow\" style=\"flex-basis:10%\"><\/div>\n\n\n\n<div class=\"wp-block-column is-layout-flow wp-block-column-is-layout-flow\">\n<div class=\"wp-block-group has-white-background-color has-background\"><div class=\"wp-block-group__inner-container is-layout-flow wp-block-group-is-layout-flow\">\n<div class=\"wp-block-group\"><div class=\"wp-block-group__inner-container is-layout-flow wp-block-group-is-layout-flow\">\n<div class=\"wp-block-image\"><figure class=\"aligncenter size-large is-resized\"><img loading=\"lazy\" decoding=\"async\" src=\"\/wp-content\/uploads\/2020\/09\/environmental-protection-site-1024x682.jpg\" alt=\"\" class=\"wp-image-20784\" width=\"250\" height=\"166\" srcset=\"https:\/\/renouveau-democratie.eu\/wp-content\/uploads\/2020\/09\/environmental-protection-site-1024x682.jpg 1024w, https:\/\/renouveau-democratie.eu\/wp-content\/uploads\/2020\/09\/environmental-protection-site-300x200.jpg 300w, https:\/\/renouveau-democratie.eu\/wp-content\/uploads\/2020\/09\/environmental-protection-site-768x512.jpg 768w, https:\/\/renouveau-democratie.eu\/wp-content\/uploads\/2020\/09\/environmental-protection-site-1536x1023.jpg 1536w, https:\/\/renouveau-democratie.eu\/wp-content\/uploads\/2020\/09\/environmental-protection-site.jpg 1732w\" sizes=\"(max-width: 250px) 100vw, 250px\" \/><\/figure><\/div>\n\n\n\n<h4 class=\"has-text-align-center wp-block-heading\"><a rel=\"noreferrer noopener\" href=\"\/fr\/environnement\/\" target=\"_blank\">Environnement<\/a><\/h4>\n<\/div><\/div>\n<\/div><\/div>\n<\/div>\n<\/div>\n\n\n\n<div style=\"height:60px\" aria-hidden=\"true\" class=\"wp-block-spacer\"><\/div>\n\n\n\n<hr class=\"wp-block-separator has-text-color has-background has-vivid-red-background-color has-vivid-red-color\"\/>\n\n\n\n<div style=\"height:60px\" aria-hidden=\"true\" class=\"wp-block-spacer\"><\/div>\n\n\n\n<h3 class=\"has-text-align-center has-vivid-red-color has-text-color wp-block-heading\">Programme 2018-2021<\/h3>\n\n\n\n<div style=\"height:20px\" aria-hidden=\"true\" class=\"wp-block-spacer\"><\/div>\n\n\n\n<div class=\"wp-block-columns is-layout-flex wp-container-core-columns-is-layout-2 wp-block-columns-is-layout-flex\">\n<div class=\"wp-block-column is-layout-flow wp-block-column-is-layout-flow\" style=\"flex-basis:25%\"><\/div>\n\n\n\n<div class=\"wp-block-column is-layout-flow wp-block-column-is-layout-flow\" style=\"flex-basis:50%\">\n<figure class=\"wp-block-embed is-type-video is-provider-youtube wp-block-embed-youtube wp-embed-aspect-16-9 wp-has-aspect-ratio\"><div class=\"wp-block-embed__wrapper\">\n<iframe loading=\"lazy\" title=\"SANTE-ENVIRONNEMENT-POLITIQUE IMMOBILIERE : Programme 2018-2021\" width=\"768\" height=\"432\" src=\"https:\/\/www.youtube.com\/embed\/9y9mmR8gsks?feature=oembed\" frameborder=\"0\" allow=\"accelerometer; autoplay; encrypted-media; gyroscope; picture-in-picture\" allowfullscreen><\/iframe>\n<\/div><\/figure>\n<\/div>\n\n\n\n<div class=\"wp-block-column is-layout-flow wp-block-column-is-layout-flow\" style=\"flex-basis:25%\"><\/div>\n<\/div>\n\n\n\n<div style=\"height:72px\" aria-hidden=\"true\" class=\"wp-block-spacer\"><\/div>\n","protected":false},"excerpt":{"rendered":"<p>Seuls 35% des coll\u00e8gues estiment que la Commission se pr\u00e9occupe de leur sant\u00e9. R&amp;D a toujours \u00e9t\u00e9 sensible \u00e0 votre sant\u00e9. RCAM Environnement Programme 2018-2021<\/p>\n","protected":false},"author":19,"featured_media":0,"parent":0,"menu_order":0,"comment_status":"closed","ping_status":"closed","template":"","meta":{"footnotes":""},"_links":{"self":[{"href":"https:\/\/renouveau-democratie.eu\/fr\/wp-json\/wp\/v2\/pages\/18634"}],"collection":[{"href":"https:\/\/renouveau-democratie.eu\/fr\/wp-json\/wp\/v2\/pages"}],"about":[{"href":"https:\/\/renouveau-democratie.eu\/fr\/wp-json\/wp\/v2\/types\/page"}],"author":[{"embeddable":true,"href":"https:\/\/renouveau-democratie.eu\/fr\/wp-json\/wp\/v2\/users\/19"}],"replies":[{"embeddable":true,"href":"https:\/\/renouveau-democratie.eu\/fr\/wp-json\/wp\/v2\/comments?post=18634"}],"version-history":[{"count":19,"href":"https:\/\/renouveau-democratie.eu\/fr\/wp-json\/wp\/v2\/pages\/18634\/revisions"}],"predecessor-version":[{"id":23570,"href":"https:\/\/renouveau-democratie.eu\/fr\/wp-json\/wp\/v2\/pages\/18634\/revisions\/23570"}],"wp:attachment":[{"href":"https:\/\/renouveau-democratie.eu\/fr\/wp-json\/wp\/v2\/media?parent=18634"}],"curies":[{"name":"wp","href":"https:\/\/api.w.org\/{rel}","templated":true}]}}