{"id":18632,"date":"2020-01-12T20:51:10","date_gmt":"2020-01-12T18:51:10","guid":{"rendered":"\/?page_id=18632"},"modified":"2025-02-18T18:18:12","modified_gmt":"2025-02-18T16:18:12","slug":"politique-du-handicap","status":"publish","type":"page","link":"https:\/\/renouveau-democratie.eu\/fr\/politique-du-handicap\/","title":{"rendered":"Handicap"},"content":{"rendered":"\n<figure class=\"wp-block-pullquote has-text-align-left is-style-solid-color\"><blockquote><p>Dans la plupart des cas, le handicap ou la maladie de longue dur\u00e9e ne sont pas visibles<\/p><\/blockquote><\/figure>\n\n\n\n<p style=\"font-size:18px\">Dans la plupart des\ncas, le handicap ou la maladie de longue dur\u00e9e ne sont pas visibles et les\ncoll\u00e8gues qui en sont affect\u00e9s restent plut\u00f4t discrets sur leur situation.<\/p>\n\n\n\n<div style=\"height:60px\" aria-hidden=\"true\" class=\"wp-block-spacer\"><\/div>\n\n\n\n<h2 class=\"wp-block-heading has-vivid-red-color has-text-color\">Afin de faciliter le quotidien de nos coll\u00e8gues, <span style=\"color: #008E00;\">R<\/span><span style=\"color: #ff0000;\">&amp;<\/span><span style=\"color: #008E00;\">D<\/span> a obtenu<\/h2>\n\n\n\n<div style=\"height:20px\" aria-hidden=\"true\" class=\"wp-block-spacer\"><\/div>\n\n\n\n<ul>\n<li>l\u2019application de la CNUDPH (Convention des Nations Unies sur le droit des personnes handicap\u00e9es); <\/li>\n\n\n\n<li>la protection contre toute forme de discrimination; <\/li>\n\n\n\n<li>l\u2019am\u00e9nagement du poste de travail en collaboration avec le service m\u00e9dical et la\/le coll\u00e8gue concern\u00e9(e):\n<ul>\n<li>mat\u00e9riels sp\u00e9cifiques<\/li>\n\n\n\n<li>am\u00e9nagement des horaires<\/li>\n<\/ul>\n<\/li>\n<\/ul>\n\n\n\n<h2 class=\"wp-block-heading has-vivid-red-color has-text-color has-link-color wp-elements-78b8d693cda191b748d743b6e5a5aa07\"><span style=\"color: #008E00;\">R<\/span><span style=\"color: #ff0000;\">&amp;<\/span><span style=\"color: #008E00;\">D<\/span> demande<\/h2>\n\n\n\n<ul>\n<li>un v\u00e9ritable acc\u00e8s \u00e0 la fonction publique aux candidats handicap\u00e9s;<\/li>\n\n\n\n<li>l\u2019\u00e9tablissement d\u2019un correspondant handicap;<\/li>\n\n\n\n<li>la facilit\u00e9 d\u2019acc\u00e8s \u00e0 tous les locaux;<\/li>\n\n\n\n<li>l\u2019accompagnement \u00e0 la formation;<\/li>\n\n\n\n<li>l\u2019acc\u00e8s \u00e0 l\u2019information.<\/li>\n<\/ul>\n\n\n\n<div style=\"height:11px\" aria-hidden=\"true\" class=\"wp-block-spacer\"><\/div>\n\n\n\n<div class=\"wp-block-columns is-layout-flex wp-container-core-columns-is-layout-1 wp-block-columns-is-layout-flex\">\n<div class=\"wp-block-column is-layout-flow wp-block-column-is-layout-flow\" style=\"flex-basis:25%\"><\/div>\n\n\n\n<div class=\"wp-block-column is-layout-flow wp-block-column-is-layout-flow\" style=\"flex-basis:50%\">\n<figure class=\"wp-block-embed is-type-wp-embed is-provider-renouveau-et-democratie wp-block-embed-renouveau-et-democratie\"><div class=\"wp-block-embed__wrapper\">\n<blockquote class=\"wp-embedded-content\" data-secret=\"a3HdTerA50\"><a href=\"https:\/\/renouveau-democratie.eu\/2024\/12\/international-day-of-people-with-disabilities\/\">For R&amp;D, EVERY DAY must be the International day of people with disabilities!<\/a><\/blockquote><iframe class=\"wp-embedded-content\" sandbox=\"allow-scripts\" security=\"restricted\" style=\"position: absolute; clip: rect(1px, 1px, 1px, 1px);\" title=\"&#8220;For R&amp;D, EVERY DAY must be the International day of people with disabilities!&#8221; &#8212; Renouveau et Democratie\" src=\"https:\/\/renouveau-democratie.eu\/2024\/12\/international-day-of-people-with-disabilities\/embed\/#?secret=fIwpDVb3qP#?secret=a3HdTerA50\" data-secret=\"a3HdTerA50\" width=\"600\" height=\"338\" frameborder=\"0\" marginwidth=\"0\" marginheight=\"0\" scrolling=\"no\"><\/iframe>\n<\/div><\/figure>\n<\/div>\n\n\n\n<div class=\"wp-block-column is-layout-flow wp-block-column-is-layout-flow\" style=\"flex-basis:25%\"><\/div>\n<\/div>\n\n\n\n<div style=\"height:100px\" aria-hidden=\"true\" class=\"wp-block-spacer\"><\/div>\n","protected":false},"excerpt":{"rendered":"<p>Dans la plupart des cas, le handicap ou la maladie de longue dur\u00e9e ne sont pas visibles Dans la plupart des cas, le handicap ou la maladie de longue dur\u00e9e ne sont pas visibles et les coll\u00e8gues qui en sont affect\u00e9s restent plut\u00f4t discrets sur leur situation. Afin de faciliter le quotidien de nos coll\u00e8gues, [&hellip;]<\/p>\n","protected":false},"author":19,"featured_media":21132,"parent":0,"menu_order":0,"comment_status":"closed","ping_status":"closed","template":"","meta":{"footnotes":""},"_links":{"self":[{"href":"https:\/\/renouveau-democratie.eu\/fr\/wp-json\/wp\/v2\/pages\/18632"}],"collection":[{"href":"https:\/\/renouveau-democratie.eu\/fr\/wp-json\/wp\/v2\/pages"}],"about":[{"href":"https:\/\/renouveau-democratie.eu\/fr\/wp-json\/wp\/v2\/types\/page"}],"author":[{"embeddable":true,"href":"https:\/\/renouveau-democratie.eu\/fr\/wp-json\/wp\/v2\/users\/19"}],"replies":[{"embeddable":true,"href":"https:\/\/renouveau-democratie.eu\/fr\/wp-json\/wp\/v2\/comments?post=18632"}],"version-history":[{"count":8,"href":"https:\/\/renouveau-democratie.eu\/fr\/wp-json\/wp\/v2\/pages\/18632\/revisions"}],"predecessor-version":[{"id":29980,"href":"https:\/\/renouveau-democratie.eu\/fr\/wp-json\/wp\/v2\/pages\/18632\/revisions\/29980"}],"wp:featuredmedia":[{"embeddable":true,"href":"https:\/\/renouveau-democratie.eu\/fr\/wp-json\/wp\/v2\/media\/21132"}],"wp:attachment":[{"href":"https:\/\/renouveau-democratie.eu\/fr\/wp-json\/wp\/v2\/media?parent=18632"}],"curies":[{"name":"wp","href":"https:\/\/api.w.org\/{rel}","templated":true}]}}