{"id":18629,"date":"2020-01-12T21:56:29","date_gmt":"2020-01-12T19:56:29","guid":{"rendered":"\/?page_id=18629"},"modified":"2021-01-03T21:35:30","modified_gmt":"2021-01-03T19:35:30","slug":"prise-en-charge-pour-les-proches-adultes","status":"publish","type":"page","link":"https:\/\/renouveau-democratie.eu\/fr\/prise-en-charge-pour-les-proches-adultes\/","title":{"rendered":"Prise en charge pour les proches adultes"},"content":{"rendered":"\n<figure class=\"wp-block-pullquote is-style-solid-color\"><blockquote class=\"has-text-color has-vivid-red-color\"><p>De plus en plus de coll\u00e8gues nous font part de leurs difficult\u00e9s \u00e0 concilier leurs engagements professionnels lorsqu\u2019ils ont des adultes \u00e0 charge que ce soit en raison de l\u2019\u00e2ge, d\u2019un handicap et\/ou d\u2019une maladie.<\/p><\/blockquote><\/figure>\n\n\n\n<h2 class=\"has-vivid-red-color has-text-color wp-block-heading\"><span style=\"color: #008E00;\">R<\/span><span style=\"color: #ff0000;\">&amp;<\/span><span style=\"color: #008E00;\">D<\/span> demande<\/h2>\n\n\n\n<ul><li>la reconnaissance et l\u2019assistance des coll\u00e8gues ayant des adultes \u00e0 charge en facilitant notamment l\u2019acc\u00e8s \u00e0 des formules de travail flexibles.<\/li><\/ul>\n","protected":false},"excerpt":{"rendered":"<p>De plus en plus de coll\u00e8gues nous font part de leurs difficult\u00e9s \u00e0 concilier leurs engagements professionnels lorsqu\u2019ils ont des adultes \u00e0 charge que ce soit en raison de l\u2019\u00e2ge, d\u2019un handicap et\/ou d\u2019une maladie. R&amp;D demande la reconnaissance et l\u2019assistance des coll\u00e8gues ayant des adultes \u00e0 charge en facilitant notamment l\u2019acc\u00e8s \u00e0 des formules [&hellip;]<\/p>\n","protected":false},"author":19,"featured_media":21402,"parent":0,"menu_order":0,"comment_status":"closed","ping_status":"closed","template":"","meta":{"footnotes":""},"_links":{"self":[{"href":"https:\/\/renouveau-democratie.eu\/fr\/wp-json\/wp\/v2\/pages\/18629"}],"collection":[{"href":"https:\/\/renouveau-democratie.eu\/fr\/wp-json\/wp\/v2\/pages"}],"about":[{"href":"https:\/\/renouveau-democratie.eu\/fr\/wp-json\/wp\/v2\/types\/page"}],"author":[{"embeddable":true,"href":"https:\/\/renouveau-democratie.eu\/fr\/wp-json\/wp\/v2\/users\/19"}],"replies":[{"embeddable":true,"href":"https:\/\/renouveau-democratie.eu\/fr\/wp-json\/wp\/v2\/comments?post=18629"}],"version-history":[{"count":5,"href":"https:\/\/renouveau-democratie.eu\/fr\/wp-json\/wp\/v2\/pages\/18629\/revisions"}],"predecessor-version":[{"id":21924,"href":"https:\/\/renouveau-democratie.eu\/fr\/wp-json\/wp\/v2\/pages\/18629\/revisions\/21924"}],"wp:featuredmedia":[{"embeddable":true,"href":"https:\/\/renouveau-democratie.eu\/fr\/wp-json\/wp\/v2\/media\/21402"}],"wp:attachment":[{"href":"https:\/\/renouveau-democratie.eu\/fr\/wp-json\/wp\/v2\/media?parent=18629"}],"curies":[{"name":"wp","href":"https:\/\/api.w.org\/{rel}","templated":true}]}}