{"id":18626,"date":"2020-01-12T21:46:37","date_gmt":"2020-01-12T19:46:37","guid":{"rendered":"\/?page_id=18626"},"modified":"2021-01-03T21:57:48","modified_gmt":"2021-01-03T19:57:48","slug":"ecoles-europeennes","status":"publish","type":"page","link":"https:\/\/renouveau-democratie.eu\/fr\/ecoles-europeennes\/","title":{"rendered":"Ecoles europ\u00e9ennes"},"content":{"rendered":"\n<figure class=\"wp-block-pullquote has-background has-very-light-gray-background-color is-style-solid-color\" style=\"background-color:#fbf7f7\"><blockquote class=\"has-text-color has-very-dark-gray-color\"><p><strong>R&amp;D<\/strong> a toujours \u0153uvr\u00e9 pour que les Ecoles europ\u00e9ennes puissent r\u00e9pondre aux attentes des parents, avec un nombre suffisant de places, une politique d&rsquo;inscription claire et \u00e9quitable ainsi qu\u2019une localisation raisonnable des \u00e9coles dans les diff\u00e9rents quartiers de Bruxelles.<\/p><\/blockquote><\/figure>\n\n\n\n<div style=\"height:20px\" aria-hidden=\"true\" class=\"wp-block-spacer\"><\/div>\n\n\n\n<p>Le syst\u00e8me des \u00e9coles europ\u00e9ennes a \u00e9t\u00e9 cr\u00e9\u00e9 en 1953 afin d\u2019offrir un\nenseignement de qualit\u00e9 a nos enfants, de la maternelle au baccalaur\u00e9at\neurop\u00e9en.<\/p>\n\n\n\n<p>La croissance des institutions et les \u00e9largissements successifs de\nl\u2019Union ont entra\u00een\u00e9 une expansion consid\u00e9rable du syst\u00e8me des \u00e9coles\neurop\u00e9ennes, qui compte aujourd\u2019hui plus de 21 000 \u00e9l\u00e8ves en Europe.<\/p>\n\n\n\n<p>Cette croissance continue et demande l\u2019ouverture de nouvelles \u00e9coles,\nplus particuli\u00e8rement \u00e0 Bruxelles et dans les&nbsp;pays o\u00f9 sont\ninstall\u00e9es&nbsp;les agences europ\u00e9ennes.<\/p>\n\n\n\n<p>S\u2019agissant du partage \u00e9quitable des co\u00fbts li\u00e9s aux professeurs d\u00e9tach\u00e9s,\nle Conseil sup\u00e9rieur a accept\u00e9 en 2008 la possibilit\u00e9 d\u2019un enseignement par des\nprofesseurs non natifs, en pr\u00e9voyant toutefois certaines garanties afin\nd\u2019assurer la qualit\u00e9 de l\u2019enseignement.<\/p>\n\n\n\n<p>Le processus de r\u00e9forme entre d\u00e9sormais dans sa derni\u00e8re phase. Les\ndiff\u00e9rentes mesures adopt\u00e9es seront mises en \u0153uvre dans les mois qui viennent.\nElles concernent le partage des co\u00fbts et la gouvernance \u2013 en d\u2019autres termes,\nla mission pr\u00e9cise \u00e0 donner aux diff\u00e9rents acteurs du syst\u00e8me au niveau central\net local \u2013, ainsi que l\u2019ouverture du syst\u00e8me (voir le document intitul\u00e9 \u00abLa\nr\u00e9forme du syst\u00e8me des Ecoles europ\u00e9ennes \u00bb.<\/p>\n\n\n\n<div style=\"height:20px\" aria-hidden=\"true\" class=\"wp-block-spacer\"><\/div>\n\n\n\n<h2 class=\"has-vivid-red-color has-text-color wp-block-heading\">Gestion des \u00e9coles europ\u00e9ennes<\/h2>\n\n\n\n<div style=\"height:20px\" aria-hidden=\"true\" class=\"wp-block-spacer\"><\/div>\n\n\n\n<p>Le Conseil sup\u00e9rieur des \u00e9coles europ\u00e9ennes se compose de 31 membres,\nqui sont:<\/p>\n\n\n\n<ul><li>les ministres de l\u2019\u00e9ducation, g\u00e9n\u00e9ralement repr\u00e9sent\u00e9s par de hauts\nfonctionnaires des minist\u00e8res de l\u2019\u00e9ducation ou des affaires \u00e9trang\u00e8res de\nchaque \u00c9tat membre;<\/li><li>un fonctionnaire de la Commission repr\u00e9sentant toutes les autres\ninstitutions de l\u2019UE;<\/li><li>un repr\u00e9sentant de l\u2019Office europ\u00e9en des brevets;<\/li><li>un repr\u00e9sentant d\u00e9sign\u00e9 par le comit\u00e9 du personnel enseignant;<\/li><li>un repr\u00e9sentant des parents d\u2019\u00e9l\u00e8ves d\u00e9sign\u00e9 par les associations de\nparents.<\/li><\/ul>\n\n\n\n<p>Les \u00e9coles europ\u00e9ennes sont financ\u00e9es essentiellement par des cr\u00e9dits\npublics et forment un syst\u00e8me ind\u00e9pendant des syst\u00e8mes nationaux\nd\u2019enseignement. La contribution financi\u00e8re de l\u2019Union s\u2019\u00e9l\u00e8ve \u00e0 50 % environ du\nbudget total des \u00e9coles europ\u00e9ennes. Les \u00c9tats membres fournissent \u00e0 peu pr\u00e8s\n23 % des recettes budg\u00e9taires en d\u00e9tachant des enseignants conform\u00e9ment \u00e0 une\nconvention sp\u00e9cifique.<\/p>\n\n\n\n<p><strong><span style=\"color: #008E00;\">R<\/span><span style=\"color: #ff0000;\">&amp;<\/span><span style=\"color: #008E00;\">D<\/span><\/strong> a toujours \u00e9t\u00e9 \u00e0 vos c\u00f4t\u00e9s pour prendre en compte les soucis exprim\u00e9s\npar rapport \u00e0 la qualit\u00e9 de l&rsquo;enseignement d\u00e9livr\u00e9 par les Ecoles europ\u00e9ennes\net l&rsquo;accompagnement des \u00e9l\u00e8ves notamment en cas de difficult\u00e9s.<\/p>\n\n\n\n<p>Devant les cas\nde harc\u00e8lement \u00e0 l&rsquo;\u00e9cole, <strong><span style=\"color: #008E00;\">R<\/span><span style=\"color: #ff0000;\">&amp;<\/span><span style=\"color: #008E00;\">D<\/span><\/strong> a fait appel aux meilleurs sp\u00e9cialistes dans\nle but d&rsquo;informer sur ce ph\u00e9nom\u00e8ne et d&rsquo;apporter des pistes de travail en\ntravaillant en \u00e9troite collaboration avec les responsables des \u00e9coles. <\/p>\n\n\n\n<p>De m\u00eame, <strong><span style=\"color: #008E00;\">R<\/span><span style=\"color: #ff0000;\">&amp;<\/span><span style=\"color: #008E00;\">D<\/span><\/strong> a\n\u00e9t\u00e9 tr\u00e8s attentif \u00e0 ce que les \u00e9coles europ\u00e9ennes assurent la meilleure\nint\u00e9gration et le meilleur suivi des \u00e9l\u00e8ves \u00e0 besoins sp\u00e9cifiques en \u00e9vitant\nsoigneusement toute approche \u00e9litiste.&nbsp; <\/p>\n\n\n\n<div style=\"height:20px\" aria-hidden=\"true\" class=\"wp-block-spacer\"><\/div>\n\n\n\n<h2 class=\"has-vivid-red-color has-text-color wp-block-heading\"><span style=\"color: #008E00;\">R<\/span><span style=\"color: #ff0000;\">&amp;<\/span><span style=\"color: #008E00;\">D<\/span> demande<\/h2>\n\n\n\n<div style=\"height:20px\" aria-hidden=\"true\" class=\"wp-block-spacer\"><\/div>\n\n\n\n<ul><li>en \u00e9troite collaboration avec les responsables des Ecoles europ\u00e9ennes, la mise en place d\u2019un v\u00e9ritable programme de sensibilisation pour assurer une gestion efficace et professionnelle des difficult\u00e9s constat\u00e9es;<\/li><li>la garantie aux enfants et \u00e0 leurs familles d\u2019un niveau optimal quant \u00e0 l\u2019\u00e9ducation et \u00e0 la prise en charge sp\u00e9ciale des enfants qui n\u00e9cessitent une plus grande attention.<\/li><\/ul>\n\n\n\n<div style=\"height:20px\" aria-hidden=\"true\" class=\"wp-block-spacer\"><\/div>\n\n\n\n<hr class=\"wp-block-separator has-text-color has-background has-vivid-red-background-color has-vivid-red-color\"\/>\n\n\n\n<div style=\"height:20px\" aria-hidden=\"true\" class=\"wp-block-spacer\"><\/div>\n\n\n\n<p>Voir \u00e9galement les organes des \u00e9coles europ\u00e9ennes<\/p>\n\n\n\n<ul><li><a href=\"http:\/\/eursc.eu\/\" target=\"_blank\" rel=\"noreferrer noopener\">Site officiel<\/a>&nbsp;des\n\u00e9coles europ\u00e9ennes<\/li><li>Site du&nbsp;<a href=\"http:\/\/gudee.eu\/contact.htm\" target=\"_blank\" rel=\"noreferrer noopener\">Groupe\nUnitaire pour le D\u00e9veloppement des Ecoles Europ\u00e9ennes<\/a><\/li><li>Site de <a href=\"http:\/\/interparents.eu\/\" target=\"_blank\" rel=\"noreferrer noopener\">Interparents<\/a><\/li><\/ul>\n","protected":false},"excerpt":{"rendered":"<p>R&amp;D a toujours \u0153uvr\u00e9 pour que les Ecoles europ\u00e9ennes puissent r\u00e9pondre aux attentes des parents, avec un nombre suffisant de places, une politique d&rsquo;inscription claire et \u00e9quitable ainsi qu\u2019une localisation raisonnable des \u00e9coles dans les diff\u00e9rents quartiers de Bruxelles. Le syst\u00e8me des \u00e9coles europ\u00e9ennes a \u00e9t\u00e9 cr\u00e9\u00e9 en 1953 afin d\u2019offrir un enseignement de qualit\u00e9 [&hellip;]<\/p>\n","protected":false},"author":19,"featured_media":18961,"parent":0,"menu_order":0,"comment_status":"closed","ping_status":"closed","template":"","meta":{"footnotes":""},"_links":{"self":[{"href":"https:\/\/renouveau-democratie.eu\/fr\/wp-json\/wp\/v2\/pages\/18626"}],"collection":[{"href":"https:\/\/renouveau-democratie.eu\/fr\/wp-json\/wp\/v2\/pages"}],"about":[{"href":"https:\/\/renouveau-democratie.eu\/fr\/wp-json\/wp\/v2\/types\/page"}],"author":[{"embeddable":true,"href":"https:\/\/renouveau-democratie.eu\/fr\/wp-json\/wp\/v2\/users\/19"}],"replies":[{"embeddable":true,"href":"https:\/\/renouveau-democratie.eu\/fr\/wp-json\/wp\/v2\/comments?post=18626"}],"version-history":[{"count":11,"href":"https:\/\/renouveau-democratie.eu\/fr\/wp-json\/wp\/v2\/pages\/18626\/revisions"}],"predecessor-version":[{"id":21933,"href":"https:\/\/renouveau-democratie.eu\/fr\/wp-json\/wp\/v2\/pages\/18626\/revisions\/21933"}],"wp:featuredmedia":[{"embeddable":true,"href":"https:\/\/renouveau-democratie.eu\/fr\/wp-json\/wp\/v2\/media\/18961"}],"wp:attachment":[{"href":"https:\/\/renouveau-democratie.eu\/fr\/wp-json\/wp\/v2\/media?parent=18626"}],"curies":[{"name":"wp","href":"https:\/\/api.w.org\/{rel}","templated":true}]}}