{"id":18622,"date":"2020-01-12T21:50:07","date_gmt":"2020-01-12T19:50:07","guid":{"rendered":"\/?page_id=18622"},"modified":"2021-01-03T22:15:30","modified_gmt":"2021-01-03T20:15:30","slug":"creches-et-garderies","status":"publish","type":"page","link":"https:\/\/renouveau-democratie.eu\/fr\/creches-et-garderies\/","title":{"rendered":"Cr\u00e8ches et Garderies"},"content":{"rendered":"\n<figure class=\"wp-block-pullquote is-style-solid-color\"><blockquote><p><strong>R&amp;D<\/strong> a toujours d\u00e9nonc\u00e9 le nombre insuffisant de places en cr\u00e8ches et garderie \u00e0 Bruxelles et la longueur inacceptable des listes d&rsquo;attente.<\/p><\/blockquote><\/figure>\n\n\n\n<p>Pour la rentr\u00e9e 2017-2018, il a fallu h\u00e9berger 2.200\nenfants. L\u2019infrastructure de l\u2019UE ne pouvant accueillir que 1.000 enfants, il a\n\u00e9t\u00e9 n\u00e9cessaire de demander 1.000 places suppl\u00e9mentaires dans des \u00e9tablissements\npriv\u00e9s.<\/p>\n\n\n\n<p>A chaque rentr\u00e9e, il manque toujours des dizaines de\nplaces pour satisfaire les besoins des nouveaux parents. <\/p>\n\n\n\n<p>Ce probl\u00e8me est \u00e9galement d&rsquo;actualit\u00e9 dans les cr\u00e8ches\ncommunales \u00e9galement satur\u00e9es bien que la Commission ait pu obtenir \u00e0 court\nterme des places en cr\u00e8ches locales. &nbsp;<\/p>\n\n\n\n<p>Cependant, <strong><span style=\"color: #008E00;\">R<\/span><span style=\"color: #ff0000;\">&amp;<\/span><span style=\"color: #008E00;\">D<\/span><\/strong><strong> <\/strong>ne peut plus\naccepter que nos enfants soient en situation incertaine \u00e0 chaque nouvelle\nrentr\u00e9e scolaire. De plus, cette incertitude p\u00e8se sur le moral et donc sur le\ntravail des parents inquiets.<\/p>\n\n\n\n<h2 class=\"has-vivid-red-color has-text-color wp-block-heading\"><span style=\"color: #008E00;\">R<\/span><span style=\"color: #ff0000;\">&amp;<\/span><span style=\"color: #008E00;\">D<\/span> demande&nbsp;de<\/h2>\n\n\n\n<ul><li>renoncer \u00e0 tout projet d\u2019externalisation de nos cr\u00e8ches;<\/li><li>ouvrir de nouvelles cr\u00e8ches et garderies \u00e0 Bruxelles afin de r\u00e9pondre \u00e0 la demande des parents et en fonction des pr\u00e9visions de naissance; <\/li><li>lancer des enqu\u00eates r\u00e9guli\u00e8res aupr\u00e8s des parents pour \u00e9valuer les besoins r\u00e9els et d\u2019y r\u00e9pondre en concertation avec nos coll\u00e8gues travaillant dans les cr\u00e8ches et garderies.<\/li><\/ul>\n","protected":false},"excerpt":{"rendered":"<p>R&amp;D a toujours d\u00e9nonc\u00e9 le nombre insuffisant de places en cr\u00e8ches et garderie \u00e0 Bruxelles et la longueur inacceptable des listes d&rsquo;attente. Pour la rentr\u00e9e 2017-2018, il a fallu h\u00e9berger 2.200 enfants. L\u2019infrastructure de l\u2019UE ne pouvant accueillir que 1.000 enfants, il a \u00e9t\u00e9 n\u00e9cessaire de demander 1.000 places suppl\u00e9mentaires dans des \u00e9tablissements priv\u00e9s. A [&hellip;]<\/p>\n","protected":false},"author":19,"featured_media":18966,"parent":0,"menu_order":0,"comment_status":"closed","ping_status":"closed","template":"","meta":{"footnotes":""},"_links":{"self":[{"href":"https:\/\/renouveau-democratie.eu\/fr\/wp-json\/wp\/v2\/pages\/18622"}],"collection":[{"href":"https:\/\/renouveau-democratie.eu\/fr\/wp-json\/wp\/v2\/pages"}],"about":[{"href":"https:\/\/renouveau-democratie.eu\/fr\/wp-json\/wp\/v2\/types\/page"}],"author":[{"embeddable":true,"href":"https:\/\/renouveau-democratie.eu\/fr\/wp-json\/wp\/v2\/users\/19"}],"replies":[{"embeddable":true,"href":"https:\/\/renouveau-democratie.eu\/fr\/wp-json\/wp\/v2\/comments?post=18622"}],"version-history":[{"count":5,"href":"https:\/\/renouveau-democratie.eu\/fr\/wp-json\/wp\/v2\/pages\/18622\/revisions"}],"predecessor-version":[{"id":21938,"href":"https:\/\/renouveau-democratie.eu\/fr\/wp-json\/wp\/v2\/pages\/18622\/revisions\/21938"}],"wp:featuredmedia":[{"embeddable":true,"href":"https:\/\/renouveau-democratie.eu\/fr\/wp-json\/wp\/v2\/media\/18966"}],"wp:attachment":[{"href":"https:\/\/renouveau-democratie.eu\/fr\/wp-json\/wp\/v2\/media?parent=18622"}],"curies":[{"name":"wp","href":"https:\/\/api.w.org\/{rel}","templated":true}]}}