{"id":18596,"date":"2020-01-12T19:35:22","date_gmt":"2020-01-12T17:35:22","guid":{"rendered":"\/?page_id=18596"},"modified":"2025-02-18T16:31:14","modified_gmt":"2025-02-18T14:31:14","slug":"representations","status":"publish","type":"page","link":"https:\/\/renouveau-democratie.eu\/fr\/representations\/","title":{"rendered":"Repr\u00e9sentations"},"content":{"rendered":"\n<figure class=\"wp-block-pullquote is-style-solid-color\"><blockquote><p><strong>R&amp;D, le syndicat <\/strong>qui est vraiment attentif aux demandes des coll\u00e8gues des repr\u00e9sentations<\/p><\/blockquote><\/figure>\n\n\n\n<div style=\"height:20px\" aria-hidden=\"true\" class=\"wp-block-spacer\"><\/div>\n\n\n\n<div style=\"height:20px\" aria-hidden=\"true\" class=\"wp-block-spacer\"><\/div>\n\n\n\n<p>Au cours du dernier mandat du Comit\u00e9 local du personnel de Bruxelles, <strong>R&amp;D<\/strong> a port\u00e9 une attention continue \u00e0 la situation du personnel travaillant loin du si\u00e8ge et en particulier dans les Repr\u00e9sentations.<\/p>\n\n\n\n<p><strong>R&amp;D<\/strong> a poursuivi son dialogue avec la DG COMM. Nous avons \u00e9t\u00e9 en contact avec beaucoup d&rsquo;entre vous au cours de ces derni\u00e8res ann\u00e9es, avec de nouvelles modalit\u00e9s de travail, quel que soit votre lieu d&rsquo;affectation.<\/p>\n\n\n\n<h2 class=\"wp-block-heading has-vivid-red-color has-text-color\">D&rsquo;un point de vue collectif, R&amp;D a d\u00e9velopp\u00e9 un dialogue approfondi avec la DG COMM, en particulier avec le Directeur g\u00e9n\u00e9ral et l&rsquo;\u00e9quipe du \u00ab\u00a0Business Correpondant&rsquo;s\u00a0\u00bb au cours de ce mandat et a travaill\u00e9 sur :<\/h2>\n\n\n\n<ul>\n<li>une <strong>charge de travail soutenable et le droit \u00e0 la d\u00e9connexion<\/strong>: r\u00e9\u00e9quilibrer la <strong>charge de travail<\/strong> et adapter les moyens des Reps afin de <strong>pr\u00e9server les ressources humaines<\/strong>. La charge de travail ne cesse d&rsquo;augmenter avec de moins en moins de personnel et les heures de travail suppl\u00e9mentaires\/atypiques, trop souvent, ne sont pas compens\u00e9es, ce qui n&rsquo;est pas viable \u00e0 long terme. Le personnel de la Rep a \u00e9galement le droit de se d\u00e9connecter, l&rsquo;astreinte ne peut justifier le non-respect de ce principe et affecter la sant\u00e9 du personnel ;<\/li>\n\n\n\n<li>veiller \u00e0 la qualit\u00e9 de la <strong>gestion, <\/strong>en particulier en cas de situations difficiles, de charge de travail tr\u00e8s \u00e9lev\u00e9e, de sous-effectifs et de tensions,<\/li>\n\n\n\n<li>des <strong>exercices de promotion et de reclassement<\/strong> \u00e9quitables pour les fonctionnaires, les agents contractuels et les agents locaux, en tenant compte de la situation des coll\u00e8gues travaillant loin du si\u00e8ge et en reconnaissant la charge de travail \u00e9lev\u00e9e dans un environnement politique d\u00e9licat pour l&rsquo;UE,<\/li>\n\n\n\n<li>la possibilit\u00e9 de participer \u00e0 <strong>des concours internes, en particulier pour les agents contractuels<\/strong>, afin de les motiver et de leur donner l&rsquo;occasion de d\u00e9velopper leurs comp\u00e9tences et leurs talents, ce qui leur permettra d&rsquo;acc\u00e9der \u00e0 un groupe de fonctions plus \u00e9lev\u00e9,<\/li>\n\n\n\n<li>la <strong>formation de<\/strong> tous les coll\u00e8gues qui souhaitent participer aux <strong>concours internes<\/strong> et aux <strong>concours EPSO : <\/strong>cette action est continue, et vous aurez l&rsquo;occasion de suivre tr\u00e8s prochainement de nouvelles formations pour le <strong>QCM et le test \u00e9crit<\/strong> <strong>sur les connaissances de l&rsquo;UE <\/strong>pour les nouveaux concours internes,<\/li>\n\n\n\n<li>le conseil et le soutien aux coll\u00e8gues soumis \u00e0 la <strong>rotation<\/strong> obligatoire,<\/li>\n\n\n\n<li>l&rsquo;application de l&rsquo;<strong>am\u00e9nagement du temps de travail<\/strong> pour l&rsquo;ensemble du personnel et notamment des nouvelles modalit\u00e9s de travail (t\u00e9l\u00e9travail, horaires flexibles, open spaces&#8230;), et la pr\u00e9servation du <strong>droit \u00e0 la d\u00e9connexion<\/strong>,<\/li>\n\n\n\n<li>la mise en place de <strong>mesures d&rsquo;hygi\u00e8ne et de s\u00e9curit\u00e9<\/strong> dans chaque \u00e9tablissement,<\/li>\n\n\n\n<li>le <strong>bien-\u00eatre<\/strong> du personnel et l&rsquo;utilisation efficace des <strong>cr\u00e9dits sociaux<\/strong> pour les repr\u00e9sentants,<\/li>\n\n\n\n<li>demander un syst\u00e8me \u00e9quitable pour <strong>compenser la situation financi\u00e8re due au niveau des \u00ab coefficients correcteurs \u00bb <\/strong>qui, dans de nombreuses capitales, sont trop bas par rapport \u00e0 la situation r\u00e9elle. De nombreux coll\u00e8gues sont encore p\u00e9nalis\u00e9s dans leur vie quotidienne (transport, location d&rsquo;un appartement&#8230;).<\/li>\n\n\n\n<li><strong>adapter les r\u00e8gles et proc\u00e9dures centrales de la CE<\/strong> aux <strong>circonstances locales<\/strong> (par exemple, am\u00e9liorer le PMO, les remboursements du JSIS&#8230;).<\/li>\n\n\n\n<li><strong>Soutenir le personnel des Rep dans des cas individuels<\/strong><\/li>\n<\/ul>\n\n\n\n<p>En outre, nous avons aid\u00e9 de nombreux coll\u00e8gues \u00e0 g\u00e9rer des <strong>situations individuelles <\/strong>telles que la prolongation de contrats, le reclassement, l&rsquo;exercice d&rsquo;\u00e9valuation et de promotion et la phase d&rsquo;appel, la r\u00e9organisation, les droits individuels, l&rsquo;acc\u00e8s au temps partiel, l&rsquo;horaire flexible, le r\u00e9gime de pension&#8230; et nous avons \u00e9galement apport\u00e9 notre soutien lorsque des situations conflictuelles pouvaient survenir.<\/p>\n\n\n\n<p>Et beaucoup d&rsquo;entre vous ont pu avoir un acc\u00e8s gratuit aux <strong>consultations inestimables de <\/strong>l&rsquo;<strong>avocat de R&amp;D, Me Orlandi.<\/strong><\/p>\n\n\n\n<p><strong>R&amp;D est certainement le seul syndicat \u00e0 avoir accord\u00e9 autant d&rsquo;attention aux repr\u00e9sentants.<\/strong> Nous avons visit\u00e9 les lieux de travail pendant toute la dur\u00e9e du mandat et pas seulement juste avant les \u00e9lections du Comit\u00e9 local du personnel.<\/p>\n\n\n\n<p><strong>R&amp;D<\/strong> a sur sa liste 4<strong> candidats travaillant \u00e0 la DG COMM<\/strong> <strong>ou ayant une forte exp\u00e9rience \u00e0 la DG COMM<\/strong> et <strong>repr\u00e9sentant toutes les cat\u00e9gories de personnel (fonctionnaire, agent contractuel et agent local)<\/strong>.<\/p>\n\n\n\n<ul>\n<li>Deux candidats travaillent dans les repr\u00e9sentants :\n<ul>\n<li>Andrea Meszaros (Budapest et exp\u00e9rience au si\u00e8ge de la DG COMM),<\/li>\n\n\n\n<li>Joaquim Montero Rey (Madrid).<\/li>\n<\/ul>\n<\/li>\n\n\n\n<li>Un candidat travaille au si\u00e8ge \u00e0 la DG COMM  : Eva Krzemien<\/li>\n\n\n\n<li>Une candidate est une ancienne responsable de la repr\u00e9sentation r\u00e9gionale (France) et une ancienne attach\u00e9e de presse de la repr\u00e9sentation \u00e0 Paris : Blandine Pellistrandi.<\/li>\n<\/ul>\n\n\n\n<p><strong>Nous disposons ainsi d&rsquo;une connaissance et d&rsquo;une vision r\u00e9elles des questions sp\u00e9cifiques auxquelles sont confront\u00e9s les coll\u00e8gues des Repr\u00e9sentations<\/strong>. Nous avons pu obtenir des r\u00e9sultats tangibles.<\/p>\n\n\n\n<p><strong>Nous savons qu&rsquo;il reste beaucoup \u00e0 faire,<\/strong> <strong>R&amp;D<\/strong> se bat constamment pour les droits des coll\u00e8gues et continuera \u00e0 agir.<\/p>\n\n\n\n<div style=\"height:20px\" aria-hidden=\"true\" class=\"wp-block-spacer\"><\/div>\n\n\n\n<h2 class=\"wp-block-heading has-vivid-red-color has-text-color\"><span style=\"color: #008E00;\">R<\/span><span style=\"color: #ff0000;\">&amp;<\/span><span style=\"color: #008E00;\">D<\/span> demande de<\/h2>\n\n\n\n<div style=\"height:20px\" aria-hidden=\"true\" class=\"wp-block-spacer\"><\/div>\n\n\n\n<ul>\n<li>r\u00e9\u00e9quilibrer la charge de travail et adapter les moyens dans les repr\u00e9sentations;<\/li>\n\n\n\n<li>impliquer le personnel en cas de r\u00e9organisation d&rsquo;une repr\u00e9sentation;<\/li>\n\n\n\n<li>r\u00e9tablir une v\u00e9ritable \u00e9quit\u00e9 sur les conditions financi\u00e8res;<\/li>\n\n\n\n<li>donner des perspectives de carri\u00e8res aux AC.<\/li>\n<\/ul>\n\n\n\n<div style=\"height:100px\" aria-hidden=\"true\" class=\"wp-block-spacer\"><\/div>\n","protected":false},"excerpt":{"rendered":"<p>R&amp;D, le syndicat qui est vraiment attentif aux demandes des coll\u00e8gues des repr\u00e9sentations Au cours du dernier mandat du Comit\u00e9 local du personnel de Bruxelles, R&amp;D a port\u00e9 une attention continue \u00e0 la situation du personnel travaillant loin du si\u00e8ge et en particulier dans les Repr\u00e9sentations. R&amp;D a poursuivi son dialogue avec la DG COMM. [&hellip;]<\/p>\n","protected":false},"author":19,"featured_media":0,"parent":0,"menu_order":0,"comment_status":"closed","ping_status":"closed","template":"","meta":{"footnotes":""},"_links":{"self":[{"href":"https:\/\/renouveau-democratie.eu\/fr\/wp-json\/wp\/v2\/pages\/18596"}],"collection":[{"href":"https:\/\/renouveau-democratie.eu\/fr\/wp-json\/wp\/v2\/pages"}],"about":[{"href":"https:\/\/renouveau-democratie.eu\/fr\/wp-json\/wp\/v2\/types\/page"}],"author":[{"embeddable":true,"href":"https:\/\/renouveau-democratie.eu\/fr\/wp-json\/wp\/v2\/users\/19"}],"replies":[{"embeddable":true,"href":"https:\/\/renouveau-democratie.eu\/fr\/wp-json\/wp\/v2\/comments?post=18596"}],"version-history":[{"count":11,"href":"https:\/\/renouveau-democratie.eu\/fr\/wp-json\/wp\/v2\/pages\/18596\/revisions"}],"predecessor-version":[{"id":29964,"href":"https:\/\/renouveau-democratie.eu\/fr\/wp-json\/wp\/v2\/pages\/18596\/revisions\/29964"}],"wp:attachment":[{"href":"https:\/\/renouveau-democratie.eu\/fr\/wp-json\/wp\/v2\/media?parent=18596"}],"curies":[{"name":"wp","href":"https:\/\/api.w.org\/{rel}","templated":true}]}}