{"id":18576,"date":"2020-01-12T19:27:47","date_gmt":"2020-01-12T17:27:47","guid":{"rendered":"\/?page_id=18576"},"modified":"2025-02-18T16:11:17","modified_gmt":"2025-02-18T14:11:17","slug":"ast","status":"publish","type":"page","link":"https:\/\/renouveau-democratie.eu\/fr\/carriere-promotion\/carriere\/ast\/","title":{"rendered":"AST"},"content":{"rendered":"\n<figure class=\"wp-block-pullquote is-style-solid-color\"><blockquote><p>R&amp;D aux c\u00f4t\u00e9s des coll\u00e8gues AST<\/p><\/blockquote><\/figure>\n\n\n\n<div style=\"height:20px\" aria-hidden=\"true\" class=\"wp-block-spacer\"><\/div>\n\n\n\n<h2 class=\"wp-block-heading has-text-align-center\">Arr\u00eatons le dumping social! <\/h2>\n\n\n\n<div style=\"height:20px\" aria-hidden=\"true\" class=\"wp-block-spacer\"><\/div>\n\n\n\n<p>La Commission doit \u00eatre en mesure de reconna\u00eetre la valeur et r\u00e9compenser la contribution des AST en fonction des t\u00e2ches qu\u2019ils ex\u00e9cutent. <\/p>\n\n\n\n<p class=\"has-text-align-center\"><strong>Nous sommes loin de la devise: la bonne personne \u00e0 la bonne place.<\/strong><\/p>\n\n\n\n<p>Il est important d\u2019offrir plus d\u2019acc\u00e8s \u00e0 la certification. De nombreux coll\u00e8gues AST font du travail d\u2019AD depuis des ann\u00e9es sans reconnaissance et\/ou r\u00e9compense.<\/p>\n\n\n\n<p>Il est urgent d\u2019offrir aux AST davantage de perspectives de carri\u00e8res via des proc\u00e9dures transparentes et \u00e9quitables afin d\u2019\u00eatre nomm\u00e9s chefs d\u2019\u00e9quipe, chefs de projet et assistants confirm\u00e9s.<\/p>\n\n\n\n<p>Une plus grande mobilit\u00e9 doit \u00eatre assur\u00e9e pour les AST, notamment en portant une attention particuli\u00e8re pour ceux en fin de carri\u00e8re, et en proposant&nbsp; des formations plus cibl\u00e9es afin de faciliter leur travail et de leur permettre une v\u00e9ritable \u00e9volution de carri\u00e8re<\/p>\n\n\n\n<p>De plus, les coll\u00e8gues AST sont confront\u00e9s \u00e0 des\ndifficult\u00e9s croissantes en raison de:<\/p>\n\n\n\n<ul>\n<li>publication de vacances d\u2019emploi tr\u00e8s limit\u00e9e et souvent destin\u00e9e au candidat pressenti ce qui engendre une mobilit\u00e9 quasi inexistante;<\/li>\n\n\n\n<li>peu d\u2019opportunit\u00e9 de carri\u00e8re;<\/li>\n\n\n\n<li>postes AST remplac\u00e9s syst\u00e9matiquement par des coll\u00e8gues AC ou AST\/SC;<\/li>\n\n\n\n<li>manque de reconnaissance des t\u00e2ches AD effectu\u00e9es; <\/li>\n\n\n\n<li>proc\u00e9dure de s\u00e9lection pour l\u2019acc\u00e8s \u00e0 la certification peu transparente et donnant trop de poids au bon vouloir de la DG.<\/li>\n<\/ul>\n\n\n\n<div style=\"height:20px\" aria-hidden=\"true\" class=\"wp-block-spacer\"><\/div>\n\n\n\n<h2 class=\"wp-block-heading has-black-color has-text-color\"><span style=\"color: #008E00;\">R<\/span><span style=\"color: #ff0000;\">&amp;<\/span><span style=\"color: #008E00;\">D<\/span> demande<\/h2>\n\n\n\n<div style=\"height:20px\" aria-hidden=\"true\" class=\"wp-block-spacer\"><\/div>\n\n\n\n<ul>\n<li>la mise en place d\u2019une v\u00e9ritable politique de mobilit\u00e9 pour le personnel AST;<\/li>\n\n\n\n<li>la prise en compte de toutes les t\u00e2ches AD dans l\u2019\u00e9volution de carri\u00e8re ainsi que dans l\u2019exercice de promotion;<\/li>\n\n\n\n<li>l\u2019organisation de concours internes permettant aux coll\u00e8gues AST d\u2019acc\u00e9der \u00e0 la cat\u00e9gorie AD; <\/li>\n\n\n\n<li>la r\u00e9vision de la proc\u00e9dure de certification garantissant une s\u00e9lection des candidats plus \u00e9quitable et moins livr\u00e9e au seul bon vouloir du DG avec des proc\u00e9dures d&rsquo;appel cr\u00e9dibles susceptibles de corriger les erreurs et les abus;<\/li>\n\n\n\n<li>la r\u00e9forme des proc\u00e9dures permettant la nomination de chefs d&rsquo;\u00e9quipe, chefs de projet et assistants confirm\u00e9s.<\/li>\n<\/ul>\n\n\n\n<div style=\"height:100px\" aria-hidden=\"true\" class=\"wp-block-spacer\"><\/div>\n","protected":false},"excerpt":{"rendered":"<p>R&amp;D aux c\u00f4t\u00e9s des coll\u00e8gues AST Arr\u00eatons le dumping social! La Commission doit \u00eatre en mesure de reconna\u00eetre la valeur et r\u00e9compenser la contribution des AST en fonction des t\u00e2ches qu\u2019ils ex\u00e9cutent. Nous sommes loin de la devise: la bonne personne \u00e0 la bonne place. Il est important d\u2019offrir plus d\u2019acc\u00e8s \u00e0 la certification. De [&hellip;]<\/p>\n","protected":false},"author":19,"featured_media":0,"parent":20259,"menu_order":4,"comment_status":"closed","ping_status":"closed","template":"","meta":{"footnotes":""},"_links":{"self":[{"href":"https:\/\/renouveau-democratie.eu\/fr\/wp-json\/wp\/v2\/pages\/18576"}],"collection":[{"href":"https:\/\/renouveau-democratie.eu\/fr\/wp-json\/wp\/v2\/pages"}],"about":[{"href":"https:\/\/renouveau-democratie.eu\/fr\/wp-json\/wp\/v2\/types\/page"}],"author":[{"embeddable":true,"href":"https:\/\/renouveau-democratie.eu\/fr\/wp-json\/wp\/v2\/users\/19"}],"replies":[{"embeddable":true,"href":"https:\/\/renouveau-democratie.eu\/fr\/wp-json\/wp\/v2\/comments?post=18576"}],"version-history":[{"count":19,"href":"https:\/\/renouveau-democratie.eu\/fr\/wp-json\/wp\/v2\/pages\/18576\/revisions"}],"predecessor-version":[{"id":29958,"href":"https:\/\/renouveau-democratie.eu\/fr\/wp-json\/wp\/v2\/pages\/18576\/revisions\/29958"}],"up":[{"embeddable":true,"href":"https:\/\/renouveau-democratie.eu\/fr\/wp-json\/wp\/v2\/pages\/20259"}],"wp:attachment":[{"href":"https:\/\/renouveau-democratie.eu\/fr\/wp-json\/wp\/v2\/media?parent=18576"}],"curies":[{"name":"wp","href":"https:\/\/api.w.org\/{rel}","templated":true}]}}