{"id":18541,"date":"2020-01-19T23:13:40","date_gmt":"2020-01-19T21:13:40","guid":{"rendered":"\/?page_id=18541"},"modified":"2021-09-02T13:12:15","modified_gmt":"2021-09-02T11:12:15","slug":"la-tentative-de-demantelement-du-service-juridique","status":"publish","type":"page","link":"https:\/\/renouveau-democratie.eu\/fr\/la-tentative-de-demantelement-du-service-juridique\/","title":{"rendered":"La tentative de d\u00e9mant\u00e8lement du Service juridique"},"content":{"rendered":"\n<figure class=\"wp-block-pullquote is-style-solid-color\"><blockquote class=\"has-text-color has-vivid-red-color\"><p>D\u00e8s que nous avons pris connaissance de certains articles de presse ainsi que des questions soulev\u00e9es par des d\u00e9put\u00e9s sur une pr\u00e9tendue volont\u00e9 de remettre en cause l\u2019ind\u00e9pendance de notre Service juridique, v\u00e9ritable fiert\u00e9 de notre institution, et de le placer sous l\u2019autorit\u00e9 du Secr\u00e9taire g\u00e9n\u00e9ral, nous avons demand\u00e9 \u00e0 la Commission de d\u00e9mentir une quelconque volont\u00e9 politique de le faire.<\/p><\/blockquote><\/figure>\n\n\n\n<h2 class=\"has-vivid-red-color has-text-color wp-block-heading\">Nous avons<\/h2>\n\n\n\n<ul><li>rappel\u00e9 que le Service juridique r\u00e9alise chaque jour un \u00ab&nbsp;sanity check&nbsp;\u00bb de notre institution;<\/li><li>rappel\u00e9 qu\u2019un quelconque d\u00e9mant\u00e8lement du service charg\u00e9 de veiller au respect de la r\u00e8gle de droit au sein de la Commission depuis 1958 aggraverait davantage la crise de confiance entre les fonctionnaires et le public vis-\u00e0-vis de l\u2019institution;<\/li><li>soulign\u00e9 que l\u2019ind\u00e9pendance et l\u2019excellence de notre Service juridique repr\u00e9sentent une garantie fondamentale pour les citoyens europ\u00e9ens en droit d\u2019\u00eatre assur\u00e9s que toutes les d\u00e9cisions adopt\u00e9es par notre institution sont pleinement respectueuses du cadre juridique en vigueur.<\/li><\/ul>\n\n\n\n<p>Les d\u00e9mentis\nassez timides et tr\u00e8s vagues prononc\u00e9s jusque-l\u00e0 sont loin d\u2019\u00eatre de nature \u00e0\napaiser ces craintes. <\/p>\n\n\n\n<div style=\"height:30px\" aria-hidden=\"true\" class=\"wp-block-spacer\"><\/div>\n\n\n\n<h2 class=\"has-vivid-red-color has-text-color wp-block-heading\"><strong><span style=\"color: #008E00;\">R<\/span><span style=\"color: #ff0000;\">&amp;<\/span><span style=\"color: #008E00;\">D<\/span> <\/strong>demande \u00e0 la Commission<\/h2>\n\n\n\n<ul><li>de rassurer le personnel et les observateurs externes en confirmant formellement, et ce, pendant toute la dur\u00e9e de son mandat, qu\u2019elle n\u2019a nullement l\u2019intention de:<ul><li>modifier l\u2019organigramme du SJ;<\/li><li>transf\u00e9rer celui-ci sous l\u2019autorit\u00e9 du Secr\u00e9taire g\u00e9n\u00e9ral;<\/li><li>modifier la structure, le fonctionnement et les t\u00e2ches du service juridique tels qu\u2019ils existent actuellement;<\/li><li>prendre quelque mesure que ce soit qui porterait atteinte \u00e0 l\u2019ind\u00e9pendance du SJ, ou emp\u00eacherait celui-ci de fournir au coll\u00e8ge des avis juridiques francs, objectifs et complets;<\/li><li>emp\u00eacher le SJ de continuer \u00e0 d\u00e9poser des observations \u00e9crites pour toutes questions pr\u00e9judicielles dont la Cour de Justice est saisie.<\/li><\/ul><\/li><\/ul>\n\n\n\n<div style=\"height:34px\" aria-hidden=\"true\" class=\"wp-block-spacer\"><\/div>\n\n\n\n<h2 class=\"wp-block-heading\">Nos actions<\/h2>\n\n\n\n<figure class=\"wp-block-table\"><table><tbody><tr><td>18 mai 2021<\/td><td><a href=\"\/fr\/2021\/05\/reorganisation-du-service-juridique-un-bon-exemple-a-saluer-2\/\">R\u00e9organisation du Service Juridique : Un bon exemple \u00e0 saluer !<\/a><\/td><\/tr><tr><td><\/td><td><\/td><\/tr><\/tbody><\/table><\/figure>\n\n\n\n<p><\/p>\n","protected":false},"excerpt":{"rendered":"<p>D\u00e8s que nous avons pris connaissance de certains articles de presse ainsi que des questions soulev\u00e9es par des d\u00e9put\u00e9s sur une pr\u00e9tendue volont\u00e9 de remettre en cause l\u2019ind\u00e9pendance de notre Service juridique, v\u00e9ritable fiert\u00e9 de notre institution, et de le placer sous l\u2019autorit\u00e9 du Secr\u00e9taire g\u00e9n\u00e9ral, nous avons demand\u00e9 \u00e0 la Commission de d\u00e9mentir une [&hellip;]<\/p>\n","protected":false},"author":19,"featured_media":21422,"parent":0,"menu_order":0,"comment_status":"closed","ping_status":"closed","template":"","meta":{"footnotes":""},"_links":{"self":[{"href":"https:\/\/renouveau-democratie.eu\/fr\/wp-json\/wp\/v2\/pages\/18541"}],"collection":[{"href":"https:\/\/renouveau-democratie.eu\/fr\/wp-json\/wp\/v2\/pages"}],"about":[{"href":"https:\/\/renouveau-democratie.eu\/fr\/wp-json\/wp\/v2\/types\/page"}],"author":[{"embeddable":true,"href":"https:\/\/renouveau-democratie.eu\/fr\/wp-json\/wp\/v2\/users\/19"}],"replies":[{"embeddable":true,"href":"https:\/\/renouveau-democratie.eu\/fr\/wp-json\/wp\/v2\/comments?post=18541"}],"version-history":[{"count":15,"href":"https:\/\/renouveau-democratie.eu\/fr\/wp-json\/wp\/v2\/pages\/18541\/revisions"}],"predecessor-version":[{"id":23595,"href":"https:\/\/renouveau-democratie.eu\/fr\/wp-json\/wp\/v2\/pages\/18541\/revisions\/23595"}],"wp:featuredmedia":[{"embeddable":true,"href":"https:\/\/renouveau-democratie.eu\/fr\/wp-json\/wp\/v2\/media\/21422"}],"wp:attachment":[{"href":"https:\/\/renouveau-democratie.eu\/fr\/wp-json\/wp\/v2\/media?parent=18541"}],"curies":[{"name":"wp","href":"https:\/\/api.w.org\/{rel}","templated":true}]}}