{"id":18533,"date":"2020-01-19T22:37:08","date_gmt":"2020-01-19T20:37:08","guid":{"rendered":"\/?page_id=18533"},"modified":"2021-01-03T16:54:48","modified_gmt":"2021-01-03T14:54:48","slug":"parachutages","status":"publish","type":"page","link":"https:\/\/renouveau-democratie.eu\/fr\/parachutages\/","title":{"rendered":"Parachutages"},"content":{"rendered":"\n<figure class=\"wp-block-pullquote is-style-solid-color\"><blockquote class=\"has-text-color has-very-dark-gray-color\"><p>Depuis toujours, R&amp;D d\u00e9nonce le caract\u00e8re inacceptable de la pratique des parachutages, notamment \u00e0 chaque fin de mandat de Coll\u00e8ge, mettant en exergue ses cons\u00e9quences n\u00e9fastes en ce qui concerne:<\/p><\/blockquote><\/figure>\n\n\n\n<div style=\"height:20px\" aria-hidden=\"true\" class=\"wp-block-spacer\"><\/div>\n\n\n\n<ul><li> la politisation de la fonction publique et mise en cause de son ind\u00e9pendance; <\/li><li>le non-respect des principes d\u2019\u00e9thique et d\u2019int\u00e9grit\u00e9;<\/li><li>l\u2019imposition d\u2019une politique d\u2019in\u00e9galit\u00e9 des chances;<\/li><li>la d\u00e9motivation du personnel;<\/li><li>le syst\u00e8me d\u2019\u00e9volution de carri\u00e8re in\u00e9quitable. <\/li><\/ul>\n\n\n\n<div style=\"height:60px\" aria-hidden=\"true\" class=\"wp-block-spacer\"><\/div>\n\n\n\n<h2 class=\"has-vivid-red-color has-text-color wp-block-heading\">Nous avons\u2026<\/h2>\n\n\n\n<ul><li>d\u00e9nonc\u00e9 aupr\u00e8s de l&rsquo;administration puis face \u00e0 son inaction aupr\u00e8s des autres institutions et de la M\u00e9diatrice europ\u00e9enne ces pratiques d\u00e9testables ainsi que chaque cas de parachutage av\u00e9r\u00e9 et r\u00e9cemment celui concernant la nomination de notre Secr\u00e9taire g\u00e9n\u00e9ral;<\/li><li>demand\u00e9 la r\u00e9forme des proc\u00e9dures de nomination de l\u2019encadrement sup\u00e9rieur afin de mettre fin une fois pour toutes \u00e0 ces pratiques d\u00e9testables.<\/li><\/ul>\n\n\n\n<div style=\"height:20px\" aria-hidden=\"true\" class=\"wp-block-spacer\"><\/div>\n\n\n\n<h2 class=\"has-vivid-red-color has-text-color wp-block-heading\">Les avanc\u00e9es&nbsp;obtenues\u2026<\/h2>\n\n\n\n<p>Alors que la DG HR a toujours ni\u00e9 un quelconque bien fond\u00e9 de nos critiques, au travers de leurs d\u00e9clarations lors de la r\u00e9union du Coll\u00e8ge du 30 janvier 2017 et puis du \u2026 MM Selmayr et Italianer ont indiqu\u00e9 pour leur part que: <\/p>\n\n\n\n<p><em>\u00ab&nbsp;Ne seront pas admises:<\/em><\/p>\n\n\n\n<p><em>Les nominations des membres de cabinet \u00e0 des postes\nd\u2019encadrement dans la direction g\u00e9n\u00e9rale d\u00e9pendant de leur portefeuille et\nplac\u00e9s sous leur supervision directe.<\/em><\/p>\n\n\n\n<p><em>De m\u00eame que les nominations des membres de cabinet\ndans une direction g\u00e9n\u00e9rale pour y obtenir une promotion et leur r\u00e9int\u00e9gration\ndans un cabinet aussit\u00f4t cette promotion obtenue.&nbsp;<\/em><\/p>\n\n\n\n<p><em>Ces pratiques sont d\u00e9motivantes pour le reste du\npersonnel qui n\u2019est pas promu avec la m\u00eame rapidit\u00e9 que les membres du cabinet.\n\u00bb<\/em><\/p>\n\n\n\n<p><strong>Malheureusement, ces d\u00e9clarations et la reconnaissance\ndu bien fond\u00e9 de nos analyses critiques n&rsquo;ont jusqu\u2019\u00e0 pr\u00e9sent \u00e9t\u00e9 suivies d&rsquo;un\nquelconque effet\u2026 bien au contraire\u2026<\/strong><\/p>\n\n\n\n<div style=\"height:20px\" aria-hidden=\"true\" class=\"wp-block-spacer\"><\/div>\n\n\n\n<h2 class=\"has-vivid-red-color has-text-color wp-block-heading\">Gr\u00e2ce \u00e0 votre soutien, nous continuerons \u00e0\u2026<\/h2>\n\n\n\n<ul><li>revendiquer la fin de ces pratiques;<\/li><li>demander la r\u00e9forme des proc\u00e9dures de nomination; <\/li><li>rester vigilants et d\u00e9noncer tous nouveaux d\u00e9rapages;<\/li><li>nous opposer avec la plus grande d\u00e9termination \u00e0 l\u2019organisation de nouveaux concours internes \u00ab&nbsp;adapt\u00e9s&nbsp;\u00bb que la DG HR ne manquera pas de proposer afin de garantir une titularisation plus qu\u2019ais\u00e9e des membres des cabinets.<\/li><\/ul>\n\n\n\n<div style=\"height:60px\" aria-hidden=\"true\" class=\"wp-block-spacer\"><\/div>\n\n\n\n<hr class=\"wp-block-separator has-text-color has-background has-vivid-red-background-color has-vivid-red-color\"\/>\n\n\n\n<div style=\"height:60px\" aria-hidden=\"true\" class=\"wp-block-spacer\"><\/div>\n\n\n\n<h2 class=\"has-vivid-red-color has-text-color wp-block-heading\">Nos actions<\/h2>\n\n\n\n<div style=\"height:20px\" aria-hidden=\"true\" class=\"wp-block-spacer\"><\/div>\n\n\n\n<figure class=\"wp-block-table\"><table><tbody><tr><td><strong>2019<\/strong><\/td><td><\/td><td><\/td><\/tr><tr><td>12\/03\/19<\/td><td>Note \u00e0 l\u2019attention de Mme Clara Martinez, Chef de cabinet du Pr\u00e9sident Juncker et de M. Martin Selmayr, Secr\u00e9taire g\u00e9n\u00e9ral de la Commission  &#8211; \u00ab&nbsp;Parachutages&nbsp;\u00bb de membres de cabinet \u00e0 la fin du mandat du coll\u00e8ge&nbsp;: le cas de la DG DEVCO <\/td><td><a href=\"\/fr\/2019\/03\/parachutages-de-membres-de-cabinet-a-la-fin-du-mandat-du-college-le-cas-de-la-dg-devco\/\">lire<\/a><\/td><\/tr><tr><td>19\/02\/19<\/td><td>Note \u00e0 l\u2019attention de Mme Clara Martinez, Chef de cabinet du Pr\u00e9sident Juncker et de M. Martin Selmayr, Secr\u00e9taire g\u00e9n\u00e9ral de la Commission &#8211;&nbsp;\u00ab&nbsp;Parachutages&nbsp;\u00bb de membres de cabinet \u00e0 la fin du mandat du coll\u00e8ge \/ D\u00e9clarations de MM Selmayr et Italianer reprises sous le point 7.12 du Proc\u00e8s-verbal de la r\u00e9union des Chefs de cabinet du 30 janvier 2017 <\/td><td><a href=\"\/fr\/2019\/02\/parachutages-de-membres-de-cabinet-a-la-fin-du-mandat-du-college-note-a-lattention-de-mme-martinez-%d0%b5t-de-m-selmayr\/\">lire<\/a><\/td><\/tr><tr><td><strong>2018<\/strong><\/td><td><\/td><td><\/td><\/tr><tr><td>1\/06\/18<\/td><td> Note \u00e0 l\u2019attention de M. G\u00fcnther OETTINGER<br>Commissaire en charge du Budget et des Ressources &#8211; Enqu\u00eate de la M\u00e9diatrice europ\u00e9enne concernant la nomination du nouveau Secr\u00e9taire g\u00e9n\u00e9ral; Parachutages, politisation de notre fonction publique et urgence de r\u00e9former les proc\u00e9dures de&nbsp; nomination de l\u2019encadrement de notre institution <\/td><td><a href=\"\/fr\/2018\/06\/enquete-de-la-mediatrice-europeenne-concernant-la-nomination-du-nouveau-secretaire-general\/\">lire<\/a><\/td><\/tr><tr><td>23\/03\/18<\/td><td>Note \u00e0 l\u2019attention de M. G\u00fcnther OETTINGER \u2013 Votre r\u00e9ponse du 9 mars dernier <\/td><td><a href=\"\/fr\/2018\/03\/16592\/\">lien<\/a><\/td><\/tr><tr><td>28\/02\/18<\/td><td>Note \u00e0 l\u2019attention de M. Martin SELMAYR &nbsp;<br>Secr\u00e9taire g\u00e9n\u00e9ral de la Commission europ\u00e9enne &#8211; Vos&nbsp;prises de positions successives contre les parachutages et votre propre parachutage sur le poste de Secr\u00e9taire g\u00e9n\u00e9ral <\/td><td><a href=\"\/fr\/2018\/02\/note-a-m-selmayr-parachutages\/\">lire<\/a><\/td><\/tr><tr><td>9\/01\/18<\/td><td>Note \u00e0 l\u2019attention de M. Selmayr, chef de cabinet du Pr\u00e9sident de la Commission, M. Juncker et M. Italianer, Secr\u00e9taire g\u00e9n\u00e9ral de la Commission &#8211; \u00ab Parachutages \u00bb de membres de cabinet \u00e0 la fin du mandat du coll\u00e8ge et vos nouvelles d\u00e9clarations reprises sous le point 7.5 du proc\u00e8s-verbal de la r\u00e9union des Chefs de cabinet du 23 novembre 2017<\/td><td><a href=\"\/fr\/2018\/01\/parachutages-de-membres-de-cabinet\/\">lire<\/a><\/td><\/tr><tr><td><strong>2017<\/strong><\/td><td><\/td><td><\/td><\/tr><tr><td>7\/06\/17<\/td><td> Note \u00e0 l\u2019attention de M. Selmayr, chef de cabinet du pr\u00e9sident Juncker et M. Italianer, Secr\u00e9taire g\u00e9n\u00e9ral de la Commission &#8211; Vos d\u00e9clarations lors de la r\u00e9union du 22 mai dernier sur la n\u00e9cessit\u00e9 des Chefs de cabinets de respecter l\u2019engagement et le travail de nos coll\u00e8gues du Secr\u00e9tariat g\u00e9n\u00e9ral<br>&nbsp; <\/td><td><a href=\"\/fr\/2017\/06\/16246\/\">lire<\/a><\/td><\/tr><tr><td>2\/6\/17<\/td><td>Note \u00e0 l\u2019attention de M. Selmayr, chef de cabinet du pr\u00e9sident Juncker, M. Italianer, Secr\u00e9taire g\u00e9n\u00e9ral de la Commission &#8211; Nomination d\u2019un membre du cabinet Jourov\u00e1 sur un poste d\u2019encadrement aupr\u00e8s de la DG JUSTICE <\/td><td><a href=\"\/fr\/2017\/06\/16193\/\">lire<\/a><\/td><\/tr><tr><td>16\/05\/17<\/td><td>Note \u00e0 l\u2019attention de M. Selmayr, chef de cabinet du pr\u00e9sident Juncker et M. Italianer, Secr\u00e9taire g\u00e9n\u00e9ral de la Commission &#8211; Nomination d\u2019un membre du cabinet Moscovici sur un poste d\u2019encadrement aupr\u00e8s de la DG TAXUD <\/td><td><a href=\"\/fr\/2017\/05\/nomination-dun-membre-du-cabinet-moscovici-sur-un-poste-dencadrement-aupres-de-la-dg-taxud\/\">lire<\/a><\/td><\/tr><tr><td>22\/03\/17<\/td><td>Note \u00e0 l\u2019attention de M. Selmayr, chef de cabinet du pr\u00e9sident Juncker et M. Italianer, Secr\u00e9taire g\u00e9n\u00e9ral de la Commission &#8211;  \u00ab&nbsp;Parachutages&nbsp;\u00bb de membres de cabinet \u00e0 la fin du mandat du coll\u00e8ge&nbsp; :  Vos d\u00e9clarations reprises sous le point 7.12 du Proc\u00e8s-verbal de la r\u00e9union des Chefs de cabinet du 30 janvier dernier <\/td><td><a href=\"\/fr\/2017\/03\/parachutages-de-membres-de-cabinet-a-la-fin-du-mandat-du-college\/\">lire<\/a><\/td><\/tr><tr><td>6\/02\/17<\/td><td> Note \u00e0 l\u2019attention de M. Selmayr, chef de cabinet du Pr\u00e9sident Juncker et de M. Italianer, Secr\u00e9taire g\u00e9n\u00e9ral de la Commission &#8211;  \u00ab Parachutages \u00bb de membres de cabinet: R&amp;D remercie M. Selmayr et M. Italianer pour leurs d\u00e9clarations lors de la r\u00e9union des chefs de cabinet du 30\/01\/2017. C\u2019est un tr\u00e8s bon d\u00e9but mais il ne faut pas en rester l\u00e0! <\/td><td><a href=\"\/fr\/2017\/02\/parachutages-de-membres-de-cabinet-rd-remercie-m-selmayr-et-m-italianer-pour-leurs-declarations-lors-de-la-reunion-des-chefs-de-cabinet-du-30012017-cest-un-tres-bon-debut-mais-i\/\">lire<\/a><\/td><\/tr><tr><td><strong>2014<\/strong><\/td><td><\/td><td><\/td><\/tr><tr><td>25\/09\/14<\/td><td>La fin du Coll\u00e8ge approche et la saison des parachutages commence&nbsp;:&nbsp;R&amp;D&nbsp;met en place son radar! <\/td><td><a href=\"\/fr\/14894-2\/la-fin-du-college-approche-et-la-saison-des-parachutages-commence\/\">lire<\/a><\/td><\/tr><tr><td>14\/02\/14<\/td><td> Breaking news: les parachutages n\u2019existent plus  <\/td><td><a href=\"\/fr\/2014\/02\/breaking-news-les-parachutages-nexistent-plus-2\/\">lire<\/a><\/td><\/tr><tr><td><strong>2013<\/strong><\/td><td><\/td><td><\/td><\/tr><tr><td>10\/12\/13<\/td><td> PMO \u2013 \u00ab&nbsp;T\u00e9l\u00e9pathie&nbsp;\u00bb d\u2019un parachutage annonc\u00e9<\/td><td><a href=\"\/fr\/2013\/12\/pmo-telepathie-dun-parachutage-annonce\/\">lire<\/a><\/td><\/tr><tr><td><strong>2010<\/strong><\/td><td><\/td><td><\/td><\/tr><tr><td>18\/03\/10<\/td><td>Nouveau Service Ext\u00e9rieur de l\u2019UE \u2013 oui au respect des r\u00e8gles de la fonction publique europ\u00e9enne \u2013 non au parachutages des diplomates et autre fonctionnaires nationaux <\/td><td><a href=\"\/fr\/2010\/03\/nouveau-service-exterieur-de-lue-oui-au-respect-des-regles-2\/\">lire<\/a><\/td><\/tr><\/tbody><\/table><\/figure>\n","protected":false},"excerpt":{"rendered":"<p>Depuis toujours, R&amp;D d\u00e9nonce le caract\u00e8re inacceptable de la pratique des parachutages, notamment \u00e0 chaque fin de mandat de Coll\u00e8ge, mettant en exergue ses cons\u00e9quences n\u00e9fastes en ce qui concerne: la politisation de la fonction publique et mise en cause de son ind\u00e9pendance; le non-respect des principes d\u2019\u00e9thique et d\u2019int\u00e9grit\u00e9; l\u2019imposition d\u2019une politique d\u2019in\u00e9galit\u00e9 des [&hellip;]<\/p>\n","protected":false},"author":19,"featured_media":21322,"parent":0,"menu_order":0,"comment_status":"closed","ping_status":"closed","template":"","meta":{"footnotes":""},"_links":{"self":[{"href":"https:\/\/renouveau-democratie.eu\/fr\/wp-json\/wp\/v2\/pages\/18533"}],"collection":[{"href":"https:\/\/renouveau-democratie.eu\/fr\/wp-json\/wp\/v2\/pages"}],"about":[{"href":"https:\/\/renouveau-democratie.eu\/fr\/wp-json\/wp\/v2\/types\/page"}],"author":[{"embeddable":true,"href":"https:\/\/renouveau-democratie.eu\/fr\/wp-json\/wp\/v2\/users\/19"}],"replies":[{"embeddable":true,"href":"https:\/\/renouveau-democratie.eu\/fr\/wp-json\/wp\/v2\/comments?post=18533"}],"version-history":[{"count":25,"href":"https:\/\/renouveau-democratie.eu\/fr\/wp-json\/wp\/v2\/pages\/18533\/revisions"}],"predecessor-version":[{"id":21877,"href":"https:\/\/renouveau-democratie.eu\/fr\/wp-json\/wp\/v2\/pages\/18533\/revisions\/21877"}],"wp:featuredmedia":[{"embeddable":true,"href":"https:\/\/renouveau-democratie.eu\/fr\/wp-json\/wp\/v2\/media\/21322"}],"wp:attachment":[{"href":"https:\/\/renouveau-democratie.eu\/fr\/wp-json\/wp\/v2\/media?parent=18533"}],"curies":[{"name":"wp","href":"https:\/\/api.w.org\/{rel}","templated":true}]}}