{"id":18470,"date":"2020-01-12T18:54:56","date_gmt":"2020-01-12T16:54:56","guid":{"rendered":"\/?page_id=18470"},"modified":"2021-12-21T13:11:33","modified_gmt":"2021-12-21T11:11:33","slug":"fonction-publique-europeenne","status":"publish","type":"page","link":"https:\/\/renouveau-democratie.eu\/fr\/fonction-publique-europeenne\/","title":{"rendered":"Fonction publique europ\u00e9enne"},"content":{"rendered":"\n<figure class=\"wp-block-pullquote is-style-solid-color\"><blockquote><p>R&amp;D d\u00e9fend la dignit\u00e9 du personnel,<\/p><p>l\u2019image de notre institution,<\/p><p>les principes de base de la fonction publique europ\u00e9enne<\/p><p>et les services essentiels de notre institution<\/p><\/blockquote><\/figure>\n\n\n\n<div style=\"height:80px\" aria-hidden=\"true\" class=\"wp-block-spacer\"><\/div>\n\n\n\n<p style=\"font-size:17px\"><strong>L\u2019image de l\u2019Union europ\u00e9enne n\u2019a jamais \u00e9t\u00e9 aussi ternie depuis sa cr\u00e9ation que ces derniers mois, favorisant la mont\u00e9e des populistes. Suite aux d\u00e9gradations des conditions d\u2019emploi impos\u00e9es par les R\u00e9formes successives, il s\u2019av\u00e8re que travailler pour l\u2019UE n\u2019est plus aussi attractif que par le pass\u00e9.<\/strong><\/p>\n\n\n\n<div style=\"height:20px\" aria-hidden=\"true\" class=\"wp-block-spacer\"><\/div>\n\n\n\n<p class=\"has-vivid-red-color has-text-color\" style=\"font-size:30px\">De ce fait, <span style=\"color: #008E00;\">R<\/span><span style=\"color: #ff0000;\">&amp;<\/span><span style=\"color: #008E00;\">D<\/span> a toujours demand\u00e9 que la Commission&nbsp;:<\/p>\n\n\n\n<ul><li>soit exemplaire dans ses d\u00e9cisions et dans le comportement de ses membres;<\/li><li>reconnaisse les limites incontestables de sa strat\u00e9gie actuelle et mette en place une communication externe efficace s\u2019adressant aussi directement aux citoyens europ\u00e9ens afin de d\u00e9montrer l\u2019utilit\u00e9 du travail de son personnel;<\/li><li>d\u00e9fende son personnel;<\/li><li>agisse rapidement en cas de crise. <\/li><\/ul>\n\n\n\n<p>En\nparticulier, \u00e0 l\u2019occasion de chaque affaire ayant suscit\u00e9 des critiques\nvirulentes envers la Commission, vous avez \u00e9t\u00e9 nombreuses et nombreux \u00e0 nous\ndemander de d\u00e9fendre les valeurs communes <strong>d\u2019\u00e9thique\net d\u2019int\u00e9grit\u00e9<\/strong> et \u00e0 prendre ouvertement position afin de d\u00e9fendre l\u2019image\nde notre institution et de la fonction publique europ\u00e9enne.<\/p>\n\n\n\n<div style=\"height:20px\" aria-hidden=\"true\" class=\"wp-block-spacer\"><\/div>\n\n\n\n<p class=\"has-black-color has-text-color\" style=\"font-size:17px\"><strong>Nous avons \u00e9t\u00e9 le Premier Syndicat \u00e0 d\u00e9noncer ouvertement les parachutages et le scandale des affaires Barroso &amp; Kroes.<\/strong><\/p>\n\n\n\n<div style=\"height:33px\" aria-hidden=\"true\" class=\"wp-block-spacer\"><\/div>\n\n\n\n<div class=\"wp-block-columns is-layout-flex wp-container-core-columns-is-layout-1 wp-block-columns-is-layout-flex\">\n<div class=\"wp-block-column is-layout-flow wp-block-column-is-layout-flow\">\n<div class=\"wp-block-group has-white-background-color has-background\"><div class=\"wp-block-group__inner-container is-layout-flow wp-block-group-is-layout-flow\">\n<div class=\"wp-block-group has-white-background-color has-background\"><div class=\"wp-block-group__inner-container is-layout-flow wp-block-group-is-layout-flow\">\n<figure class=\"wp-block-image size-medium\"><img loading=\"lazy\" decoding=\"async\" width=\"300\" height=\"200\" src=\"https:\/\/renouveau-democratie.eu\/wp-content\/uploads\/2020\/09\/Ethics-web-300x200.png\" alt=\"\" class=\"wp-image-21298\" srcset=\"https:\/\/renouveau-democratie.eu\/wp-content\/uploads\/2020\/09\/Ethics-web-300x200.png 300w, https:\/\/renouveau-democratie.eu\/wp-content\/uploads\/2020\/09\/Ethics-web.png 601w\" sizes=\"(max-width: 300px) 100vw, 300px\" \/><\/figure>\n\n\n\n<h4 class=\"has-text-align-center wp-block-heading\"><a href=\"\/fr\/ethique\/\" target=\"_blank\" rel=\"noreferrer noopener\">Ethique<\/a><\/h4>\n\n\n\n<hr class=\"wp-block-separator has-text-color has-background has-vivid-red-background-color has-vivid-red-color is-style-wide\"\/>\n\n\n\n<ul id=\"block-75d97050-472d-4ec1-b7e6-e0b95d4c3e66\"><li><a href=\"\/fr\/ethique\/affaires-barroso-kroes\/\" target=\"_blank\" rel=\"noreferrer noopener\">Affaires Barroso-Kroes<\/a> <\/li><li><a rel=\"noreferrer noopener\" href=\"\/fr\/parachutages\/\" target=\"_blank\">Parachutages<\/a> <\/li><li> <a rel=\"noreferrer noopener\" href=\"\/fr\/14894-2\/article-42-quater-du-statut\/\" target=\"_blank\">Art. 42 Quater<\/a> <\/li><li> <a rel=\"noreferrer noopener\" href=\"\/fr\/14894-2\/junior-programme\/\" target=\"_blank\">\u00ab\u00a0Junior Professional\u00a0\u00bb programme<\/a> <\/li><li><a rel=\"noreferrer noopener\" href=\"\/fr\/demantelement-de-services-essentiels\/\" target=\"_blank\">D\u00e9mant\u00e8lement de services essentiels: SJ et DGT<\/a> <\/li><li><a rel=\"noreferrer noopener\" href=\"\/fr\/2014\/09\/la-commission-barroso-a-depasse-toutes-les-limites\/\" target=\"_blank\">La Commission Barroso a d\u00e9pass\u00e9 toutes les limites<\/a><\/li><\/ul>\n<\/div><\/div>\n<\/div><\/div>\n<\/div>\n\n\n\n<div class=\"wp-block-column is-layout-flow wp-block-column-is-layout-flow\">\n<div class=\"wp-block-group has-white-background-color has-background\"><div class=\"wp-block-group__inner-container is-layout-flow wp-block-group-is-layout-flow\">\n<div class=\"wp-block-group has-white-background-color has-background\"><div class=\"wp-block-group__inner-container is-layout-flow wp-block-group-is-layout-flow\">\n<figure class=\"wp-block-image size-medium\"><img loading=\"lazy\" decoding=\"async\" width=\"300\" height=\"200\" src=\"https:\/\/renouveau-democratie.eu\/wp-content\/uploads\/2020\/09\/Covid-web-300x200.png\" alt=\"\" class=\"wp-image-21300\" srcset=\"https:\/\/renouveau-democratie.eu\/wp-content\/uploads\/2020\/09\/Covid-web-300x200.png 300w, https:\/\/renouveau-democratie.eu\/wp-content\/uploads\/2020\/09\/Covid-web.png 601w\" sizes=\"(max-width: 300px) 100vw, 300px\" \/><\/figure>\n\n\n\n<h4 class=\"has-text-align-center wp-block-heading\"><a href=\"\/fr\/crise-sanitaire-covid-19\/\" target=\"_blank\" rel=\"noreferrer noopener\">Crise sanitaire- COVID19<\/a><\/h4>\n<\/div><\/div>\n<\/div><\/div>\n<\/div>\n\n\n\n<div class=\"wp-block-column is-layout-flow wp-block-column-is-layout-flow\">\n<div class=\"wp-block-group has-white-background-color has-background\"><div class=\"wp-block-group__inner-container is-layout-flow wp-block-group-is-layout-flow\">\n<div class=\"wp-block-group has-white-background-color has-background\"><div class=\"wp-block-group__inner-container is-layout-flow wp-block-group-is-layout-flow\">\n<figure class=\"wp-block-image size-medium\"><img loading=\"lazy\" decoding=\"async\" width=\"300\" height=\"200\" src=\"https:\/\/renouveau-democratie.eu\/wp-content\/uploads\/2020\/09\/Nomination-web-300x200.png\" alt=\"\" class=\"wp-image-21302\" srcset=\"https:\/\/renouveau-democratie.eu\/wp-content\/uploads\/2020\/09\/Nomination-web-300x200.png 300w, https:\/\/renouveau-democratie.eu\/wp-content\/uploads\/2020\/09\/Nomination-web.png 601w\" sizes=\"(max-width: 300px) 100vw, 300px\" \/><\/figure>\n\n\n\n<h4 class=\"has-text-align-center wp-block-heading\"><a href=\"\/fr\/hauts-fonctionnaires\/\" target=\"_blank\" rel=\"noreferrer noopener\">Proc\u00e9dures de nomination<\/a><\/h4>\n<\/div><\/div>\n<\/div><\/div>\n<\/div>\n\n\n\n<div class=\"wp-block-column is-layout-flow wp-block-column-is-layout-flow\">\n<figure class=\"wp-block-image size-medium\"><img loading=\"lazy\" decoding=\"async\" width=\"300\" height=\"200\" src=\"https:\/\/renouveau-democratie.eu\/wp-content\/uploads\/2020\/09\/STATUT-WEB-300x200.png\" alt=\"\" class=\"wp-image-21309\" srcset=\"https:\/\/renouveau-democratie.eu\/wp-content\/uploads\/2020\/09\/STATUT-WEB-300x200.png 300w, https:\/\/renouveau-democratie.eu\/wp-content\/uploads\/2020\/09\/STATUT-WEB.png 601w\" sizes=\"(max-width: 300px) 100vw, 300px\" \/><\/figure>\n\n\n\n<h4 class=\"has-text-align-center wp-block-heading\"> <a rel=\"noreferrer noopener\" href=\"https:\/\/renouveau-democratie.eu\/fr\/reforme-du-statut\/\" target=\"_blank\">R\u00e9formes du Statut<\/a> <\/h4>\n<\/div>\n<\/div>\n\n\n\n<div style=\"height:100px\" aria-hidden=\"true\" class=\"wp-block-spacer\"><\/div>\n","protected":false},"excerpt":{"rendered":"<p>R&amp;D d\u00e9fend la dignit\u00e9 du personnel, l\u2019image de notre institution, les principes de base de la fonction publique europ\u00e9enne et les services essentiels de notre institution L\u2019image de l\u2019Union europ\u00e9enne n\u2019a jamais \u00e9t\u00e9 aussi ternie depuis sa cr\u00e9ation que ces derniers mois, favorisant la mont\u00e9e des populistes. Suite aux d\u00e9gradations des conditions d\u2019emploi impos\u00e9es par [&hellip;]<\/p>\n","protected":false},"author":19,"featured_media":21063,"parent":0,"menu_order":0,"comment_status":"closed","ping_status":"closed","template":"","meta":{"footnotes":""},"_links":{"self":[{"href":"https:\/\/renouveau-democratie.eu\/fr\/wp-json\/wp\/v2\/pages\/18470"}],"collection":[{"href":"https:\/\/renouveau-democratie.eu\/fr\/wp-json\/wp\/v2\/pages"}],"about":[{"href":"https:\/\/renouveau-democratie.eu\/fr\/wp-json\/wp\/v2\/types\/page"}],"author":[{"embeddable":true,"href":"https:\/\/renouveau-democratie.eu\/fr\/wp-json\/wp\/v2\/users\/19"}],"replies":[{"embeddable":true,"href":"https:\/\/renouveau-democratie.eu\/fr\/wp-json\/wp\/v2\/comments?post=18470"}],"version-history":[{"count":111,"href":"https:\/\/renouveau-democratie.eu\/fr\/wp-json\/wp\/v2\/pages\/18470\/revisions"}],"predecessor-version":[{"id":25067,"href":"https:\/\/renouveau-democratie.eu\/fr\/wp-json\/wp\/v2\/pages\/18470\/revisions\/25067"}],"wp:featuredmedia":[{"embeddable":true,"href":"https:\/\/renouveau-democratie.eu\/fr\/wp-json\/wp\/v2\/media\/21063"}],"wp:attachment":[{"href":"https:\/\/renouveau-democratie.eu\/fr\/wp-json\/wp\/v2\/media?parent=18470"}],"curies":[{"name":"wp","href":"https:\/\/api.w.org\/{rel}","templated":true}]}}