{"id":16220,"date":"2017-06-26T11:11:38","date_gmt":"2017-06-26T09:11:38","guid":{"rendered":"\/?page_id=16220"},"modified":"2021-01-04T15:02:08","modified_gmt":"2021-01-04T13:02:08","slug":"ac-reclassement-2017-2","status":"publish","type":"page","link":"https:\/\/renouveau-democratie.eu\/fr\/promotion-reclassement\/ac-reclassement-2017-2\/","title":{"rendered":"AC &#8211; Exercice de reclassement 2020"},"content":{"rendered":"<h2><span style=\"color: #ff0000;\"><strong>Appel contre la non-proposition AU RECLASSEMENT par sa DG<\/strong><\/span><\/h2>\n<p><strong>Ce lundi 22 Juin<\/strong>, les propositions de reclassement ont \u00e9t\u00e9 publi\u00e9es dans Sysper.&nbsp; Vous avez alors <strong>5 jours<\/strong> pour introduire un appel si vous n\u2019\u00eates pas propos\u00e9 par votre Direction g\u00e9n\u00e9rale et estimez que vous m\u00e9ritiez un reclassement cette ann\u00e9e sur la base de:<\/p>\n<p>&#8211; votre permanence dans le grade ( <a title=\"Permanence\" href=\"\/?page_id=16226\"><strong><em>lien<\/em><\/strong><\/a> )<\/p>\n<p>&#8211; vos m\u00e9rites tels que refl\u00e9t\u00e9s dans votre rapport d\u2019\u00e9valuation<\/p>\n<p>&#8211; vos responsabilit\u00e9s<\/p>\n<p>&#8211; langues utilis\u00e9es dans le service<\/p>\n<p>Bien que chaque cas soit diff\u00e9rent, <strong>R<\/strong><strong>&amp;<\/strong><strong>D<\/strong> a r\u00e9uni les raisonnements les plus typiques qui peuvent permettent de pr\u00e9senter avec succ\u00e8s un appel devant le Comit\u00e9 Paritaire de Reclassement.<\/p>\n<p>Vous pouvez t\u00e9l\u00e9charger ces formulaires ( <a href=\"\/wp-content\/uploads\/2020\/06\/2020_RD_appeals_template_AC_FR.doc\"><strong>docum<\/strong><strong>ent<\/strong><\/a> ) afin de vous en servir comme base de pr\u00e9paration \u00e0 votre texte d\u2019appel.<\/p>\n<p><strong>Comment remplir son appel ?<\/strong><\/p>\n<ul>\n<li><strong>Soyez bref et concis <\/strong>(1 page maximum). Gardez \u00e0 l\u2019esprit que le Comit\u00e9 Paritaire de Reclassement a acc\u00e8s \u00e0 tous vos rapports d\u2019\u00e9valuation<\/li>\n<\/ul>\n<p><strong>Les repr\u00e9sentants de <\/strong><strong>R<\/strong><strong>&amp;<\/strong><strong>D<\/strong> <strong>d\u00e9fendront, \u00e0 toutes les \u00e9tapes de l\u2019exercice, les principes de reclassement justes et \u00e9quitables.<\/strong><\/p>\n<p><strong>R<\/strong><strong>&amp;<\/strong><strong>D<\/strong> a \u00e9galement mis en place un <strong>Help Desk<\/strong> \u2013 e-mail: REP PERS OSP R&amp;D&nbsp; <a href=\"mailto:OSP-RD@ec.europa.eu\" target=\"_blank\" rel=\"noopener noreferrer\">OSP-RD@ec.europa.eu<\/a><\/p>\n<p><strong>Calendrier de l\u2019exercice de reclassement 2020: <a href=\"https:\/\/myintracomm.ec.europa.eu\/staff\/FR\/talent-management\/appraisal-promotion\/contract-agents\/Pages\/reclassification-2020.aspx\">lien<\/a><\/strong><\/p>\n","protected":false},"excerpt":{"rendered":"<p>Appel contre la non-proposition AU RECLASSEMENT par sa DG Ce lundi 22 Juin, les propositions de reclassement ont \u00e9t\u00e9 publi\u00e9es dans Sysper.&nbsp; Vous avez alors 5 jours pour introduire un appel si vous n\u2019\u00eates pas propos\u00e9 par votre Direction g\u00e9n\u00e9rale et estimez que vous m\u00e9ritiez un reclassement cette ann\u00e9e sur la base de: &#8211; votre [&hellip;]<\/p>\n","protected":false},"author":19,"featured_media":0,"parent":20267,"menu_order":2,"comment_status":"closed","ping_status":"closed","template":"","meta":{"footnotes":""},"_links":{"self":[{"href":"https:\/\/renouveau-democratie.eu\/fr\/wp-json\/wp\/v2\/pages\/16220"}],"collection":[{"href":"https:\/\/renouveau-democratie.eu\/fr\/wp-json\/wp\/v2\/pages"}],"about":[{"href":"https:\/\/renouveau-democratie.eu\/fr\/wp-json\/wp\/v2\/types\/page"}],"author":[{"embeddable":true,"href":"https:\/\/renouveau-democratie.eu\/fr\/wp-json\/wp\/v2\/users\/19"}],"replies":[{"embeddable":true,"href":"https:\/\/renouveau-democratie.eu\/fr\/wp-json\/wp\/v2\/comments?post=16220"}],"version-history":[{"count":14,"href":"https:\/\/renouveau-democratie.eu\/fr\/wp-json\/wp\/v2\/pages\/16220\/revisions"}],"predecessor-version":[{"id":19561,"href":"https:\/\/renouveau-democratie.eu\/fr\/wp-json\/wp\/v2\/pages\/16220\/revisions\/19561"}],"up":[{"embeddable":true,"href":"https:\/\/renouveau-democratie.eu\/fr\/wp-json\/wp\/v2\/pages\/20267"}],"wp:attachment":[{"href":"https:\/\/renouveau-democratie.eu\/fr\/wp-json\/wp\/v2\/media?parent=16220"}],"curies":[{"name":"wp","href":"https:\/\/api.w.org\/{rel}","templated":true}]}}