{"id":15547,"date":"2017-02-07T14:41:59","date_gmt":"2017-02-07T12:41:59","guid":{"rendered":"\/?page_id=15547"},"modified":"2017-02-07T15:03:03","modified_gmt":"2017-02-07T13:03:03","slug":"mediation-2","status":"publish","type":"page","link":"https:\/\/renouveau-democratie.eu\/fr\/mediation-2\/","title":{"rendered":"MEDIATION"},"content":{"rendered":"<p><a href=\"\/wp-content\/uploads\/2017\/01\/Renard-d\u00e9cha\u00een\u00e9-MEDIATION.pdf\"><img loading=\"lazy\" decoding=\"async\" class=\"alignleft size-medium wp-image-15554\" title=\"mediation\" src=\"\/wp-content\/uploads\/2017\/02\/mediation-212x300.png\" alt=\"\" width=\"212\" height=\"300\" srcset=\"https:\/\/renouveau-democratie.eu\/wp-content\/uploads\/2017\/02\/mediation-212x300.png 212w, https:\/\/renouveau-democratie.eu\/wp-content\/uploads\/2017\/02\/mediation-106x150.png 106w, https:\/\/renouveau-democratie.eu\/wp-content\/uploads\/2017\/02\/mediation.png 214w\" sizes=\"(max-width: 212px) 100vw, 212px\" \/><\/a><\/p>\n","protected":false},"excerpt":{"rendered":"","protected":false},"author":19,"featured_media":0,"parent":0,"menu_order":0,"comment_status":"closed","ping_status":"closed","template":"","meta":{"footnotes":""},"_links":{"self":[{"href":"https:\/\/renouveau-democratie.eu\/fr\/wp-json\/wp\/v2\/pages\/15547"}],"collection":[{"href":"https:\/\/renouveau-democratie.eu\/fr\/wp-json\/wp\/v2\/pages"}],"about":[{"href":"https:\/\/renouveau-democratie.eu\/fr\/wp-json\/wp\/v2\/types\/page"}],"author":[{"embeddable":true,"href":"https:\/\/renouveau-democratie.eu\/fr\/wp-json\/wp\/v2\/users\/19"}],"replies":[{"embeddable":true,"href":"https:\/\/renouveau-democratie.eu\/fr\/wp-json\/wp\/v2\/comments?post=15547"}],"version-history":[{"count":4,"href":"https:\/\/renouveau-democratie.eu\/fr\/wp-json\/wp\/v2\/pages\/15547\/revisions"}],"predecessor-version":[{"id":15549,"href":"https:\/\/renouveau-democratie.eu\/fr\/wp-json\/wp\/v2\/pages\/15547\/revisions\/15549"}],"wp:attachment":[{"href":"https:\/\/renouveau-democratie.eu\/fr\/wp-json\/wp\/v2\/media?parent=15547"}],"curies":[{"name":"wp","href":"https:\/\/api.w.org\/{rel}","templated":true}]}}