{"id":15056,"date":"2016-10-24T16:58:02","date_gmt":"2016-10-24T14:58:02","guid":{"rendered":"\/affaires-barroso-kroes-2\/"},"modified":"2023-09-15T18:15:17","modified_gmt":"2023-09-15T16:15:17","slug":"affaires-barroso-kroes","status":"publish","type":"page","link":"https:\/\/renouveau-democratie.eu\/fr\/ethique\/affaires-barroso-kroes\/","title":{"rendered":"Affaires Barroso-Kroes"},"content":{"rendered":"\n<figure class=\"wp-block-pullquote has-text-align-left is-style-solid-color has-very-dark-gray-color has-text-color\"><blockquote><p>Les Membres du Coll\u00e8ge se doivent de respecter les m\u00eames r\u00e8gles que celles impos\u00e9es au personnel, voire d\u2019\u00eatre exemplaires, en r\u00e9pondant \u00e0 tout moment aux principes d\u2019\u00e9thique et d\u2019int\u00e9grit\u00e9\u2026<\/p><\/blockquote><\/figure>\n\n\n\n<p> D\u00e8s l\u2019annonce de la nomination de l\u2019ancien Pr\u00e9sident Barroso aupr\u00e8s de Goldman Sachs, R&amp;D a d\u00e9nonc\u00e9 cet affront impos\u00e9 \u00e0 la cr\u00e9dibilit\u00e9 de notre institution ainsi qu\u2019\u00e0 son personnel. <\/p>\n\n\n\n<p>Nous avons aussi soutenu avec la plus grande conviction la p\u00e9tition \u00ab pas en notre nom \u00bb sign\u00e9e par des milliers de coll\u00e8gues et demandant \u00e0 la Commission de s\u2019opposer \u00e0 ce cas v\u00e9ritablement scandaleux de pantouflage.<\/p>\n\n\n\n<p>De m\u00eame, suite \u00e0 la diffusion des \u00ab Panama Papers \u00bb, nous avons d\u00e9nonc\u00e9 le caract\u00e8re risible des justifications avanc\u00e9es par Mme Kroes soulignant qu\u2019il n\u2019\u00e9tait pas cr\u00e9dible qu\u2019elle ne puisse avoir connaissance des mandats sociaux qu\u2019elle aurait donc exerc\u00e9s \u00e0 l\u2019insu de son plein gr\u00e9, en \u00e9tant administrateur d\u2019une soci\u00e9t\u00e9 qui ne sert \u00e0 rien, situ\u00e9e \u00e0 l\u2019autre bout du monde, dans un paradis fiscal.<\/p>\n\n\n\n<p>Et nous avons d\u00e9nonc\u00e9 que la Commission \u00e9tait de toute \u00e9vidence la seule instance au monde \u00e0 ne voir aucun mal dans les nouvelles missions de M. Barroso et \u00e0 prendre les \u00ab explications \u00bb de Mme Kroes au s\u00e9rieux.<\/p>\n\n\n\n<div style=\"height:20px\" aria-hidden=\"true\" class=\"wp-block-spacer\"><\/div>\n\n\n\n<h3 class=\"wp-block-heading has-vivid-red-color has-text-color\">Nous avons<\/h3>\n\n\n\n<div class=\"wp-block-group\"><div class=\"wp-block-group__inner-container is-layout-flow wp-block-group-is-layout-flow\">\n<p style=\"font-size:18px\"><strong>D\u00e9nonc\u00e9:<\/strong><\/p>\n\n\n\n<ul>\n<li>les cas de pantouflage;<\/li>\n\n\n\n<li>l&rsquo;atteinte \u00e0 la cr\u00e9dibilit\u00e9 de l&rsquo;institution;<\/li>\n\n\n\n<li>la d\u00e9gradation de l&rsquo;image de la Commission;<\/li>\n\n\n\n<li>la strat\u00e9gie de communication d\u00e9sastreuse mise en place visant \u00e0 essayer sans cesse de nier et banaliser la gravit\u00e9 de ces affaires, ce qui a eu pour effet de susciter encore plus d\u2019irritation et de r\u00e9actions critiques.<\/li>\n<\/ul>\n<\/div><\/div>\n\n\n\n<div class=\"wp-block-group\"><div class=\"wp-block-group__inner-container is-layout-flow wp-block-group-is-layout-flow\">\n<p style=\"font-size:18px\"><strong>Demand\u00e9 :<\/strong><\/p>\n<\/div><\/div>\n\n\n\n<div class=\"wp-block-group\"><div class=\"wp-block-group__inner-container is-layout-flow wp-block-group-is-layout-flow\">\n<ul>\n<li>une r\u00e9forme profonde du code de bonne conduite pour les membres du coll\u00e8ge et la mise en place d\u2019une proc\u00e9dure visant \u00e0 v\u00e9rifier son respect et sa bonne application.<\/li>\n<\/ul>\n<\/div><\/div>\n\n\n\n<div style=\"height:20px\" aria-hidden=\"true\" class=\"wp-block-spacer\"><\/div>\n\n\n\n<h3 class=\"wp-block-heading has-vivid-red-color has-text-color\">Les avanc\u00e9es obtenues\u2026<\/h3>\n\n\n\n<ul>\n<li>r\u00e9forme du code de bonne conduite des Commissaires m\u00eame si encore insuffisante;<\/li>\n\n\n\n<li>d\u00e9cision de la Commission d&rsquo;infliger un bl\u00e2me \u00e0 Mme Kroes;<\/li>\n\n\n\n<li>faisant suite \u00e0 la p\u00e9tition \u00ab pas en notre nom \u00bb : d\u00e9cision de la M\u00e9diatrice europ\u00e9enne constatant que la gestion de l\u2019affaire Barroso par la Commission constitue un cas indiscutable de mauvaise administration.<\/li>\n<\/ul>\n\n\n\n<div style=\"height:20px\" aria-hidden=\"true\" class=\"wp-block-spacer\"><\/div>\n\n\n\n<h3 class=\"wp-block-heading has-vivid-red-color has-text-color\">R&amp;D demande :<\/h3>\n\n\n\n<ul>\n<li>le renforcement du code de bonne conduite tel que demand\u00e9 par le PE et la M\u00e9diatrice europ\u00e9enne.<\/li>\n<\/ul>\n\n\n\n<div style=\"height:60px\" aria-hidden=\"true\" class=\"wp-block-spacer\"><\/div>\n\n\n\n<hr class=\"wp-block-separator has-text-color has-vivid-red-color has-css-opacity has-vivid-red-background-color has-background\"\/>\n\n\n\n<div style=\"height:60px\" aria-hidden=\"true\" class=\"wp-block-spacer\"><\/div>\n\n\n\n<h2 class=\"wp-block-heading has-text-align-left has-vivid-red-color has-text-color\">Nos actions:<\/h2>\n\n\n\n<div style=\"height:40px\" aria-hidden=\"true\" class=\"wp-block-spacer\"><\/div>\n\n\n\n<h3 class=\"wp-block-heading\">Le Renard D\u00e9cha\u00een\u00e9<\/h3>\n\n\n\n<div style=\"height:20px\" aria-hidden=\"true\" class=\"wp-block-spacer\"><\/div>\n\n\n\n<div class=\"wp-block-columns is-layout-flex wp-container-core-columns-is-layout-1 wp-block-columns-is-layout-flex\">\n<div class=\"wp-block-column is-layout-flow wp-block-column-is-layout-flow\"><div class=\"wp-block-image\">\n<figure class=\"aligncenter size-large\"><a href=\"\/wp-content\/uploads\/2016\/11\/Renard-d%C3%A9ch%C3%A2in%C3%A9-Barroso-Kroes-version-mise-%C3%A0-jour.pdf\"><img loading=\"lazy\" decoding=\"async\" width=\"214\" height=\"300\" src=\"https:\/\/renouveau-democratie.euhttps:\/\/renouveau-democratie.euhttps:\/\/renouveau-democratie.eu\/wp-content\/uploads\/2020\/01\/Renard-BK-FR-mise-\u00e0-jour-214x300-1.png\" alt=\"\" class=\"wp-image-18820\" srcset=\"https:\/\/renouveau-democratie.eu\/wp-content\/uploads\/2020\/01\/Renard-BK-FR-mise-\u00e0-jour-214x300-1.png 214w, https:\/\/renouveau-democratie.eu\/wp-content\/uploads\/2020\/01\/Renard-BK-FR-mise-\u00e0-jour-214x300-1-107x150.png 107w\" sizes=\"(max-width: 214px) 100vw, 214px\" \/><\/a><\/figure><\/div><\/div>\n\n\n\n<div class=\"wp-block-column is-layout-flow wp-block-column-is-layout-flow\"><div class=\"wp-block-image\">\n<figure class=\"aligncenter size-large\"><a href=\"\/wp-content\/uploads\/2016\/10\/Renard-d%C3%A9ch%C3%A2in%C3%A9-Barroso-Kroes1.pdf\"><img loading=\"lazy\" decoding=\"async\" width=\"213\" height=\"300\" src=\"https:\/\/renouveau-democratie.euhttps:\/\/renouveau-democratie.euhttps:\/\/renouveau-democratie.eu\/wp-content\/uploads\/2020\/01\/Renard-BK-FR-213x300-1.png\" alt=\"\" class=\"wp-image-18822\" srcset=\"https:\/\/renouveau-democratie.eu\/wp-content\/uploads\/2020\/01\/Renard-BK-FR-213x300-1.png 213w, https:\/\/renouveau-democratie.eu\/wp-content\/uploads\/2020\/01\/Renard-BK-FR-213x300-1-107x150.png 107w\" sizes=\"(max-width: 213px) 100vw, 213px\" \/><\/a><\/figure><\/div><\/div>\n<\/div>\n\n\n\n<div style=\"height:20px\" aria-hidden=\"true\" class=\"wp-block-spacer\"><\/div>\n\n\n\n<h3 class=\"wp-block-heading\"><strong>Les notes<\/strong><\/h3>\n\n\n\n<figure class=\"wp-block-table is-style-regular\"><table><tbody><tr><td><strong>2017<\/strong><\/td><td><\/td><td><\/td><\/tr><tr><td>11\/12\/17<\/td><td> Note \u00e0 l\u2019attention de Monsieur Jean-Claude Juncker, Pr\u00e9sident de la Commission europ\u00e9enne<\/td><td><a href=\"https:\/\/renouveau-democratie.eu\/fr\/2017\/12\/code-de-bonne-conduite-pour-les-commissaires-et-les-regles-et-procedures-en-matiere-dactivite-a-la-fin-du-mandat-et-gestion-des-conflits-dinterets\/\" target=\"_blank\" rel=\"noreferrer noopener\">lire<\/a><\/td><\/tr><tr><td>04\/12\/17<\/td><td>R\u00e9ponse de M. Jean-Claude Juncker, Pr\u00e9sident de la Commission europ\u00e9enne, \u00e0 M. Cristiano Sebastiani, Pr\u00e9sident de R&amp;D<\/td><td><a href=\"https:\/\/renouveau-democratie.eu\/wp-content\/uploads\/2017\/12\/R%C3%A9ponse-M.-Juncker-Code-de-conduite-des-Commissaires.pdf\" target=\"_blank\" rel=\"noreferrer noopener\">lire<\/a><\/td><\/tr><tr><td>12\/10\/17<\/td><td>Note \u00e0 l&rsquo;attention de M. Jean-Claude Juncker &#8211; Renforcement du code de bonne conduite pour les Commissaires<\/td><td><a href=\"https:\/\/renouveau-democratie.eu\/fr\/2017\/10\/renforcement-du-code-de-bonne-conduite-pour-les-commissaires\/\" target=\"_blank\" rel=\"noreferrer noopener\">lire<\/a><\/td><\/tr><tr><td>2\/5\/17<\/td><td> Note of M. Alexander Italianer, Secr\u00e9taire g\u00e9n\u00e9ral de la Commission \u00e0 l&rsquo;attention de M. Cristiano Sebastiani, Pr\u00e9sident de R&amp;D<\/td><td> <a rel=\"noreferrer noopener\" aria-label=\" (opens in a new tab)\" href=\"\/wp-content\/uploads\/2017\/05\/Re-M-Sebastiani-RD.pdf\" target=\"_blank\">lire<\/a>  <\/td><\/tr><tr><td> 7\/3\/17 <\/td><td>Note \u00e0 l\u2019attention de Monsieur Jean-Claude Juncker<br>Pr\u00e9sident de la Commission europ\u00e9enne &#8211; Affaire Barroso \u2013 D\u00e9cision du 24 f\u00e9vrier 2017 de la M\u00e9diatrice europ\u00e9enne d\u2019ouvrir une enqu\u00eate en invitant la Commission \u00e0 r\u00e9pondre \u00e0 la lettre du 16 octobre dernier du collectif des membres du personnel \u00e0 l\u2019origine de la p\u00e9tition \u00ab Pas en notre nom \u00bb et \u00e0 v\u00e9rifier la gestion de ce cas de pantouflage par notre institution <\/td><td> <a href=\"\/fr\/2017\/03\/affaire-barroso-decision-du-24-fevrier-2017-de-la-mediatrice-europeenne-douvrir-une-enquete\/\">lire<\/a>  <\/td><\/tr><tr><td>10\/01\/17<\/td><td>Note \u00e0 l\u2019attention de Monsieur Jean-claude Juncker<br>Pr\u00e9sident de la Commission europ\u00e9enne &#8211; D\u00e9cision de la Commission du 21 d\u00e9cembre dernier d\u2019infliger un bl\u00e2me \u00e0 l\u2019ancienne Vice-pr\u00e9sidente Kroes pour le manque de diligence dont elle a fait preuve en omettant de d\u00e9clarer les revenus per\u00e7us en 2015 dans sa d\u00e9claration de d\u00e9but 2016, tout en ayant accept\u00e9 de recevoir l\u2019indemnit\u00e9 provisoire par le code de bonne conduite ( cf. PV(2016) 2194) <\/td><td> <a href=\"\/fr\/2017\/01\/affaire-kroes-decision-de-la-commission-du-21-decembre-dernier\/\">lire<\/a><\/td><\/tr><tr><td><strong>2016<\/strong><\/td><td><\/td><td><\/td><\/tr><tr><td>15\/11\/16<\/td><td>Note \u00e0 l\u2019attention des membres du Coll\u00e8ge &#8211; R\u00e9forme du code de bonne conduite applicable aux membres et anciens membres de la Commission \/ Affaires Barroso-Kroes<\/td><td><a href=\"https:\/\/renouveau-democratie.eu\/fr\/2016\/11\/reforme-du-code-de-bonne-conduite-applicable-aux-membres-et-anciens-membres-de-la-commission\/\" target=\"_blank\" rel=\"noreferrer noopener\">lire<\/a><\/td><\/tr><tr><td>23\/09\/16<\/td><td>Note \u00e0 l\u2019attention de Mr Jean-Claude Juncker, Pr\u00e9sident de la Commission europ\u00e9enne: \u00ab Bahamas Papers \u00bb et articles parus dans la presse europ\u00e9enne au sujet de la situation de l\u2019ancienne Vice-Pr\u00e9sidente Neeli Kroes<\/td><td>  <a href=\"\/fr\/2016\/09\/note-a-lattention-de-mr-jean-claude-juncker-president-de-la-commission-europeenne-bahamas-papers-et-articles-parus-dans-la-presse-europeenne-au-sujet-de-la-situation-de-lancienne-vice\/\">lire<\/a> <\/td><\/tr><tr><td>14\/09\/16<\/td><td>Note \u00e0 l\u2019attention de M. Jean-Claude Juncker, Pr\u00e9sident de la Commission europ\u00e9enne: Affaire Barroso, votre r\u00e9ponse du 9 septembre dernier \u00e0 la M\u00e9diatrice europ\u00e9enne<\/td><td>  <a href=\"\/fr\/2016\/09\/note-a-lattention-de-mr-jean-claude-juncker-president-de-la-commission-europeenne-3\/\">lire<\/a> <\/td><\/tr><tr><td>9\/09\/16<\/td><td>Note \u00e0 l&rsquo;attention de M. Jean-Claude Juncker, Pr\u00e9sident de la Commission europ\u00e9enne<\/td><td> <a href=\"\/?p=14816\">lire <\/a> <\/td><\/tr><tr><td>9\/09\/16<\/td><td> Reply from President Juncker to the Ombudsman&rsquo;s letter concerning the recent move by former Commission President, Mr Barroso  <\/td><td>read<\/td><\/tr><tr><td>5\/09\/16<\/td><td>Letter to President Juncker outlining the Ombudsman&rsquo;s concerns regarding the recent move by former Commission President, Mr Barroso <\/td><td>  read  <\/td><\/tr><tr><td>4\/08\/16<\/td><td>Note to the attention of Mr Jean-Claude Juncker, President of the European Commission&nbsp; &#8211; Appointment of Mr Barroso as advisor and non-executive chairman in the international arm of the international investiment bank Goldman Sachs <\/td><td><a href=\"\/?p=14790\">read<\/a><\/td><\/tr><tr><td>12\/07\/16<\/td><td>Note \u00e0 l\u2019attention des membres du Coll\u00e8ge <\/td><td>  <a href=\"\/fr\/2016\/07\/lettre-ouverte-au-president-barroso\/\"> lire<\/a> <\/td><\/tr><tr><td>12\/07\/16 <\/td><td>Lettre ouverte au Pr\u00e9sident Barroso <\/td><td> <a href=\"\/fr\/2016\/07\/lettre-ouverte-au-president-barroso-2\/\">lire<\/a> <\/td><\/tr><\/tbody><\/table><\/figure>\n\n\n\n<div style=\"height:60px\" aria-hidden=\"true\" class=\"wp-block-spacer\"><\/div>\n\n\n\n<hr class=\"wp-block-separator has-text-color has-vivid-red-color has-css-opacity has-vivid-red-background-color has-background\"\/>\n\n\n\n<div style=\"height:60px\" aria-hidden=\"true\" class=\"wp-block-spacer\"><\/div>\n\n\n\n<h2 class=\"wp-block-heading has-text-align-left has-very-dark-gray-color has-text-color\">La p\u00e9tition<a href=\"https:\/\/www.change.org\/p\/for-strong-exemplary-measures-to-be-taken-against-jm-barroso-for-joining-goldman-sachs-international\"> \u00ab\u00a0Not in our name\u00a0\u00bb<\/a><\/h2>\n\n\n\n<div style=\"height:20px\" aria-hidden=\"true\" class=\"wp-block-spacer\"><\/div>\n\n\n\n<h2 class=\"wp-block-heading has-text-align-left has-very-dark-gray-color has-text-color\">D\u00e9cision et avis du M\u00e9diateur europ\u00e9en<\/h2>\n\n\n\n<p>Decision&nbsp; &#8211;&nbsp;<a href=\"\/wp-content\/uploads\/2017\/03\/INSPECTION_REQUEST_201700194_20170224_144734.pdf\"> Complaint 194\/2017\/EA<\/a><\/p>\n\n\n\n<p>Avis &#8211;<a href=\"https:\/\/www.ombudsman.europa.eu\/fr\/press\/release.faces\/en\/72566\/html.bookmark\"> Ombudsman reacts to opinion of Ethical Committee on Barroso<\/a><\/p>\n\n\n\n<div style=\"height:20px\" aria-hidden=\"true\" class=\"wp-block-spacer\"><\/div>\n\n\n\n<h2 class=\"wp-block-heading has-text-align-left has-very-dark-gray-color has-text-color\">R\u00e9solutions du Parlement europ\u00e9en<\/h2>\n\n\n\n<p>Resolution du 1 d\u00e9cembre 2016 sur les d\u00e9clarations d\u2019int\u00e9r\u00eats des membres de la Commission &#8211;&nbsp; <a href=\"http:\/\/www.europarl.europa.eu\/sides\/getDoc.do?pubRef=-\/\/EP\/\/TEXT+TA+P8-TA-2016-0477+0+DOC+XML+V0\/\/FR&amp;language=FR\">2016\/2080(INI)<\/a><\/p>\n\n\n\n<p>Resolution du 26 octobre 2016 relative \u00e0 la position du Conseil sur le projet de budget g\u00e9n\u00e9ral de l&rsquo;Union europ\u00e9enne pour l&rsquo;exercice 2017&nbsp; &#8211;<a href=\"http:\/\/www.europarl.europa.eu\/sides\/getDoc.do?pubRef=-\/\/EP\/\/TEXT+TA+P8-TA-2016-0411+0+DOC+XML+V0\/\/FR&amp;language=FR\">&nbsp; R\u00e9solution du PE du 26 octobre 2016\u2026 point 69 2016\/2047 (BUDG)<\/a>)<\/p>\n\n\n\n<div style=\"height:49px\" aria-hidden=\"true\" class=\"wp-block-spacer\"><\/div>\n","protected":false},"excerpt":{"rendered":"<p>Les Membres du Coll\u00e8ge se doivent de respecter les m\u00eames r\u00e8gles que celles impos\u00e9es au personnel, voire d\u2019\u00eatre exemplaires, en r\u00e9pondant \u00e0 tout moment aux principes d\u2019\u00e9thique et d\u2019int\u00e9grit\u00e9\u2026 D\u00e8s l\u2019annonce de la nomination de l\u2019ancien Pr\u00e9sident Barroso aupr\u00e8s de Goldman Sachs, R&amp;D a d\u00e9nonc\u00e9 cet affront impos\u00e9 \u00e0 la cr\u00e9dibilit\u00e9 de notre institution ainsi [&hellip;]<\/p>\n","protected":false},"author":19,"featured_media":21317,"parent":19878,"menu_order":1,"comment_status":"closed","ping_status":"closed","template":"","meta":{"footnotes":""},"_links":{"self":[{"href":"https:\/\/renouveau-democratie.eu\/fr\/wp-json\/wp\/v2\/pages\/15056"}],"collection":[{"href":"https:\/\/renouveau-democratie.eu\/fr\/wp-json\/wp\/v2\/pages"}],"about":[{"href":"https:\/\/renouveau-democratie.eu\/fr\/wp-json\/wp\/v2\/types\/page"}],"author":[{"embeddable":true,"href":"https:\/\/renouveau-democratie.eu\/fr\/wp-json\/wp\/v2\/users\/19"}],"replies":[{"embeddable":true,"href":"https:\/\/renouveau-democratie.eu\/fr\/wp-json\/wp\/v2\/comments?post=15056"}],"version-history":[{"count":111,"href":"https:\/\/renouveau-democratie.eu\/fr\/wp-json\/wp\/v2\/pages\/15056\/revisions"}],"predecessor-version":[{"id":27296,"href":"https:\/\/renouveau-democratie.eu\/fr\/wp-json\/wp\/v2\/pages\/15056\/revisions\/27296"}],"up":[{"embeddable":true,"href":"https:\/\/renouveau-democratie.eu\/fr\/wp-json\/wp\/v2\/pages\/19878"}],"wp:featuredmedia":[{"embeddable":true,"href":"https:\/\/renouveau-democratie.eu\/fr\/wp-json\/wp\/v2\/media\/21317"}],"wp:attachment":[{"href":"https:\/\/renouveau-democratie.eu\/fr\/wp-json\/wp\/v2\/media?parent=15056"}],"curies":[{"name":"wp","href":"https:\/\/api.w.org\/{rel}","templated":true}]}}