{"id":14897,"date":"2016-10-13T11:58:28","date_gmt":"2016-10-13T09:58:28","guid":{"rendered":"\/open-space-2\/"},"modified":"2023-09-18T10:28:13","modified_gmt":"2023-09-18T08:28:13","slug":"14894-2","status":"publish","type":"page","link":"https:\/\/renouveau-democratie.eu\/fr\/14894-2\/","title":{"rendered":"Actions syndicales"},"content":{"rendered":"\n<figure class=\"wp-block-pullquote has-text-align-left is-style-solid-color has-very-dark-gray-color has-text-color\"><blockquote><p><strong>R&amp;D est le premier syndicat de la fonction publique europ\u00e9enne<\/strong><\/p><\/blockquote><\/figure>\n\n\n\n<div class=\"wp-block-columns is-layout-flex wp-container-core-columns-is-layout-1 wp-block-columns-is-layout-flex\">\n<div class=\"wp-block-column is-layout-flow wp-block-column-is-layout-flow\">\n<div class=\"wp-block-group\"><div class=\"wp-block-group__inner-container is-layout-flow wp-block-group-is-layout-flow\">\n<div class=\"wp-block-group has-white-background-color has-background\"><div class=\"wp-block-group__inner-container is-layout-flow wp-block-group-is-layout-flow\">\n<figure class=\"wp-block-image size-large\"><img loading=\"lazy\" decoding=\"async\" width=\"600\" height=\"401\" src=\"https:\/\/renouveau-democratie.eu\/wp-content\/uploads\/2020\/09\/FPE-web-1.png\" alt=\"\" class=\"wp-image-21063\" srcset=\"https:\/\/renouveau-democratie.eu\/wp-content\/uploads\/2020\/09\/FPE-web-1.png 600w, https:\/\/renouveau-democratie.eu\/wp-content\/uploads\/2020\/09\/FPE-web-1-300x201.png 300w\" sizes=\"(max-width: 600px) 100vw, 600px\" \/><\/figure>\n\n\n\n<h4 class=\"wp-block-heading has-text-align-center\"><a rel=\"noreferrer noopener\" href=\"\/fr\/fonction-publique-europeenne\/\" target=\"_blank\"><strong>Fonction publique europ\u00e9enne<\/strong><\/a><\/h4>\n\n\n\n<hr class=\"wp-block-separator has-text-color has-vivid-red-color has-css-opacity has-vivid-red-background-color has-background is-style-wide\"\/>\n\n\n\n<h5 class=\"wp-block-heading\"><a rel=\"noreferrer noopener\" href=\"\/fr\/crise-sanitaire-covid-19\/\" target=\"_blank\">Crise Sanitaire &#8211; COVID 19<\/a><\/h5>\n\n\n\n<h5 class=\"wp-block-heading\"><a rel=\"noreferrer noopener\" href=\"\/fr\/ethique\/\" target=\"_blank\">Ethique<\/a><\/h5>\n\n\n\n<ul>\n<li><a rel=\"noreferrer noopener\" href=\"\/fr\/2021\/04\/sofagate\/\" target=\"_blank\">Sofagate<\/a><\/li>\n\n\n\n<li><a href=\"\/fr\/2020\/11\/application-du-benefice-de-larticle-50-du-statut-a-lancien-directeur-general-de-lolaf\/\" target=\"_blank\" rel=\"noreferrer noopener\">Article 50<\/a><\/li>\n\n\n\n<li><a href=\"https:\/\/renouveau-democratie.eu\/fr\/ethique\/affaires-barroso-kroes\/\" target=\"_blank\" rel=\"noreferrer noopener\">Affaires Barroso-Kroes<\/a><\/li>\n\n\n\n<li> <a href=\"\/fr\/parachutages\/\">Parachutages<\/a><\/li>\n\n\n\n<li> <a href=\"\/fr\/article-42-quater-du-statut\/\">Article 42 Quater<\/a> <\/li>\n\n\n\n<li> <a href=\"\/fr\/demantelement-de-services-essentiels\/\">D\u00e9mant\u00e8lement de services essentiels: SJ &amp; DGT<\/a> <\/li>\n\n\n\n<li><a href=\"\/fr\/la-commission-barroso-a-depasse-toutes-les-limites\/\">La Commission Barroso a d\u00e9pass\u00e9 toutes les limites<\/a><\/li>\n<\/ul>\n\n\n\n<h5 class=\"wp-block-heading\"><a href=\"https:\/\/renouveau-democratie.eu\/fr\/hauts-fonctionnaires\/\" data-type=\"page\" data-id=\"20291\" target=\"_blank\" rel=\"noreferrer noopener\">Nomination du SG de la Commission<\/a><\/h5>\n\n\n\n<h5 class=\"wp-block-heading\"><a rel=\"noreferrer noopener\" href=\"\/fr\/reforme-du-statut\/\" target=\"_blank\">R\u00e9formes du Statut<\/a><\/h5>\n<\/div><\/div>\n<\/div><\/div>\n\n\n\n<div style=\"height:20px\" aria-hidden=\"true\" class=\"wp-block-spacer\"><\/div>\n\n\n\n<div class=\"wp-block-group has-white-background-color has-background\"><div class=\"wp-block-group__inner-container is-layout-flow wp-block-group-is-layout-flow\">\n<figure class=\"wp-block-image size-large\"><img loading=\"lazy\" decoding=\"async\" width=\"601\" height=\"401\" src=\"https:\/\/renouveau-democratie.eu\/wp-content\/uploads\/2020\/09\/Education-web.png\" alt=\"\" class=\"wp-image-21136\" srcset=\"https:\/\/renouveau-democratie.eu\/wp-content\/uploads\/2020\/09\/Education-web.png 601w, https:\/\/renouveau-democratie.eu\/wp-content\/uploads\/2020\/09\/Education-web-300x200.png 300w\" sizes=\"(max-width: 601px) 100vw, 601px\" \/><\/figure>\n\n\n\n<h4 class=\"wp-block-heading has-text-align-center\"><strong>Education<\/strong><\/h4>\n\n\n\n<hr class=\"wp-block-separator has-text-color has-vivid-red-color has-css-opacity has-vivid-red-background-color has-background is-style-wide\"\/>\n\n\n\n<ul id=\"block-54d39900-4a5a-4c25-a69a-079e7eba2656\">\n<li><a rel=\"noreferrer noopener\" href=\"\/fr\/ecoles-europeennes\/\" target=\"_blank\">Ecoles europ\u00e9enne<\/a> <\/li>\n\n\n\n<li><a rel=\"noreferrer noopener\" href=\"\/fr\/creches-et-garderies\/\" target=\"_blank\">Cr\u00e8ches &amp; Garderies<\/a><\/li>\n\n\n\n<li><a href=\"\/fr\/e-conferences-education\/\" target=\"_blank\" rel=\"noreferrer noopener\">e-conf\u00e9rences avec Bruno Humbeeck<\/a><\/li>\n<\/ul>\n<\/div><\/div>\n\n\n\n<p><\/p>\n<\/div>\n\n\n\n<div class=\"wp-block-column is-layout-flow wp-block-column-is-layout-flow\">\n<div class=\"wp-block-group has-white-background-color has-background\"><div class=\"wp-block-group__inner-container is-layout-flow wp-block-group-is-layout-flow\">\n<figure class=\"wp-block-image size-large\"><img loading=\"lazy\" decoding=\"async\" width=\"601\" height=\"401\" src=\"https:\/\/renouveau-democratie.eu\/wp-content\/uploads\/2020\/09\/Strategie-RH-web.png\" alt=\"\" class=\"wp-image-21349\" srcset=\"https:\/\/renouveau-democratie.eu\/wp-content\/uploads\/2020\/09\/Strategie-RH-web.png 601w, https:\/\/renouveau-democratie.eu\/wp-content\/uploads\/2020\/09\/Strategie-RH-web-300x200.png 300w\" sizes=\"(max-width: 601px) 100vw, 601px\" \/><\/figure>\n\n\n\n<h4 class=\"wp-block-heading has-text-align-center\"><strong><a href=\"\/fr\/hr-strategy\/\" target=\"_blank\" rel=\"noreferrer noopener\">Strat\u00e9gie RH<\/a><\/strong><\/h4>\n\n\n\n<hr class=\"wp-block-separator has-text-color has-vivid-red-color has-css-opacity has-vivid-red-background-color has-background is-style-wide\"\/>\n\n\n\n<ul>\n<li>\u00ab\u00a0New ways of working\u00a0\u00bb<\/li>\n\n\n\n<li>Management Humain<\/li>\n\n\n\n<li><a href=\"\/fr\/centralisation-des-fonction-rh-et-mise-en-place-des-amc-et-des-bc\/\" target=\"_blank\" rel=\"noreferrer noopener\">AMC\/BC<\/a><\/li>\n<\/ul>\n<\/div><\/div>\n\n\n\n<div style=\"height:20px\" aria-hidden=\"true\" class=\"wp-block-spacer\"><\/div>\n\n\n\n<div class=\"wp-block-group has-white-background-color has-background\"><div class=\"wp-block-group__inner-container is-layout-flow wp-block-group-is-layout-flow\">\n<figure class=\"wp-block-image size-large\"><img loading=\"lazy\" decoding=\"async\" width=\"600\" height=\"401\" src=\"https:\/\/renouveau-democratie.eu\/wp-content\/uploads\/2020\/09\/TM-web-1.png\" alt=\"\" class=\"wp-image-21069\" srcset=\"https:\/\/renouveau-democratie.eu\/wp-content\/uploads\/2020\/09\/TM-web-1.png 600w, https:\/\/renouveau-democratie.eu\/wp-content\/uploads\/2020\/09\/TM-web-1-300x201.png 300w\" sizes=\"(max-width: 600px) 100vw, 600px\" \/><\/figure>\n\n\n\n<h4 class=\"wp-block-heading has-text-align-center\"><a href=\"\/fr\/carriere-promotion\/\" target=\"_blank\" rel=\"noreferrer noopener\"><strong>Gestion des talents<\/strong><\/a><\/h4>\n\n\n\n<hr class=\"wp-block-separator has-text-color has-vivid-red-color has-css-opacity has-vivid-red-background-color has-background is-style-wide\"\/>\n\n\n\n<h5 class=\"wp-block-heading\"><a rel=\"noreferrer noopener\" href=\"\/fr\/carriere\/\" target=\"_blank\">Carri\u00e8re<\/a><\/h5>\n\n\n\n<ul>\n<li><a rel=\"noreferrer noopener\" href=\"https:\/\/renouveau-democratie.eu\/fr\/carriere-promotion\/carriere\/ad\/\" target=\"_blank\">R&amp;D aux c\u00f4t\u00e9s des coll\u00e8gues AD<\/a><\/li>\n\n\n\n<li> <a rel=\"noreferrer noopener\" href=\"\/fr\/encadrement\/\" target=\"_blank\">Encadrement<\/a> <\/li>\n\n\n\n<li><a rel=\"noreferrer noopener\" href=\"https:\/\/renouveau-democratie.eu\/fr\/carriere-promotion\/carriere\/ast\/\" target=\"_blank\">R&amp;D aux c\u00f4t\u00e9s des coll\u00e8gues AST <\/a><\/li>\n\n\n\n<li><a rel=\"noreferrer noopener\" href=\"https:\/\/renouveau-democratie.eu\/fr\/carriere-promotion\/carriere\/ast-sc\/\" target=\"_blank\">R&amp;D aux c\u00f4t\u00e9s des coll\u00e8gues AST-SC<\/a><\/li>\n\n\n\n<li><a rel=\"noreferrer noopener\" href=\"https:\/\/renouveau-democratie.eu\/fr\/carriere-promotion\/carriere\/ac\/\" target=\"_blank\">R&amp;D aux c\u00f4t\u00e9s des coll\u00e8gues  AC <\/a><\/li>\n\n\n\n<li><a href=\"\/fr\/collegues-55\/\">55+<\/a><a rel=\"noreferrer noopener\" href=\"\/fr\/representations\/\" target=\"_blank\"> <\/a><\/li>\n\n\n\n<li><a href=\"https:\/\/renouveau-democratie.eu\/fr\/representations\/\" target=\"_blank\" rel=\"noreferrer noopener\">R&amp;D aux c\u00f4t\u00e9s des coll\u00e8gues des Repr\u00e9sentations<\/a><\/li>\n<\/ul>\n\n\n\n<h5 class=\"wp-block-heading\">Promotion \/ Reclassement<\/h5>\n\n\n\n<ul>\n<li><a href=\"\/fr\/promotions\/\">Promotion<\/a><\/li>\n\n\n\n<li> Reclassement<\/li>\n<\/ul>\n\n\n\n<h5 class=\"wp-block-heading\">Proc\u00e9dures de recrutement<\/h5>\n\n\n\n<ul>\n<li><a href=\"\/fr\/epso\/\" target=\"_blank\" rel=\"noreferrer noopener\">EPSO<\/a><\/li>\n\n\n\n<li><a href=\"\/fr\/junior-programme\/\">\u00ab\u00a0Junior Professional\u00a0\u00bb Programme<\/a><\/li>\n<\/ul>\n<\/div><\/div>\n\n\n\n<div style=\"height:20px\" aria-hidden=\"true\" class=\"wp-block-spacer\"><\/div>\n\n\n\n<div class=\"wp-block-group has-white-background-color has-background\"><div class=\"wp-block-group__inner-container is-layout-flow wp-block-group-is-layout-flow\">\n<figure class=\"wp-block-image size-large\"><img loading=\"lazy\" decoding=\"async\" width=\"601\" height=\"401\" src=\"https:\/\/renouveau-democratie.eu\/wp-content\/uploads\/2020\/09\/Agences-web.png\" alt=\"\" class=\"wp-image-21124\" srcset=\"https:\/\/renouveau-democratie.eu\/wp-content\/uploads\/2020\/09\/Agences-web.png 601w, https:\/\/renouveau-democratie.eu\/wp-content\/uploads\/2020\/09\/Agences-web-300x200.png 300w\" sizes=\"(max-width: 601px) 100vw, 601px\" \/><\/figure>\n\n\n\n<h4 class=\"wp-block-heading has-text-align-center\"><strong><a rel=\"noreferrer noopener\" href=\"\/fr\/agences-executives\/\" target=\"_blank\">Agences ex\u00e9cutives<\/a><\/strong><\/h4>\n<\/div><\/div>\n\n\n\n<div style=\"height:20px\" aria-hidden=\"true\" class=\"wp-block-spacer\"><\/div>\n<\/div>\n\n\n\n<div class=\"wp-block-column is-layout-flow wp-block-column-is-layout-flow\">\n<div class=\"wp-block-group has-white-background-color has-background\"><div class=\"wp-block-group__inner-container is-layout-flow wp-block-group-is-layout-flow\">\n<figure class=\"wp-block-image size-large\"><img loading=\"lazy\" decoding=\"async\" width=\"601\" height=\"401\" src=\"https:\/\/renouveau-democratie.eu\/wp-content\/uploads\/2020\/09\/Bien-Etre-web.png\" alt=\"\" class=\"wp-image-21076\" srcset=\"https:\/\/renouveau-democratie.eu\/wp-content\/uploads\/2020\/09\/Bien-Etre-web.png 601w, https:\/\/renouveau-democratie.eu\/wp-content\/uploads\/2020\/09\/Bien-Etre-web-300x200.png 300w\" sizes=\"(max-width: 601px) 100vw, 601px\" \/><\/figure>\n\n\n\n<h4 class=\"wp-block-heading has-text-align-center\"><a rel=\"noreferrer noopener\" href=\"\/fr\/bien-etre-au-travail\/\" target=\"_blank\"><strong>Qualit\u00e9 de vie au travail<\/strong><\/a><\/h4>\n\n\n\n<hr class=\"wp-block-separator has-text-color has-vivid-red-color has-css-opacity has-vivid-red-background-color has-background is-style-wide\"\/>\n\n\n\n<h5 class=\"wp-block-heading\"><a rel=\"noreferrer noopener\" href=\"\/fr\/prevention-des-risques-psychosociaux\/\" target=\"_blank\">Pr\u00e9vention des risques psychosociaux<\/a>  <\/h5>\n\n\n\n<ul>\n<li><a rel=\"noreferrer noopener\" href=\"\/fr\/ergonomie-au-travail\/\" data-type=\"page\" data-id=\"18643\" target=\"_blank\">Ergonomie au travail<\/a><\/li>\n\n\n\n<li><a rel=\"noreferrer noopener\" href=\"\/fr\/cese-harcelement\/\" target=\"_blank\">Harc\u00e8lement au CESE<\/a><\/li>\n\n\n\n<li>e-conf\u00e9rences <\/li>\n<\/ul>\n\n\n\n<h5 class=\"wp-block-heading\"><a href=\"\/fr\/le-droit-a-la-deconnexion\/\" target=\"_blank\" rel=\"noreferrer noopener\">Droit \u00e0 la d\u00e9connexion<\/a><\/h5>\n\n\n\n<h5 class=\"wp-block-heading\"><a rel=\"noreferrer noopener\" href=\"\/fr\/concilier-vie-professionnelle-vie-privee\/\" target=\"_blank\">Concilier vie professionnelle\/vie priv\u00e9e<\/a>  <\/h5>\n\n\n\n<ul>\n<li><a rel=\"noreferrer noopener\" href=\"\/fr\/teletravail\/\" target=\"_blank\">T\u00e9l\u00e9travail<\/a> <\/li>\n\n\n\n<li><a rel=\"noreferrer noopener\" href=\"\/fr\/temp-partiel\/\" target=\"_blank\">Temps partiel<\/a> <\/li>\n\n\n\n<li><a rel=\"noreferrer noopener\" href=\"\/fr\/prise-en-charge-pour-les-proches-adultes\/\" target=\"_blank\">Prise en charge pour les proches adultes<\/a><\/li>\n<\/ul>\n\n\n\n<h5 class=\"wp-block-heading\"><a href=\"\/fr\/diversity-and-inclusion\/\" target=\"_blank\" rel=\"noreferrer noopener\">Diversit\u00e9 et Inclusion<\/a><\/h5>\n\n\n\n<ul>\n<li><a rel=\"noreferrer noopener\" href=\"\/fr\/egalite\/\" target=\"_blank\">Egalit\u00e9<\/a><\/li>\n\n\n\n<li><a rel=\"noreferrer noopener\" href=\"\/fr\/politique-du-handicap\/\" target=\"_blank\">Handicap<\/a><\/li>\n<\/ul>\n\n\n\n<h5 class=\"wp-block-heading\"><a rel=\"noreferrer noopener\" href=\"\/fr\/sante\/\" target=\"_blank\">Sant\u00e9<\/a><\/h5>\n\n\n\n<ul id=\"block-2ded3c14-7253-4271-a815-1a9ee01d4853\">\n<li><a rel=\"noreferrer noopener\" href=\"\/fr\/rcam-regime-commun-dassurance-maladie\/\" target=\"_blank\">RCAM<\/a> &#8211; R\u00e9gime Commun d&rsquo;Assurance Maladie<\/li>\n\n\n\n<li><a rel=\"noreferrer noopener\" href=\"\/fr\/environnement\/\" target=\"_blank\">Environnement<\/a><\/li>\n<\/ul>\n<\/div><\/div>\n\n\n\n<div style=\"height:20px\" aria-hidden=\"true\" class=\"wp-block-spacer\"><\/div>\n\n\n\n<div class=\"wp-block-group has-white-background-color has-background\"><div class=\"wp-block-group__inner-container is-layout-flow wp-block-group-is-layout-flow\">\n<figure class=\"wp-block-image size-large\"><img loading=\"lazy\" decoding=\"async\" width=\"601\" height=\"401\" src=\"https:\/\/renouveau-democratie.eu\/wp-content\/uploads\/2020\/09\/Immo-Web.png\" alt=\"\" class=\"wp-image-21143\" srcset=\"https:\/\/renouveau-democratie.eu\/wp-content\/uploads\/2020\/09\/Immo-Web.png 601w, https:\/\/renouveau-democratie.eu\/wp-content\/uploads\/2020\/09\/Immo-Web-300x200.png 300w\" sizes=\"(max-width: 601px) 100vw, 601px\" \/><\/figure>\n\n\n\n<h4 class=\"wp-block-heading has-text-align-center\"><strong><a rel=\"noreferrer noopener\" href=\"\/fr\/politique-immobiliere\/\" target=\"_blank\">Politique immobili\u00e8re<\/a><\/strong><\/h4>\n\n\n\n<hr class=\"wp-block-separator has-text-color has-vivid-red-color has-css-opacity has-vivid-red-background-color has-background is-style-wide\"\/>\n\n\n\n<ul>\n<li>Hotdesking<\/li>\n\n\n\n<li>Open-Space<\/li>\n<\/ul>\n<\/div><\/div>\n<\/div>\n<\/div>\n\n\n\n<div style=\"height:100px\" aria-hidden=\"true\" class=\"wp-block-spacer\"><\/div>\n\n\n\n<h3 class=\"wp-block-heading has-text-align-center\">  <a href=\"\/fr\/bilan-de-nos-actions-2015-2018\/\" target=\"_blank\" rel=\"noreferrer noopener\">BILAN 2015-2018<\/a>  <\/h3>\n\n\n\n<div class=\"wp-block-columns is-layout-flex wp-container-core-columns-is-layout-2 wp-block-columns-is-layout-flex\">\n<div class=\"wp-block-column is-layout-flow wp-block-column-is-layout-flow\" style=\"flex-basis:25%\"><\/div>\n\n\n\n<div class=\"wp-block-column is-layout-flow wp-block-column-is-layout-flow\" style=\"flex-basis:50%\">\n<figure class=\"wp-block-embed is-type-video is-provider-youtube wp-block-embed-youtube wp-embed-aspect-16-9 wp-has-aspect-ratio\"><div class=\"wp-block-embed__wrapper\">\n<iframe loading=\"lazy\" title=\"Bilan 2015-2018 de Renouveau &amp; D\u00e9mocratie\" width=\"768\" height=\"432\" src=\"https:\/\/www.youtube.com\/embed\/BioU1D68_cA?feature=oembed\" frameborder=\"0\" allow=\"accelerometer; autoplay; clipboard-write; encrypted-media; gyroscope; picture-in-picture; web-share\" allowfullscreen><\/iframe>\n<\/div><\/figure>\n<\/div>\n\n\n\n<div class=\"wp-block-column is-layout-flow wp-block-column-is-layout-flow\" style=\"flex-basis:25%\"><\/div>\n<\/div>\n\n\n\n<div style=\"height:100px\" aria-hidden=\"true\" class=\"wp-block-spacer\"><\/div>\n","protected":false},"excerpt":{"rendered":"<p>R&amp;D est le premier syndicat de la fonction publique europ\u00e9enne Fonction publique europ\u00e9enne Crise Sanitaire &#8211; COVID 19 Ethique Nomination du SG de la Commission R\u00e9formes du Statut Education Strat\u00e9gie RH Gestion des talents Carri\u00e8re Promotion \/ Reclassement Proc\u00e9dures de recrutement Agences ex\u00e9cutives Qualit\u00e9 de vie au travail Pr\u00e9vention des risques psychosociaux Droit \u00e0 la [&hellip;]<\/p>\n","protected":false},"author":19,"featured_media":21845,"parent":0,"menu_order":0,"comment_status":"closed","ping_status":"closed","template":"","meta":{"footnotes":""},"_links":{"self":[{"href":"https:\/\/renouveau-democratie.eu\/fr\/wp-json\/wp\/v2\/pages\/14897"}],"collection":[{"href":"https:\/\/renouveau-democratie.eu\/fr\/wp-json\/wp\/v2\/pages"}],"about":[{"href":"https:\/\/renouveau-democratie.eu\/fr\/wp-json\/wp\/v2\/types\/page"}],"author":[{"embeddable":true,"href":"https:\/\/renouveau-democratie.eu\/fr\/wp-json\/wp\/v2\/users\/19"}],"replies":[{"embeddable":true,"href":"https:\/\/renouveau-democratie.eu\/fr\/wp-json\/wp\/v2\/comments?post=14897"}],"version-history":[{"count":184,"href":"https:\/\/renouveau-democratie.eu\/fr\/wp-json\/wp\/v2\/pages\/14897\/revisions"}],"predecessor-version":[{"id":27308,"href":"https:\/\/renouveau-democratie.eu\/fr\/wp-json\/wp\/v2\/pages\/14897\/revisions\/27308"}],"wp:featuredmedia":[{"embeddable":true,"href":"https:\/\/renouveau-democratie.eu\/fr\/wp-json\/wp\/v2\/media\/21845"}],"wp:attachment":[{"href":"https:\/\/renouveau-democratie.eu\/fr\/wp-json\/wp\/v2\/media?parent=14897"}],"curies":[{"name":"wp","href":"https:\/\/api.w.org\/{rel}","templated":true}]}}