{"id":14303,"date":"2016-03-01T18:11:02","date_gmt":"2016-03-01T17:11:02","guid":{"rendered":"\/?page_id=14303"},"modified":"2020-01-12T23:51:32","modified_gmt":"2020-01-12T21:51:32","slug":"comment-preparer-et-reussir-les-concours-de-lunion-europeenne","status":"publish","type":"page","link":"https:\/\/renouveau-democratie.eu\/fr\/nos-services\/formation\/comment-preparer-et-reussir-les-concours-de-lunion-europeenne\/","title":{"rendered":"PREPARATION EPSO"},"content":{"rendered":"<h3 style=\"text-align: justify;\"><a href=\"\/?page_id=14303\"><img loading=\"lazy\" decoding=\"async\" class=\"size-full wp-image-14283 alignleft\" title=\"Nouveau guide\" src=\"\/wp-content\/uploads\/2016\/03\/Nouveau-guide.jpg\" alt=\"\" width=\"150\" height=\"200\" \/><\/a><span style=\"color: #000000;\">Comment pr\u00e9parer et r\u00e9ussir les concours de l&rsquo;Union Europ\u00e9enne?<\/span><\/h3>\n<p style=\"text-align: justify;\"><span style=\"color: #000000;\">Depuis toujours, la formation est un des \u00e9l\u00e9ments cl\u00e9 de l&rsquo;\u00e9volution et de l&rsquo;\u00e9panouissement de chacun. Elle permet de d\u00e9velopper au mieux ses comp\u00e9tences afin de s\u2019int\u00e9grer sans difficult\u00e9 dans la vie professionnelle ainsi que dans la soci\u00e9t\u00e9 en g\u00e9n\u00e9ral.<\/span><\/p>\n<p style=\"text-align: justify;\"><span style=\"color: #000000;\">Dans le cadre du recrutement du personnel dans les <\/span>institutions de l\u2019Union europ\u00e9enne, <span style=\"color: #000000;\">Renouveau et D\u00e9mocratie (<span style=\"color: #339966;\"><strong>R<span style=\"color: #ff0000;\">&amp;<\/span>D<\/strong><\/span>) a bien saisi l&rsquo;importance de cet enjeu<\/span>.<\/p>\n<p style=\"text-align: justify;\">La fonction publique europ\u00e9enne choisit ses collaborateurs par voie de s\u00e9lections et de concours. <strong>Le Statut des fonctionnaires dispose que \u00ab\u00a0le recrutement vise \u00e0 assurer \u00e0 l&rsquo;institution le concours de fonctionnaires poss\u00e9dant les plus hautes qualit\u00e9s de comp\u00e9tence, de rendement et d&rsquo;int\u00e9grit\u00e9, recrut\u00e9s sur une base g\u00e9ographique la plus large possible parmi les ressortissants des \u00c9tats membres de l&rsquo;Union\u00a0\u00bb. <\/strong>En tant que syndicat de la Commission europ\u00e9enne, <strong><span style=\"color: #339966;\">R<span style=\"color: #ff0000;\">&amp;<\/span>D<\/span><\/strong> appuie un tel syst\u00e8me dont les proc\u00e9dures doivent \u00eatre totalement transparentes et objectives et qui doit garantir l&rsquo;\u00e9galit\u00e9 de traitement et d&rsquo;acc\u00e8s parmi les candidats.<\/p>\n<p style=\"text-align: justify;\">Il ne s&rsquo;agit pas uniquement de s\u00e9lectionner les meilleurs candidats : la cr\u00e9dibilit\u00e9 et la confiance des citoyens dans le projet et dans les institutions europ\u00e9ennes passent aussi par des proc\u00e9dures de recrutements qui soient exemplaires.<\/p>\n<p style=\"text-align: justify;\">C\u2019est ainsi que, depuis sa cr\u00e9ation en 1992, <strong><span style=\"color: #339966;\">R<span style=\"color: #ff0000;\">&amp;<\/span>D<\/span><\/strong> propose aux coll\u00e8gues une pr\u00e9paration aux \u00e9preuves de s\u00e9lection. Les cours mis en place garantissent une formation de qualit\u00e9, et surtout accessible \u00e0 tous \u00e0 travers la gratuit\u00e9 et couvrent<span style=\"color: #000000;\"> tous les types et niveaux d&rsquo;\u00e9preuves. La solidarit\u00e9 \u00e9tant une des valeurs primordiales de <strong><span style=\"color: #339966;\">R<span style=\"color: #ff0000;\">&amp;<\/span>D<\/span><\/strong>, les cours sont \u00e9galement accessibles aux personnes externes aux institutions dans la mesure des places disponibles. Des milliers de coll\u00e8gues ont pu ainsi se former et int\u00e9grer la fonction publique europ\u00e9enne. <\/span><\/p>\n<p style=\"text-align: justify;\">Depuis 2010, l&rsquo;Office europ\u00e9en de s\u00e9lection du personnel (EPSO) a lanc\u00e9 une nouvelle proc\u00e9dure de recrutement qui est davantage ax\u00e9e sur les comp\u00e9tences que sur les connaissances.<\/p>\n<p>Pour chaque nouveau concours publi\u00e9, nous organisons des pr\u00e9parations sp\u00e9cifiques pour les CBT et centre d\u2019\u00e9valuation.<\/p>\n<p>Vous \u00eates de plus en plus nombreux \u00e0 participer \u00e0 nos cours de formations et nous recevons r\u00e9guli\u00e8rement des commentaires positifs concernant la qualit\u00e9 et la prestation de nos formateurs.<\/p>\n<p>De plus, certains d\u2019entre vous nous font part de leur r\u00e9ussite soit \u00e0 un CAST ou \u00e0 un concours de fonctionnaire.<\/p>\n<p style=\"text-align: justify;\"><span style=\"color: #000000;\">Bonne chance \u00e0 tous !<\/span><\/p>\n<p style=\"text-align: justify;\"><span style=\"color: #000000;\">Cristiano SEBASTIANI<\/span><\/p>\n<p style=\"text-align: justify;\"><span style=\"color: #000000;\">Pr\u00e9sident de Renouveau et D\u00e9mocratie <\/span><\/p>\n\n\n<div class=\"wp-block-columns is-layout-flex wp-container-core-columns-is-layout-1 wp-block-columns-is-layout-flex\">\n<div class=\"wp-block-column is-layout-flow wp-block-column-is-layout-flow\">\n<div class=\"wp-block-image\"><figure class=\"aligncenter size-large is-resized\"><img loading=\"lazy\" decoding=\"async\" src=\"\/wp-content\/uploads\/2020\/01\/RENARD-VERT.png\" alt=\"\" class=\"wp-image-19023\" width=\"67\" height=\"125\" srcset=\"https:\/\/renouveau-democratie.eu\/wp-content\/uploads\/2020\/01\/RENARD-VERT.png 246w, https:\/\/renouveau-democratie.eu\/wp-content\/uploads\/2020\/01\/RENARD-VERT-161x300.png 161w, https:\/\/renouveau-democratie.eu\/wp-content\/uploads\/2020\/01\/RENARD-VERT-80x150.png 80w\" sizes=\"(max-width: 67px) 100vw, 67px\" \/><\/figure><\/div>\n<\/div>\n\n\n\n<div class=\"wp-block-column is-layout-flow wp-block-column-is-layout-flow\">\n<h4 class=\"has-text-align-center wp-block-heading\"><strong><a aria-label=\"Planning des formations pr\u00e9paration concours &amp; CAST EPSO \u00e0 venir (opens in a new tab)\" href=\"\/fr\/2020\/01\/formations-pour-concours-epso-en-anglais-et-en-francais\/\" target=\"_blank\" rel=\"noreferrer noopener\">Planning des formations pr\u00e9paration concours &amp; CAST EPSO \u00e0 venir<\/a><\/strong><\/h4>\n<\/div>\n<\/div>\n","protected":false},"excerpt":{"rendered":"<p>Comment pr\u00e9parer et r\u00e9ussir les concours de l&rsquo;Union Europ\u00e9enne? Depuis toujours, la formation est un des \u00e9l\u00e9ments cl\u00e9 de l&rsquo;\u00e9volution et de l&rsquo;\u00e9panouissement de chacun. Elle permet de d\u00e9velopper au mieux ses comp\u00e9tences afin de s\u2019int\u00e9grer sans difficult\u00e9 dans la vie professionnelle ainsi que dans la soci\u00e9t\u00e9 en g\u00e9n\u00e9ral. Dans le cadre du recrutement du [&hellip;]<\/p>\n","protected":false},"author":19,"featured_media":0,"parent":10948,"menu_order":2,"comment_status":"closed","ping_status":"closed","template":"","meta":{"footnotes":""},"_links":{"self":[{"href":"https:\/\/renouveau-democratie.eu\/fr\/wp-json\/wp\/v2\/pages\/14303"}],"collection":[{"href":"https:\/\/renouveau-democratie.eu\/fr\/wp-json\/wp\/v2\/pages"}],"about":[{"href":"https:\/\/renouveau-democratie.eu\/fr\/wp-json\/wp\/v2\/types\/page"}],"author":[{"embeddable":true,"href":"https:\/\/renouveau-democratie.eu\/fr\/wp-json\/wp\/v2\/users\/19"}],"replies":[{"embeddable":true,"href":"https:\/\/renouveau-democratie.eu\/fr\/wp-json\/wp\/v2\/comments?post=14303"}],"version-history":[{"count":8,"href":"https:\/\/renouveau-democratie.eu\/fr\/wp-json\/wp\/v2\/pages\/14303\/revisions"}],"predecessor-version":[{"id":19026,"href":"https:\/\/renouveau-democratie.eu\/fr\/wp-json\/wp\/v2\/pages\/14303\/revisions\/19026"}],"up":[{"embeddable":true,"href":"https:\/\/renouveau-democratie.eu\/fr\/wp-json\/wp\/v2\/pages\/10948"}],"wp:attachment":[{"href":"https:\/\/renouveau-democratie.eu\/fr\/wp-json\/wp\/v2\/media?parent=14303"}],"curies":[{"name":"wp","href":"https:\/\/api.w.org\/{rel}","templated":true}]}}