{"id":14261,"date":"2016-03-01T17:21:31","date_gmt":"2016-03-01T16:21:31","guid":{"rendered":"\/?page_id=14261"},"modified":"2016-03-01T17:31:39","modified_gmt":"2016-03-01T16:31:39","slug":"14261-2","status":"publish","type":"page","link":"https:\/\/renouveau-democratie.eu\/fr\/nos-services\/formation\/14261-2\/","title":{"rendered":"Pr\u00e9parations aux concours internes 2016"},"content":{"rendered":"<p>&nbsp;<\/p>\n<table>\n<tbody>\n<tr>\n<td style=\"text-align: center;\">\n<h2><span style=\"color: #008000;\">Date<\/span><\/h2>\n<\/td>\n<td>\n<h2><span style=\"color: #008000;\">Formateurs <\/span><\/h2>\n<\/td>\n<td>\n<h2 style=\"text-align: center;\"><span style=\"color: #008000;\">Formations<br \/>\n<\/span><\/h2>\n<\/td>\n<td>\n<h2 style=\"text-align: center;\"><span style=\"color: #008000;\">Type de concours<\/span><\/h2>\n<\/td>\n<td style=\"text-align: center;\">\n<h2><span style=\"color: #008000;\">Langue<\/span><\/h2>\n<\/td>\n<\/tr>\n<tr>\n<td>\n<p style=\"text-align: center;\"><span style=\"color: #ff0000;\">18 f\u00e9vrier 2016<\/span><\/p>\n<p style=\"text-align: center;\"><span style=\"color: #ff0000;\">17.30 &#8211; 19.30<\/span><\/p>\n<\/td>\n<td>Fr\u00e9d\u00e9ric Maillet<em> <\/em><\/td>\n<td><strong><span style=\"color: #339966;\">Raisonnement num\u00e9rique 1\u00e8re partie<\/span><\/strong><\/td>\n<td>AST\/SC2-AST2-AD6<\/td>\n<td>\n<p style=\"text-align: center;\"><span style=\"color: #008000;\">FR<\/span><\/p>\n<\/td>\n<\/tr>\n<tr>\n<td>\n<p style=\"text-align: center;\"><span style=\"color: #ff0000;\">1<\/span><span style=\"color: #ff0000;\">9 f\u00e9vrier 2016<\/span><\/p>\n<p style=\"text-align: center;\"><span style=\"color: #ff0000;\">16.30 -18.30<\/span><\/p>\n<\/td>\n<td><span style=\"color: #000000;\">Fr\u00e9d\u00e9ric Maillet<em> <\/em><\/span><\/td>\n<td><strong><span style=\"color: #339966;\">Raisonnement num\u00e9rique 2\u00e8me partie<\/span><\/strong><\/td>\n<td>AST\/SC2-AST2-AD6<\/td>\n<td>\n<p style=\"text-align: center;\"><span style=\"color: #008000;\">FR<\/span><\/p>\n<\/td>\n<\/tr>\n<tr>\n<td>\n<p style=\"text-align: center;\"><span style=\"color: #ff0000;\">26 f\u00e9vrier 2016<\/span><\/p>\n<p style=\"text-align: center;\"><span style=\"color: #ff0000;\">16.30 &#8211; 18.30<\/span><\/p>\n<\/td>\n<td>Fr\u00e9d\u00e9ric Maillet<\/td>\n<td><strong><span style=\"color: #339966;\">Raisonnement verbal<\/span><\/strong><\/td>\n<td>AST\/SC2-AST2-AD6<\/td>\n<td>\n<p style=\"text-align: center;\"><span style=\"color: #008000;\">FR<\/span><\/p>\n<\/td>\n<\/tr>\n<tr>\n<td style=\"text-align: center;\"><span style=\"color: #ff0000;\">04 f\u00e9vrier 2016<\/span><\/p>\n<p style=\"text-align: center;\"><span style=\"color: #ff0000;\">16.30 &#8211; 18.30<\/span><\/p>\n<\/td>\n<td>Fr\u00e9d\u00e9ric Maillet<\/td>\n<td><span style=\"color: #339966;\"><strong>Raisonnement abstrait<\/strong><\/span><\/td>\n<td>AST\/SC2-AST2-AD6<\/td>\n<td>\n<p style=\"text-align: center;\"><span style=\"color: #008000;\">FR<\/span><\/p>\n<\/td>\n<\/tr>\n<tr>\n<td style=\"text-align: center;\"><span style=\"color: #ff0000;\">23 f\u00e9vrier 2016<\/span><\/p>\n<p style=\"text-align: center;\"><span style=\"color: #ff0000;\">16.00 -17.30<\/span><\/p>\n<\/td>\n<td>Anne Draime<\/td>\n<td><span style=\"color: #339966;\"><strong>Jugement situationnel<\/strong><\/span><\/td>\n<td>AD6<\/td>\n<td>\n<p style=\"text-align: center;\"><span style=\"color: #008000;\">FR<\/span><\/p>\n<\/td>\n<\/tr>\n<tr>\n<td style=\"text-align: center;\"><span style=\"color: #ff0000;\">23 f\u00e9vrier 2016<\/span><\/p>\n<p style=\"text-align: center;\"><span style=\"color: #ff0000;\">17.30 &#8211; 18.15<\/span><\/p>\n<\/td>\n<td>Anne Draime<\/td>\n<td><strong><span style=\"color: #339966;\">Hi\u00e9rarchisation et organisation<\/span><\/strong><\/td>\n<td>AST\/SC2-AST2<\/td>\n<td>\n<p style=\"text-align: center;\"><span style=\"color: #008000;\">FR<\/span><\/p>\n<\/td>\n<\/tr>\n<tr>\n<td style=\"text-align: center;\"><span style=\"color: #ff0000;\">23 f\u00e9vrier 2016<\/span><\/p>\n<p style=\"text-align: center;\"><span style=\"color: #ff0000;\">18.15 &#8211; 19.00<\/span><\/p>\n<\/td>\n<td>Anne Draime<\/td>\n<td><span style=\"color: #339966;\"><strong>Prioritizing and organising<\/strong><\/span><\/td>\n<td>AST\/SC2-AST2<\/td>\n<td>\n<p style=\"text-align: center;\"><span style=\"color: #008000;\">EN<\/span><\/p>\n<\/td>\n<\/tr>\n<tr>\n<td style=\"text-align: center;\"><span style=\"color: #ff0000;\"> 24 f\u00e9vrier 2016<\/span><\/p>\n<p style=\"text-align: center;\"><span style=\"color: #ff0000;\">17.30 &#8211; 20.00<\/span><\/p>\n<\/td>\n<td>Phil Gaskell<\/td>\n<td><span style=\"color: #339966;\"><strong>Introduction &#8211; Verbal reasoning<\/strong><\/span><\/td>\n<td>AST\/SC2-AST2-AD6<\/td>\n<td>\n<p style=\"text-align: center;\"><span style=\"color: #008000;\">EN<\/span><\/p>\n<\/td>\n<\/tr>\n<tr>\n<td>\n<p style=\"text-align: center;\"><span style=\"color: #ff0000;\">29 f\u00e9vrier 2016<\/span><\/p>\n<p style=\"text-align: center;\"><span style=\"color: #ff0000;\">17.30-19.30<\/span><\/p>\n<\/td>\n<td>Phil Gaskell<\/td>\n<td><strong><span style=\"color: #339966;\">Numerical reasoning<\/span><\/strong><\/td>\n<td>AST\/SC2-AST2-AD6<\/td>\n<td>\n<p style=\"text-align: center;\"><span style=\"color: #008000;\">EN<\/span><\/p>\n<\/td>\n<\/tr>\n<tr>\n<td style=\"text-align: center;\"><span style=\"color: #ff0000;\"> 02 mars 2016<\/span><\/p>\n<p style=\"text-align: center;\"><span style=\"color: #ff0000;\">17.30 &#8211; 19.30<\/span><\/p>\n<\/td>\n<td>Phil Gaskell<\/td>\n<td><span style=\"color: #339966;\"><strong>Situational judgement<\/strong><\/span><\/td>\n<td>AD6<\/td>\n<td>\n<p style=\"text-align: center;\"><span style=\"color: #008000;\">EN<\/span><\/p>\n<\/td>\n<\/tr>\n<tr>\n<td style=\"text-align: center;\"><span style=\"color: #ff0000;\"> 03<span style=\"color: #ff0000;\"> mars 2016<\/span><\/span><span style=\"color: #ff0000;\">17.30 &#8211; 19.30<\/span><\/td>\n<td>Phil Gaskell<em> <\/em><\/td>\n<td><span style=\"color: #339966;\"><strong>Abstract reasoning<\/strong><\/span><\/td>\n<td>AST\/SC2-AST2-AD6<\/td>\n<td>\n<p style=\"text-align: center;\"><span style=\"color: #008000;\">EN<\/span><\/p>\n<\/td>\n<\/tr>\n<tr>\n<td style=\"text-align: center;\"><span style=\"color: #ff0000;\"> 07 mars 2016<\/span><\/p>\n<p style=\"text-align: center;\"><span style=\"color: #ff0000;\">17.30 &#8211; 19.30<\/span><\/p>\n<\/td>\n<td>Phil Gaskell<\/td>\n<td><span style=\"color: #339966;\"><strong>Workshop<\/strong><\/span><\/td>\n<td>AST\/SC2-AST2-AD6<\/td>\n<td>\n<p style=\"text-align: center;\"><span style=\"color: #008000;\">EN<\/span><\/p>\n<\/td>\n<\/tr>\n<\/tbody>\n<\/table>\n","protected":false},"excerpt":{"rendered":"<p>&nbsp; Date Formateurs Formations Type de concours Langue 18 f\u00e9vrier 2016 17.30 &#8211; 19.30 Fr\u00e9d\u00e9ric Maillet Raisonnement num\u00e9rique 1\u00e8re partie AST\/SC2-AST2-AD6 FR 19 f\u00e9vrier 2016 16.30 -18.30 Fr\u00e9d\u00e9ric Maillet Raisonnement num\u00e9rique 2\u00e8me partie AST\/SC2-AST2-AD6 FR 26 f\u00e9vrier 2016 16.30 &#8211; 18.30 Fr\u00e9d\u00e9ric Maillet Raisonnement verbal AST\/SC2-AST2-AD6 FR 04 f\u00e9vrier 2016 16.30 &#8211; 18.30 Fr\u00e9d\u00e9ric Maillet [&hellip;]<\/p>\n","protected":false},"author":19,"featured_media":0,"parent":10948,"menu_order":1,"comment_status":"closed","ping_status":"closed","template":"","meta":{"footnotes":""},"_links":{"self":[{"href":"https:\/\/renouveau-democratie.eu\/fr\/wp-json\/wp\/v2\/pages\/14261"}],"collection":[{"href":"https:\/\/renouveau-democratie.eu\/fr\/wp-json\/wp\/v2\/pages"}],"about":[{"href":"https:\/\/renouveau-democratie.eu\/fr\/wp-json\/wp\/v2\/types\/page"}],"author":[{"embeddable":true,"href":"https:\/\/renouveau-democratie.eu\/fr\/wp-json\/wp\/v2\/users\/19"}],"replies":[{"embeddable":true,"href":"https:\/\/renouveau-democratie.eu\/fr\/wp-json\/wp\/v2\/comments?post=14261"}],"version-history":[{"count":6,"href":"https:\/\/renouveau-democratie.eu\/fr\/wp-json\/wp\/v2\/pages\/14261\/revisions"}],"predecessor-version":[{"id":14274,"href":"https:\/\/renouveau-democratie.eu\/fr\/wp-json\/wp\/v2\/pages\/14261\/revisions\/14274"}],"up":[{"embeddable":true,"href":"https:\/\/renouveau-democratie.eu\/fr\/wp-json\/wp\/v2\/pages\/10948"}],"wp:attachment":[{"href":"https:\/\/renouveau-democratie.eu\/fr\/wp-json\/wp\/v2\/media?parent=14261"}],"curies":[{"name":"wp","href":"https:\/\/api.w.org\/{rel}","templated":true}]}}