{"id":14206,"date":"2016-03-01T10:52:04","date_gmt":"2016-03-01T09:52:04","guid":{"rendered":"\/?page_id=14206"},"modified":"2016-03-01T15:26:19","modified_gmt":"2016-03-01T14:26:19","slug":"la-maitrise-du-temps-une-clef-de-performance-27-10-2015","status":"publish","type":"page","link":"https:\/\/renouveau-democratie.eu\/fr\/conferences\/la-maitrise-du-temps-une-clef-de-performance-27-10-2015\/","title":{"rendered":"La Ma\u00eetrise du Temps &#8211; Une clef de performance et d&rsquo;\u00e9panouissement  &#8211; 27.10.2015"},"content":{"rendered":"<h2 style=\"text-align: center;\"><span style=\"color: #ff0000;\">Conf\u00e9rence<\/span><\/h2>\n<h2 style=\"text-align: center;\"><span style=\"color: #ff0000;\"><strong><span style=\"font-family: Calibri;\">La Ma\u00eetrise du Temps &#8211; Une clef de performance et d&rsquo;\u00e9panouissement<\/span><\/strong><\/span><\/h2>\n<h2 style=\"text-align: center;\"><\/h2>\n<table style=\"width: 100%;\" border=\"0\" cellspacing=\"2\" cellpadding=\"2\">\n<tbody>\n<tr>\n<td><a href=\"\/wp-content\/uploads\/2015\/04\/Pierre-Moniz-Barreto.jpg\"><img loading=\"lazy\" decoding=\"async\" class=\"size-full wp-image-12428 alignleft\" title=\"Pierre Miniz-Barreto\" src=\"\/wp-content\/uploads\/2015\/04\/Pierre-Moniz-Barreto.jpg\" alt=\"\" width=\"140\" height=\"220\" \/><\/a><\/td>\n<td>\n<div>\n<div>\n<p align=\"center\"><strong><a href=\"http:\/\/pierremonizbarreto.wix.com\/slowbusiness\"><strong>Pierre Moniz-Barreto<\/strong><\/a><\/strong><\/p>\n<p>&nbsp;<\/p>\n<\/div>\n<p>&nbsp;<\/p>\n<\/div>\n<\/td>\n<td>Comment retrouver la ma\u00eetrise du temps?- Facteurs fondamentaux,<br \/>\n&#8211; M\u00e9thode de Gestion du Temps,<br \/>\n&#8211; Outils pratiques au quotidien,<br \/>\nAvec <a href=\"http:\/\/pierremonizbarreto.wix.com\/slowbusiness\"><strong>Pierre Moniz-Barreto<\/strong><\/a>,Entrepreneur, auteur de l&rsquo;ouvrage :<a href=\"http:\/\/www.eyrolles.com\/Entreprise\/Livre\/slow-business-9782212560831\">\u00ab\u00a0Slow Business, Ralentir au travail et en finir avec le temps toxique\u00a0\u00bb<\/a><\/p>\n<p>Editions EyrollesSpeed, tension, lassitude, \u00e9puisement, burn out\u2026<\/p>\n<p><strong><br \/>\n<\/strong><\/td>\n<\/tr>\n<\/tbody>\n<\/table>\n<p>Vous avez \u00e9t\u00e9 nombreux \u00e0 participer \u00e0 cette conf\u00e9rence le 27 octobre\u00a02015. Nous vous remercions de l&rsquo;int\u00e9r\u00eat que vous portez aux actions que nous organisons.<\/p>\n<p>Comme convenu, vous trouverez ci-joint\u00a0<a href=\"\/wp-content\/uploads\/2016\/03\/Time-Mastery-UE-2015-10.pdf\">la pr\u00e9sentation Powerpoint de M. Pierre Moniz-Barreto<\/a> .<\/p>\n<p>Pour les retomb\u00e9es m\u00e9dias compl\u00e9mentaires, il suffit d\u2019aller sur la page du site de M. Moriz-Barreta <a href=\"http:\/\/pierremonizbarreto.wix.com\/slowbusiness#!blog\/c112v\"><span style=\"color: #0000ff;\">Medias &amp; Events<\/span><\/a> . En cliquant sur chaque pav\u00e9 vous acc\u00e9dez aux articles et interviews dans leur int\u00e9gralit\u00e9<\/p>\n<p>Pour ceux qui souhaitent approfondir leur r\u00e9flexion, voici trois ouvrages (2 en anglais, 1 en fran\u00e7ais) conseill\u00e9s par notre conf\u00e9rencier :<\/p>\n<p><span style=\"color: #339966;\">&#8211; Pat Brans, Master the moment \u2013Fifty CEOs teach you the secrets of time management (BCS, 2010)<\/span><br \/>\n<span style=\"color: #339966;\"> &#8211; John Clemens &amp; Scott Dalrymple, Time Mastery \u2013 How temporal intelligence will make you a stronger more effective leader (AMACOM, 2005)<\/span><br \/>\n<span style=\"color: #339966;\"> &#8211; Jean-Louis Servan-Schreiber, Le nouvel art du temps \u2013 Contre le stress (Albin Michel, 2000)<\/span><\/p>\n<p>Ces ouvrages datent un peu mais contiennent une vraie mati\u00e8re de qualit\u00e9 sur le sujet. L\u2019ouvrage de JL Servan Schreiber est le plus ancien mais il est plus orient\u00e9 \u00ab grand public \u00bb donc plus facile \u00e0 aborder, alors que les 2 autres sont plus sp\u00e9cialis\u00e9s et visent plut\u00f4t un public de managers-leaders.<\/p>\n","protected":false},"excerpt":{"rendered":"<p>Conf\u00e9rence La Ma\u00eetrise du Temps &#8211; Une clef de performance et d&rsquo;\u00e9panouissement Pierre Moniz-Barreto &nbsp; &nbsp; Comment retrouver la ma\u00eetrise du temps?- Facteurs fondamentaux, &#8211; M\u00e9thode de Gestion du Temps, &#8211; Outils pratiques au quotidien, Avec Pierre Moniz-Barreto,Entrepreneur, auteur de l&rsquo;ouvrage :\u00ab\u00a0Slow Business, Ralentir au travail et en finir avec le temps toxique\u00a0\u00bb Editions EyrollesSpeed, [&hellip;]<\/p>\n","protected":false},"author":19,"featured_media":0,"parent":10974,"menu_order":0,"comment_status":"closed","ping_status":"closed","template":"","meta":{"footnotes":""},"_links":{"self":[{"href":"https:\/\/renouveau-democratie.eu\/fr\/wp-json\/wp\/v2\/pages\/14206"}],"collection":[{"href":"https:\/\/renouveau-democratie.eu\/fr\/wp-json\/wp\/v2\/pages"}],"about":[{"href":"https:\/\/renouveau-democratie.eu\/fr\/wp-json\/wp\/v2\/types\/page"}],"author":[{"embeddable":true,"href":"https:\/\/renouveau-democratie.eu\/fr\/wp-json\/wp\/v2\/users\/19"}],"replies":[{"embeddable":true,"href":"https:\/\/renouveau-democratie.eu\/fr\/wp-json\/wp\/v2\/comments?post=14206"}],"version-history":[{"count":16,"href":"https:\/\/renouveau-democratie.eu\/fr\/wp-json\/wp\/v2\/pages\/14206\/revisions"}],"predecessor-version":[{"id":14217,"href":"https:\/\/renouveau-democratie.eu\/fr\/wp-json\/wp\/v2\/pages\/14206\/revisions\/14217"}],"up":[{"embeddable":true,"href":"https:\/\/renouveau-democratie.eu\/fr\/wp-json\/wp\/v2\/pages\/10974"}],"wp:attachment":[{"href":"https:\/\/renouveau-democratie.eu\/fr\/wp-json\/wp\/v2\/media?parent=14206"}],"curies":[{"name":"wp","href":"https:\/\/api.w.org\/{rel}","templated":true}]}}