{"id":13588,"date":"2015-10-25T21:57:59","date_gmt":"2015-10-25T20:57:59","guid":{"rendered":"\/?page_id=13588"},"modified":"2018-08-09T08:51:59","modified_gmt":"2018-08-09T06:51:59","slug":"13588-2","status":"publish","type":"page","link":"https:\/\/renouveau-democratie.eu\/fr\/renard-dechaine-2\/13588-2\/","title":{"rendered":"SPECIAL RCAM"},"content":{"rendered":"<p style=\"text-align: center;\"><a href=\"\/wp-content\/uploads\/2015\/10\/Renard-D\u00e9chain\u00e9-sp\u00e9cial-RCAMVF.pdf\"><img loading=\"lazy\" decoding=\"async\" class=\"aligncenter  wp-image-13581\" title=\"Sp\u00e9cial RCAM\" src=\"\/wp-content\/uploads\/2015\/10\/Special-RCAM.png\" alt=\"\" width=\"685\" height=\"1198\" \/><\/a><\/p>\n","protected":false},"excerpt":{"rendered":"","protected":false},"author":19,"featured_media":0,"parent":13585,"menu_order":0,"comment_status":"closed","ping_status":"closed","template":"","meta":{"footnotes":""},"_links":{"self":[{"href":"https:\/\/renouveau-democratie.eu\/fr\/wp-json\/wp\/v2\/pages\/13588"}],"collection":[{"href":"https:\/\/renouveau-democratie.eu\/fr\/wp-json\/wp\/v2\/pages"}],"about":[{"href":"https:\/\/renouveau-democratie.eu\/fr\/wp-json\/wp\/v2\/types\/page"}],"author":[{"embeddable":true,"href":"https:\/\/renouveau-democratie.eu\/fr\/wp-json\/wp\/v2\/users\/19"}],"replies":[{"embeddable":true,"href":"https:\/\/renouveau-democratie.eu\/fr\/wp-json\/wp\/v2\/comments?post=13588"}],"version-history":[{"count":12,"href":"https:\/\/renouveau-democratie.eu\/fr\/wp-json\/wp\/v2\/pages\/13588\/revisions"}],"predecessor-version":[{"id":16865,"href":"https:\/\/renouveau-democratie.eu\/fr\/wp-json\/wp\/v2\/pages\/13588\/revisions\/16865"}],"up":[{"embeddable":true,"href":"https:\/\/renouveau-democratie.eu\/fr\/wp-json\/wp\/v2\/pages\/13585"}],"wp:attachment":[{"href":"https:\/\/renouveau-democratie.eu\/fr\/wp-json\/wp\/v2\/media?parent=13588"}],"curies":[{"name":"wp","href":"https:\/\/api.w.org\/{rel}","templated":true}]}}