{"id":13423,"date":"2015-10-12T14:09:32","date_gmt":"2015-10-12T13:09:32","guid":{"rendered":"\/?page_id=13423"},"modified":"2015-10-15T11:07:58","modified_gmt":"2015-10-15T10:07:58","slug":"reglementation-applicable-en-matiere-de-bail-de-residence-principale-08102015","status":"publish","type":"page","link":"https:\/\/renouveau-democratie.eu\/fr\/conferences\/reglementation-applicable-en-matiere-de-bail-de-residence-principale-08102015\/","title":{"rendered":"R\u00e9glementation applicable en mati\u00e8re de bail de r\u00e9sidence principale: 08\/10\/2015"},"content":{"rendered":"<table style=\"width: 100%;\" border=\"0\" cellspacing=\"2\" cellpadding=\"2\">\n<tbody>\n<tr>\n<td><a href=\"\/wp-content\/uploads\/2015\/09\/SPAGNULO-Rocco-web.jpg\"><img loading=\"lazy\" decoding=\"async\" class=\"size-full wp-image-13103 alignleft\" title=\"Rocco SPAGNUOLO\" src=\"\/wp-content\/uploads\/2015\/09\/SPAGNULO-Rocco-web.jpg\" alt=\"\" width=\"140\" height=\"200\" \/><\/a><\/td>\n<td>\n<div>\n<div>\n<p align=\"center\"><span style=\"color: #ff0000;\"><strong>Ma\u00eetre <a href=\"http:\/\/www.ds-avocats.com\/SPAGNUOLO-Rocco.html\">Rocco SPAGNUOLO<\/a><\/strong><\/span><\/p>\n<p align=\"center\"><em><span style=\"color: #000000;\">Avocat sp\u00e9cialis\u00e9 en droit immobilier<\/span><\/em><\/p>\n<\/div>\n<p>&nbsp;<\/p>\n<\/div>\n<\/td>\n<td><em><span style=\"color: #000000;\"><strong><span style=\"color: #339966;\">R<span style=\"color: #ff0000;\">&amp;<\/span>D<\/span><\/strong>, toujours\u00a0soucieux de vos\u00a0pr\u00e9occupations, a organis\u00e9 une\u00a0conf\u00e9rence\u00a0le jeudi 8 octobre 2015, lors de laquelle Ma\u00eetre Rocco SPAGNUOLO a pr\u00e9sent\u00e9\u00a0des \u00e9l\u00e9ments essentiels de la <\/span><\/em><strong><em><span style=\"color: #339966;\">r\u00e9glementation applicable en mati\u00e8re de bail de r\u00e9sidence principale.<\/span> <\/em><\/strong><strong><em>\u00a0<\/em><\/strong><\/p>\n<p align=\"center\"><em>La <\/em><em><span style=\"color: #000000;\">conf\u00e9rence a \u00e9t\u00e9 donn\u00e9e\u00a0en fran\u00e7ais<\/span><\/em><em>.<\/em><\/p>\n<p align=\"center\"><em>Session Questions \/ R\u00e9ponses : fran\u00e7ais \/ anglais<\/em><\/p>\n<p>&nbsp;<\/td>\n<\/tr>\n<\/tbody>\n<\/table>\n<p>Si vous l\u2019avez manqu\u00e9e,\u00a0vous pouvez\u00a0lire <a href=\"\/wp-content\/uploads\/2015\/10\/r\u00e9sidence-DS.pptx\">les slides<\/a> de la conf\u00e9rence.<\/p>\n<p>Des documents suppl\u00e9mentaires seront bient\u00f4t disponibles.<\/p>\n","protected":false},"excerpt":{"rendered":"<p>Ma\u00eetre Rocco SPAGNUOLO Avocat sp\u00e9cialis\u00e9 en droit immobilier &nbsp; R&amp;D, toujours\u00a0soucieux de vos\u00a0pr\u00e9occupations, a organis\u00e9 une\u00a0conf\u00e9rence\u00a0le jeudi 8 octobre 2015, lors de laquelle Ma\u00eetre Rocco SPAGNUOLO a pr\u00e9sent\u00e9\u00a0des \u00e9l\u00e9ments essentiels de la r\u00e9glementation applicable en mati\u00e8re de bail de r\u00e9sidence principale. \u00a0 La conf\u00e9rence a \u00e9t\u00e9 donn\u00e9e\u00a0en fran\u00e7ais. Session Questions \/ R\u00e9ponses : fran\u00e7ais \/ [&hellip;]<\/p>\n","protected":false},"author":19,"featured_media":0,"parent":10974,"menu_order":0,"comment_status":"closed","ping_status":"closed","template":"","meta":{"footnotes":""},"_links":{"self":[{"href":"https:\/\/renouveau-democratie.eu\/fr\/wp-json\/wp\/v2\/pages\/13423"}],"collection":[{"href":"https:\/\/renouveau-democratie.eu\/fr\/wp-json\/wp\/v2\/pages"}],"about":[{"href":"https:\/\/renouveau-democratie.eu\/fr\/wp-json\/wp\/v2\/types\/page"}],"author":[{"embeddable":true,"href":"https:\/\/renouveau-democratie.eu\/fr\/wp-json\/wp\/v2\/users\/19"}],"replies":[{"embeddable":true,"href":"https:\/\/renouveau-democratie.eu\/fr\/wp-json\/wp\/v2\/comments?post=13423"}],"version-history":[{"count":18,"href":"https:\/\/renouveau-democratie.eu\/fr\/wp-json\/wp\/v2\/pages\/13423\/revisions"}],"predecessor-version":[{"id":13427,"href":"https:\/\/renouveau-democratie.eu\/fr\/wp-json\/wp\/v2\/pages\/13423\/revisions\/13427"}],"up":[{"embeddable":true,"href":"https:\/\/renouveau-democratie.eu\/fr\/wp-json\/wp\/v2\/pages\/10974"}],"wp:attachment":[{"href":"https:\/\/renouveau-democratie.eu\/fr\/wp-json\/wp\/v2\/media?parent=13423"}],"curies":[{"name":"wp","href":"https:\/\/api.w.org\/{rel}","templated":true}]}}