{"id":13399,"date":"2015-10-12T09:02:43","date_gmt":"2015-10-12T08:02:43","guid":{"rendered":"\/?page_id=13399"},"modified":"2015-10-12T14:07:04","modified_gmt":"2015-10-12T13:07:04","slug":"time-management-and-meaning-of-work-28-04-2015","status":"publish","type":"page","link":"https:\/\/renouveau-democratie.eu\/fr\/conferences\/time-management-and-meaning-of-work-28-04-2015\/","title":{"rendered":"Time Management and Meaning of Work &#8211; 28.04.2015"},"content":{"rendered":"<h2 style=\"text-align: center;\"><span style=\"color: #ff0000;\">Conf\u00e9rence<\/span><\/h2>\n<h2 style=\"text-align: center;\"><span style=\"color: #ff0000;\"><strong><span style=\"font-family: Calibri;\">Time Management and Meaning of Work<\/span><\/strong><\/span><\/h2>\n<h2 style=\"text-align: center;\"><\/h2>\n<table style=\"width: 100%;\" border=\"0\" cellspacing=\"2\" cellpadding=\"2\">\n<tbody>\n<tr>\n<td><a href=\"\/wp-content\/uploads\/2015\/04\/Pierre-Moniz-Barreto.jpg\"><img loading=\"lazy\" decoding=\"async\" class=\"size-full wp-image-12428 alignleft\" title=\"Pierre Miniz-Barreto\" src=\"\/wp-content\/uploads\/2015\/04\/Pierre-Moniz-Barreto.jpg\" alt=\"\" width=\"140\" height=\"220\" \/><\/a><\/td>\n<td>\n<div>\n<div>\n<p align=\"center\"><strong><a href=\"http:\/\/pierremonizbarreto.wix.com\/slowbusiness\"><strong>Pierre Moniz-Barreto<\/strong><\/a><\/strong><\/p>\n<p>&nbsp;<\/p>\n<\/div>\n<p>&nbsp;<\/p>\n<\/div>\n<\/td>\n<td>&#8211; Time Detox,<br \/>\n&#8211; Work-Life Balance,<br \/>\n&#8211; Time Optimization,<br \/>\n&#8211; New Organizational Modes (Hot Desking)Avec <a href=\"http:\/\/pierremonizbarreto.wix.com\/slowbusiness\"><strong>Pierre Moniz-Barreto<\/strong><\/a>,<\/p>\n<p>Entrepreneur, auteur de l&rsquo;ouvrage :<\/p>\n<p><a href=\"http:\/\/www.eyrolles.com\/Entreprise\/Livre\/slow-business-9782212560831\">\u00ab\u00a0Slow Business, Ralentir au travail et en finir avec le temps toxique\u00a0\u00bb<\/a><\/p>\n<p>Editions Eyrolles<\/p>\n<p>Speed, tension, lassitude, \u00e9puisement, burn out\u2026<br \/>\n\u00c0 l\u2019heure du toujours plus, toujours plus vite, la philosophie \u00ab slow \u00bb, bien plus qu\u2019un<br \/>\neffet de mode, est un r\u00e9el enjeu humain et organisationnel.<\/p>\n<p><strong><br \/>\n<\/strong><\/p>\n<p>&nbsp;<\/td>\n<\/tr>\n<\/tbody>\n<\/table>\n<p>Vous avez \u00e9t\u00e9 nombreux \u00e0 participer \u00e0 cette\u00a0conf\u00e9rence\u00a0le 28 avril dernier. Nous vous remercions de l&rsquo;int\u00e9r\u00eat que vous portez aux actions que nous organisons.<\/p>\n<p>Comme convenu, vous trouverez ci-joint <a href=\"\/wp-content\/uploads\/2015\/10\/Dossier-conf\u00e9rence-Time....pdf\">le dossier de la conf\u00e9rence<\/a>\u00a0ainsi que\u00a0<a href=\"\/wp-content\/uploads\/2015\/05\/Time-Management-Meaning-by-PMB-20150428.pdf\">la pr\u00e9sentation Powerpoint de M. Pierre\u00a0Moniz-Barreto<\/a>\u00a0.<\/p>\n<p>Pour les retomb\u00e9es m\u00e9dias compl\u00e9mentaires, il suffit\u00a0d\u2019aller sur la page du site de M. Moriz-Barreta\u00a0<a href=\"http:\/\/pierremonizbarreto.wix.com\/slowbusiness#!blog\/c112v\"><span style=\"color: #0000ff;\">Medias &amp; Events<\/span><\/a>\u00a0. En cliquant sur chaque pav\u00e9 vous acc\u00e9dez aux articles et interviews dans leur int\u00e9gralit\u00e9<\/p>\n<p>Pour ceux qui souhaitent approfondir leur r\u00e9flexion, voici trois ouvrages (2 en anglais, 1 en fran\u00e7ais) conseill\u00e9s par notre conf\u00e9rencier :<\/p>\n<p><span style=\"color: #339966;\">&#8211; Pat Brans, Master the moment \u2013Fifty CEOs teach you the secrets of time management (BCS, 2010)<\/span><br \/>\n<span style=\"color: #339966;\"> &#8211; John Clemens &amp; Scott Dalrymple, Time Mastery \u2013 How temporal intelligence will make you a stronger more effective leader (AMACOM, 2005)<\/span><br \/>\n<span style=\"color: #339966;\"> &#8211; Jean-Louis Servan-Schreiber, Le nouvel art du temps \u2013 Contre le stress (Albin Michel, 2000)<\/span><\/p>\n<p>Ces ouvrages datent un peu mais contiennent une vraie mati\u00e8re de qualit\u00e9 sur le sujet. L\u2019ouvrage de JL Servan Schreiber est le plus ancien mais il est plus orient\u00e9 \u00ab grand public \u00bb donc plus facile \u00e0 aborder, alors que les 2 autres sont plus sp\u00e9cialis\u00e9s et visent plut\u00f4t un public de managers-leaders.<\/p>\n","protected":false},"excerpt":{"rendered":"<p>Conf\u00e9rence Time Management and Meaning of Work Pierre Moniz-Barreto &nbsp; &nbsp; &#8211; Time Detox, &#8211; Work-Life Balance, &#8211; Time Optimization, &#8211; New Organizational Modes (Hot Desking)Avec Pierre Moniz-Barreto, Entrepreneur, auteur de l&rsquo;ouvrage : \u00ab\u00a0Slow Business, Ralentir au travail et en finir avec le temps toxique\u00a0\u00bb Editions Eyrolles Speed, tension, lassitude, \u00e9puisement, burn out\u2026 \u00c0 l\u2019heure [&hellip;]<\/p>\n","protected":false},"author":19,"featured_media":0,"parent":10974,"menu_order":2,"comment_status":"closed","ping_status":"closed","template":"","meta":{"footnotes":""},"_links":{"self":[{"href":"https:\/\/renouveau-democratie.eu\/fr\/wp-json\/wp\/v2\/pages\/13399"}],"collection":[{"href":"https:\/\/renouveau-democratie.eu\/fr\/wp-json\/wp\/v2\/pages"}],"about":[{"href":"https:\/\/renouveau-democratie.eu\/fr\/wp-json\/wp\/v2\/types\/page"}],"author":[{"embeddable":true,"href":"https:\/\/renouveau-democratie.eu\/fr\/wp-json\/wp\/v2\/users\/19"}],"replies":[{"embeddable":true,"href":"https:\/\/renouveau-democratie.eu\/fr\/wp-json\/wp\/v2\/comments?post=13399"}],"version-history":[{"count":12,"href":"https:\/\/renouveau-democratie.eu\/fr\/wp-json\/wp\/v2\/pages\/13399\/revisions"}],"predecessor-version":[{"id":13407,"href":"https:\/\/renouveau-democratie.eu\/fr\/wp-json\/wp\/v2\/pages\/13399\/revisions\/13407"}],"up":[{"embeddable":true,"href":"https:\/\/renouveau-democratie.eu\/fr\/wp-json\/wp\/v2\/pages\/10974"}],"wp:attachment":[{"href":"https:\/\/renouveau-democratie.eu\/fr\/wp-json\/wp\/v2\/media?parent=13399"}],"curies":[{"name":"wp","href":"https:\/\/api.w.org\/{rel}","templated":true}]}}